{"id":925,"date":"2025-02-11T20:31:07","date_gmt":"2025-02-11T19:31:07","guid":{"rendered":"https:\/\/polifusion.com\/peru\/?post_type=product&#038;p=925"},"modified":"2025-05-16T14:11:17","modified_gmt":"2025-05-16T18:11:17","slug":"dados-fusion-largos-para-tuberias-16mm-a-32mm","status":"publish","type":"product","link":"https:\/\/polifusion.com\/peru\/producto\/dados-fusion-largos-para-tuberias-16mm-a-32mm\/","title":{"rendered":"DADOS FUS\u00cdON LARGOS PARA TUBER\u00cdAS 16mm a 32mm"},"content":{"rendered":"<table class=\"table table-striped tabla_polifusion\">\n<caption><strong>DADOS FUSI\u00d3N LARGOS PARA TUBER\u00cdAS<\/strong><br \/>\n16mm a 32mm<\/caption>\n<thead>\n<tr>\n<th>DIMENSI\u00d3N<\/th>\n<th>C\u00d3DIGO<\/th>\n<th>UNIDAD<\/th>\n<th>PRECIOS<\/th>\n<\/tr>\n<\/thead>\n<tbody>\n<tr>\n<td>DADO FUSION LARGO 16mm<\/td>\n<td>7000001001-1116<\/td>\n<td>1<\/td>\n<td><strong>29.581<\/strong><\/td>\n<\/tr>\n<tr>\n<td>DADO FUSION LARGO 20mm<\/td>\n<td>7000001001-1120<\/td>\n<td>1<\/td>\n<td><strong>29.966<\/strong><\/td>\n<\/tr>\n<tr>\n<td>DADO FUSION LARGO 25mm<\/td>\n<td>7000001001-1125<\/td>\n<td>1<\/td>\n<td><strong>31.122<\/strong><\/td>\n<\/tr>\n<tr>\n<td>DADO FUSION LARGO 32mm<\/td>\n<td>7000001001-1132<\/td>\n<td>1<\/td>\n<td><strong>31.796<\/strong><\/td>\n<\/tr>\n<\/tbody>\n<\/table>\n","protected":false},"excerpt":{"rendered":"<p>DADOS FUSI\u00d3N LARGOS PARA TUBER\u00cdAS 16mm a 32mm DIMENSI\u00d3N C\u00d3DIGO UNIDAD PRECIOS DADO FUSION LARGO 16mm 7000001001-1116 1 29.581 DADO FUSION LARGO 20mm 7000001001-1120 1 29.966 DADO FUSION LARGO 25mm 7000001001-1125 1 31.122 DADO FUSION LARGO 32mm 7000001001-1132 1 31.796<\/p>\n","protected":false},"featured_media":3707,"comment_status":"open","ping_status":"closed","template":"","meta":{"_joinchat":[]},"product_brand":[],"product_cat":[124],"product_tag":[],"class_list":{"0":"post-925","1":"product","2":"type-product","3":"status-publish","4":"has-post-thumbnail","6":"product_cat-fusiotherm-y-dados","8":"first","9":"instock","10":"shipping-taxable","11":"product-type-simple"},"_links":{"self":[{"href":"https:\/\/polifusion.com\/peru\/wp-json\/wp\/v2\/product\/925","targetHints":{"allow":["GET"]}}],"collection":[{"href":"https:\/\/polifusion.com\/peru\/wp-json\/wp\/v2\/product"}],"about":[{"href":"https:\/\/polifusion.com\/peru\/wp-json\/wp\/v2\/types\/product"}],"replies":[{"embeddable":true,"href":"https:\/\/polifusion.com\/peru\/wp-json\/wp\/v2\/comments?post=925"}],"wp:featuredmedia":[{"embeddable":true,"href":"https:\/\/polifusion.com\/peru\/wp-json\/wp\/v2\/media\/3707"}],"wp:attachment":[{"href":"https:\/\/polifusion.com\/peru\/wp-json\/wp\/v2\/media?parent=925"}],"wp:term":[{"taxonomy":"product_brand","embeddable":true,"href":"https:\/\/polifusion.com\/peru\/wp-json\/wp\/v2\/product_brand?post=925"},{"taxonomy":"product_cat","embeddable":true,"href":"https:\/\/polifusion.com\/peru\/wp-json\/wp\/v2\/product_cat?post=925"},{"taxonomy":"product_tag","embeddable":true,"href":"https:\/\/polifusion.com\/peru\/wp-json\/wp\/v2\/product_tag?post=925"}],"curies":[{"name":"wp","href":"https:\/\/api.w.org\/{rel}","templated":true}]}}