{"id":713,"date":"2025-02-07T17:26:11","date_gmt":"2025-02-07T16:26:11","guid":{"rendered":"https:\/\/polifusion.com\/peru\/?post_type=product&#038;p=713"},"modified":"2025-07-17T11:20:57","modified_gmt":"2025-07-17T15:20:57","slug":"tuberias-aquasystem-tricapa-pp-presentacion-6-metros","status":"publish","type":"product","link":"https:\/\/polifusion.com\/peru\/producto\/tuberias-aquasystem-tricapa-pp-presentacion-6-metros\/","title":{"rendered":"TUBER\u00cdAS AQUASYSTEM TRICAPA PP"},"content":{"rendered":"<p><strong>PRESENTACI\u00d3N 5 METROS<\/strong><\/p>\n<table class=\"table\">\n<thead>\n<tr>\n<th>DIMENSI\u00d3N<\/th>\n<th>C\u00d3DIGO<\/th>\n<th>UNIDAD<\/th>\n<th>PRECIO<\/th>\n<\/tr>\n<\/thead>\n<tbody>\n<tr style=\"text-align: center;\">\n<td>TB 110&#215;5 mt AQUASYSTEM<\/td>\n<td>20000055006110<\/td>\n<td>1<\/td>\n<td><\/td>\n<\/tr>\n<tr style=\"text-align: center; background-color: #f2f2f2;\">\n<td>TB 125&#215;5 mt AQUASYSTEM<\/td>\n<td>20000055006125<\/td>\n<td>1<\/td>\n<td><\/td>\n<\/tr>\n<tr style=\"text-align: center;\">\n<td>TB 160&#215;5 mt AQUASYSTEM<\/td>\n<td>20000055006160<\/td>\n<td>1<\/td>\n<td><\/td>\n<\/tr>\n<tr style=\"text-align: center; background-color: #f2f2f2;\">\n<td>TB 40&#215;5 mt AQUASYSTEM<\/td>\n<td>20000055006040<\/td>\n<td>1<\/td>\n<td><\/td>\n<\/tr>\n<tr style=\"text-align: center;\">\n<td>TB 50&#215;5 mt AQUASYSTEM<\/td>\n<td>20000055006050<\/td>\n<td>1<\/td>\n<td><\/td>\n<\/tr>\n<tr style=\"text-align: center; background-color: #f2f2f2;\">\n<td>TB 75&#215;5 mt AQUASYSTEM<\/td>\n<td>20000055006075<\/td>\n<td>1<\/td>\n<td><\/td>\n<\/tr>\n<\/tbody>\n<\/table>\n<p>&nbsp;<\/p>\n<p><strong>PRESENTACI\u00d3N 6 METROS<\/strong><\/p>\n<table class=\"table\">\n<thead>\n<tr>\n<th>DIMENSI\u00d3N<\/th>\n<th>C\u00d3DIGO<\/th>\n<th>UNIDAD<\/th>\n<th>PRECIO<\/th>\n<\/tr>\n<\/thead>\n<tbody>\n<tr style=\"text-align: center;\">\n<td>TB 50&#215;6 mt AQUASYSTEM<\/td>\n<td>20000050006050<\/td>\n<td>1<\/td>\n<td><\/td>\n<\/tr>\n<\/tbody>\n<\/table>\n","protected":false},"excerpt":{"rendered":"<p>PRESENTACI\u00d3N 5 METROS DIMENSI\u00d3N C\u00d3DIGO UNIDAD PRECIO TB 110&#215;5 mt AQUASYSTEM 20000055006110 1 TB 125&#215;5 mt AQUASYSTEM 20000055006125 1 TB 160&#215;5 mt AQUASYSTEM 20000055006160 1 TB 40&#215;5 mt AQUASYSTEM 20000055006040 1 TB 50&#215;5 mt AQUASYSTEM 20000055006050 1 TB 75&#215;5 mt AQUASYSTEM 20000055006075 1 &nbsp; PRESENTACI\u00d3N 6 METROS DIMENSI\u00d3N C\u00d3DIGO UNIDAD PRECIO TB 50&#215;6 mt AQUASYSTEM [&hellip;]<\/p>\n","protected":false},"featured_media":4379,"comment_status":"open","ping_status":"closed","template":"","meta":{"_joinchat":[]},"product_brand":[],"product_cat":[120],"product_tag":[],"class_list":{"0":"post-713","1":"product","2":"type-product","3":"status-publish","4":"has-post-thumbnail","6":"product_cat-aquasystem-bicapa","8":"first","9":"instock","10":"shipping-taxable","11":"product-type-simple"},"_links":{"self":[{"href":"https:\/\/polifusion.com\/peru\/wp-json\/wp\/v2\/product\/713","targetHints":{"allow":["GET"]}}],"collection":[{"href":"https:\/\/polifusion.com\/peru\/wp-json\/wp\/v2\/product"}],"about":[{"href":"https:\/\/polifusion.com\/peru\/wp-json\/wp\/v2\/types\/product"}],"replies":[{"embeddable":true,"href":"https:\/\/polifusion.com\/peru\/wp-json\/wp\/v2\/comments?post=713"}],"wp:featuredmedia":[{"embeddable":true,"href":"https:\/\/polifusion.com\/peru\/wp-json\/wp\/v2\/media\/4379"}],"wp:attachment":[{"href":"https:\/\/polifusion.com\/peru\/wp-json\/wp\/v2\/media?parent=713"}],"wp:term":[{"taxonomy":"product_brand","embeddable":true,"href":"https:\/\/polifusion.com\/peru\/wp-json\/wp\/v2\/product_brand?post=713"},{"taxonomy":"product_cat","embeddable":true,"href":"https:\/\/polifusion.com\/peru\/wp-json\/wp\/v2\/product_cat?post=713"},{"taxonomy":"product_tag","embeddable":true,"href":"https:\/\/polifusion.com\/peru\/wp-json\/wp\/v2\/product_tag?post=713"}],"curies":[{"name":"wp","href":"https:\/\/api.w.org\/{rel}","templated":true}]}}