{"id":663,"date":"2025-02-06T11:28:32","date_gmt":"2025-02-06T14:28:32","guid":{"rendered":"https:\/\/polifusion.com\/peru\/?post_type=product&#038;p=663"},"modified":"2025-05-16T14:10:59","modified_gmt":"2025-05-16T18:10:59","slug":"herramienta-aprieta-vastagos-33mm-60mm-y-100mm","status":"publish","type":"product","link":"https:\/\/polifusion.com\/peru\/producto\/herramienta-aprieta-vastagos-33mm-60mm-y-100mm\/","title":{"rendered":"HERRAMIENTA APRIETA V\u00c1STAGOS 33mm 60mm Y 100mm"},"content":{"rendered":"<table class=\"table table-striped tabla_polifusion\">\n<thead>\n<tr>\n<th style=\"background-color: #9fc6e7; text-align: center;\" colspan=\"4\"><strong>HERRAMIENTA APRIETA V\u00c1STAGOS 33mm 60mm Y 100mm<\/strong><\/th>\n<\/tr>\n<tr>\n<th>DIMENSI\u00d3N<\/th>\n<th>C\u00d3DIGO<\/th>\n<th>UNIDAD<\/th>\n<th>PRECIO UNITARIO<\/th>\n<\/tr>\n<\/thead>\n<tbody>\n<tr>\n<td>HERRAMIENTA 33mm 60mm Y 100mm<\/td>\n<td>7000008900-0001<\/td>\n<td>1<\/td>\n<td><strong>2.009<\/strong><\/td>\n<\/tr>\n<\/tbody>\n<\/table>\n","protected":false},"excerpt":{"rendered":"<p>HERRAMIENTA APRIETA V\u00c1STAGOS 33mm 60mm Y 100mm DIMENSI\u00d3N C\u00d3DIGO UNIDAD PRECIO UNITARIO HERRAMIENTA 33mm 60mm Y 100mm 7000008900-0001 1 2.009<\/p>\n","protected":false},"featured_media":4196,"comment_status":"open","ping_status":"closed","template":"","meta":{"_joinchat":[]},"product_brand":[],"product_cat":[95],"product_tag":[],"class_list":{"0":"post-663","1":"product","2":"type-product","3":"status-publish","4":"has-post-thumbnail","6":"product_cat-herramientas","8":"first","9":"instock","10":"shipping-taxable","11":"product-type-simple"},"_links":{"self":[{"href":"https:\/\/polifusion.com\/peru\/wp-json\/wp\/v2\/product\/663","targetHints":{"allow":["GET"]}}],"collection":[{"href":"https:\/\/polifusion.com\/peru\/wp-json\/wp\/v2\/product"}],"about":[{"href":"https:\/\/polifusion.com\/peru\/wp-json\/wp\/v2\/types\/product"}],"replies":[{"embeddable":true,"href":"https:\/\/polifusion.com\/peru\/wp-json\/wp\/v2\/comments?post=663"}],"wp:featuredmedia":[{"embeddable":true,"href":"https:\/\/polifusion.com\/peru\/wp-json\/wp\/v2\/media\/4196"}],"wp:attachment":[{"href":"https:\/\/polifusion.com\/peru\/wp-json\/wp\/v2\/media?parent=663"}],"wp:term":[{"taxonomy":"product_brand","embeddable":true,"href":"https:\/\/polifusion.com\/peru\/wp-json\/wp\/v2\/product_brand?post=663"},{"taxonomy":"product_cat","embeddable":true,"href":"https:\/\/polifusion.com\/peru\/wp-json\/wp\/v2\/product_cat?post=663"},{"taxonomy":"product_tag","embeddable":true,"href":"https:\/\/polifusion.com\/peru\/wp-json\/wp\/v2\/product_tag?post=663"}],"curies":[{"name":"wp","href":"https:\/\/api.w.org\/{rel}","templated":true}]}}