{"id":615,"date":"2025-02-04T16:07:33","date_gmt":"2025-02-04T15:07:33","guid":{"rendered":"https:\/\/polifusion.com\/peru\/?post_type=product&#038;p=615"},"modified":"2025-05-16T14:10:47","modified_gmt":"2025-05-16T18:10:47","slug":"flanges-acero-carbono-iso-din-ansi-pn-16-union-termofusion-tope","status":"publish","type":"product","link":"https:\/\/polifusion.com\/peru\/producto\/flanges-acero-carbono-iso-din-ansi-pn-16-union-termofusion-tope\/","title":{"rendered":"FLANGES ACERO CARBONO , ISO\/DIN, ANSI, PN-16, UNION TERMOFUSION ( TOPE )"},"content":{"rendered":"<table class=\"table table-striped tabla_polifusion\">\n<thead>\n<tr>\n<th style=\"background-color: #9fc6e7; text-align: center;\" colspan=\"4\">FLANGES ACERO CARBONO, ISO\/DIN, ANSI<\/th>\n<\/tr>\n<tr>\n<th style=\"text-align: center;\" colspan=\"4\">PN-16, UNION TERMOFUSI\u00d3N (TOPE)<\/th>\n<\/tr>\n<tr>\n<th>DIMENSI\u00d3N<\/th>\n<th>C\u00d3DIGO ISO \/ DIN<\/th>\n<th>C\u00d3DIGO ANSI<\/th>\n<th>UNIDAD<\/th>\n<\/tr>\n<\/thead>\n<tbody>\n<tr>\n<td>40mm<\/td>\n<td>6000002070-0040<\/td>\n<td>6000002060-0040<\/td>\n<td>1<\/td>\n<\/tr>\n<tr>\n<td>50mm<\/td>\n<td>6000002070-0050<\/td>\n<td>6000002060-0050<\/td>\n<td>1<\/td>\n<\/tr>\n<tr>\n<td>63mm<\/td>\n<td>6000002070-0063<\/td>\n<td>6000002060-0063<\/td>\n<td>1<\/td>\n<\/tr>\n<tr>\n<td>75mm<\/td>\n<td>6000002070-0075<\/td>\n<td>6000002060-0075<\/td>\n<td>1<\/td>\n<\/tr>\n<tr>\n<td>90mm<\/td>\n<td>6000002070-0090<\/td>\n<td>6000002060-0090<\/td>\n<td>1<\/td>\n<\/tr>\n<tr>\n<td>110mm<\/td>\n<td>6000002070-0110<\/td>\n<td>6000002060-0110<\/td>\n<td>1<\/td>\n<\/tr>\n<tr>\n<td>125mm<\/td>\n<td>6000002070-0125<\/td>\n<td>6000002060-0125<\/td>\n<td>1<\/td>\n<\/tr>\n<tr>\n<td>140mm<\/td>\n<td>6000002070-0140<\/td>\n<td>6000002060-0140<\/td>\n<td>1<\/td>\n<\/tr>\n<tr>\n<td>160mm<\/td>\n<td>6000002070-0160<\/td>\n<td>6000002060-0160<\/td>\n<td>1<\/td>\n<\/tr>\n<tr>\n<td>180mm<\/td>\n<td>6000002070-0180<\/td>\n<td>6000002060-0180<\/td>\n<td>1<\/td>\n<\/tr>\n<tr>\n<td>200mm<\/td>\n<td>6000002070-0200<\/td>\n<td>6000002060-0200<\/td>\n<td>1<\/td>\n<\/tr>\n<tr>\n<td>225mm<\/td>\n<td>6000002070-0225<\/td>\n<td>6000002060-0225<\/td>\n<td>1<\/td>\n<\/tr>\n<tr>\n<td>250mm<\/td>\n<td>6000002070-0250<\/td>\n<td>6000002060-0250<\/td>\n<td>1<\/td>\n<\/tr>\n<tr>\n<td>280mm<\/td>\n<td>6000002070-0280<\/td>\n<td>6000002060-0280<\/td>\n<td>1<\/td>\n<\/tr>\n<tr>\n<td>315mm<\/td>\n<td>6000002070-0315<\/td>\n<td>6000002060-0315<\/td>\n<td>1<\/td>\n<\/tr>\n<tr>\n<td>355mm<\/td>\n<td>6000002070-0355<\/td>\n<td>6000002060-0355<\/td>\n<td>1<\/td>\n<\/tr>\n<tr>\n<td>400mm<\/td>\n<td>6000002070-0400<\/td>\n<td>6000002060-0400<\/td>\n<td>1<\/td>\n<\/tr>\n<tr>\n<td>450mm<\/td>\n<td>6000002070-0450<\/td>\n<td>6000002060-0450<\/td>\n<td>1<\/td>\n<\/tr>\n<\/tbody>\n<\/table>\n","protected":false},"excerpt":{"rendered":"<p>FLANGES ACERO CARBONO, ISO\/DIN, ANSI PN-16, UNION TERMOFUSI\u00d3N (TOPE) DIMENSI\u00d3N C\u00d3DIGO ISO \/ DIN C\u00d3DIGO ANSI UNIDAD 40mm 6000002070-0040 6000002060-0040 1 50mm 6000002070-0050 6000002060-0050 1 63mm 6000002070-0063 6000002060-0063 1 75mm 6000002070-0075 6000002060-0075 1 90mm 6000002070-0090 6000002060-0090 1 110mm 6000002070-0110 6000002060-0110 1 125mm 6000002070-0125 6000002060-0125 1 140mm 6000002070-0140 6000002060-0140 1 160mm 6000002070-0160 6000002060-0160 1 180mm 6000002070-0180 [&hellip;]<\/p>\n","protected":false},"featured_media":4328,"comment_status":"open","ping_status":"closed","template":"","meta":{"_joinchat":[]},"product_brand":[],"product_cat":[16],"product_tag":[],"class_list":{"0":"post-615","1":"product","2":"type-product","3":"status-publish","4":"has-post-thumbnail","6":"product_cat-sin-categorizar","8":"first","9":"instock","10":"shipping-taxable","11":"product-type-simple"},"_links":{"self":[{"href":"https:\/\/polifusion.com\/peru\/wp-json\/wp\/v2\/product\/615","targetHints":{"allow":["GET"]}}],"collection":[{"href":"https:\/\/polifusion.com\/peru\/wp-json\/wp\/v2\/product"}],"about":[{"href":"https:\/\/polifusion.com\/peru\/wp-json\/wp\/v2\/types\/product"}],"replies":[{"embeddable":true,"href":"https:\/\/polifusion.com\/peru\/wp-json\/wp\/v2\/comments?post=615"}],"wp:featuredmedia":[{"embeddable":true,"href":"https:\/\/polifusion.com\/peru\/wp-json\/wp\/v2\/media\/4328"}],"wp:attachment":[{"href":"https:\/\/polifusion.com\/peru\/wp-json\/wp\/v2\/media?parent=615"}],"wp:term":[{"taxonomy":"product_brand","embeddable":true,"href":"https:\/\/polifusion.com\/peru\/wp-json\/wp\/v2\/product_brand?post=615"},{"taxonomy":"product_cat","embeddable":true,"href":"https:\/\/polifusion.com\/peru\/wp-json\/wp\/v2\/product_cat?post=615"},{"taxonomy":"product_tag","embeddable":true,"href":"https:\/\/polifusion.com\/peru\/wp-json\/wp\/v2\/product_tag?post=615"}],"curies":[{"name":"wp","href":"https:\/\/api.w.org\/{rel}","templated":true}]}}