{"id":608,"date":"2025-02-04T11:18:49","date_gmt":"2025-02-04T14:18:49","guid":{"rendered":"https:\/\/polifusion.com\/peru\/?post_type=product&#038;p=608"},"modified":"2025-05-16T14:10:44","modified_gmt":"2025-05-16T18:10:44","slug":"flanges-almas-de-acero-recubiertos-con-pp-fg-iso-din-pn-16-para-uniones-termofusion-tope","status":"publish","type":"product","link":"https:\/\/polifusion.com\/peru\/producto\/flanges-almas-de-acero-recubiertos-con-pp-fg-iso-din-pn-16-para-uniones-termofusion-tope\/","title":{"rendered":"FLANGES ALMAS DE ACERO RECUBIERTOS CON PP\/FG, ISO-DIN  SOCKET\/TOPE"},"content":{"rendered":"<p>FLANGES ALMAS DE ACERO RECUBIERTOS CON PP\/FG, ISO-DIN PN-16, PARA UNIONES TERMOFUSION-TOPE<\/p>\n<table class=\"table table-striped tabla_polifusion\">\n<thead>\n<tr>\n<th style=\"background-color: #9fc6e7; text-align: center;\" colspan=\"5\">FLANGES ALMAS DE ACERO RECUBIERTOS CON PP\/FG, ISO-DIN<\/th>\n<\/tr>\n<tr>\n<th style=\"text-align: center;\" colspan=\"5\">PN-16, PARA UNIONES TERMOFUSI\u00d3N-TOPE<\/th>\n<\/tr>\n<tr>\n<th>\u00d8 TUBO<\/th>\n<th>C\u00d3DIGO<\/th>\n<th>UNIDAD<\/th>\n<th>PRECIO<\/th>\n<\/tr>\n<\/thead>\n<tbody>\n<tr>\n<td>200mm (8), PN-10 <strong>ISO-ANSI H\u00cdBRIDO<\/strong><\/td>\n<td>6100002070-0201<\/td>\n<td>1<\/td>\n<td><strong>37.609<\/strong><\/td>\n<\/tr>\n<tr>\n<td>200mm (12) PN-16<\/td>\n<td>6100002070-0200<\/td>\n<td>1<\/td>\n<td><strong>37.456<\/strong><\/td>\n<\/tr>\n<tr>\n<td>250mm PN-16<\/td>\n<td>6100002070-0250<\/td>\n<td>1<\/td>\n<td><strong>59.328<\/strong><\/td>\n<\/tr>\n<tr>\n<td>315mm PN-16<\/td>\n<td>6100002070-0315<\/td>\n<td>1<\/td>\n<td><strong>97.324<\/strong><\/td>\n<\/tr>\n<\/tbody>\n<\/table>\n<p>&nbsp;<\/p>\n<p>FLANGES ALMAS DE ACERO RECUBIERTOS CON PP\/FG, ISO-DIN UNION SOCKET<\/p>\n<table>\n<thead>\n<tr>\n<th>\u00d8 TUBO<\/th>\n<th>C\u00d3DIGO<\/th>\n<th>UNIDAD<\/th>\n<\/tr>\n<\/thead>\n<tbody>\n<tr>\n<td>32mm PN-16<\/td>\n<td>6100002070-0032<\/td>\n<td>1<\/td>\n<\/tr>\n<tr>\n<td>40mm PN-16<\/td>\n<td>6100002070-0040<\/td>\n<td>1<\/td>\n<\/tr>\n<tr>\n<td>50mm PN-16<\/td>\n<td>6100002070-0050<\/td>\n<td>1<\/td>\n<\/tr>\n<tr>\n<td>63mm PN-16<\/td>\n<td>6100002070-0063<\/td>\n<td>1<\/td>\n<\/tr>\n<tr>\n<td>75mm PN-16<\/td>\n<td>6100002070-0075<\/td>\n<td>1<\/td>\n<\/tr>\n<tr>\n<td>90mm PN-16<\/td>\n<td>6100002070-0090<\/td>\n<td>1<\/td>\n<\/tr>\n<tr>\n<td>110mm PN-16<\/td>\n<td>6100002070-0110<\/td>\n<td>1<\/td>\n<\/tr>\n<tr>\n<td>125mm PN-16<\/td>\n<td>6100002070-0125<\/td>\n<td>1<\/td>\n<\/tr>\n<tr>\n<td>160mm PN-16<\/td>\n<td>6100002070-0160<\/td>\n<td>1<\/td>\n<\/tr>\n<\/tbody>\n<\/table>\n","protected":false},"excerpt":{"rendered":"<p>FLANGES ALMAS DE ACERO RECUBIERTOS CON PP\/FG, ISO-DIN PN-16, PARA UNIONES TERMOFUSION-TOPE FLANGES ALMAS DE ACERO RECUBIERTOS CON PP\/FG, ISO-DIN PN-16, PARA UNIONES TERMOFUSI\u00d3N-TOPE \u00d8 TUBO C\u00d3DIGO UNIDAD PRECIO 200mm (8), PN-10 ISO-ANSI H\u00cdBRIDO 6100002070-0201 1 37.609 200mm (12) PN-16 6100002070-0200 1 37.456 250mm PN-16 6100002070-0250 1 59.328 315mm PN-16 6100002070-0315 1 97.324 &nbsp; FLANGES [&hellip;]<\/p>\n","protected":false},"featured_media":4176,"comment_status":"open","ping_status":"closed","template":"","meta":{"_joinchat":[]},"product_brand":[],"product_cat":[99,98],"product_tag":[],"class_list":{"0":"post-608","1":"product","2":"type-product","3":"status-publish","4":"has-post-thumbnail","6":"product_cat-fittings","7":"product_cat-pp-rct","9":"first","10":"instock","11":"shipping-taxable","12":"product-type-simple"},"_links":{"self":[{"href":"https:\/\/polifusion.com\/peru\/wp-json\/wp\/v2\/product\/608","targetHints":{"allow":["GET"]}}],"collection":[{"href":"https:\/\/polifusion.com\/peru\/wp-json\/wp\/v2\/product"}],"about":[{"href":"https:\/\/polifusion.com\/peru\/wp-json\/wp\/v2\/types\/product"}],"replies":[{"embeddable":true,"href":"https:\/\/polifusion.com\/peru\/wp-json\/wp\/v2\/comments?post=608"}],"wp:featuredmedia":[{"embeddable":true,"href":"https:\/\/polifusion.com\/peru\/wp-json\/wp\/v2\/media\/4176"}],"wp:attachment":[{"href":"https:\/\/polifusion.com\/peru\/wp-json\/wp\/v2\/media?parent=608"}],"wp:term":[{"taxonomy":"product_brand","embeddable":true,"href":"https:\/\/polifusion.com\/peru\/wp-json\/wp\/v2\/product_brand?post=608"},{"taxonomy":"product_cat","embeddable":true,"href":"https:\/\/polifusion.com\/peru\/wp-json\/wp\/v2\/product_cat?post=608"},{"taxonomy":"product_tag","embeddable":true,"href":"https:\/\/polifusion.com\/peru\/wp-json\/wp\/v2\/product_tag?post=608"}],"curies":[{"name":"wp","href":"https:\/\/api.w.org\/{rel}","templated":true}]}}