{"id":4653,"date":"2025-07-17T12:16:38","date_gmt":"2025-07-17T16:16:38","guid":{"rendered":"https:\/\/polifusion.com\/peru\/?post_type=product&#038;p=4653"},"modified":"2025-07-17T12:21:48","modified_gmt":"2025-07-17T16:21:48","slug":"tuberia-polifusion-linea-azul-sdr11-pn10","status":"publish","type":"product","link":"https:\/\/polifusion.com\/peru\/producto\/tuberia-polifusion-linea-azul-sdr11-pn10\/","title":{"rendered":"TUBER\u00cdA POLIFUSI\u00d3N L\u00cdNEA AZUL SDR11 PN10"},"content":{"rendered":"<table class=\"table table-striped tabla_polifusion\">\n<tbody>\n<tr>\n<td width=\"383\">D\u00cdAMETRO<\/td>\n<td width=\"192\">C\u00d3DIGO<\/td>\n<\/tr>\n<tr>\n<td>TB PP-RCT 125MM. SDR11 (PN10)<\/td>\n<td>20000091100125<\/td>\n<\/tr>\n<tr>\n<td>TB PP-RCT 200MM. SDR11 (PN10)<\/td>\n<td>20050091100200<\/td>\n<\/tr>\n<tr>\n<td>TB PP-RCT 20MM. SDR11 (PN10)<\/td>\n<td>20000091100020<\/td>\n<\/tr>\n<tr>\n<td>TB PP-RCT 250MM. SDR11 (PN10)<\/td>\n<td>20000091100250<\/td>\n<\/tr>\n<tr>\n<td>TB PP-RCT 25MM. SDR11 (PN10)<\/td>\n<td>20000091100025<\/td>\n<\/tr>\n<tr>\n<td>TB PP-RCT 315MM. SDR11 (PN10)<\/td>\n<td>20000091100315<\/td>\n<\/tr>\n<tr>\n<td>TB PP-RCT 355MM. SDR11 (PN10)<\/td>\n<td>20000091100355<\/td>\n<\/tr>\n<tr>\n<td>TB PP-RCT 400MM. SDR11 (PN10)<\/td>\n<td>20000091100400<\/td>\n<\/tr>\n<tr>\n<td>TB PP-RCT 50MM. SDR11 (PN10)<\/td>\n<td>20000091100050<\/td>\n<\/tr>\n<tr>\n<td>TB PP-RCT 75MM. SDR11 (PN10)<\/td>\n<td>20000091100075<\/td>\n<\/tr>\n<tr>\n<td>TB PP-RCT 90MM. SDR11 (PN10)<\/td>\n<td>20000091100090<\/td>\n<\/tr>\n<\/tbody>\n<\/table>\n","protected":false},"excerpt":{"rendered":"<p>D\u00cdAMETRO C\u00d3DIGO TB PP-RCT 125MM. SDR11 (PN10) 20000091100125 TB PP-RCT 200MM. SDR11 (PN10) 20050091100200 TB PP-RCT 20MM. SDR11 (PN10) 20000091100020 TB PP-RCT 250MM. SDR11 (PN10) 20000091100250 TB PP-RCT 25MM. SDR11 (PN10) 20000091100025 TB PP-RCT 315MM. SDR11 (PN10) 20000091100315 TB PP-RCT 355MM. SDR11 (PN10) 20000091100355 TB PP-RCT 400MM. SDR11 (PN10) 20000091100400 TB PP-RCT 50MM. SDR11 (PN10) [&hellip;]<\/p>\n","protected":false},"featured_media":4102,"comment_status":"open","ping_status":"closed","template":"","meta":{"_joinchat":[]},"product_brand":[],"product_cat":[133,102],"product_tag":[],"class_list":{"0":"post-4653","1":"product","2":"type-product","3":"status-publish","4":"has-post-thumbnail","6":"product_cat-tuberia-pp-rct","7":"product_cat-tuberias","9":"first","10":"instock","11":"shipping-taxable","12":"product-type-simple"},"_links":{"self":[{"href":"https:\/\/polifusion.com\/peru\/wp-json\/wp\/v2\/product\/4653","targetHints":{"allow":["GET"]}}],"collection":[{"href":"https:\/\/polifusion.com\/peru\/wp-json\/wp\/v2\/product"}],"about":[{"href":"https:\/\/polifusion.com\/peru\/wp-json\/wp\/v2\/types\/product"}],"replies":[{"embeddable":true,"href":"https:\/\/polifusion.com\/peru\/wp-json\/wp\/v2\/comments?post=4653"}],"wp:featuredmedia":[{"embeddable":true,"href":"https:\/\/polifusion.com\/peru\/wp-json\/wp\/v2\/media\/4102"}],"wp:attachment":[{"href":"https:\/\/polifusion.com\/peru\/wp-json\/wp\/v2\/media?parent=4653"}],"wp:term":[{"taxonomy":"product_brand","embeddable":true,"href":"https:\/\/polifusion.com\/peru\/wp-json\/wp\/v2\/product_brand?post=4653"},{"taxonomy":"product_cat","embeddable":true,"href":"https:\/\/polifusion.com\/peru\/wp-json\/wp\/v2\/product_cat?post=4653"},{"taxonomy":"product_tag","embeddable":true,"href":"https:\/\/polifusion.com\/peru\/wp-json\/wp\/v2\/product_tag?post=4653"}],"curies":[{"name":"wp","href":"https:\/\/api.w.org\/{rel}","templated":true}]}}