{"id":4644,"date":"2025-07-17T11:26:09","date_gmt":"2025-07-17T15:26:09","guid":{"rendered":"https:\/\/polifusion.com\/peru\/?post_type=product&#038;p=4644"},"modified":"2025-07-17T12:29:33","modified_gmt":"2025-07-17T16:29:33","slug":"tuberia-polifusion-beta-linea-blanca","status":"publish","type":"product","link":"https:\/\/polifusion.com\/peru\/producto\/tuberia-polifusion-beta-linea-blanca\/","title":{"rendered":"TUBER\u00cdA POLIFUSI\u00d3N BETA L\u00cdNEA BLANCA PN 12,5"},"content":{"rendered":"<p>&nbsp;<\/p>\n<p><strong>PRESENTACI\u00d3N 5 METROS<\/strong><\/p>\n<table class=\"table table-striped tabla_polifusion\">\n<tbody>\n<tr>\n<td width=\"383\">D\u00cdAMETRO<\/td>\n<td width=\"192\">C\u00d3DIGO<\/td>\n<td width=\"87\">METROS<\/td>\n<\/tr>\n<tr>\n<td>TB 110&#215;5 mt POLIF. BETA PN-12.5 &#8211; PPR CT &#8211; L. BLANCA<\/td>\n<td>20000095120110<\/td>\n<td>5<\/td>\n<\/tr>\n<tr>\n<td>TB 125&#215;5 mt POLIF. BETA PN-12.5 &#8211; PPR CT &#8211; L. BLANCA<\/td>\n<td>20000095120125<\/td>\n<td>5<\/td>\n<\/tr>\n<tr>\n<td>TB 160&#215;5 mt POLIF.BETA PN-12.5<\/td>\n<td>20000095120160<\/td>\n<td>5<\/td>\n<\/tr>\n<tr>\n<td>TB 16&#215;5 mt POLIF. BETA PN-12.5 &#8211; PPR CT &#8211; L. BLANCA<\/td>\n<td>20000095120016<\/td>\n<td>5<\/td>\n<\/tr>\n<tr>\n<td>TB 20&#215;5 mt POLIF.BETA PN-12.5<\/td>\n<td>20000095120020<\/td>\n<td>5<\/td>\n<\/tr>\n<tr>\n<td>TB 25&#215;5 mt POLIF. BETA PN-12.5 &#8211; PPR CT &#8211; L. BLANCA<\/td>\n<td>20000095120025<\/td>\n<td>5<\/td>\n<\/tr>\n<tr>\n<td>TB 32&#215;5 mt POLIF.BETA PN-12.5<\/td>\n<td>20000095120032<\/td>\n<td>5<\/td>\n<\/tr>\n<tr>\n<td>TB 40&#215;5 mt POLIF. BETA PN-12.5 &#8211; PPR CT &#8211; L. BLANCA<\/td>\n<td>20000095120040<\/td>\n<td>5<\/td>\n<\/tr>\n<tr>\n<td>TB 50&#215;5 mt POLIF. BETA PN-12.5 &#8211; PPR CT &#8211; L. BLANCA<\/td>\n<td>20000095120050<\/td>\n<td>5<\/td>\n<\/tr>\n<tr>\n<td>TB 63&#215;5 mt POLIF. BETA PN-12.5 &#8211; PPR CT &#8211; L. BLANCA<\/td>\n<td>20000095120063<\/td>\n<td>5<\/td>\n<\/tr>\n<tr>\n<td>TB 75&#215;5 mt POLIF. BETA PN-12.5 &#8211; PPR CT &#8211; L. BLANCA<\/td>\n<td>20000095120075<\/td>\n<td>5<\/td>\n<\/tr>\n<tr>\n<td>TB 90&#215;5 mt POLIFUSION-BETA PN-12.5<\/td>\n<td>20000095120090<\/td>\n<td>5<\/td>\n<\/tr>\n<\/tbody>\n<\/table>\n<p><strong>PRESENTACI\u00d3N 6 METROS<\/strong><\/p>\n<table class=\"table table-striped tabla_polifusion\">\n<tbody>\n<tr>\n<td width=\"383\">D\u00cdAMETRO<\/td>\n<td width=\"192\">C\u00d3DIGO<\/td>\n<td width=\"87\">METROS<\/td>\n<\/tr>\n<tr>\n<td>TB 110X6 mts POLIFUSION-BETA PN-12.5<\/td>\n<td>20000093000110<\/td>\n<td>6<\/td>\n<\/tr>\n<tr>\n<td>TB 32&#215;6 mts BETA PN-12.5 L. BLAN<\/td>\n<td>20000093000032<\/td>\n<td>6<\/td>\n<\/tr>\n<tr>\n<td>TB 40&#215;6 mt POLIF. BETA PN-12.5 &#8211; PPR CT &#8211; L. BLANCA<\/td>\n<td>20000093000040<\/td>\n<td>6<\/td>\n<\/tr>\n<tr>\n<td>TB 90X6 mt POLIF. BETA PN-12.5 &#8211; PPR CT &#8211; L. BLANCA<\/td>\n<td>20000093000090<\/td>\n<td>6<\/td>\n<\/tr>\n<\/tbody>\n<\/table>\n","protected":false},"excerpt":{"rendered":"<p>&nbsp; PRESENTACI\u00d3N 5 METROS D\u00cdAMETRO C\u00d3DIGO METROS TB 110&#215;5 mt POLIF. BETA PN-12.5 &#8211; PPR CT &#8211; L. BLANCA 20000095120110 5 TB 125&#215;5 mt POLIF. BETA PN-12.5 &#8211; PPR CT &#8211; L. BLANCA 20000095120125 5 TB 160&#215;5 mt POLIF.BETA PN-12.5 20000095120160 5 TB 16&#215;5 mt POLIF. BETA PN-12.5 &#8211; PPR CT &#8211; L. BLANCA 20000095120016 [&hellip;]<\/p>\n","protected":false},"featured_media":4095,"comment_status":"open","ping_status":"closed","template":"","meta":{"_joinchat":[]},"product_brand":[],"product_cat":[133,102],"product_tag":[],"class_list":{"0":"post-4644","1":"product","2":"type-product","3":"status-publish","4":"has-post-thumbnail","6":"product_cat-tuberia-pp-rct","7":"product_cat-tuberias","9":"first","10":"instock","11":"shipping-taxable","12":"product-type-simple"},"_links":{"self":[{"href":"https:\/\/polifusion.com\/peru\/wp-json\/wp\/v2\/product\/4644","targetHints":{"allow":["GET"]}}],"collection":[{"href":"https:\/\/polifusion.com\/peru\/wp-json\/wp\/v2\/product"}],"about":[{"href":"https:\/\/polifusion.com\/peru\/wp-json\/wp\/v2\/types\/product"}],"replies":[{"embeddable":true,"href":"https:\/\/polifusion.com\/peru\/wp-json\/wp\/v2\/comments?post=4644"}],"wp:featuredmedia":[{"embeddable":true,"href":"https:\/\/polifusion.com\/peru\/wp-json\/wp\/v2\/media\/4095"}],"wp:attachment":[{"href":"https:\/\/polifusion.com\/peru\/wp-json\/wp\/v2\/media?parent=4644"}],"wp:term":[{"taxonomy":"product_brand","embeddable":true,"href":"https:\/\/polifusion.com\/peru\/wp-json\/wp\/v2\/product_brand?post=4644"},{"taxonomy":"product_cat","embeddable":true,"href":"https:\/\/polifusion.com\/peru\/wp-json\/wp\/v2\/product_cat?post=4644"},{"taxonomy":"product_tag","embeddable":true,"href":"https:\/\/polifusion.com\/peru\/wp-json\/wp\/v2\/product_tag?post=4644"}],"curies":[{"name":"wp","href":"https:\/\/api.w.org\/{rel}","templated":true}]}}