{"id":318,"date":"2025-01-24T12:36:48","date_gmt":"2025-01-24T15:36:48","guid":{"rendered":"https:\/\/polifusion.com\/peru\/?post_type=product&#038;p=318"},"modified":"2025-05-16T14:09:58","modified_gmt":"2025-05-16T18:09:58","slug":"tapping-tee-electrofusion-unidelta-hdpe-100-pn-16-sdr-11","status":"publish","type":"product","link":"https:\/\/polifusion.com\/peru\/producto\/tapping-tee-electrofusion-unidelta-hdpe-100-pn-16-sdr-11\/","title":{"rendered":"TAPPING TEE ELECTROFUSI\u00d3N UNIDELTA HDPE-100, PN-16, SDR 11"},"content":{"rendered":"<table class=\"table table-striped tabla_polifusion\">\n<caption><strong>TAPPING TEE ELECTROFUSI\u00d3N UNIDELTA HDPE-100, PN-16, SDR 11<\/strong><\/caption>\n<thead>\n<tr>\n<th>DIMENSI\u00d3N<\/th>\n<th>C\u00d3DIGO<\/th>\n<th>UNIDAD<\/th>\n<th>PRECIO UNITARIO<\/th>\n<\/tr>\n<\/thead>\n<tbody>\n<tr>\n<td>TAPPING TEE 40X20<\/td>\n<td>38000010054020<\/td>\n<td>1<\/td>\n<td>28.159<\/td>\n<\/tr>\n<tr>\n<td>TAPPING TEE 40X25<\/td>\n<td>38000010054025<\/td>\n<td>1<\/td>\n<td>28.159<\/td>\n<\/tr>\n<tr>\n<td>TAPPING TEE 40X32<\/td>\n<td>38000010054032<\/td>\n<td>1<\/td>\n<td>28.159<\/td>\n<\/tr>\n<tr>\n<td>TAPPING TEE 50X20<\/td>\n<td>38000010055020<\/td>\n<td>1<\/td>\n<td>28.543<\/td>\n<\/tr>\n<tr>\n<td>TAPPING TEE 50X25<\/td>\n<td>38000010055025<\/td>\n<td>1<\/td>\n<td>28.543<\/td>\n<\/tr>\n<tr>\n<td>TAPPING TEE 50X32<\/td>\n<td>38000010055032<\/td>\n<td>1<\/td>\n<td>28.543<\/td>\n<\/tr>\n<tr>\n<td>TAPPING TEE 63X20<\/td>\n<td>38000010056320<\/td>\n<td>1<\/td>\n<td>28.822<\/td>\n<\/tr>\n<tr>\n<td>TAPPING TEE 63X25<\/td>\n<td>38000010056325<\/td>\n<td>1<\/td>\n<td>28.822<\/td>\n<\/tr>\n<tr>\n<td>TAPPING TEE 63X32<\/td>\n<td>38000010056332<\/td>\n<td>1<\/td>\n<td>28.822<\/td>\n<\/tr>\n<tr>\n<td>TAPPING TEE 75X20<\/td>\n<td>38000010057520<\/td>\n<td>1<\/td>\n<td>28.970<\/td>\n<\/tr>\n<tr>\n<td>TAPPING TEE 75X25<\/td>\n<td>38000010057525<\/td>\n<td>1<\/td>\n<td>28.970<\/td>\n<\/tr>\n<tr>\n<td>TAPPING TEE 75X32<\/td>\n<td>38000010057532<\/td>\n<td>1<\/td>\n<td>28.970<\/td>\n<\/tr>\n<tr>\n<td>TAPPING TEE 90X20<\/td>\n<td>38000010059020<\/td>\n<td>1<\/td>\n<td>29.841<\/td>\n<\/tr>\n<tr>\n<td>TAPPING TEE 90X25<\/td>\n<td>38000010059025<\/td>\n<td>1<\/td>\n<td>29.841<\/td>\n<\/tr>\n<tr>\n<td>TAPPING TEE 90X32<\/td>\n<td>38000010059032<\/td>\n<td>1<\/td>\n<td>29.841<\/td>\n<\/tr>\n<tr>\n<td>TAPPING TEE 90X63<\/td>\n<td>38000010059063<\/td>\n<td>1<\/td>\n<td>46.750<\/td>\n<\/tr>\n<tr>\n<td>TAPPING TEE 110X20<\/td>\n<td>38000010051120<\/td>\n<td>1<\/td>\n<td>32.282<\/td>\n<\/tr>\n<tr>\n<td>TAPPING TEE 110X25<\/td>\n<td>38000010051125<\/td>\n<td>1<\/td>\n<td>30.157<\/td>\n<\/tr>\n<tr>\n<td>TAPPING TEE 110X32<\/td>\n<td>38000010051132<\/td>\n<td>1<\/td>\n<td>30.213<\/td>\n<\/tr>\n<tr>\n<td>TAPPING TEE 110X63<\/td>\n<td>38000010051163<\/td>\n<td>1<\/td>\n<td>50.711<\/td>\n<\/tr>\n<tr>\n<td>TAPPING TEE 125X32<\/td>\n<td>38000010051232<\/td>\n<td>1<\/td>\n<td>54.754<\/td>\n<\/tr>\n<tr>\n<td>TAPPING TEE 125X63<\/td>\n<td>38000010051263<\/td>\n<td>1<\/td>\n<td>56.282<\/td>\n<\/tr>\n<tr>\n<td>TAPPING TEE 140X32<\/td>\n<td>38000010051432<\/td>\n<td>1<\/td>\n<td>60.480<\/td>\n<\/tr>\n<tr>\n<td>TAPPING TEE 140X63<\/td>\n<td>38000010051463<\/td>\n<td>1<\/td>\n<td>61.271<\/td>\n<\/tr>\n<tr>\n<td>TAPPING TEE 160X20<\/td>\n<td>38000010051620<\/td>\n<td>1<\/td>\n<td>39.181<\/td>\n<\/tr>\n<tr>\n<td>TAPPING TEE 160X25<\/td>\n<td>38000010051625<\/td>\n<td>1<\/td>\n<td>39.363<\/td>\n<\/tr>\n<tr>\n<td>TAPPING TEE 160X32<\/td>\n<td>38000010051632<\/td>\n<td>1<\/td>\n<td>67.108<\/td>\n<\/tr>\n<tr>\n<td>TAPPING TEE 160X63<\/td>\n<td>38000010051663<\/td>\n<td>1<\/td>\n<td>90.395<\/td>\n<\/tr>\n<tr>\n<td>TAPPING TEE 180X32<\/td>\n<td>38000010051832<\/td>\n<td>1<\/td>\n<td>65.994<\/td>\n<\/tr>\n<tr>\n<td>TAPPING TEE 180X63<\/td>\n<td>38000010051863<\/td>\n<td>1<\/td>\n<td>90.399<\/td>\n<\/tr>\n<tr>\n<td>TAPPING TEE 200X32<\/td>\n<td>38000010052032<\/td>\n<td>1<\/td>\n<td>80.084<\/td>\n<\/tr>\n<tr>\n<td>TAPPING TEE 200X63<\/td>\n<td>38000010052063<\/td>\n<td>1<\/td>\n<td>90.452<\/td>\n<\/tr>\n<tr>\n<td>TAPPING TEE 225X32<\/td>\n<td>38000010052232<\/td>\n<td>1<\/td>\n<td>84.887<\/td>\n<\/tr>\n<tr>\n<td>TAPPING TEE 225X63<\/td>\n<td>38000010052263<\/td>\n<td>1<\/td>\n<td>90.485<\/td>\n<\/tr>\n<tr>\n<td>TAPPING TEE 250X32<\/td>\n<td>38000010052532<\/td>\n<td>1<\/td>\n<td>93.979<\/td>\n<\/tr>\n<tr>\n<td>TAPPING TEE 250X63<\/td>\n<td>38000010052563<\/td>\n<td>1<\/td>\n<td>91.008<\/td>\n<\/tr>\n<\/tbody>\n<\/table>\n","protected":false},"excerpt":{"rendered":"<p>TAPPING TEE ELECTROFUSI\u00d3N UNIDELTA HDPE-100, PN-16, SDR 11 DIMENSI\u00d3N C\u00d3DIGO UNIDAD PRECIO UNITARIO TAPPING TEE 40X20 38000010054020 1 28.159 TAPPING TEE 40X25 38000010054025 1 28.159 TAPPING TEE 40X32 38000010054032 1 28.159 TAPPING TEE 50X20 38000010055020 1 28.543 TAPPING TEE 50X25 38000010055025 1 28.543 TAPPING TEE 50X32 38000010055032 1 28.543 TAPPING TEE 63X20 38000010056320 1 28.822 [&hellip;]<\/p>\n","protected":false},"featured_media":4417,"comment_status":"open","ping_status":"closed","template":"","meta":{"_joinchat":[]},"product_brand":[],"product_cat":[128],"product_tag":[],"class_list":{"0":"post-318","1":"product","2":"type-product","3":"status-publish","4":"has-post-thumbnail","6":"product_cat-fittings-hdpe-electrofusion","8":"first","9":"instock","10":"shipping-taxable","11":"product-type-simple"},"_links":{"self":[{"href":"https:\/\/polifusion.com\/peru\/wp-json\/wp\/v2\/product\/318","targetHints":{"allow":["GET"]}}],"collection":[{"href":"https:\/\/polifusion.com\/peru\/wp-json\/wp\/v2\/product"}],"about":[{"href":"https:\/\/polifusion.com\/peru\/wp-json\/wp\/v2\/types\/product"}],"replies":[{"embeddable":true,"href":"https:\/\/polifusion.com\/peru\/wp-json\/wp\/v2\/comments?post=318"}],"wp:featuredmedia":[{"embeddable":true,"href":"https:\/\/polifusion.com\/peru\/wp-json\/wp\/v2\/media\/4417"}],"wp:attachment":[{"href":"https:\/\/polifusion.com\/peru\/wp-json\/wp\/v2\/media?parent=318"}],"wp:term":[{"taxonomy":"product_brand","embeddable":true,"href":"https:\/\/polifusion.com\/peru\/wp-json\/wp\/v2\/product_brand?post=318"},{"taxonomy":"product_cat","embeddable":true,"href":"https:\/\/polifusion.com\/peru\/wp-json\/wp\/v2\/product_cat?post=318"},{"taxonomy":"product_tag","embeddable":true,"href":"https:\/\/polifusion.com\/peru\/wp-json\/wp\/v2\/product_tag?post=318"}],"curies":[{"name":"wp","href":"https:\/\/api.w.org\/{rel}","templated":true}]}}