{"id":310,"date":"2025-01-24T15:32:18","date_gmt":"2025-01-24T14:32:18","guid":{"rendered":"https:\/\/polifusion.com\/peru\/?post_type=product&#038;p=310"},"modified":"2025-05-16T14:09:58","modified_gmt":"2025-05-16T18:09:58","slug":"tapon-electrofusion-unidelta-hdpe-100-pn-16-sdr-11","status":"publish","type":"product","link":"https:\/\/polifusion.com\/peru\/producto\/tapon-electrofusion-unidelta-hdpe-100-pn-16-sdr-11\/","title":{"rendered":"TAP\u00d3N ELECTROFUSI\u00d3N UNIDELTA HDPE-100, PN-16, SDR 11"},"content":{"rendered":"<table class=\"table table-striped tabla_polifusion\">\n<caption><strong>TAP\u00d3N ELECTROFUSI\u00d3N UNIDELTA HDPE-100, PN-16, SDR 11<\/strong><\/caption>\n<thead>\n<tr>\n<th>DIMENSI\u00d3N<\/th>\n<th>C\u00d3DIGO<\/th>\n<th>U. X BOLSAS<\/th>\n<th>PRECIO UNITARIO<\/th>\n<\/tr>\n<\/thead>\n<tbody>\n<tr>\n<td>TAP\u00d3N 20mm<\/td>\n<td>3800001007-0020<\/td>\n<td>20<\/td>\n<td><strong>5.836<\/strong><\/td>\n<\/tr>\n<tr>\n<td>TAP\u00d3N 25mm<\/td>\n<td>3800001007-0025<\/td>\n<td>20<\/td>\n<td><strong>5.997<\/strong><\/td>\n<\/tr>\n<tr>\n<td>TAP\u00d3N 32mm<\/td>\n<td>3800001007-0032<\/td>\n<td>20<\/td>\n<td><strong>6.418<\/strong><\/td>\n<\/tr>\n<tr>\n<td>TAP\u00d3N 40mm<\/td>\n<td>3800001007-0040<\/td>\n<td>20<\/td>\n<td><strong>10.010<\/strong><\/td>\n<\/tr>\n<tr>\n<td>TAP\u00d3N 50mm<\/td>\n<td>3800001007-0050<\/td>\n<td>10<\/td>\n<td><strong>13.054<\/strong><\/td>\n<\/tr>\n<tr>\n<td>TAP\u00d3N 63mm<\/td>\n<td>3800001007-0063<\/td>\n<td>10<\/td>\n<td><strong>13.399<\/strong><\/td>\n<\/tr>\n<tr>\n<td>TAP\u00d3N 75mm<\/td>\n<td>3800001007-0075<\/td>\n<td>10<\/td>\n<td><strong>23.324<\/strong><\/td>\n<\/tr>\n<tr>\n<td>TAP\u00d3N 90mm<\/td>\n<td>3800001007-0090<\/td>\n<td>12<\/td>\n<td><strong>23.962<\/strong><\/td>\n<\/tr>\n<tr>\n<td>TAP\u00d3N 110mm<\/td>\n<td>3800001007-0110<\/td>\n<td>10<\/td>\n<td><strong>30.262<\/strong><\/td>\n<\/tr>\n<tr>\n<td>TAP\u00d3N 125mm<\/td>\n<td>3800001007-0125<\/td>\n<td>2<\/td>\n<td><strong>43.488<\/strong><\/td>\n<\/tr>\n<tr>\n<td>TAP\u00d3N 160mm<\/td>\n<td>3800001007-0160<\/td>\n<td>2<\/td>\n<td><strong>62.356<\/strong><\/td>\n<\/tr>\n<tr>\n<td>TAP\u00d3N 180mm<\/td>\n<td>3800001007-0180<\/td>\n<td>1<\/td>\n<td><strong>84.911<\/strong><\/td>\n<\/tr>\n<tr>\n<td>TAP\u00d3N 200mm<\/td>\n<td>3800001007-0200<\/td>\n<td>1<\/td>\n<td><strong>113.784<\/strong><\/td>\n<\/tr>\n<tr>\n<td>TAP\u00d3N 225mm<\/td>\n<td>3800001007-0225<\/td>\n<td>1<\/td>\n<td><strong>120.766<\/strong><\/td>\n<\/tr>\n<tr>\n<td>TAP\u00d3N 250mm<\/td>\n<td>3800001007-0250<\/td>\n<td>1<\/td>\n<td><strong>142.038<\/strong><\/td>\n<\/tr>\n<tr>\n<td>TAP\u00d3N 315mm<\/td>\n<td>3800001007-0315<\/td>\n<td>1<\/td>\n<td><strong>348.138<\/strong><\/td>\n<\/tr>\n<\/tbody>\n<\/table>\n","protected":false},"excerpt":{"rendered":"<p>TAP\u00d3N ELECTROFUSI\u00d3N UNIDELTA HDPE-100, PN-16, SDR 11 DIMENSI\u00d3N C\u00d3DIGO U. X BOLSAS PRECIO UNITARIO TAP\u00d3N 20mm 3800001007-0020 20 5.836 TAP\u00d3N 25mm 3800001007-0025 20 5.997 TAP\u00d3N 32mm 3800001007-0032 20 6.418 TAP\u00d3N 40mm 3800001007-0040 20 10.010 TAP\u00d3N 50mm 3800001007-0050 10 13.054 TAP\u00d3N 63mm 3800001007-0063 10 13.399 TAP\u00d3N 75mm 3800001007-0075 10 23.324 TAP\u00d3N 90mm 3800001007-0090 12 23.962 TAP\u00d3N [&hellip;]<\/p>\n","protected":false},"featured_media":311,"comment_status":"open","ping_status":"closed","template":"","meta":{"_joinchat":[]},"product_brand":[],"product_cat":[128],"product_tag":[],"class_list":{"0":"post-310","1":"product","2":"type-product","3":"status-publish","4":"has-post-thumbnail","6":"product_cat-fittings-hdpe-electrofusion","8":"first","9":"instock","10":"shipping-taxable","11":"product-type-simple"},"_links":{"self":[{"href":"https:\/\/polifusion.com\/peru\/wp-json\/wp\/v2\/product\/310","targetHints":{"allow":["GET"]}}],"collection":[{"href":"https:\/\/polifusion.com\/peru\/wp-json\/wp\/v2\/product"}],"about":[{"href":"https:\/\/polifusion.com\/peru\/wp-json\/wp\/v2\/types\/product"}],"replies":[{"embeddable":true,"href":"https:\/\/polifusion.com\/peru\/wp-json\/wp\/v2\/comments?post=310"}],"wp:featuredmedia":[{"embeddable":true,"href":"https:\/\/polifusion.com\/peru\/wp-json\/wp\/v2\/media\/311"}],"wp:attachment":[{"href":"https:\/\/polifusion.com\/peru\/wp-json\/wp\/v2\/media?parent=310"}],"wp:term":[{"taxonomy":"product_brand","embeddable":true,"href":"https:\/\/polifusion.com\/peru\/wp-json\/wp\/v2\/product_brand?post=310"},{"taxonomy":"product_cat","embeddable":true,"href":"https:\/\/polifusion.com\/peru\/wp-json\/wp\/v2\/product_cat?post=310"},{"taxonomy":"product_tag","embeddable":true,"href":"https:\/\/polifusion.com\/peru\/wp-json\/wp\/v2\/product_tag?post=310"}],"curies":[{"name":"wp","href":"https:\/\/api.w.org\/{rel}","templated":true}]}}