{"id":304,"date":"2025-01-24T11:06:18","date_gmt":"2025-01-24T14:06:18","guid":{"rendered":"https:\/\/polifusion.com\/peru\/?post_type=product&#038;p=304"},"modified":"2025-05-16T14:09:57","modified_gmt":"2025-05-16T18:09:57","slug":"coplas-reduccion-electrofusion-unidelta-hdpe-100-pn-16-sdr-11","status":"publish","type":"product","link":"https:\/\/polifusion.com\/peru\/producto\/coplas-reduccion-electrofusion-unidelta-hdpe-100-pn-16-sdr-11\/","title":{"rendered":"COPLAS REDUCCI\u00d3N ELECTROFUSI\u00d3N UNIDELTA HDPE-100 PN-16, SDR 11"},"content":{"rendered":"<table class=\"table table-striped tabla_polifusion\">\n<caption><strong>COPLAS REDUCCI\u00d3N ELECTROFUSI\u00d3N UNIDELTA HDPE-100 PN-16, SDR 11<\/strong><\/caption>\n<thead>\n<tr>\n<th>DIMENSI\u00d3N<\/th>\n<th>C\u00d3DIGO<\/th>\n<th>U. X BOLSAS<\/th>\n<th>PRECIO UNITARIO<\/th>\n<\/tr>\n<\/thead>\n<tbody>\n<tr>\n<td>COPLA REDUCCI\u00d3N 25 x 20<\/td>\n<td>3800001004-2520<\/td>\n<td>20<\/td>\n<td><strong>7.750<\/strong><\/td>\n<\/tr>\n<tr>\n<td>COPLA REDUCCI\u00d3N 32 x 20<\/td>\n<td>3800001004-3220<\/td>\n<td>20<\/td>\n<td><strong>7.824<\/strong><\/td>\n<\/tr>\n<tr>\n<td>COPLA REDUCCI\u00d3N 32 x 25<\/td>\n<td>3800001004-3225<\/td>\n<td>20<\/td>\n<td><strong>8.458<\/strong><\/td>\n<\/tr>\n<tr>\n<td>COPLA REDUCCI\u00d3N 40 x 32<\/td>\n<td>3800001004-4032<\/td>\n<td>20<\/td>\n<td><strong>10.545<\/strong><\/td>\n<\/tr>\n<tr>\n<td>COPLA REDUCCI\u00d3N 50 x 32<\/td>\n<td>3800001004-5032<\/td>\n<td>10<\/td>\n<td><strong>11.354<\/strong><\/td>\n<\/tr>\n<tr>\n<td>COPLA REDUCCI\u00d3N 63 x 32<\/td>\n<td>3800001004-6332<\/td>\n<td>10<\/td>\n<td><strong>11.821<\/strong><\/td>\n<\/tr>\n<tr>\n<td>COPLA REDUCCI\u00d3N 63 x 40<\/td>\n<td>3800001004-6340<\/td>\n<td>10<\/td>\n<td><strong>12.406<\/strong><\/td>\n<\/tr>\n<tr>\n<td>COPLA REDUCCI\u00d3N 63 x 50<\/td>\n<td>3800001004-6350<\/td>\n<td>10<\/td>\n<td><strong>12.758<\/strong><\/td>\n<\/tr>\n<tr>\n<td>COPLA REDUCCI\u00d3N 90 x 63<\/td>\n<td>3800001004-9063<\/td>\n<td>10<\/td>\n<td><strong>20.435<\/strong><\/td>\n<\/tr>\n<tr>\n<td>COPLA REDUCCI\u00d3N 90 x 75<\/td>\n<td>3800001004-9075<\/td>\n<td>10<\/td>\n<td><strong>22.737<\/strong><\/td>\n<\/tr>\n<tr>\n<td>COPLA REDUCCI\u00d3N 110 x 63<\/td>\n<td>3800001004-1163<\/td>\n<td>12<\/td>\n<td><strong>26.634<\/strong><\/td>\n<\/tr>\n<tr>\n<td>COPLA REDUCCI\u00d3N 110 x 90<\/td>\n<td>3800001004-1190<\/td>\n<td>12<\/td>\n<td><strong>26.914<\/strong><\/td>\n<\/tr>\n<tr>\n<td>COPLA REDUCCI\u00d3N 125 x 63<\/td>\n<td>3800001004-1263<\/td>\n<td>12<\/td>\n<td><strong>41.278<\/strong><\/td>\n<\/tr>\n<tr>\n<td>COPLA REDUCCI\u00d3N 125 x 90<\/td>\n<td>3800001004-1290<\/td>\n<td>10<\/td>\n<td><strong>42.053<\/strong><\/td>\n<\/tr>\n<tr>\n<td>COPLA REDUCCI\u00d3N 125 x 110<\/td>\n<td>3800001004-1211<\/td>\n<td>10<\/td>\n<td><strong>47.414<\/strong><\/td>\n<\/tr>\n<tr>\n<td>COPLA REDUCCI\u00d3N 160 x 110<\/td>\n<td>3800001004-1611<\/td>\n<td>2<\/td>\n<td><strong>63.765<\/strong><\/td>\n<\/tr>\n<tr>\n<td>COPLA REDUCCI\u00d3N 180 x 125<\/td>\n<td>3800001004-1812<\/td>\n<td>2<\/td>\n<td><strong>95.599<\/strong><\/td>\n<\/tr>\n<tr>\n<td>COPLA REDUCCI\u00d3N 200 x 160<\/td>\n<td>3800001004-2016<\/td>\n<td>2<\/td>\n<td><strong>130.198<\/strong><\/td>\n<\/tr>\n<tr>\n<td>COPLA REDUCCI\u00d3N 225 x 160<\/td>\n<td>3800001004-2216<\/td>\n<td>2<\/td>\n<td><strong>140.478<\/strong><\/td>\n<\/tr>\n<tr>\n<td>COPLA REDUCCI\u00d3N 250 x 180<\/td>\n<td>3800001004-2518<\/td>\n<td>2<\/td>\n<td><strong>163.616<\/strong><\/td>\n<\/tr>\n<tr>\n<td>COPLA REDUCCI\u00d3N 315 x 250<\/td>\n<td>3800001004-3125<\/td>\n<td>2<\/td>\n<td><strong>227.783<\/strong><\/td>\n<\/tr>\n<\/tbody>\n<\/table>\n","protected":false},"excerpt":{"rendered":"<p>COPLAS REDUCCI\u00d3N ELECTROFUSI\u00d3N UNIDELTA HDPE-100 PN-16, SDR 11 DIMENSI\u00d3N C\u00d3DIGO U. X BOLSAS PRECIO UNITARIO COPLA REDUCCI\u00d3N 25 x 20 3800001004-2520 20 7.750 COPLA REDUCCI\u00d3N 32 x 20 3800001004-3220 20 7.824 COPLA REDUCCI\u00d3N 32 x 25 3800001004-3225 20 8.458 COPLA REDUCCI\u00d3N 40 x 32 3800001004-4032 20 10.545 COPLA REDUCCI\u00d3N 50 x 32 3800001004-5032 10 11.354 [&hellip;]<\/p>\n","protected":false},"featured_media":305,"comment_status":"open","ping_status":"closed","template":"","meta":{"_joinchat":[]},"product_brand":[],"product_cat":[128],"product_tag":[],"class_list":{"0":"post-304","1":"product","2":"type-product","3":"status-publish","4":"has-post-thumbnail","6":"product_cat-fittings-hdpe-electrofusion","8":"first","9":"instock","10":"shipping-taxable","11":"product-type-simple"},"_links":{"self":[{"href":"https:\/\/polifusion.com\/peru\/wp-json\/wp\/v2\/product\/304","targetHints":{"allow":["GET"]}}],"collection":[{"href":"https:\/\/polifusion.com\/peru\/wp-json\/wp\/v2\/product"}],"about":[{"href":"https:\/\/polifusion.com\/peru\/wp-json\/wp\/v2\/types\/product"}],"replies":[{"embeddable":true,"href":"https:\/\/polifusion.com\/peru\/wp-json\/wp\/v2\/comments?post=304"}],"wp:featuredmedia":[{"embeddable":true,"href":"https:\/\/polifusion.com\/peru\/wp-json\/wp\/v2\/media\/305"}],"wp:attachment":[{"href":"https:\/\/polifusion.com\/peru\/wp-json\/wp\/v2\/media?parent=304"}],"wp:term":[{"taxonomy":"product_brand","embeddable":true,"href":"https:\/\/polifusion.com\/peru\/wp-json\/wp\/v2\/product_brand?post=304"},{"taxonomy":"product_cat","embeddable":true,"href":"https:\/\/polifusion.com\/peru\/wp-json\/wp\/v2\/product_cat?post=304"},{"taxonomy":"product_tag","embeddable":true,"href":"https:\/\/polifusion.com\/peru\/wp-json\/wp\/v2\/product_tag?post=304"}],"curies":[{"name":"wp","href":"https:\/\/api.w.org\/{rel}","templated":true}]}}