{"id":267,"date":"2025-01-23T11:32:49","date_gmt":"2025-01-23T14:32:49","guid":{"rendered":"https:\/\/polifusion.com\/peru\/?post_type=product&#038;p=267"},"modified":"2025-05-16T14:09:55","modified_gmt":"2025-05-16T18:09:55","slug":"tuberias-polifusion-hdpe-100-nch-398-1-pn-10-sdr-17","status":"publish","type":"product","link":"https:\/\/polifusion.com\/peru\/producto\/tuberias-polifusion-hdpe-100-nch-398-1-pn-10-sdr-17\/","title":{"rendered":"TUBER\u00cdAS POLIFUSI\u00d3N HDPE-100, NCH-398-1, PN-10 SDR-17"},"content":{"rendered":"<table class=\"table table-striped tabla_polifusion\">\n<caption><strong>TUBER\u00cdAS POLIFUSI\u00d3N HDPE-100, NCH-398-1, PN-10 SDR-17<\/strong><\/caption>\n<thead>\n<tr>\n<th>DIMENSI\u00d3N<\/th>\n<th>C\u00d3DIGO<\/th>\n<th>UNIDADES<\/th>\n<\/tr>\n<\/thead>\n<tbody>\n<tr>\n<td>TUBER\u00cdA POLIFUSI\u00d3N HDPE-100, 40mm PN-10<\/td>\n<td>2200001000-0040<\/td>\n<td>1<\/td>\n<\/tr>\n<tr>\n<td>TUBER\u00cdA POLIFUSI\u00d3N HDPE-100, 50mm PN-10<\/td>\n<td>2200001000-0050<\/td>\n<td>1<\/td>\n<\/tr>\n<tr>\n<td>TUBER\u00cdA POLIFUSI\u00d3N HDPE-100, 63mm PN-10<\/td>\n<td>2200001000-0063<\/td>\n<td>1<\/td>\n<\/tr>\n<tr>\n<td>TUBER\u00cdA POLIFUSI\u00d3N HDPE-100, 75mm PN-10<\/td>\n<td>2200001000-0075<\/td>\n<td>1<\/td>\n<\/tr>\n<tr>\n<td>TUBER\u00cdA POLIFUSI\u00d3N HDPE-100, 90mm PN-10<\/td>\n<td>2200001000-0090<\/td>\n<td>1<\/td>\n<\/tr>\n<tr>\n<td>TUBER\u00cdA POLIFUSI\u00d3N HDPE-100, 110mm PN-10<\/td>\n<td>2200001000-0110<\/td>\n<td>1<\/td>\n<\/tr>\n<tr>\n<td>TUBER\u00cdA POLIFUSI\u00d3N HDPE-100, 125mm PN-10<\/td>\n<td>2200001000-0125<\/td>\n<td>1<\/td>\n<\/tr>\n<tr>\n<td>TUBER\u00cdA POLIFUSI\u00d3N HDPE-100, 140mm PN-10<\/td>\n<td>2200001000-0140<\/td>\n<td>1<\/td>\n<\/tr>\n<tr>\n<td>TUBER\u00cdA POLIFUSI\u00d3N HDPE-100, 160mm PN-10<\/td>\n<td>2200001000-0160<\/td>\n<td>1<\/td>\n<\/tr>\n<tr>\n<td>TUBER\u00cdA POLIFUSI\u00d3N HDPE-100, 180mm PN-10<\/td>\n<td>2200001000-0180<\/td>\n<td>1<\/td>\n<\/tr>\n<tr>\n<td>TUBER\u00cdA POLIFUSI\u00d3N HDPE-100, 200mm PN-10<\/td>\n<td>2200001000-0200<\/td>\n<td>1<\/td>\n<\/tr>\n<tr>\n<td>TUBER\u00cdA POLIFUSI\u00d3N HDPE-100, 225mm PN-10<\/td>\n<td>2200001000-0225<\/td>\n<td>1<\/td>\n<\/tr>\n<tr>\n<td>TUBER\u00cdA POLIFUSI\u00d3N HDPE-100, 250mm PN-10<\/td>\n<td>2200001000-0250<\/td>\n<td>1<\/td>\n<\/tr>\n<tr>\n<td>TUBER\u00cdA POLIFUSI\u00d3N HDPE-100, 280mm PN-10<\/td>\n<td>2200001000-0280<\/td>\n<td>1<\/td>\n<\/tr>\n<tr>\n<td>TUBER\u00cdA POLIFUSI\u00d3N HDPE-100, 315mm PN-10<\/td>\n<td>2200001000-0315<\/td>\n<td>1<\/td>\n<\/tr>\n<tr>\n<td>TUBER\u00cdA POLIFUSI\u00d3N HDPE-100, 355mm PN-10<\/td>\n<td>2200001000-0355<\/td>\n<td>1<\/td>\n<\/tr>\n<tr>\n<td>TUBER\u00cdA POLIFUSI\u00d3N HDPE-100, 400mm PN-10<\/td>\n<td>2200001000-0400<\/td>\n<td>1<\/td>\n<\/tr>\n<tr>\n<td>TUBER\u00cdA POLIFUSI\u00d3N HDPE-100, 450mm PN-10<\/td>\n<td>2200001000-0450<\/td>\n<td>1<\/td>\n<\/tr>\n<\/tbody>\n<\/table>\n<p>&nbsp;<\/p>\n<p>&nbsp;<\/p>\n<table class=\"table table-striped tabla_polifusion\">\n<caption><strong>ROLLOS TUBER\u00cdAS POLIFUSI\u00d3N HDPE-100, NCH-398-1, PN-10 SDR-17<\/strong><\/caption>\n<thead>\n<tr>\n<th>DIMENSI\u00d3N<\/th>\n<th>C\u00d3DIGO<\/th>\n<th>UNIDAD<\/th>\n<\/tr>\n<\/thead>\n<tbody>\n<tr>\n<td>ROLLOS POLIFUSI\u00d3N HDPE-100, 40mm PN-10, 100m<\/td>\n<td>2200001000-1141<\/td>\n<td>1<\/td>\n<\/tr>\n<tr>\n<td>ROLLOS POLIFUSI\u00d3N HDPE-100, 50mm PN-10, 100m<\/td>\n<td>2200001000-0150<\/td>\n<td>1<\/td>\n<\/tr>\n<tr>\n<td>ROLLOS POLIFUSI\u00d3N HDPE-100, 63mm PN-10, 50m<\/td>\n<td>2200001000-5063<\/td>\n<td>1<\/td>\n<\/tr>\n<tr>\n<td>ROLLOS POLIFUSI\u00d3N HDPE-100, 75mm PN-10, 50m<\/td>\n<td>2200001000-5075<\/td>\n<td>1<\/td>\n<\/tr>\n<tr>\n<td>ROLLOS POLIFUSI\u00d3N HDPE-100, 90mm PN-10, 50m<\/td>\n<td>2200001000-0950<\/td>\n<td>1<\/td>\n<\/tr>\n<tr>\n<td>ROLLOS POLIFUSI\u00d3N HDPE-100, 110mm PN-10, 50m<\/td>\n<td>2200001000-1105<\/td>\n<td>1<\/td>\n<\/tr>\n<\/tbody>\n<\/table>\n","protected":false},"excerpt":{"rendered":"<p>TUBER\u00cdAS POLIFUSI\u00d3N HDPE-100, NCH-398-1, PN-10 SDR-17 DIMENSI\u00d3N C\u00d3DIGO UNIDADES TUBER\u00cdA POLIFUSI\u00d3N HDPE-100, 40mm PN-10 2200001000-0040 1 TUBER\u00cdA POLIFUSI\u00d3N HDPE-100, 50mm PN-10 2200001000-0050 1 TUBER\u00cdA POLIFUSI\u00d3N HDPE-100, 63mm PN-10 2200001000-0063 1 TUBER\u00cdA POLIFUSI\u00d3N HDPE-100, 75mm PN-10 2200001000-0075 1 TUBER\u00cdA POLIFUSI\u00d3N HDPE-100, 90mm PN-10 2200001000-0090 1 TUBER\u00cdA POLIFUSI\u00d3N HDPE-100, 110mm PN-10 2200001000-0110 1 TUBER\u00cdA POLIFUSI\u00d3N HDPE-100, 125mm [&hellip;]<\/p>\n","protected":false},"featured_media":4243,"comment_status":"open","ping_status":"closed","template":"","meta":{"_joinchat":[]},"product_brand":[],"product_cat":[104],"product_tag":[],"class_list":{"0":"post-267","1":"product","2":"type-product","3":"status-publish","4":"has-post-thumbnail","6":"product_cat-tuberias-hdpe","8":"first","9":"instock","10":"shipping-taxable","11":"product-type-simple"},"_links":{"self":[{"href":"https:\/\/polifusion.com\/peru\/wp-json\/wp\/v2\/product\/267","targetHints":{"allow":["GET"]}}],"collection":[{"href":"https:\/\/polifusion.com\/peru\/wp-json\/wp\/v2\/product"}],"about":[{"href":"https:\/\/polifusion.com\/peru\/wp-json\/wp\/v2\/types\/product"}],"replies":[{"embeddable":true,"href":"https:\/\/polifusion.com\/peru\/wp-json\/wp\/v2\/comments?post=267"}],"wp:featuredmedia":[{"embeddable":true,"href":"https:\/\/polifusion.com\/peru\/wp-json\/wp\/v2\/media\/4243"}],"wp:attachment":[{"href":"https:\/\/polifusion.com\/peru\/wp-json\/wp\/v2\/media?parent=267"}],"wp:term":[{"taxonomy":"product_brand","embeddable":true,"href":"https:\/\/polifusion.com\/peru\/wp-json\/wp\/v2\/product_brand?post=267"},{"taxonomy":"product_cat","embeddable":true,"href":"https:\/\/polifusion.com\/peru\/wp-json\/wp\/v2\/product_cat?post=267"},{"taxonomy":"product_tag","embeddable":true,"href":"https:\/\/polifusion.com\/peru\/wp-json\/wp\/v2\/product_tag?post=267"}],"curies":[{"name":"wp","href":"https:\/\/api.w.org\/{rel}","templated":true}]}}