{"id":246,"date":"2025-01-02T13:23:34","date_gmt":"2025-01-02T16:23:34","guid":{"rendered":"https:\/\/polifusion.com\/peru\/?post_type=product&#038;p=246"},"modified":"2025-07-17T12:11:53","modified_gmt":"2025-07-17T16:11:53","slug":"tuberia-pp-rct-beta-nucleado-s-3-2-pn-16-linea-roja-copia-copia","status":"publish","type":"product","link":"https:\/\/polifusion.com\/peru\/producto\/tuberia-pp-rct-beta-nucleado-s-3-2-pn-16-linea-roja-copia-copia\/","title":{"rendered":"TUBER\u00cdAS PP-RCT BETA PN-16, L\u00cdNEA ROJA"},"content":{"rendered":"<p>PRESENTACI\u00d3N 5 METROS<\/p>\n<table class=\"table table-striped tabla_polifusion\">\n<tbody>\n<tr>\n<td width=\"383\">D\u00cdAMETRO<\/td>\n<td width=\"192\">C\u00d3DIGO<\/td>\n<td width=\"87\">METROS<\/td>\n<\/tr>\n<tr>\n<td>TB 32X5 mt POLIF. BETA PN-16 &#8211; PPR CT &#8211; L. ROJA<\/td>\n<td>20000095000032<\/td>\n<td>5<\/td>\n<\/tr>\n<tr>\n<td>TB 90X5 mt POLIF. BETA PN-16 &#8211; PPR CT &#8211; L. ROJA<\/td>\n<td>20000095000090<\/td>\n<td>5<\/td>\n<\/tr>\n<\/tbody>\n<\/table>\n<p>&nbsp;<\/p>\n<p>PRESENTACI\u00d3N 6 METROS<\/p>\n<table class=\"table table-striped tabla_polifusion\">\n<tbody>\n<tr>\n<td width=\"383\">D\u00cdAMETRO<\/td>\n<td width=\"192\">C\u00d3DIGO<\/td>\n<td width=\"87\">METROS<\/td>\n<\/tr>\n<tr>\n<td>TB 63&#215;6 mt POLIF. BETA PN-16 &#8211; PPR CT &#8211; L. ROJA<\/td>\n<td>20000090000063<\/td>\n<td>6<\/td>\n<\/tr>\n<tr>\n<td>TB 75&#215;6 mt POLIF. BETA PN-16 &#8211; PPR CT &#8211; L. ROJA<\/td>\n<td>20000090000075<\/td>\n<td>6<\/td>\n<\/tr>\n<\/tbody>\n<\/table>\n<p>&nbsp;<\/p>\n","protected":false},"excerpt":{"rendered":"<p>PRESENTACI\u00d3N 5 METROS D\u00cdAMETRO C\u00d3DIGO METROS TB 32X5 mt POLIF. BETA PN-16 &#8211; PPR CT &#8211; L. ROJA 20000095000032 5 TB 90X5 mt POLIF. BETA PN-16 &#8211; PPR CT &#8211; L. ROJA 20000095000090 5 &nbsp; PRESENTACI\u00d3N 6 METROS D\u00cdAMETRO C\u00d3DIGO METROS TB 63&#215;6 mt POLIF. BETA PN-16 &#8211; PPR CT &#8211; L. ROJA 20000090000063 6 [&hellip;]<\/p>\n","protected":false},"featured_media":4096,"comment_status":"open","ping_status":"closed","template":"","meta":{"_joinchat":[]},"product_brand":[],"product_cat":[133,102],"product_tag":[],"class_list":{"0":"post-246","1":"product","2":"type-product","3":"status-publish","4":"has-post-thumbnail","6":"product_cat-tuberia-pp-rct","7":"product_cat-tuberias","9":"first","10":"instock","11":"shipping-taxable","12":"product-type-simple"},"_links":{"self":[{"href":"https:\/\/polifusion.com\/peru\/wp-json\/wp\/v2\/product\/246","targetHints":{"allow":["GET"]}}],"collection":[{"href":"https:\/\/polifusion.com\/peru\/wp-json\/wp\/v2\/product"}],"about":[{"href":"https:\/\/polifusion.com\/peru\/wp-json\/wp\/v2\/types\/product"}],"replies":[{"embeddable":true,"href":"https:\/\/polifusion.com\/peru\/wp-json\/wp\/v2\/comments?post=246"}],"wp:featuredmedia":[{"embeddable":true,"href":"https:\/\/polifusion.com\/peru\/wp-json\/wp\/v2\/media\/4096"}],"wp:attachment":[{"href":"https:\/\/polifusion.com\/peru\/wp-json\/wp\/v2\/media?parent=246"}],"wp:term":[{"taxonomy":"product_brand","embeddable":true,"href":"https:\/\/polifusion.com\/peru\/wp-json\/wp\/v2\/product_brand?post=246"},{"taxonomy":"product_cat","embeddable":true,"href":"https:\/\/polifusion.com\/peru\/wp-json\/wp\/v2\/product_cat?post=246"},{"taxonomy":"product_tag","embeddable":true,"href":"https:\/\/polifusion.com\/peru\/wp-json\/wp\/v2\/product_tag?post=246"}],"curies":[{"name":"wp","href":"https:\/\/api.w.org\/{rel}","templated":true}]}}