{"id":2199,"date":"2025-04-03T17:41:09","date_gmt":"2025-04-03T15:41:09","guid":{"rendered":"https:\/\/polifusion.com\/peru\/?post_type=product&#038;p=2199"},"modified":"2025-05-16T14:11:19","modified_gmt":"2025-05-16T18:11:19","slug":"maquina-electrofusion-para-fittings-pp-rct-y-hdpe-con-lector-e-impresora-2","status":"publish","type":"product","link":"https:\/\/polifusion.com\/peru\/producto\/maquina-electrofusion-para-fittings-pp-rct-y-hdpe-con-lector-e-impresora-2\/","title":{"rendered":"M\u00c1QUINA ELECTROFUSI\u00d3N PARA FITTINGS PP-RCT Y HDPE CON LECTOR E IMPRESORA"},"content":{"rendered":"<table>\n<thead>\n<tr>\n<th>DIMENSI\u00d3N<\/th>\n<th>C\u00d3DIGO<\/th>\n<th>UNIDAD<\/th>\n<\/tr>\n<\/thead>\n<tbody>\n<tr>\n<td>M\u00c1QUINA ELECTROFUSI\u00d3N PP-RCT \/ HDPE<\/td>\n<td>6000003701-0003<\/td>\n<td>1<\/td>\n<\/tr>\n<tr>\n<td style=\"color: red; font-weight: bold;\">SOLO HASTA DI\u00c1METRO 315mm<\/td>\n<td><\/td>\n<td><\/td>\n<\/tr>\n<\/tbody>\n<\/table>\n","protected":false},"excerpt":{"rendered":"<p>DIMENSI\u00d3N C\u00d3DIGO UNIDAD M\u00c1QUINA ELECTROFUSI\u00d3N PP-RCT \/ HDPE 6000003701-0003 1 SOLO HASTA DI\u00c1METRO 315mm<\/p>\n","protected":false},"featured_media":2200,"comment_status":"open","ping_status":"closed","template":"","meta":{"_joinchat":[]},"product_brand":[],"product_cat":[99,98],"product_tag":[],"class_list":{"0":"post-2199","1":"product","2":"type-product","3":"status-publish","4":"has-post-thumbnail","6":"product_cat-fittings","7":"product_cat-pp-rct","9":"first","10":"instock","11":"shipping-taxable","12":"product-type-simple"},"_links":{"self":[{"href":"https:\/\/polifusion.com\/peru\/wp-json\/wp\/v2\/product\/2199","targetHints":{"allow":["GET"]}}],"collection":[{"href":"https:\/\/polifusion.com\/peru\/wp-json\/wp\/v2\/product"}],"about":[{"href":"https:\/\/polifusion.com\/peru\/wp-json\/wp\/v2\/types\/product"}],"replies":[{"embeddable":true,"href":"https:\/\/polifusion.com\/peru\/wp-json\/wp\/v2\/comments?post=2199"}],"wp:featuredmedia":[{"embeddable":true,"href":"https:\/\/polifusion.com\/peru\/wp-json\/wp\/v2\/media\/2200"}],"wp:attachment":[{"href":"https:\/\/polifusion.com\/peru\/wp-json\/wp\/v2\/media?parent=2199"}],"wp:term":[{"taxonomy":"product_brand","embeddable":true,"href":"https:\/\/polifusion.com\/peru\/wp-json\/wp\/v2\/product_brand?post=2199"},{"taxonomy":"product_cat","embeddable":true,"href":"https:\/\/polifusion.com\/peru\/wp-json\/wp\/v2\/product_cat?post=2199"},{"taxonomy":"product_tag","embeddable":true,"href":"https:\/\/polifusion.com\/peru\/wp-json\/wp\/v2\/product_tag?post=2199"}],"curies":[{"name":"wp","href":"https:\/\/api.w.org\/{rel}","templated":true}]}}