{"id":1133,"date":"2025-02-17T16:35:45","date_gmt":"2025-02-17T15:35:45","guid":{"rendered":"https:\/\/polifusion.com\/peru\/?page_id=1133"},"modified":"2025-04-16T20:39:21","modified_gmt":"2025-04-16T18:39:21","slug":"aislantes","status":"publish","type":"page","link":"https:\/\/polifusion.com\/peru\/aislantes\/","title":{"rendered":"Aislantes"},"content":{"rendered":"\t\t<div data-elementor-type=\"wp-page\" data-elementor-id=\"1133\" class=\"elementor elementor-1133\">\n\t\t\t\t<div class=\"elementor-element elementor-element-a272aba e-flex e-con-boxed e-con e-parent\" data-id=\"a272aba\" data-element_type=\"container\" data-settings=\"{&quot;background_background&quot;:&quot;classic&quot;}\">\n\t\t\t\t\t<div class=\"e-con-inner\">\n\t\t<div class=\"elementor-element elementor-element-61bd639 e-con-full e-flex e-con e-child\" data-id=\"61bd639\" data-element_type=\"container\">\n\t\t<div class=\"elementor-element elementor-element-273ebf0 e-con-full e-flex e-con e-child\" data-id=\"273ebf0\" data-element_type=\"container\" data-settings=\"{&quot;background_background&quot;:&quot;classic&quot;}\">\n\t\t\t\t<div class=\"elementor-element elementor-element-33fd853 elementor-widget elementor-widget-heading\" data-id=\"33fd853\" data-element_type=\"widget\" data-widget_type=\"heading.default\">\n\t\t\t\t<div class=\"elementor-widget-container\">\n\t\t\t\t\t<h1 class=\"elementor-heading-title elementor-size-default\">Aislantes<\/h1>\t\t\t\t<\/div>\n\t\t\t\t<\/div>\n\t\t\t\t<div class=\"elementor-element elementor-element-db8cb44 elementor-widget elementor-widget-text-editor\" data-id=\"db8cb44\" data-element_type=\"widget\" data-widget_type=\"text-editor.default\">\n\t\t\t\t<div class=\"elementor-widget-container\">\n\t\t\t\t\t\t\t\t\t<p class=\"p1\">Nuestros <strong>PRODUCTOS<\/strong> de aislaci\u00f3n est\u00e1n dise\u00f1ados para mejorar la eficiencia energ\u00e9tica y la protecci\u00f3n de las tuber\u00edas en distintas condiciones ambientales, que logran una compatibilidad perfecta para los sistemas de tuber\u00edas y fittings polipropileno.<\/p>\t\t\t\t\t\t\t\t<\/div>\n\t\t\t\t<\/div>\n\t\t\t\t<div class=\"elementor-element elementor-element-b837d3b elementor-widget elementor-widget-html\" data-id=\"b837d3b\" data-element_type=\"widget\" data-widget_type=\"html.default\">\n\t\t\t\t<div class=\"elementor-widget-container\">\n\t\t\t\t\t<div class=\"btnes_flex justify-content-start\"><a href=\"#\" data-bs-toggle=\"modal\" data-bs-target=\"#modalForm\" class=\"btn btnPoli\">Quiero Cotizar<\/a><\/div>\t\t\t\t<\/div>\n\t\t\t\t<\/div>\n\t\t\t\t<\/div>\n\t\t<div class=\"elementor-element elementor-element-6dc18a0 e-con-full e-flex e-con e-child\" data-id=\"6dc18a0\" data-element_type=\"container\">\n\t\t\t\t<\/div>\n\t\t\t\t<\/div>\n\t\t\t\t\t<\/div>\n\t\t\t\t<\/div>\n\t\t<div class=\"elementor-element elementor-element-f411485 e-flex e-con-boxed e-con e-parent\" data-id=\"f411485\" data-element_type=\"container\" data-settings=\"{&quot;background_background&quot;:&quot;classic&quot;}\">\n\t\t\t\t\t<div class=\"e-con-inner\">\n\t\t<div class=\"elementor-element elementor-element-8d9346f e-con-full e-flex e-con e-child\" data-id=\"8d9346f\" data-element_type=\"container\">\n\t\t\t\t<\/div>\n\t\t<div class=\"elementor-element elementor-element-a3a7453 e-con-full e-flex e-con e-child\" data-id=\"a3a7453\" data-element_type=\"container\">\n\t\t\t\t<\/div>\n\t\t\t\t\t<\/div>\n\t\t\t\t<\/div>\n\t\t<div class=\"elementor-element elementor-element-de9281c e-flex e-con-boxed e-con e-parent\" data-id=\"de9281c\" data-element_type=\"container\">\n\t\t\t\t\t<div class=\"e-con-inner\">\n\t\t<div class=\"elementor-element elementor-element-e34cf65 e-con-full e-flex e-con e-child\" data-id=\"e34cf65\" data-element_type=\"container\">\n\t\t<div class=\"elementor-element elementor-element-e644123 e-con-full e-flex e-con e-child\" data-id=\"e644123\" data-element_type=\"container\">\n\t\t\t\t<div class=\"elementor-element elementor-element-703b1ce tits_int_doble elementor-widget elementor-widget-heading\" data-id=\"703b1ce\" data-element_type=\"widget\" data-widget_type=\"heading.default\">\n\t\t\t\t<div class=\"elementor-widget-container\">\n\t\t\t\t\t<h2 class=\"elementor-heading-title elementor-size-default\"><span>Aislantes<\/span> Todos los productos<\/h2>\t\t\t\t<\/div>\n\t\t\t\t<\/div>\n\t\t\t\t<\/div>\n\t\t<div class=\"elementor-element elementor-element-03e1edf e-con-full e-flex e-con e-child\" data-id=\"03e1edf\" data-element_type=\"container\">\n\t\t\t\t<div class=\"elementor-element elementor-element-282ddfc prods_interior eael-product-list-column-mobile-1 eael-product-list-column-2 elementor-widget elementor-widget-eicon-woocommerce\" data-id=\"282ddfc\" data-element_type=\"widget\" data-widget_type=\"eicon-woocommerce.default\">\n\t\t\t\t<div class=\"elementor-widget-container\">\n\t\t\t\t\t\n        <div class=\"eael-product-grid  list\" id=\"eael-product-grid\" data-widget-id=\"282ddfc\" data-page-id=\"1133\" data-nonce=\"102505fd92\" >\n            <div class=\"woocommerce\">\n                <p class=\"no-posts-found\">\u00a1No se han encontrado entradas!<\/p>            <\/div>\n        <\/div>\n\n        <script type=\"text\/javascript\">\n            jQuery(document).ready(function($) {\n                var $scope = jQuery(\".elementor-element-282ddfc\");\n                var $products = $('.products', $scope);\n                var $layout_mode = $products.data('layout-mode');\n                \n                if ( $layout_mode === 'masonry' ) {\n                    \/\/ init isotope\n                    var $isotope_products = $products.isotope({\n                        itemSelector: \"li.product\",\n                        layoutMode: $layout_mode,\n                        percentPosition: true\n                    });\n\n                    $isotope_products.imagesLoaded().progress( function() {\n                        $isotope_products.isotope('layout');\n                    })\n                    \n                }\n            });\n        <\/script>\n        \t\t\t\t<\/div>\n\t\t\t\t<\/div>\n\t\t\t\t<\/div>\n\t\t\t\t<\/div>\n\t\t\t\t\t<\/div>\n\t\t\t\t<\/div>\n\t\t\t\t<\/div>\n\t\t","protected":false},"excerpt":{"rendered":"<p>Aislantes Nuestros PRODUCTOS de aislaci\u00f3n est\u00e1n dise\u00f1ados para mejorar la eficiencia energ\u00e9tica y la protecci\u00f3n de las tuber\u00edas en distintas condiciones ambientales, que logran una compatibilidad perfecta para los sistemas de tuber\u00edas y fittings polipropileno. Quiero Cotizar Aislantes Todos los productos AISLANTE T\u00c9RMICO DE ESPUMA ELASTOM\u00c9RICA CELDA CERRADA EN TUBOS Ver M\u00e1s AISLANTE T\u00c9RMICO DE [&hellip;]<\/p>\n","protected":false},"author":3,"featured_media":0,"parent":0,"menu_order":0,"comment_status":"closed","ping_status":"closed","template":"page-servicios.php","meta":{"_joinchat":[],"footnotes":""},"class_list":["post-1133","page","type-page","status-publish","hentry"],"rttpg_featured_image_url":null,"rttpg_author":{"display_name":"Editor Polifusi\u00f3n","author_link":"https:\/\/polifusion.com\/peru\/author\/polifusionedit\/"},"rttpg_comment":0,"rttpg_category":null,"rttpg_excerpt":"Aislantes Nuestros PRODUCTOS de aislaci\u00f3n est\u00e1n dise\u00f1ados para mejorar la eficiencia energ\u00e9tica y la protecci\u00f3n de las tuber\u00edas en distintas condiciones ambientales, que logran una compatibilidad perfecta para los sistemas de tuber\u00edas y fittings polipropileno. Quiero Cotizar Aislantes Todos los productos AISLANTE T\u00c9RMICO DE ESPUMA ELASTOM\u00c9RICA CELDA CERRADA EN TUBOS Ver M\u00e1s AISLANTE T\u00c9RMICO DE&hellip;","_links":{"self":[{"href":"https:\/\/polifusion.com\/peru\/wp-json\/wp\/v2\/pages\/1133","targetHints":{"allow":["GET"]}}],"collection":[{"href":"https:\/\/polifusion.com\/peru\/wp-json\/wp\/v2\/pages"}],"about":[{"href":"https:\/\/polifusion.com\/peru\/wp-json\/wp\/v2\/types\/page"}],"author":[{"embeddable":true,"href":"https:\/\/polifusion.com\/peru\/wp-json\/wp\/v2\/users\/3"}],"replies":[{"embeddable":true,"href":"https:\/\/polifusion.com\/peru\/wp-json\/wp\/v2\/comments?post=1133"}],"version-history":[{"count":107,"href":"https:\/\/polifusion.com\/peru\/wp-json\/wp\/v2\/pages\/1133\/revisions"}],"predecessor-version":[{"id":4084,"href":"https:\/\/polifusion.com\/peru\/wp-json\/wp\/v2\/pages\/1133\/revisions\/4084"}],"wp:attachment":[{"href":"https:\/\/polifusion.com\/peru\/wp-json\/wp\/v2\/media?parent=1133"}],"curies":[{"name":"wp","href":"https:\/\/api.w.org\/{rel}","templated":true}]}}