{"id":1110,"date":"2025-02-17T16:06:26","date_gmt":"2025-02-17T15:06:26","guid":{"rendered":"https:\/\/polifusion.com\/peru\/?page_id=1110"},"modified":"2025-04-16T15:28:20","modified_gmt":"2025-04-16T13:28:20","slug":"abrazaderas-soportes-fijacion","status":"publish","type":"page","link":"https:\/\/polifusion.com\/peru\/abrazaderas-soportes-fijacion\/","title":{"rendered":"Abrazaderas, Soportes y Fijaci\u00f3n"},"content":{"rendered":"\t\t<div data-elementor-type=\"wp-page\" data-elementor-id=\"1110\" class=\"elementor elementor-1110\">\n\t\t\t\t<div class=\"elementor-element elementor-element-a272aba e-flex e-con-boxed e-con e-parent\" data-id=\"a272aba\" data-element_type=\"container\" data-settings=\"{&quot;background_background&quot;:&quot;classic&quot;}\">\n\t\t\t\t\t<div class=\"e-con-inner\">\n\t\t<div class=\"elementor-element elementor-element-61bd639 e-con-full e-flex e-con e-child\" data-id=\"61bd639\" data-element_type=\"container\">\n\t\t<div class=\"elementor-element elementor-element-273ebf0 e-con-full e-flex e-con e-child\" data-id=\"273ebf0\" data-element_type=\"container\" data-settings=\"{&quot;background_background&quot;:&quot;classic&quot;}\">\n\t\t\t\t<div class=\"elementor-element elementor-element-33fd853 elementor-widget elementor-widget-heading\" data-id=\"33fd853\" data-element_type=\"widget\" data-widget_type=\"heading.default\">\n\t\t\t\t<div class=\"elementor-widget-container\">\n\t\t\t\t\t<h1 class=\"elementor-heading-title elementor-size-default\">Abrazaderas, soportes y fijaci\u00f3n<\/h1>\t\t\t\t<\/div>\n\t\t\t\t<\/div>\n\t\t\t\t<div class=\"elementor-element elementor-element-db8cb44 elementor-widget elementor-widget-text-editor\" data-id=\"db8cb44\" data-element_type=\"widget\" data-widget_type=\"text-editor.default\">\n\t\t\t\t<div class=\"elementor-widget-container\">\n\t\t\t\t\t\t\t\t\t<p><span style=\"font-weight: 400;\">Para asegurar una instalaci\u00f3n estable y segura, ofrecemos una variedad de elementos de sujeci\u00f3n.<\/span><\/p>\t\t\t\t\t\t\t\t<\/div>\n\t\t\t\t<\/div>\n\t\t\t\t<div class=\"elementor-element elementor-element-b837d3b elementor-widget elementor-widget-html\" data-id=\"b837d3b\" data-element_type=\"widget\" data-widget_type=\"html.default\">\n\t\t\t\t<div class=\"elementor-widget-container\">\n\t\t\t\t\t<div class=\"btnes_flex justify-content-start\"><a href=\"#\" data-bs-toggle=\"modal\" data-bs-target=\"#modalForm\" class=\"btn btnPoli\">Quiero Cotizar<\/a><\/div>\t\t\t\t<\/div>\n\t\t\t\t<\/div>\n\t\t\t\t<\/div>\n\t\t<div class=\"elementor-element elementor-element-6dc18a0 e-con-full e-flex e-con e-child\" data-id=\"6dc18a0\" data-element_type=\"container\">\n\t\t\t\t<\/div>\n\t\t\t\t<\/div>\n\t\t\t\t\t<\/div>\n\t\t\t\t<\/div>\n\t\t<div class=\"elementor-element elementor-element-f411485 e-flex e-con-boxed e-con e-parent\" data-id=\"f411485\" data-element_type=\"container\" data-settings=\"{&quot;background_background&quot;:&quot;classic&quot;}\">\n\t\t\t\t\t<div class=\"e-con-inner\">\n\t\t<div class=\"elementor-element elementor-element-8d9346f e-con-full e-flex e-con e-child\" data-id=\"8d9346f\" data-element_type=\"container\">\n\t\t\t\t<\/div>\n\t\t<div class=\"elementor-element elementor-element-a3a7453 e-con-full e-flex e-con e-child\" data-id=\"a3a7453\" data-element_type=\"container\">\n\t\t\t\t<\/div>\n\t\t\t\t\t<\/div>\n\t\t\t\t<\/div>\n\t\t<div class=\"elementor-element elementor-element-fdacc63 e-flex e-con-boxed e-con e-parent\" data-id=\"fdacc63\" data-element_type=\"container\">\n\t\t\t\t\t<div class=\"e-con-inner\">\n\t\t<div class=\"elementor-element elementor-element-9c4e1af e-con-full e-flex e-con e-child\" data-id=\"9c4e1af\" data-element_type=\"container\">\n\t\t\t\t<div class=\"elementor-element elementor-element-bf1099b tits_int_doble elementor-widget elementor-widget-heading\" data-id=\"bf1099b\" data-element_type=\"widget\" data-widget_type=\"heading.default\">\n\t\t\t\t<div class=\"elementor-widget-container\">\n\t\t\t\t\t<h2 class=\"elementor-heading-title elementor-size-default\"><span>Abrazaderas, soportes y fijaciones<\/span> Todos los productos<\/h2>\t\t\t\t<\/div>\n\t\t\t\t<\/div>\n\t\t\t\t<\/div>\n\t\t\t\t\t<\/div>\n\t\t\t\t<\/div>\n\t\t<div class=\"elementor-element elementor-element-c2acc66 e-flex e-con-boxed e-con e-parent\" data-id=\"c2acc66\" data-element_type=\"container\">\n\t\t\t\t\t<div class=\"e-con-inner\">\n\t\t\t\t<div class=\"elementor-element elementor-element-7cc195b eael-product-list-column-2 elementor-widget elementor-widget-eicon-woocommerce\" data-id=\"7cc195b\" data-element_type=\"widget\" data-widget_type=\"eicon-woocommerce.default\">\n\t\t\t\t<div class=\"elementor-widget-container\">\n\t\t\t\t\t\n        <div class=\"eael-product-grid  list\" id=\"eael-product-grid\" data-widget-id=\"7cc195b\" data-page-id=\"1110\" data-nonce=\"102505fd92\" >\n            <div class=\"woocommerce\">\n                <ul class=\"products\" data-layout-mode=\"list\"><li class=\"product  eael-product-list-preset-1\">\n    <div class=\"eael-product-wrap\">\n        <div class=\"product-image-wrap\">\n            <div class=\"image-wrap\">\n                <img fetchpriority=\"high\" decoding=\"async\" width=\"255\" height=\"300\" src=\"https:\/\/polifusion.com\/peru\/wp-content\/uploads\/2025\/01\/abrazadera-punto-fijo_web-255x300.png\" class=\"attachment-medium size-medium\" alt=\"KIT ABRAZADERA PUNTO FIJO\" loading=\"eager\" \/>            <\/div>\n        <\/div>\n        <div class=\"product-details-wrap\">\n            <div class=\"eael-product-title\">\n                                <a href=\"https:\/\/polifusion.com\/peru\/producto\/kit-abrazadera-punto-fijo\/\" class=\"woocommerce-LoopProduct-link woocommerce-loop-product__link\"><h2 class=\"woocommerce-loop-product__title\">KIT ABRAZADERA PUNTO FIJO<\/h2><\/a><\/div>\n            <ul class=\"icons-wrap details-block-style\">\n                                <li class=\"add-to-cart\"><a href=\"https:\/\/polifusion.com\/peru\/producto\/kit-abrazadera-punto-fijo\/\" aria-describedby=\"woocommerce_loop_add_to_cart_link_describedby_821\" data-quantity=\"1\" class=\"button product_type_simple\" data-product_id=\"821\" data-product_sku=\"\" aria-label=\"Lee m\u00e1s sobre &ldquo;KIT ABRAZADERA PUNTO FIJO&rdquo;\" rel=\"nofollow\" data-success_message=\"\">Leer m\u00e1s<\/a>\t<span id=\"woocommerce_loop_add_to_cart_link_describedby_821\" class=\"screen-reader-text\">\n\t\t\t<\/span>\n<\/li>\n\n                                                    <li class=\"eael-product-quick-view\">\n                        <a id=\"eael_quick_view_69e23ae013b88\" data-quickview-setting=\"{&quot;widget_id&quot;:&quot;7cc195b&quot;,&quot;product_id&quot;:821,&quot;page_id&quot;:1110}\"\n                            class=\"eael-product-grid-open-popup open-popup-link\">\n                            <i class=\"fas fa-eye\"><\/i>\n                        <\/a>\n                    <\/li>\n                            <\/ul>\n                    <\/div>\n    <\/div>\n<\/li><li class=\"product  eael-product-list-preset-1\">\n    <div class=\"eael-product-wrap\">\n        <div class=\"product-image-wrap\">\n            <div class=\"image-wrap\">\n                <img decoding=\"async\" width=\"255\" height=\"300\" src=\"https:\/\/polifusion.com\/peru\/wp-content\/uploads\/2025\/01\/abrazadera-metalica_web-255x300.png\" class=\"attachment-medium size-medium\" alt=\"ABRAZADERA MET\u00c1LICA CON GOMA, PUNTO FIJO 16mm A 63mm\" loading=\"eager\" \/>            <\/div>\n        <\/div>\n        <div class=\"product-details-wrap\">\n            <div class=\"eael-product-title\">\n                                <a href=\"https:\/\/polifusion.com\/peru\/producto\/abrazadera-metalica-con-goma-punto-fijo-16mm-a-63mm\/\" class=\"woocommerce-LoopProduct-link woocommerce-loop-product__link\"><h2 class=\"woocommerce-loop-product__title\">ABRAZADERA MET\u00c1LICA CON GOMA, PUNTO FIJO 16mm A 63mm<\/h2><\/a><\/div>\n            <ul class=\"icons-wrap details-block-style\">\n                                <li class=\"add-to-cart\"><a href=\"https:\/\/polifusion.com\/peru\/producto\/abrazadera-metalica-con-goma-punto-fijo-16mm-a-63mm\/\" aria-describedby=\"woocommerce_loop_add_to_cart_link_describedby_819\" data-quantity=\"1\" class=\"button product_type_simple\" data-product_id=\"819\" data-product_sku=\"\" aria-label=\"Lee m\u00e1s sobre &ldquo;ABRAZADERA MET\u00c1LICA CON GOMA, PUNTO FIJO 16mm A 63mm&rdquo;\" rel=\"nofollow\" data-success_message=\"\">Leer m\u00e1s<\/a>\t<span id=\"woocommerce_loop_add_to_cart_link_describedby_819\" class=\"screen-reader-text\">\n\t\t\t<\/span>\n<\/li>\n\n                                                    <li class=\"eael-product-quick-view\">\n                        <a id=\"eael_quick_view_69e23ae01643d\" data-quickview-setting=\"{&quot;widget_id&quot;:&quot;7cc195b&quot;,&quot;product_id&quot;:819,&quot;page_id&quot;:1110}\"\n                            class=\"eael-product-grid-open-popup open-popup-link\">\n                            <i class=\"fas fa-eye\"><\/i>\n                        <\/a>\n                    <\/li>\n                            <\/ul>\n                    <\/div>\n    <\/div>\n<\/li><li class=\"product  eael-product-list-preset-1\">\n    <div class=\"eael-product-wrap\">\n        <div class=\"product-image-wrap\">\n            <div class=\"image-wrap\">\n                <img decoding=\"async\" width=\"255\" height=\"300\" src=\"https:\/\/polifusion.com\/peru\/wp-content\/uploads\/2025\/01\/abrazadera-colgante_web-255x300.png\" class=\"attachment-medium size-medium\" alt=\"ABRAZADERAS COLGANTES M8\/M10\" loading=\"eager\" \/>            <\/div>\n        <\/div>\n        <div class=\"product-details-wrap\">\n            <div class=\"eael-product-title\">\n                                <a href=\"https:\/\/polifusion.com\/peru\/producto\/abrazaderas-colgantes-m8-m10\/\" class=\"woocommerce-LoopProduct-link woocommerce-loop-product__link\"><h2 class=\"woocommerce-loop-product__title\">ABRAZADERAS COLGANTES M8\/M10<\/h2><\/a><\/div>\n            <ul class=\"icons-wrap details-block-style\">\n                                <li class=\"add-to-cart\"><a href=\"https:\/\/polifusion.com\/peru\/producto\/abrazaderas-colgantes-m8-m10\/\" aria-describedby=\"woocommerce_loop_add_to_cart_link_describedby_824\" data-quantity=\"1\" class=\"button product_type_simple\" data-product_id=\"824\" data-product_sku=\"\" aria-label=\"Lee m\u00e1s sobre &ldquo;ABRAZADERAS COLGANTES M8\/M10&rdquo;\" rel=\"nofollow\" data-success_message=\"\">Leer m\u00e1s<\/a>\t<span id=\"woocommerce_loop_add_to_cart_link_describedby_824\" class=\"screen-reader-text\">\n\t\t\t<\/span>\n<\/li>\n\n                                                    <li class=\"eael-product-quick-view\">\n                        <a id=\"eael_quick_view_69e23ae018b95\" data-quickview-setting=\"{&quot;widget_id&quot;:&quot;7cc195b&quot;,&quot;product_id&quot;:824,&quot;page_id&quot;:1110}\"\n                            class=\"eael-product-grid-open-popup open-popup-link\">\n                            <i class=\"fas fa-eye\"><\/i>\n                        <\/a>\n                    <\/li>\n                            <\/ul>\n                    <\/div>\n    <\/div>\n<\/li><li class=\"product  eael-product-list-preset-1\">\n    <div class=\"eael-product-wrap\">\n        <div class=\"product-image-wrap\">\n            <div class=\"image-wrap\">\n                <img decoding=\"async\" width=\"255\" height=\"300\" src=\"https:\/\/polifusion.com\/peru\/wp-content\/uploads\/2025\/01\/abrazadera-insonore-pipe_web-255x300.png\" class=\"attachment-medium size-medium\" alt=\"ABRAZADERA (INSONORE PIPE SYSTEM) FIJA AQUASYSTEM IPS\" loading=\"eager\" \/>            <\/div>\n        <\/div>\n        <div class=\"product-details-wrap\">\n            <div class=\"eael-product-title\">\n                                <a href=\"https:\/\/polifusion.com\/peru\/producto\/abazadera-insonore-pipe-system-fija-aquasystem-ips\/\" class=\"woocommerce-LoopProduct-link woocommerce-loop-product__link\"><h2 class=\"woocommerce-loop-product__title\">ABRAZADERA (INSONORE PIPE SYSTEM) FIJA AQUASYSTEM IPS<\/h2><\/a><\/div>\n            <ul class=\"icons-wrap details-block-style\">\n                                <li class=\"add-to-cart\"><a href=\"https:\/\/polifusion.com\/peru\/producto\/abazadera-insonore-pipe-system-fija-aquasystem-ips\/\" aria-describedby=\"woocommerce_loop_add_to_cart_link_describedby_766\" data-quantity=\"1\" class=\"button product_type_simple\" data-product_id=\"766\" data-product_sku=\"\" aria-label=\"Lee m\u00e1s sobre &ldquo;ABRAZADERA (INSONORE PIPE SYSTEM) FIJA AQUASYSTEM IPS&rdquo;\" rel=\"nofollow\" data-success_message=\"\">Leer m\u00e1s<\/a>\t<span id=\"woocommerce_loop_add_to_cart_link_describedby_766\" class=\"screen-reader-text\">\n\t\t\t<\/span>\n<\/li>\n\n                                                    <li class=\"eael-product-quick-view\">\n                        <a id=\"eael_quick_view_69e23ae01b3cd\" data-quickview-setting=\"{&quot;widget_id&quot;:&quot;7cc195b&quot;,&quot;product_id&quot;:766,&quot;page_id&quot;:1110}\"\n                            class=\"eael-product-grid-open-popup open-popup-link\">\n                            <i class=\"fas fa-eye\"><\/i>\n                        <\/a>\n                    <\/li>\n                            <\/ul>\n                    <\/div>\n    <\/div>\n<\/li><li class=\"product  eael-product-list-preset-1\">\n    <div class=\"eael-product-wrap\">\n        <div class=\"product-image-wrap\">\n            <div class=\"image-wrap\">\n                <img decoding=\"async\" width=\"255\" height=\"300\" src=\"https:\/\/polifusion.com\/peru\/wp-content\/uploads\/2025\/01\/policlick_web-255x300.png\" class=\"attachment-medium size-medium\" alt=\"ABRAZADERA PL\u00c1STICA POLICLICK 16mm A 63mm\" loading=\"eager\" \/>            <\/div>\n        <\/div>\n        <div class=\"product-details-wrap\">\n            <div class=\"eael-product-title\">\n                                <a href=\"https:\/\/polifusion.com\/peru\/producto\/abrazadera-plastica-policlick-16mm-a-63mm\/\" class=\"woocommerce-LoopProduct-link woocommerce-loop-product__link\"><h2 class=\"woocommerce-loop-product__title\">ABRAZADERA PL\u00c1STICA POLICLICK 16mm A 63mm<\/h2><\/a><\/div>\n            <ul class=\"icons-wrap details-block-style\">\n                                <li class=\"add-to-cart\"><a href=\"https:\/\/polifusion.com\/peru\/producto\/abrazadera-plastica-policlick-16mm-a-63mm\/\" aria-describedby=\"woocommerce_loop_add_to_cart_link_describedby_522\" data-quantity=\"1\" class=\"button product_type_simple\" data-product_id=\"522\" data-product_sku=\"\" aria-label=\"Lee m\u00e1s sobre &ldquo;ABRAZADERA PL\u00c1STICA POLICLICK 16mm A 63mm&rdquo;\" rel=\"nofollow\" data-success_message=\"\">Leer m\u00e1s<\/a>\t<span id=\"woocommerce_loop_add_to_cart_link_describedby_522\" class=\"screen-reader-text\">\n\t\t\t<\/span>\n<\/li>\n\n                                                    <li class=\"eael-product-quick-view\">\n                        <a id=\"eael_quick_view_69e23ae01d5a6\" data-quickview-setting=\"{&quot;widget_id&quot;:&quot;7cc195b&quot;,&quot;product_id&quot;:522,&quot;page_id&quot;:1110}\"\n                            class=\"eael-product-grid-open-popup open-popup-link\">\n                            <i class=\"fas fa-eye\"><\/i>\n                        <\/a>\n                    <\/li>\n                            <\/ul>\n                    <\/div>\n    <\/div>\n<\/li><li class=\"product  eael-product-list-preset-1\">\n    <div class=\"eael-product-wrap\">\n        <div class=\"product-image-wrap\">\n            <div class=\"image-wrap\">\n                <img decoding=\"async\" width=\"255\" height=\"300\" src=\"https:\/\/polifusion.com\/peru\/wp-content\/uploads\/2025\/02\/esparrago_web-255x300.png\" class=\"attachment-medium size-medium\" alt=\"ESPARRAGO PERFIL RAPIDO STRUT\" loading=\"eager\" \/>            <\/div>\n        <\/div>\n        <div class=\"product-details-wrap\">\n            <div class=\"eael-product-title\">\n                                <a href=\"https:\/\/polifusion.com\/peru\/producto\/esparrago-perfil-rapido-strut\/\" class=\"woocommerce-LoopProduct-link woocommerce-loop-product__link\"><h2 class=\"woocommerce-loop-product__title\">ESPARRAGO PERFIL RAPIDO STRUT<\/h2><\/a><\/div>\n            <ul class=\"icons-wrap details-block-style\">\n                                <li class=\"add-to-cart\"><a href=\"https:\/\/polifusion.com\/peru\/producto\/esparrago-perfil-rapido-strut\/\" aria-describedby=\"woocommerce_loop_add_to_cart_link_describedby_835\" data-quantity=\"1\" class=\"button product_type_simple\" data-product_id=\"835\" data-product_sku=\"\" aria-label=\"Lee m\u00e1s sobre &ldquo;ESPARRAGO PERFIL RAPIDO STRUT&rdquo;\" rel=\"nofollow\" data-success_message=\"\">Leer m\u00e1s<\/a>\t<span id=\"woocommerce_loop_add_to_cart_link_describedby_835\" class=\"screen-reader-text\">\n\t\t\t<\/span>\n<\/li>\n\n                                                    <li class=\"eael-product-quick-view\">\n                        <a id=\"eael_quick_view_69e23ae01ff6f\" data-quickview-setting=\"{&quot;widget_id&quot;:&quot;7cc195b&quot;,&quot;product_id&quot;:835,&quot;page_id&quot;:1110}\"\n                            class=\"eael-product-grid-open-popup open-popup-link\">\n                            <i class=\"fas fa-eye\"><\/i>\n                        <\/a>\n                    <\/li>\n                            <\/ul>\n                    <\/div>\n    <\/div>\n<\/li><\/ul><nav id='7cc195b-eael-pagination' class='eael-woo-pagination' data-plimit='6' data-totalpage ='6' data-widgetid='7cc195b' data-pageid='1110' data-args='post_type=product&post_status%5B0%5D=publish&post_status%5B1%5D=pending&post_status%5B2%5D=future&posts_per_page=6&order=asc&offset=0&tax_query%5Brelation%5D=AND&tax_query%5B0%5D%5Btaxonomy%5D=product_visibility&tax_query%5B0%5D%5Bfield%5D=name&tax_query%5B0%5D%5Bterms%5D%5B0%5D=exclude-from-search&tax_query%5B0%5D%5Bterms%5D%5B1%5D=exclude-from-catalog&tax_query%5B0%5D%5Boperator%5D=NOT+IN&tax_query%5B1%5D%5Btaxonomy%5D=product_cat&tax_query%5B1%5D%5Bfield%5D=slug&tax_query%5B1%5D%5Bterms%5D%5B0%5D=soportes-y-fijaciones&tax_query%5B1%5D%5Boperator%5D=IN&orderby=date&meta_query%5Brelation%5D=AND&max_page=1&total_post=6'  data-template='{\"dir\":\"free\",\"file_name\":\"list-preset-1\",\"name\":\"eicon-woocommerce\"}'><ul class='page-numbers'><li><a href='javascript:void(0);' id='post' class='page-numbers current' data-pnumber='1'>1<\/a><\/li><\/ul><\/nav>            <\/div>\n        <\/div>\n\n        <script type=\"text\/javascript\">\n            jQuery(document).ready(function($) {\n                var $scope = jQuery(\".elementor-element-7cc195b\");\n                var $products = $('.products', $scope);\n                var $layout_mode = $products.data('layout-mode');\n                \n                if ( $layout_mode === 'masonry' ) {\n                    \/\/ init isotope\n                    var $isotope_products = $products.isotope({\n                        itemSelector: \"li.product\",\n                        layoutMode: $layout_mode,\n                        percentPosition: true\n                    });\n\n                    $isotope_products.imagesLoaded().progress( function() {\n                        $isotope_products.isotope('layout');\n                    })\n                    \n                }\n            });\n        <\/script>\n        \t\t\t\t<\/div>\n\t\t\t\t<\/div>\n\t\t\t\t\t<\/div>\n\t\t\t\t<\/div>\n\t\t\t\t<\/div>\n\t\t","protected":false},"excerpt":{"rendered":"<p>Abrazaderas, soportes y fijaci\u00f3n Para asegurar una instalaci\u00f3n estable y segura, ofrecemos una variedad de elementos de sujeci\u00f3n. Quiero Cotizar Abrazaderas, soportes y fijaciones Todos los productos ABRAZADERA UNIVERSAL PL\u00c1STICA 20mm A 25mm Leer m\u00e1s ABRAZADERA PL\u00c1STICA POLICLICK 16mm A 63mm Leer m\u00e1s CODO FUSI\u00d3N DOBLE SOCKET &#8211; HILO MET\u00c1LICO HI CON SOPORTE CLASE: 2,70\u00b0C, [&hellip;]<\/p>\n","protected":false},"author":3,"featured_media":0,"parent":0,"menu_order":0,"comment_status":"closed","ping_status":"closed","template":"page-servicios.php","meta":{"_joinchat":[],"footnotes":""},"class_list":["post-1110","page","type-page","status-publish","hentry"],"rttpg_featured_image_url":null,"rttpg_author":{"display_name":"Editor Polifusi\u00f3n","author_link":"https:\/\/polifusion.com\/peru\/author\/polifusionedit\/"},"rttpg_comment":0,"rttpg_category":null,"rttpg_excerpt":"Abrazaderas, soportes y fijaci\u00f3n Para asegurar una instalaci\u00f3n estable y segura, ofrecemos una variedad de elementos de sujeci\u00f3n. Quiero Cotizar Abrazaderas, soportes y fijaciones Todos los productos ABRAZADERA UNIVERSAL PL\u00c1STICA 20mm A 25mm Leer m\u00e1s ABRAZADERA PL\u00c1STICA POLICLICK 16mm A 63mm Leer m\u00e1s CODO FUSI\u00d3N DOBLE SOCKET &#8211; HILO MET\u00c1LICO HI CON SOPORTE CLASE: 2,70\u00b0C,&hellip;","_links":{"self":[{"href":"https:\/\/polifusion.com\/peru\/wp-json\/wp\/v2\/pages\/1110","targetHints":{"allow":["GET"]}}],"collection":[{"href":"https:\/\/polifusion.com\/peru\/wp-json\/wp\/v2\/pages"}],"about":[{"href":"https:\/\/polifusion.com\/peru\/wp-json\/wp\/v2\/types\/page"}],"author":[{"embeddable":true,"href":"https:\/\/polifusion.com\/peru\/wp-json\/wp\/v2\/users\/3"}],"replies":[{"embeddable":true,"href":"https:\/\/polifusion.com\/peru\/wp-json\/wp\/v2\/comments?post=1110"}],"version-history":[{"count":154,"href":"https:\/\/polifusion.com\/peru\/wp-json\/wp\/v2\/pages\/1110\/revisions"}],"predecessor-version":[{"id":3963,"href":"https:\/\/polifusion.com\/peru\/wp-json\/wp\/v2\/pages\/1110\/revisions\/3963"}],"wp:attachment":[{"href":"https:\/\/polifusion.com\/peru\/wp-json\/wp\/v2\/media?parent=1110"}],"curies":[{"name":"wp","href":"https:\/\/api.w.org\/{rel}","templated":true}]}}