{"id":944,"date":"2025-02-11T20:52:59","date_gmt":"2025-02-11T19:52:59","guid":{"rendered":"https:\/\/polifusion.com\/colombia\/?post_type=product&#038;p=944"},"modified":"2025-05-16T09:57:30","modified_gmt":"2025-05-16T13:57:30","slug":"bomba-de-comprobacion-estanque-7lts-presion-0-a-50-bar","status":"publish","type":"product","link":"https:\/\/polifusion.com\/colombia\/producto\/bomba-de-comprobacion-estanque-7lts-presion-0-a-50-bar\/","title":{"rendered":"BOMBA DE COMPROBACI\u00d3N, ESTANQUE 7Lts. PRESI\u00d3N 0 A 50 BAR"},"content":{"rendered":"<table class=\"table table-striped tabla_polifusion\">\n<caption><strong>BOMBA DE COMPROBACI\u00d3N, ESTANQUE 7Lts. PRESI\u00d3N 0 A 50 BAR<\/strong><\/caption>\n<thead>\n<tr>\n<th>DIMENSI\u00d3N<\/th>\n<th>C\u00d3DIGO<\/th>\n<th>UNIDAD<\/th>\n<th>PRECIO<\/th>\n<\/tr>\n<\/thead>\n<tbody>\n<tr>\n<td>BOMBA DE COMPROBACI\u00d3N<\/td>\n<td>7000001006-0050<\/td>\n<td>1<\/td>\n<td><strong>149.414<\/strong><\/td>\n<\/tr>\n<\/tbody>\n<\/table>\n","protected":false},"excerpt":{"rendered":"<p>BOMBA DE COMPROBACI\u00d3N, ESTANQUE 7Lts. PRESI\u00d3N 0 A 50 BAR DIMENSI\u00d3N C\u00d3DIGO UNIDAD PRECIO BOMBA DE COMPROBACI\u00d3N 7000001006-0050 1 149.414<\/p>\n","protected":false},"featured_media":3728,"comment_status":"open","ping_status":"closed","template":"","meta":{"_joinchat":[]},"product_brand":[],"product_cat":[95],"product_tag":[],"class_list":{"0":"post-944","1":"product","2":"type-product","3":"status-publish","4":"has-post-thumbnail","6":"product_cat-herramientas","8":"first","9":"instock","10":"shipping-taxable","11":"product-type-simple"},"_links":{"self":[{"href":"https:\/\/polifusion.com\/colombia\/wp-json\/wp\/v2\/product\/944","targetHints":{"allow":["GET"]}}],"collection":[{"href":"https:\/\/polifusion.com\/colombia\/wp-json\/wp\/v2\/product"}],"about":[{"href":"https:\/\/polifusion.com\/colombia\/wp-json\/wp\/v2\/types\/product"}],"replies":[{"embeddable":true,"href":"https:\/\/polifusion.com\/colombia\/wp-json\/wp\/v2\/comments?post=944"}],"wp:featuredmedia":[{"embeddable":true,"href":"https:\/\/polifusion.com\/colombia\/wp-json\/wp\/v2\/media\/3728"}],"wp:attachment":[{"href":"https:\/\/polifusion.com\/colombia\/wp-json\/wp\/v2\/media?parent=944"}],"wp:term":[{"taxonomy":"product_brand","embeddable":true,"href":"https:\/\/polifusion.com\/colombia\/wp-json\/wp\/v2\/product_brand?post=944"},{"taxonomy":"product_cat","embeddable":true,"href":"https:\/\/polifusion.com\/colombia\/wp-json\/wp\/v2\/product_cat?post=944"},{"taxonomy":"product_tag","embeddable":true,"href":"https:\/\/polifusion.com\/colombia\/wp-json\/wp\/v2\/product_tag?post=944"}],"curies":[{"name":"wp","href":"https:\/\/api.w.org\/{rel}","templated":true}]}}