{"id":921,"date":"2025-02-11T20:13:24","date_gmt":"2025-02-11T19:13:24","guid":{"rendered":"https:\/\/polifusion.com\/colombia\/?post_type=product&#038;p=921"},"modified":"2025-05-29T16:01:43","modified_gmt":"2025-05-29T20:01:43","slug":"dados-fusion-para-tuberias-16mm-a-160mm","status":"publish","type":"product","link":"https:\/\/polifusion.com\/colombia\/producto\/dados-fusion-para-tuberias-16mm-a-160mm\/","title":{"rendered":"DADOS FUSI\u00d3N PARA TUBER\u00cdAS 16mm a 160mm"},"content":{"rendered":"<table class=\"table table-striped tabla_polifusion\">\n<caption><strong>DADOS FUSI\u00d3N PARA TUBER\u00cdAS<\/strong><br \/>\n16mm a 160mm<\/caption>\n<thead>\n<tr>\n<th>DIMENSI\u00d3N<\/th>\n<th>UNIDAD<\/th>\n<th>UNIDAD<\/th>\n<th>PRECIOS<\/th>\n<\/tr>\n<\/thead>\n<tbody>\n<tr>\n<td>DADO FUSION 16mm<\/td>\n<td>7000001001-0016<\/td>\n<td>1<\/td>\n<td><strong>7.868<\/strong><\/td>\n<\/tr>\n<tr>\n<td>DADO FUSION 20mm<\/td>\n<td>7000001001-0020<\/td>\n<td>1<\/td>\n<td><strong>8.114<\/strong><\/td>\n<\/tr>\n<tr>\n<td>DADO FUSION 25mm<\/td>\n<td>7000001001-0025<\/td>\n<td>1<\/td>\n<td><strong>10.040<\/strong><\/td>\n<\/tr>\n<tr>\n<td>DADO FUSION 32mm<\/td>\n<td>7000001001-0032<\/td>\n<td>1<\/td>\n<td><strong>12.181<\/strong><\/td>\n<\/tr>\n<tr>\n<td>DADO FUSION 40mm<\/td>\n<td>7000001001-0040<\/td>\n<td>1<\/td>\n<td><strong>14.840<\/strong><\/td>\n<\/tr>\n<tr>\n<td>DADO FUSION 50mm<\/td>\n<td>7000001001-0050<\/td>\n<td>1<\/td>\n<td><strong>24.149<\/strong><\/td>\n<\/tr>\n<tr>\n<td>DADO FUSION 63mm<\/td>\n<td>7000001001-0063<\/td>\n<td>1<\/td>\n<td><strong>31.315<\/strong><\/td>\n<\/tr>\n<tr>\n<td>DADO FUSION 75mm<\/td>\n<td>7000001001-0075<\/td>\n<td>1<\/td>\n<td><strong>34.782<\/strong><\/td>\n<\/tr>\n<tr>\n<td>DADO FUSION 90mm<\/td>\n<td>7000001001-0090<\/td>\n<td>1<\/td>\n<td><strong>54.218<\/strong><\/td>\n<\/tr>\n<tr>\n<td>DADO FUSION 110mm<\/td>\n<td>7000001001-0110<\/td>\n<td>1<\/td>\n<td><strong>93.584<\/strong><\/td>\n<\/tr>\n<tr>\n<td>DADO FUSION 125mm<\/td>\n<td>7000001001-0125<\/td>\n<td>1<\/td>\n<td><strong>115.086<\/strong><\/td>\n<\/tr>\n<tr>\n<td>DADO FUSION 160mm<\/td>\n<td>7000001001-0160<\/td>\n<td>1<\/td>\n<td><strong>139.692<\/strong><\/td>\n<\/tr>\n<\/tbody>\n<\/table>\n","protected":false},"excerpt":{"rendered":"<p>DADOS FUSI\u00d3N PARA TUBER\u00cdAS 16mm a 160mm DIMENSI\u00d3N UNIDAD UNIDAD PRECIOS DADO FUSION 16mm 7000001001-0016 1 7.868 DADO FUSION 20mm 7000001001-0020 1 8.114 DADO FUSION 25mm 7000001001-0025 1 10.040 DADO FUSION 32mm 7000001001-0032 1 12.181 DADO FUSION 40mm 7000001001-0040 1 14.840 DADO FUSION 50mm 7000001001-0050 1 24.149 DADO FUSION 63mm 7000001001-0063 1 31.315 DADO FUSION [&hellip;]<\/p>\n","protected":false},"featured_media":3706,"comment_status":"open","ping_status":"closed","template":"","meta":{"_joinchat":[]},"product_brand":[],"product_cat":[124],"product_tag":[],"class_list":{"0":"post-921","1":"product","2":"type-product","3":"status-publish","4":"has-post-thumbnail","6":"product_cat-fusiotherm-y-dados","8":"first","9":"instock","10":"shipping-taxable","11":"product-type-simple"},"_links":{"self":[{"href":"https:\/\/polifusion.com\/colombia\/wp-json\/wp\/v2\/product\/921","targetHints":{"allow":["GET"]}}],"collection":[{"href":"https:\/\/polifusion.com\/colombia\/wp-json\/wp\/v2\/product"}],"about":[{"href":"https:\/\/polifusion.com\/colombia\/wp-json\/wp\/v2\/types\/product"}],"replies":[{"embeddable":true,"href":"https:\/\/polifusion.com\/colombia\/wp-json\/wp\/v2\/comments?post=921"}],"wp:featuredmedia":[{"embeddable":true,"href":"https:\/\/polifusion.com\/colombia\/wp-json\/wp\/v2\/media\/3706"}],"wp:attachment":[{"href":"https:\/\/polifusion.com\/colombia\/wp-json\/wp\/v2\/media?parent=921"}],"wp:term":[{"taxonomy":"product_brand","embeddable":true,"href":"https:\/\/polifusion.com\/colombia\/wp-json\/wp\/v2\/product_brand?post=921"},{"taxonomy":"product_cat","embeddable":true,"href":"https:\/\/polifusion.com\/colombia\/wp-json\/wp\/v2\/product_cat?post=921"},{"taxonomy":"product_tag","embeddable":true,"href":"https:\/\/polifusion.com\/colombia\/wp-json\/wp\/v2\/product_tag?post=921"}],"curies":[{"name":"wp","href":"https:\/\/api.w.org\/{rel}","templated":true}]}}