{"id":919,"date":"2025-02-11T20:11:41","date_gmt":"2025-02-11T19:11:41","guid":{"rendered":"https:\/\/polifusion.com\/colombia\/?post_type=product&#038;p=919"},"modified":"2025-06-02T15:01:24","modified_gmt":"2025-06-02T19:01:24","slug":"maquina-fusionadora-fusiotherm-1800-watts-de-banco-con-dados-63mm-a-160mm","status":"publish","type":"product","link":"https:\/\/polifusion.com\/colombia\/producto\/maquina-fusionadora-fusiotherm-1800-watts-de-banco-con-dados-63mm-a-160mm\/","title":{"rendered":"M\u00c1QUINA FUSIONADORA \u201cFUSIOTHERM\u201d 1,800 WATTS DE BANCO CON DADOS 63mm A 160mm"},"content":{"rendered":"<table class=\"table table-striped tabla_polifusion\">\n<caption><strong>M\u00c1QUINA FUSIONADORA \u00abFUSIOTHERM\u00bb 1,800 WATTS<\/strong><br \/>\nDE BANCO CON DADOS 63mm A 160mm<\/caption>\n<thead>\n<tr>\n<th>DIMENSI\u00d3N<\/th>\n<th>C\u00d3DIGO<\/th>\n<th>U. x CAJA<\/th>\n<th>PRECIOS<\/th>\n<\/tr>\n<\/thead>\n<tbody>\n<tr>\n<td>M\u00c1QUINA FUSIOTHERM 1,800 WATTS DE BANCO<\/td>\n<td>70000070012600<\/td>\n<td>1<\/td>\n<td><strong>1.545.555<\/strong><\/td>\n<\/tr>\n<\/tbody>\n<\/table>\n","protected":false},"excerpt":{"rendered":"<p>M\u00c1QUINA FUSIONADORA \u00abFUSIOTHERM\u00bb 1,800 WATTS DE BANCO CON DADOS 63mm A 160mm DIMENSI\u00d3N C\u00d3DIGO U. x CAJA PRECIOS M\u00c1QUINA FUSIOTHERM 1,800 WATTS DE BANCO 70000070012600 1 1.545.555<\/p>\n","protected":false},"featured_media":3708,"comment_status":"open","ping_status":"closed","template":"","meta":{"_joinchat":[]},"product_brand":[],"product_cat":[124],"product_tag":[],"class_list":{"0":"post-919","1":"product","2":"type-product","3":"status-publish","4":"has-post-thumbnail","6":"product_cat-fusiotherm-y-dados","8":"first","9":"instock","10":"shipping-taxable","11":"product-type-simple"},"_links":{"self":[{"href":"https:\/\/polifusion.com\/colombia\/wp-json\/wp\/v2\/product\/919","targetHints":{"allow":["GET"]}}],"collection":[{"href":"https:\/\/polifusion.com\/colombia\/wp-json\/wp\/v2\/product"}],"about":[{"href":"https:\/\/polifusion.com\/colombia\/wp-json\/wp\/v2\/types\/product"}],"replies":[{"embeddable":true,"href":"https:\/\/polifusion.com\/colombia\/wp-json\/wp\/v2\/comments?post=919"}],"wp:featuredmedia":[{"embeddable":true,"href":"https:\/\/polifusion.com\/colombia\/wp-json\/wp\/v2\/media\/3708"}],"wp:attachment":[{"href":"https:\/\/polifusion.com\/colombia\/wp-json\/wp\/v2\/media?parent=919"}],"wp:term":[{"taxonomy":"product_brand","embeddable":true,"href":"https:\/\/polifusion.com\/colombia\/wp-json\/wp\/v2\/product_brand?post=919"},{"taxonomy":"product_cat","embeddable":true,"href":"https:\/\/polifusion.com\/colombia\/wp-json\/wp\/v2\/product_cat?post=919"},{"taxonomy":"product_tag","embeddable":true,"href":"https:\/\/polifusion.com\/colombia\/wp-json\/wp\/v2\/product_tag?post=919"}],"curies":[{"name":"wp","href":"https:\/\/api.w.org\/{rel}","templated":true}]}}