{"id":917,"date":"2025-02-11T20:10:00","date_gmt":"2025-02-11T19:10:00","guid":{"rendered":"https:\/\/polifusion.com\/colombia\/?post_type=product&#038;p=917"},"modified":"2025-06-02T14:50:19","modified_gmt":"2025-06-02T18:50:19","slug":"maquina-fusionadora-fusiotherm-1200-watts-y-1800-watts-con-caja-y-soporte-sin-dados","status":"publish","type":"product","link":"https:\/\/polifusion.com\/colombia\/producto\/maquina-fusionadora-fusiotherm-1200-watts-y-1800-watts-con-caja-y-soporte-sin-dados\/","title":{"rendered":"M\u00c1QUINA FUSIONADORA \u201cFUSIOTHERM\u201d 1,200 WATTS Y 1,800 WATTS CON CAJA Y SOPORTE, SIN DADOS"},"content":{"rendered":"<table class=\"table table-striped tabla_polifusion\">\n<caption><strong>M\u00c1QUINA FUSIONADORA \u00abFUSIOTHERM\u00bb<\/strong><br \/>\n1,200 WATTS Y 1,800 WATTS CON CAJA Y SOPORTE, SIN DADOS<\/caption>\n<thead>\n<tr>\n<th>DIMENSI\u00d3N<\/th>\n<th>C\u00d3DIGO<\/th>\n<th>U. x CAJA<\/th>\n<th>PRECIOS<\/th>\n<\/tr>\n<\/thead>\n<tbody>\n<tr>\n<td>M\u00c1QUINA FUSIOTHERM\u00a0 75mm-125mm\u00a0 1,200 WATTS FUYI<\/td>\n<td>70000070013200<\/td>\n<td>1<\/td>\n<td><strong>156.807<\/strong><\/td>\n<\/tr>\n<tr>\n<td>M\u00c1QUINA FUSIOTHERM 160MM 1,800 WATTS FUYI-sin dado<\/td>\n<td>70000070013600<\/td>\n<td>1<\/td>\n<td><strong>255.777<\/strong><\/td>\n<\/tr>\n<\/tbody>\n<\/table>\n","protected":false},"excerpt":{"rendered":"<p>M\u00c1QUINA FUSIONADORA \u00abFUSIOTHERM\u00bb 1,200 WATTS Y 1,800 WATTS CON CAJA Y SOPORTE, SIN DADOS DIMENSI\u00d3N C\u00d3DIGO U. x CAJA PRECIOS M\u00c1QUINA FUSIOTHERM\u00a0 75mm-125mm\u00a0 1,200 WATTS FUYI 70000070013200 1 156.807 M\u00c1QUINA FUSIOTHERM 160MM 1,800 WATTS FUYI-sin dado 70000070013600 1 255.777<\/p>\n","protected":false},"featured_media":4480,"comment_status":"open","ping_status":"closed","template":"","meta":{"_joinchat":[]},"product_brand":[],"product_cat":[124],"product_tag":[],"class_list":{"0":"post-917","1":"product","2":"type-product","3":"status-publish","4":"has-post-thumbnail","6":"product_cat-fusiotherm-y-dados","8":"first","9":"instock","10":"shipping-taxable","11":"product-type-simple"},"_links":{"self":[{"href":"https:\/\/polifusion.com\/colombia\/wp-json\/wp\/v2\/product\/917","targetHints":{"allow":["GET"]}}],"collection":[{"href":"https:\/\/polifusion.com\/colombia\/wp-json\/wp\/v2\/product"}],"about":[{"href":"https:\/\/polifusion.com\/colombia\/wp-json\/wp\/v2\/types\/product"}],"replies":[{"embeddable":true,"href":"https:\/\/polifusion.com\/colombia\/wp-json\/wp\/v2\/comments?post=917"}],"wp:featuredmedia":[{"embeddable":true,"href":"https:\/\/polifusion.com\/colombia\/wp-json\/wp\/v2\/media\/4480"}],"wp:attachment":[{"href":"https:\/\/polifusion.com\/colombia\/wp-json\/wp\/v2\/media?parent=917"}],"wp:term":[{"taxonomy":"product_brand","embeddable":true,"href":"https:\/\/polifusion.com\/colombia\/wp-json\/wp\/v2\/product_brand?post=917"},{"taxonomy":"product_cat","embeddable":true,"href":"https:\/\/polifusion.com\/colombia\/wp-json\/wp\/v2\/product_cat?post=917"},{"taxonomy":"product_tag","embeddable":true,"href":"https:\/\/polifusion.com\/colombia\/wp-json\/wp\/v2\/product_tag?post=917"}],"curies":[{"name":"wp","href":"https:\/\/api.w.org\/{rel}","templated":true}]}}