{"id":915,"date":"2025-02-11T20:08:09","date_gmt":"2025-02-11T19:08:09","guid":{"rendered":"https:\/\/polifusion.com\/colombia\/?post_type=product&#038;p=915"},"modified":"2025-05-30T16:24:56","modified_gmt":"2025-05-30T20:24:56","slug":"maquina-fusionadora-fusiotherm-600-y-800-watts-con-caja-y-soporte-sin-dados","status":"publish","type":"product","link":"https:\/\/polifusion.com\/colombia\/producto\/maquina-fusionadora-fusiotherm-600-y-800-watts-con-caja-y-soporte-sin-dados\/","title":{"rendered":"M\u00c1QUINA FUSIONADORA \u201cFUSIOTHERM\u201d 600 Y 800 WATTS CON CAJA Y SOPORTE, SIN DADOS"},"content":{"rendered":"<table class=\"table table-striped tabla_polifusion\">\n<caption><strong>M\u00c1QUINA FUSIONADORA \u00abFUSIOTHERM\u00bb 600 Y 800 WATTS<\/strong><br \/>\nCON CAJA Y SOPORTE, SIN DADOS<\/caption>\n<thead>\n<tr>\n<th>DIMENSI\u00d3N<\/th>\n<th>C\u00d3DIGO<\/th>\n<th>U. x CAJA<\/th>\n<th>PRECIOS<\/th>\n<\/tr>\n<\/thead>\n<tbody>\n<tr>\n<td>M\u00c1QUINA FUSIOTHERM 16mm-40mm 600 WATTS<\/td>\n<td>70000070010600<\/td>\n<td>1<\/td>\n<td><strong>95.728<\/strong><\/td>\n<\/tr>\n<tr>\n<td>M\u00c1QUINA FUSIOTHERM 16mm-63mm 800 WATTS<\/td>\n<td>70000070010800<\/td>\n<td>1<\/td>\n<td><strong>113.397<\/strong><\/td>\n<\/tr>\n<\/tbody>\n<\/table>\n","protected":false},"excerpt":{"rendered":"<p>M\u00c1QUINA FUSIONADORA \u00abFUSIOTHERM\u00bb 600 Y 800 WATTS CON CAJA Y SOPORTE, SIN DADOS DIMENSI\u00d3N C\u00d3DIGO U. x CAJA PRECIOS M\u00c1QUINA FUSIOTHERM 16mm-40mm 600 WATTS 70000070010600 1 95.728 M\u00c1QUINA FUSIOTHERM 16mm-63mm 800 WATTS 70000070010800 1 113.397<\/p>\n","protected":false},"featured_media":3702,"comment_status":"open","ping_status":"closed","template":"","meta":{"_joinchat":[]},"product_brand":[],"product_cat":[124],"product_tag":[],"class_list":{"0":"post-915","1":"product","2":"type-product","3":"status-publish","4":"has-post-thumbnail","6":"product_cat-fusiotherm-y-dados","8":"first","9":"instock","10":"shipping-taxable","11":"product-type-simple"},"_links":{"self":[{"href":"https:\/\/polifusion.com\/colombia\/wp-json\/wp\/v2\/product\/915","targetHints":{"allow":["GET"]}}],"collection":[{"href":"https:\/\/polifusion.com\/colombia\/wp-json\/wp\/v2\/product"}],"about":[{"href":"https:\/\/polifusion.com\/colombia\/wp-json\/wp\/v2\/types\/product"}],"replies":[{"embeddable":true,"href":"https:\/\/polifusion.com\/colombia\/wp-json\/wp\/v2\/comments?post=915"}],"wp:featuredmedia":[{"embeddable":true,"href":"https:\/\/polifusion.com\/colombia\/wp-json\/wp\/v2\/media\/3702"}],"wp:attachment":[{"href":"https:\/\/polifusion.com\/colombia\/wp-json\/wp\/v2\/media?parent=915"}],"wp:term":[{"taxonomy":"product_brand","embeddable":true,"href":"https:\/\/polifusion.com\/colombia\/wp-json\/wp\/v2\/product_brand?post=915"},{"taxonomy":"product_cat","embeddable":true,"href":"https:\/\/polifusion.com\/colombia\/wp-json\/wp\/v2\/product_cat?post=915"},{"taxonomy":"product_tag","embeddable":true,"href":"https:\/\/polifusion.com\/colombia\/wp-json\/wp\/v2\/product_tag?post=915"}],"curies":[{"name":"wp","href":"https:\/\/api.w.org\/{rel}","templated":true}]}}