{"id":885,"date":"2025-02-10T15:41:12","date_gmt":"2025-02-10T14:41:12","guid":{"rendered":"https:\/\/polifusion.com\/colombia\/?post_type=product&#038;p=885"},"modified":"2025-05-29T10:26:47","modified_gmt":"2025-05-29T14:26:47","slug":"orings-para-vastagos-metalicos-de-1-2-y-3-4-eje-vastago-vastagos-33mm-60mm-y-100mm","status":"publish","type":"product","link":"https:\/\/polifusion.com\/colombia\/producto\/orings-para-vastagos-metalicos-de-1-2-y-3-4-eje-vastago-vastagos-33mm-60mm-y-100mm\/","title":{"rendered":"REFUERZOS FUSI\u00d3N PARA TUBER\u00cdAS"},"content":{"rendered":"<table class=\"table table-striped tabla_polifusion\" style=\"border-collapse: collapse; width: 100%;\" border=\"1\">\n<caption><strong>REFUERZOS FUSI\u00d3N PARA TUBER\u00cdAS<\/strong><\/caption>\n<thead>\n<tr style=\"background-color: #7bafd4; color: white; text-align: center;\">\n<th>DIMENSI\u00d3N<\/th>\n<th>C\u00d3DIGO<\/th>\n<th>U. x BOLSA<\/th>\n<th>PRECIO<\/th>\n<\/tr>\n<\/thead>\n<tbody>\n<tr style=\"text-align: center;\">\n<td>16mm AZUL<\/td>\n<td>7000002000-0016<\/td>\n<td>300<\/td>\n<td><strong>4.708<\/strong><\/td>\n<\/tr>\n<tr style=\"text-align: center;\">\n<td>20mm AZUL<\/td>\n<td>7000002000-0020<\/td>\n<td>300<\/td>\n<td><strong>4.708<\/strong><\/td>\n<\/tr>\n<tr style=\"text-align: center;\">\n<td>25mm AZUL<\/td>\n<td>7000002000-0025<\/td>\n<td>250<\/td>\n<td><strong>4.905<\/strong><\/td>\n<\/tr>\n<tr style=\"text-align: center;\">\n<td>32mm AZUL<\/td>\n<td>7000002000-0032<\/td>\n<td>200<\/td>\n<td><strong>3.924<\/strong><\/td>\n<\/tr>\n<tr style=\"text-align: center;\">\n<td>16mm BLANCO<\/td>\n<td>7000002000-1116<\/td>\n<td>300<\/td>\n<td><strong>4.708<\/strong><\/td>\n<\/tr>\n<tr style=\"text-align: center;\">\n<td>20mm BLANCO<\/td>\n<td>7000002000-1120<\/td>\n<td>300<\/td>\n<td><strong>4.708<\/strong><\/td>\n<\/tr>\n<tr style=\"text-align: center;\">\n<td>25mm BLANCO<\/td>\n<td>7000002000-1125<\/td>\n<td>250<\/td>\n<td><strong>4.905<\/strong><\/td>\n<\/tr>\n<tr style=\"text-align: center;\">\n<td>16mm ROJO<\/td>\n<td>7000002000-0116<\/td>\n<td>300<\/td>\n<td><strong>4.708<\/strong><\/td>\n<\/tr>\n<tr style=\"text-align: center;\">\n<td>20mm ROJO<\/td>\n<td>7000002000-0120<\/td>\n<td>300<\/td>\n<td><strong>4.708<\/strong><\/td>\n<\/tr>\n<\/tbody>\n<\/table>\n","protected":false},"excerpt":{"rendered":"<p>REFUERZOS FUSI\u00d3N PARA TUBER\u00cdAS DIMENSI\u00d3N C\u00d3DIGO U. x BOLSA PRECIO 16mm AZUL 7000002000-0016 300 4.708 20mm AZUL 7000002000-0020 300 4.708 25mm AZUL 7000002000-0025 250 4.905 32mm AZUL 7000002000-0032 200 3.924 16mm BLANCO 7000002000-1116 300 4.708 20mm BLANCO 7000002000-1120 300 4.708 25mm BLANCO 7000002000-1125 250 4.905 16mm ROJO 7000002000-0116 300 4.708 20mm ROJO 7000002000-0120 300 4.708<\/p>\n","protected":false},"featured_media":4103,"comment_status":"open","ping_status":"closed","template":"","meta":{"_joinchat":[]},"product_brand":[],"product_cat":[132],"product_tag":[],"class_list":{"0":"post-885","1":"product","2":"type-product","3":"status-publish","4":"has-post-thumbnail","6":"product_cat-tuberias-pp-rc","8":"first","9":"instock","10":"shipping-taxable","11":"product-type-simple"},"_links":{"self":[{"href":"https:\/\/polifusion.com\/colombia\/wp-json\/wp\/v2\/product\/885","targetHints":{"allow":["GET"]}}],"collection":[{"href":"https:\/\/polifusion.com\/colombia\/wp-json\/wp\/v2\/product"}],"about":[{"href":"https:\/\/polifusion.com\/colombia\/wp-json\/wp\/v2\/types\/product"}],"replies":[{"embeddable":true,"href":"https:\/\/polifusion.com\/colombia\/wp-json\/wp\/v2\/comments?post=885"}],"wp:featuredmedia":[{"embeddable":true,"href":"https:\/\/polifusion.com\/colombia\/wp-json\/wp\/v2\/media\/4103"}],"wp:attachment":[{"href":"https:\/\/polifusion.com\/colombia\/wp-json\/wp\/v2\/media?parent=885"}],"wp:term":[{"taxonomy":"product_brand","embeddable":true,"href":"https:\/\/polifusion.com\/colombia\/wp-json\/wp\/v2\/product_brand?post=885"},{"taxonomy":"product_cat","embeddable":true,"href":"https:\/\/polifusion.com\/colombia\/wp-json\/wp\/v2\/product_cat?post=885"},{"taxonomy":"product_tag","embeddable":true,"href":"https:\/\/polifusion.com\/colombia\/wp-json\/wp\/v2\/product_tag?post=885"}],"curies":[{"name":"wp","href":"https:\/\/api.w.org\/{rel}","templated":true}]}}