{"id":839,"date":"2025-02-09T03:05:41","date_gmt":"2025-02-09T02:05:41","guid":{"rendered":"https:\/\/polifusion.com\/colombia\/?post_type=product&#038;p=839"},"modified":"2025-05-16T09:57:25","modified_gmt":"2025-05-16T13:57:25","slug":"aislante-termico-de-espuma-elastomerica-celda-cerrada-en-tubos","status":"publish","type":"product","link":"https:\/\/polifusion.com\/colombia\/producto\/aislante-termico-de-espuma-elastomerica-celda-cerrada-en-tubos\/","title":{"rendered":"AISLANTE T\u00c9RMICO DE ESPUMA ELASTOM\u00c9RICA CELDA CERRADA EN TUBOS"},"content":{"rendered":"<table class=\"table\">\n<thead>\n<tr>\n<th>Di\u00e1metro tuber\u00eda de PP en mm<\/th>\n<th>Espesor en mm<\/th>\n<th>D. Interior en mm<\/th>\n<th>D. Exterior en mm<\/th>\n<th>Largo Presentaci\u00f3n<\/th>\n<th>C\u00d3DIGOS<\/th>\n<th>PRECIO X 1 METRO<\/th>\n<\/tr>\n<\/thead>\n<tbody>\n<tr style=\"text-align: center;\">\n<td>16<\/td>\n<td>9<\/td>\n<td>18<\/td>\n<td>36<\/td>\n<td>2<\/td>\n<td>2500002000-0016<\/td>\n<td>1.076<\/td>\n<\/tr>\n<tr style=\"text-align: center; background-color: #f0f0f0;\">\n<td>20<\/td>\n<td>9<\/td>\n<td>20<\/td>\n<td>38<\/td>\n<td>2<\/td>\n<td>2500002000-0020<\/td>\n<td>1.248<\/td>\n<\/tr>\n<tr style=\"text-align: center;\">\n<td>25<\/td>\n<td>13<\/td>\n<td>28<\/td>\n<td>54<\/td>\n<td>2<\/td>\n<td>2500002000-0025<\/td>\n<td>2.258<\/td>\n<\/tr>\n<tr style=\"text-align: center; background-color: #f0f0f0;\">\n<td>32<\/td>\n<td>13<\/td>\n<td>35<\/td>\n<td>61<\/td>\n<td>2<\/td>\n<td>2500002000-0032<\/td>\n<td>2.781<\/td>\n<\/tr>\n<tr style=\"text-align: center;\">\n<td>40<\/td>\n<td>13<\/td>\n<td>42<\/td>\n<td>68<\/td>\n<td>2<\/td>\n<td>2500002000-0040<\/td>\n<td>3.306<\/td>\n<\/tr>\n<tr style=\"text-align: center; background-color: #f0f0f0;\">\n<td>50<\/td>\n<td>19<\/td>\n<td>54<\/td>\n<td>92<\/td>\n<td>2<\/td>\n<td>2500002000-0050<\/td>\n<td>7.769<\/td>\n<\/tr>\n<tr style=\"text-align: center;\">\n<td>63<\/td>\n<td>19<\/td>\n<td>64<\/td>\n<td>102<\/td>\n<td>2<\/td>\n<td>2500002000-0063<\/td>\n<td>10.184<\/td>\n<\/tr>\n<tr style=\"text-align: center; background-color: #f0f0f0;\">\n<td>63<\/td>\n<td>25<\/td>\n<td>64<\/td>\n<td>114<\/td>\n<td>2<\/td>\n<td>2500002000-0163<\/td>\n<td>14.460<\/td>\n<\/tr>\n<tr style=\"text-align: center;\">\n<td>75<\/td>\n<td>25<\/td>\n<td>76<\/td>\n<td>126<\/td>\n<td>2<\/td>\n<td>2500002000-0075<\/td>\n<td>16.872<\/td>\n<\/tr>\n<tr style=\"text-align: center; background-color: #f0f0f0;\">\n<td>90<\/td>\n<td>25<\/td>\n<td>89<\/td>\n<td>140<\/td>\n<td>2<\/td>\n<td>2500002000-0090<\/td>\n<td>19.060<\/td>\n<\/tr>\n<tr style=\"text-align: center;\">\n<td>110<\/td>\n<td>25<\/td>\n<td>114<\/td>\n<td>164<\/td>\n<td>2<\/td>\n<td>2500002000-0110<\/td>\n<td>26.121<\/td>\n<\/tr>\n<\/tbody>\n<\/table>\n","protected":false},"excerpt":{"rendered":"<p>Di\u00e1metro tuber\u00eda de PP en mm Espesor en mm D. Interior en mm D. Exterior en mm Largo Presentaci\u00f3n C\u00d3DIGOS PRECIO X 1 METRO 16 9 18 36 2 2500002000-0016 1.076 20 9 20 38 2 2500002000-0020 1.248 25 13 28 54 2 2500002000-0025 2.258 32 13 35 61 2 2500002000-0032 2.781 40 13 42 [&hellip;]<\/p>\n","protected":false},"featured_media":4357,"comment_status":"open","ping_status":"closed","template":"","meta":{"_joinchat":[]},"product_brand":[],"product_cat":[117],"product_tag":[],"class_list":{"0":"post-839","1":"product","2":"type-product","3":"status-publish","4":"has-post-thumbnail","6":"product_cat-aislacion","8":"first","9":"instock","10":"shipping-taxable","11":"product-type-simple"},"_links":{"self":[{"href":"https:\/\/polifusion.com\/colombia\/wp-json\/wp\/v2\/product\/839","targetHints":{"allow":["GET"]}}],"collection":[{"href":"https:\/\/polifusion.com\/colombia\/wp-json\/wp\/v2\/product"}],"about":[{"href":"https:\/\/polifusion.com\/colombia\/wp-json\/wp\/v2\/types\/product"}],"replies":[{"embeddable":true,"href":"https:\/\/polifusion.com\/colombia\/wp-json\/wp\/v2\/comments?post=839"}],"wp:featuredmedia":[{"embeddable":true,"href":"https:\/\/polifusion.com\/colombia\/wp-json\/wp\/v2\/media\/4357"}],"wp:attachment":[{"href":"https:\/\/polifusion.com\/colombia\/wp-json\/wp\/v2\/media?parent=839"}],"wp:term":[{"taxonomy":"product_brand","embeddable":true,"href":"https:\/\/polifusion.com\/colombia\/wp-json\/wp\/v2\/product_brand?post=839"},{"taxonomy":"product_cat","embeddable":true,"href":"https:\/\/polifusion.com\/colombia\/wp-json\/wp\/v2\/product_cat?post=839"},{"taxonomy":"product_tag","embeddable":true,"href":"https:\/\/polifusion.com\/colombia\/wp-json\/wp\/v2\/product_tag?post=839"}],"curies":[{"name":"wp","href":"https:\/\/api.w.org\/{rel}","templated":true}]}}