{"id":819,"date":"2025-01-02T23:10:37","date_gmt":"2025-01-02T22:10:37","guid":{"rendered":"https:\/\/polifusion.com\/colombia\/?post_type=product&#038;p=819"},"modified":"2025-05-16T09:57:23","modified_gmt":"2025-05-16T13:57:23","slug":"abrazadera-metalica-con-goma-punto-fijo-16mm-a-63mm","status":"publish","type":"product","link":"https:\/\/polifusion.com\/colombia\/producto\/abrazadera-metalica-con-goma-punto-fijo-16mm-a-63mm\/","title":{"rendered":"ABRAZADERA MET\u00c1LICA CON GOMA, PUNTO FIJO 16mm A 63mm"},"content":{"rendered":"<table class=\"table\">\n<thead>\n<tr>\n<th>DIMENSI\u00d3N<\/th>\n<th>C\u00d3DIGO<\/th>\n<th>U. x BOLSA<\/th>\n<th>PRECIO UNITARIO<\/th>\n<\/tr>\n<\/thead>\n<tbody>\n<tr style=\"text-align: center;\">\n<td>ABRAZADERA MET\u00c1LICA CON GOMA 16mm<\/td>\n<td>7000001000-2016<\/td>\n<td>1<\/td>\n<td>428<\/td>\n<\/tr>\n<tr style=\"text-align: center; background-color: #f2f2f2;\">\n<td>ABRAZADERA MET\u00c1LICA CON GOMA 20mm<\/td>\n<td>7000001000-2020<\/td>\n<td>1<\/td>\n<td>526<\/td>\n<\/tr>\n<tr style=\"text-align: center;\">\n<td>ABRAZADERA MET\u00c1LICA CON GOMA 25mm<\/td>\n<td>7000001000-2025<\/td>\n<td>1<\/td>\n<td>789<\/td>\n<\/tr>\n<tr style=\"text-align: center; background-color: #f2f2f2;\">\n<td>ABRAZADERA MET\u00c1LICA CON GOMA 32mm<\/td>\n<td>7000001000-2032<\/td>\n<td>1<\/td>\n<td>950<\/td>\n<\/tr>\n<tr style=\"text-align: center;\">\n<td>ABRAZADERA MET\u00c1LICA CON GOMA 40mm<\/td>\n<td>7000001000-2040<\/td>\n<td>1<\/td>\n<td>1.081<\/td>\n<\/tr>\n<tr style=\"text-align: center; background-color: #f2f2f2;\">\n<td>ABRAZADERA MET\u00c1LICA CON GOMA 50mm<\/td>\n<td>7000001000-2050<\/td>\n<td>1<\/td>\n<td>1.285<\/td>\n<\/tr>\n<tr style=\"text-align: center;\">\n<td>ABRAZADERA MET\u00c1LICA CON GOMA 63mm<\/td>\n<td>7000001000-2063<\/td>\n<td>1<\/td>\n<td>1.717<\/td>\n<\/tr>\n<\/tbody>\n<\/table>\n","protected":false},"excerpt":{"rendered":"<p>DIMENSI\u00d3N C\u00d3DIGO U. x BOLSA PRECIO UNITARIO ABRAZADERA MET\u00c1LICA CON GOMA 16mm 7000001000-2016 1 428 ABRAZADERA MET\u00c1LICA CON GOMA 20mm 7000001000-2020 1 526 ABRAZADERA MET\u00c1LICA CON GOMA 25mm 7000001000-2025 1 789 ABRAZADERA MET\u00c1LICA CON GOMA 32mm 7000001000-2032 1 950 ABRAZADERA MET\u00c1LICA CON GOMA 40mm 7000001000-2040 1 1.081 ABRAZADERA MET\u00c1LICA CON GOMA 50mm 7000001000-2050 1 1.285 [&hellip;]<\/p>\n","protected":false},"featured_media":4334,"comment_status":"open","ping_status":"closed","template":"","meta":{"_joinchat":[]},"product_brand":[],"product_cat":[110],"product_tag":[],"class_list":{"0":"post-819","1":"product","2":"type-product","3":"status-publish","4":"has-post-thumbnail","6":"product_cat-soportes-y-fijaciones","8":"first","9":"instock","10":"shipping-taxable","11":"product-type-simple"},"_links":{"self":[{"href":"https:\/\/polifusion.com\/colombia\/wp-json\/wp\/v2\/product\/819","targetHints":{"allow":["GET"]}}],"collection":[{"href":"https:\/\/polifusion.com\/colombia\/wp-json\/wp\/v2\/product"}],"about":[{"href":"https:\/\/polifusion.com\/colombia\/wp-json\/wp\/v2\/types\/product"}],"replies":[{"embeddable":true,"href":"https:\/\/polifusion.com\/colombia\/wp-json\/wp\/v2\/comments?post=819"}],"wp:featuredmedia":[{"embeddable":true,"href":"https:\/\/polifusion.com\/colombia\/wp-json\/wp\/v2\/media\/4334"}],"wp:attachment":[{"href":"https:\/\/polifusion.com\/colombia\/wp-json\/wp\/v2\/media?parent=819"}],"wp:term":[{"taxonomy":"product_brand","embeddable":true,"href":"https:\/\/polifusion.com\/colombia\/wp-json\/wp\/v2\/product_brand?post=819"},{"taxonomy":"product_cat","embeddable":true,"href":"https:\/\/polifusion.com\/colombia\/wp-json\/wp\/v2\/product_cat?post=819"},{"taxonomy":"product_tag","embeddable":true,"href":"https:\/\/polifusion.com\/colombia\/wp-json\/wp\/v2\/product_tag?post=819"}],"curies":[{"name":"wp","href":"https:\/\/api.w.org\/{rel}","templated":true}]}}