{"id":815,"date":"2025-02-08T22:50:42","date_gmt":"2025-02-08T21:50:42","guid":{"rendered":"https:\/\/polifusion.com\/colombia\/?post_type=product&#038;p=815"},"modified":"2025-05-29T12:39:18","modified_gmt":"2025-05-29T16:39:18","slug":"valvulas-de-admision-polifusion-hyp-air-balance-y-adaptador","status":"publish","type":"product","link":"https:\/\/polifusion.com\/colombia\/producto\/valvulas-de-admision-polifusion-hyp-air-balance-y-adaptador\/","title":{"rendered":"V\u00c1LVULAS DE ADMISI\u00d3N POLIFUSI\u00d3N HYP AIR BALANCE Y ADAPTADOR"},"content":{"rendered":"<p>&nbsp;<\/p>\n<table class=\"table\">\n<thead>\n<tr>\n<th>DIMENSI\u00d3N<\/th>\n<th>C\u00d3DIGO<\/th>\n<th>UNIDAD<\/th>\n<th>PRECIO UNITARIO<\/th>\n<\/tr>\n<\/thead>\n<tbody>\n<tr style=\"text-align: center;\">\n<td>V\u00c1LVULA 50mm<\/td>\n<td>9000008200-0050<\/td>\n<td>1<\/td>\n<td><\/td>\n<\/tr>\n<tr style=\"text-align: center; background-color: #f2f2f2;\">\n<td>V\u00c1LVULA 110mm<\/td>\n<td>9000008200-0110<\/td>\n<td>1<\/td>\n<td><\/td>\n<\/tr>\n<tr style=\"text-align: center;\">\n<td>ADAPTADOR DE GOMA NBR 32mm &#8211; 63mm<\/td>\n<td>9000008200-3263<\/td>\n<td>1<\/td>\n<td><\/td>\n<\/tr>\n<tr style=\"text-align: center;\">\n<td>Adaptador Valvula Admisi\u00f3n de Aire 50MM PVC<\/td>\n<td>90000082000030<\/td>\n<td>1<\/td>\n<td><\/td>\n<\/tr>\n<\/tbody>\n<\/table>\n","protected":false},"excerpt":{"rendered":"<p>&nbsp; DIMENSI\u00d3N C\u00d3DIGO UNIDAD PRECIO UNITARIO V\u00c1LVULA 50mm 9000008200-0050 1 V\u00c1LVULA 110mm 9000008200-0110 1 ADAPTADOR DE GOMA NBR 32mm &#8211; 63mm 9000008200-3263 1 Adaptador Valvula Admisi\u00f3n de Aire 50MM PVC 90000082000030 1<\/p>\n","protected":false},"featured_media":4416,"comment_status":"open","ping_status":"closed","template":"","meta":{"_joinchat":[]},"product_brand":[],"product_cat":[116],"product_tag":[],"class_list":{"0":"post-815","1":"product","2":"type-product","3":"status-publish","4":"has-post-thumbnail","6":"product_cat-pvc","8":"first","9":"instock","10":"shipping-taxable","11":"product-type-simple"},"_links":{"self":[{"href":"https:\/\/polifusion.com\/colombia\/wp-json\/wp\/v2\/product\/815","targetHints":{"allow":["GET"]}}],"collection":[{"href":"https:\/\/polifusion.com\/colombia\/wp-json\/wp\/v2\/product"}],"about":[{"href":"https:\/\/polifusion.com\/colombia\/wp-json\/wp\/v2\/types\/product"}],"replies":[{"embeddable":true,"href":"https:\/\/polifusion.com\/colombia\/wp-json\/wp\/v2\/comments?post=815"}],"wp:featuredmedia":[{"embeddable":true,"href":"https:\/\/polifusion.com\/colombia\/wp-json\/wp\/v2\/media\/4416"}],"wp:attachment":[{"href":"https:\/\/polifusion.com\/colombia\/wp-json\/wp\/v2\/media?parent=815"}],"wp:term":[{"taxonomy":"product_brand","embeddable":true,"href":"https:\/\/polifusion.com\/colombia\/wp-json\/wp\/v2\/product_brand?post=815"},{"taxonomy":"product_cat","embeddable":true,"href":"https:\/\/polifusion.com\/colombia\/wp-json\/wp\/v2\/product_cat?post=815"},{"taxonomy":"product_tag","embeddable":true,"href":"https:\/\/polifusion.com\/colombia\/wp-json\/wp\/v2\/product_tag?post=815"}],"curies":[{"name":"wp","href":"https:\/\/api.w.org\/{rel}","templated":true}]}}