{"id":769,"date":"2025-02-07T19:43:38","date_gmt":"2025-02-07T18:43:38","guid":{"rendered":"https:\/\/polifusion.com\/colombia\/?post_type=product&#038;p=769"},"modified":"2025-05-16T09:57:17","modified_gmt":"2025-05-16T13:57:17","slug":"herramienta-chaflan","status":"publish","type":"product","link":"https:\/\/polifusion.com\/colombia\/producto\/herramienta-chaflan\/","title":{"rendered":"HERRAMIENTA CHAFLAN"},"content":{"rendered":"<p>&nbsp;<\/p>\n<table class=\"table\">\n<thead>\n<tr>\n<th>DIMENSI\u00d3N<\/th>\n<th>C\u00d3DIGO<\/th>\n<th>UNIDAD<\/th>\n<th>PRECIO<\/th>\n<\/tr>\n<\/thead>\n<tbody>\n<tr style=\"text-align: center;\">\n<td>HERRAMIENTA CHAFL\u00c1N<\/td>\n<td>9100007000-0001<\/td>\n<td>1<\/td>\n<td><strong>71.240<\/strong><\/td>\n<\/tr>\n<\/tbody>\n<\/table>\n","protected":false},"excerpt":{"rendered":"<p>&nbsp; DIMENSI\u00d3N C\u00d3DIGO UNIDAD PRECIO HERRAMIENTA CHAFL\u00c1N 9100007000-0001 1 71.240<\/p>\n","protected":false},"featured_media":4411,"comment_status":"open","ping_status":"closed","template":"","meta":{"_joinchat":[]},"product_brand":[],"product_cat":[95,115],"product_tag":[],"class_list":{"0":"post-769","1":"product","2":"type-product","3":"status-publish","4":"has-post-thumbnail","6":"product_cat-herramientas","7":"product_cat-ips","9":"first","10":"instock","11":"shipping-taxable","12":"product-type-simple"},"_links":{"self":[{"href":"https:\/\/polifusion.com\/colombia\/wp-json\/wp\/v2\/product\/769","targetHints":{"allow":["GET"]}}],"collection":[{"href":"https:\/\/polifusion.com\/colombia\/wp-json\/wp\/v2\/product"}],"about":[{"href":"https:\/\/polifusion.com\/colombia\/wp-json\/wp\/v2\/types\/product"}],"replies":[{"embeddable":true,"href":"https:\/\/polifusion.com\/colombia\/wp-json\/wp\/v2\/comments?post=769"}],"wp:featuredmedia":[{"embeddable":true,"href":"https:\/\/polifusion.com\/colombia\/wp-json\/wp\/v2\/media\/4411"}],"wp:attachment":[{"href":"https:\/\/polifusion.com\/colombia\/wp-json\/wp\/v2\/media?parent=769"}],"wp:term":[{"taxonomy":"product_brand","embeddable":true,"href":"https:\/\/polifusion.com\/colombia\/wp-json\/wp\/v2\/product_brand?post=769"},{"taxonomy":"product_cat","embeddable":true,"href":"https:\/\/polifusion.com\/colombia\/wp-json\/wp\/v2\/product_cat?post=769"},{"taxonomy":"product_tag","embeddable":true,"href":"https:\/\/polifusion.com\/colombia\/wp-json\/wp\/v2\/product_tag?post=769"}],"curies":[{"name":"wp","href":"https:\/\/api.w.org\/{rel}","templated":true}]}}