{"id":566,"date":"2025-01-30T21:46:03","date_gmt":"2025-01-30T20:46:03","guid":{"rendered":"https:\/\/polifusion.com\/colombia\/?post_type=product&#038;p=566"},"modified":"2025-05-16T09:56:59","modified_gmt":"2025-05-16T13:56:59","slug":"filtros-tipo-b-pp-r-fusion-fusion-malla-acero-inox","status":"publish","type":"product","link":"https:\/\/polifusion.com\/colombia\/producto\/filtros-tipo-b-pp-r-fusion-fusion-malla-acero-inox\/","title":{"rendered":"FILTROS TIPO \u201cB\u201d PP-R FUSI\u00d3N \/ FUSI\u00d3N MALLA ACERO INOX"},"content":{"rendered":"<h2>Filtros Tipo \u201cB\u201d PP-R Fusi\u00f3n \/ Fusi\u00f3n Malla Acero Inox<\/h2>\n<table class=\"table\">\n<thead>\n<tr>\n<th>DIMENSI\u00d3N<\/th>\n<th>C\u00d3DIGO<\/th>\n<th>UNIDAD<\/th>\n<th>PRECIO UNITARIO<\/th>\n<\/tr>\n<\/thead>\n<tbody>\n<tr>\n<td>FILTRO TIPO B 25MM<\/td>\n<td>70000012000020<\/td>\n<td>1<\/td>\n<td>6.031<\/td>\n<\/tr>\n<tr>\n<td>FILTRO TIPO B 32MM<\/td>\n<td>70000012000011<\/td>\n<td>1<\/td>\n<td>7.400<\/td>\n<\/tr>\n<tr>\n<td>FILTRO TIPO B 40MM<\/td>\n<td>70000012000012<\/td>\n<td>1<\/td>\n<td>8.554<\/td>\n<\/tr>\n<\/tbody>\n<\/table>\n<p>&nbsp;<\/p>\n","protected":false},"excerpt":{"rendered":"<p>Filtros Tipo \u201cB\u201d PP-R Fusi\u00f3n \/ Fusi\u00f3n Malla Acero Inox DIMENSI\u00d3N C\u00d3DIGO UNIDAD PRECIO UNITARIO FILTRO TIPO B 25MM 70000012000020 1 6.031 FILTRO TIPO B 32MM 70000012000011 1 7.400 FILTRO TIPO B 40MM 70000012000012 1 8.554 &nbsp;<\/p>\n","protected":false},"featured_media":567,"comment_status":"open","ping_status":"closed","template":"","meta":{"_joinchat":[]},"product_brand":[],"product_cat":[111],"product_tag":[],"class_list":{"0":"post-566","1":"product","2":"type-product","3":"status-publish","4":"has-post-thumbnail","6":"product_cat-llaves-de-paso-ppr","8":"first","9":"instock","10":"shipping-taxable","11":"product-type-simple"},"_links":{"self":[{"href":"https:\/\/polifusion.com\/colombia\/wp-json\/wp\/v2\/product\/566","targetHints":{"allow":["GET"]}}],"collection":[{"href":"https:\/\/polifusion.com\/colombia\/wp-json\/wp\/v2\/product"}],"about":[{"href":"https:\/\/polifusion.com\/colombia\/wp-json\/wp\/v2\/types\/product"}],"replies":[{"embeddable":true,"href":"https:\/\/polifusion.com\/colombia\/wp-json\/wp\/v2\/comments?post=566"}],"wp:featuredmedia":[{"embeddable":true,"href":"https:\/\/polifusion.com\/colombia\/wp-json\/wp\/v2\/media\/567"}],"wp:attachment":[{"href":"https:\/\/polifusion.com\/colombia\/wp-json\/wp\/v2\/media?parent=566"}],"wp:term":[{"taxonomy":"product_brand","embeddable":true,"href":"https:\/\/polifusion.com\/colombia\/wp-json\/wp\/v2\/product_brand?post=566"},{"taxonomy":"product_cat","embeddable":true,"href":"https:\/\/polifusion.com\/colombia\/wp-json\/wp\/v2\/product_cat?post=566"},{"taxonomy":"product_tag","embeddable":true,"href":"https:\/\/polifusion.com\/colombia\/wp-json\/wp\/v2\/product_tag?post=566"}],"curies":[{"name":"wp","href":"https:\/\/api.w.org\/{rel}","templated":true}]}}