{"id":522,"date":"2025-01-30T17:37:06","date_gmt":"2025-01-30T16:37:06","guid":{"rendered":"https:\/\/polifusion.com\/colombia\/?post_type=product&#038;p=522"},"modified":"2025-05-16T09:56:53","modified_gmt":"2025-05-16T13:56:53","slug":"abrazadera-plastica-policlick-16mm-a-63mm","status":"publish","type":"product","link":"https:\/\/polifusion.com\/colombia\/producto\/abrazadera-plastica-policlick-16mm-a-63mm\/","title":{"rendered":"ABRAZADERA PL\u00c1STICA POLICLICK 16mm A 63mm"},"content":{"rendered":"<table class=\"table\">\n<caption class=\"table-title\">ABRAZADERA PL\u00c1STICA POLICLICK 16mm A 63mm<\/caption>\n<thead>\n<tr>\n<th>DIMENSI\u00d3N<\/th>\n<th>C\u00d3DIGO<\/th>\n<th>U. x BOLSA<\/th>\n<th>PRECIO UNITARIO<\/th>\n<\/tr>\n<\/thead>\n<tbody>\n<tr>\n<td>ABRAZADERA PL\u00c1STICA POLICLICK 16mm-20mm<\/td>\n<td>7000001000-1620<\/td>\n<td>80<\/td>\n<td>315<\/td>\n<\/tr>\n<tr>\n<td>ABRAZADERA PL\u00c1STICA POLICLICK 25mm<\/td>\n<td>7000001000-0125<\/td>\n<td>80<\/td>\n<td>372<\/td>\n<\/tr>\n<tr>\n<td>ABRAZADERA PL\u00c1STICA POLICLICK 32mm<\/td>\n<td>7000001000-0132<\/td>\n<td>60<\/td>\n<td>490<\/td>\n<\/tr>\n<tr>\n<td>ABRAZADERA PL\u00c1STICA POLICLICK 40mm<\/td>\n<td>7000001000-0140<\/td>\n<td>60<\/td>\n<td>680<\/td>\n<\/tr>\n<tr>\n<td>ABRAZADERA PL\u00c1STICA POLICLICK 50mm<\/td>\n<td>7000001000-0150<\/td>\n<td>40<\/td>\n<td>868<\/td>\n<\/tr>\n<tr>\n<td>ABRAZADERA PL\u00c1STICA POLICLICK 63mm<\/td>\n<td>7000001000-0163<\/td>\n<td>25<\/td>\n<td>1.288<\/td>\n<\/tr>\n<\/tbody>\n<\/table>\n<p>&nbsp;<\/p>\n","protected":false},"excerpt":{"rendered":"<p>ABRAZADERA PL\u00c1STICA POLICLICK 16mm A 63mm DIMENSI\u00d3N C\u00d3DIGO U. x BOLSA PRECIO UNITARIO ABRAZADERA PL\u00c1STICA POLICLICK 16mm-20mm 7000001000-1620 80 315 ABRAZADERA PL\u00c1STICA POLICLICK 25mm 7000001000-0125 80 372 ABRAZADERA PL\u00c1STICA POLICLICK 32mm 7000001000-0132 60 490 ABRAZADERA PL\u00c1STICA POLICLICK 40mm 7000001000-0140 60 680 ABRAZADERA PL\u00c1STICA POLICLICK 50mm 7000001000-0150 40 868 ABRAZADERA PL\u00c1STICA POLICLICK 63mm 7000001000-0163 25 1.288 [&hellip;]<\/p>\n","protected":false},"featured_media":4332,"comment_status":"open","ping_status":"closed","template":"","meta":{"_joinchat":[]},"product_brand":[],"product_cat":[110],"product_tag":[],"class_list":{"0":"post-522","1":"product","2":"type-product","3":"status-publish","4":"has-post-thumbnail","6":"product_cat-soportes-y-fijaciones","8":"first","9":"instock","10":"shipping-taxable","11":"product-type-simple"},"_links":{"self":[{"href":"https:\/\/polifusion.com\/colombia\/wp-json\/wp\/v2\/product\/522","targetHints":{"allow":["GET"]}}],"collection":[{"href":"https:\/\/polifusion.com\/colombia\/wp-json\/wp\/v2\/product"}],"about":[{"href":"https:\/\/polifusion.com\/colombia\/wp-json\/wp\/v2\/types\/product"}],"replies":[{"embeddable":true,"href":"https:\/\/polifusion.com\/colombia\/wp-json\/wp\/v2\/comments?post=522"}],"wp:featuredmedia":[{"embeddable":true,"href":"https:\/\/polifusion.com\/colombia\/wp-json\/wp\/v2\/media\/4332"}],"wp:attachment":[{"href":"https:\/\/polifusion.com\/colombia\/wp-json\/wp\/v2\/media?parent=522"}],"wp:term":[{"taxonomy":"product_brand","embeddable":true,"href":"https:\/\/polifusion.com\/colombia\/wp-json\/wp\/v2\/product_brand?post=522"},{"taxonomy":"product_cat","embeddable":true,"href":"https:\/\/polifusion.com\/colombia\/wp-json\/wp\/v2\/product_cat?post=522"},{"taxonomy":"product_tag","embeddable":true,"href":"https:\/\/polifusion.com\/colombia\/wp-json\/wp\/v2\/product_tag?post=522"}],"curies":[{"name":"wp","href":"https:\/\/api.w.org\/{rel}","templated":true}]}}