{"id":4708,"date":"2025-05-29T10:44:51","date_gmt":"2025-05-29T14:44:51","guid":{"rendered":"https:\/\/polifusion.com\/colombia\/?post_type=product&#038;p=4708"},"modified":"2025-05-29T10:53:32","modified_gmt":"2025-05-29T14:53:32","slug":"tuberias-pp-rct-serie-3-2-linea-naranja","status":"publish","type":"product","link":"https:\/\/polifusion.com\/colombia\/producto\/tuberias-pp-rct-serie-3-2-linea-naranja\/","title":{"rendered":"TUBER\u00cdAS PP-RCT,  Serie 3.2, L\u00cdNEA NARANJA"},"content":{"rendered":"<table width=\"741\">\n<tbody>\n<tr>\n<td colspan=\"5\" rowspan=\"3\" width=\"593\">TUBER\u00cdAS PP-RCT,\u00a0 Serie 3.2, L\u00cdNEA NARANJA<br \/>\nBETA NUCLEADO CRISTALINO TERMICO con FIBRA DE VIDRIO<\/td>\n<\/tr>\n<\/tbody>\n<\/table>\n<table width=\"462\">\n<tbody>\n<tr>\n<td width=\"197\">DI\u00c1METRO<\/td>\n<td width=\"140\">SAP<\/td>\n<td width=\"125\">METROS x UN<\/td>\n<\/tr>\n<tr>\n<td>16mm<\/td>\n<td><\/td>\n<td>5<\/td>\n<\/tr>\n<tr>\n<td>20mm<\/td>\n<td>20000099500020<\/td>\n<td>5<\/td>\n<\/tr>\n<tr>\n<td>25mm<\/td>\n<td>20000099500025<\/td>\n<td>5<\/td>\n<\/tr>\n<tr>\n<td>32mm<\/td>\n<td>20000099500032<\/td>\n<td>5<\/td>\n<\/tr>\n<tr>\n<td>40mm<\/td>\n<td>20000099500040<\/td>\n<td>5<\/td>\n<\/tr>\n<tr>\n<td>50mm<\/td>\n<td>20000099500050<\/td>\n<td>5<\/td>\n<\/tr>\n<tr>\n<td>63mm<\/td>\n<td>20000099500063<\/td>\n<td>5<\/td>\n<\/tr>\n<tr>\n<td>75mm<\/td>\n<td>20000099500075<\/td>\n<td>5<\/td>\n<\/tr>\n<tr>\n<td>90mm<\/td>\n<td>20000099500090<\/td>\n<td>5<\/td>\n<\/tr>\n<tr>\n<td>110mm<\/td>\n<td>20000099500110<\/td>\n<td>5<\/td>\n<\/tr>\n<tr>\n<td>125mm<\/td>\n<td>20000099500125<\/td>\n<td>5<\/td>\n<\/tr>\n<tr>\n<td>160mm<\/td>\n<td>20000099500160<\/td>\n<td>5<\/td>\n<\/tr>\n<tr>\n<td>200mm<\/td>\n<td>20000099500200<\/td>\n<td>5<\/td>\n<\/tr>\n<tr>\n<td>250mm<\/td>\n<td><\/td>\n<td>5<\/td>\n<\/tr>\n<tr>\n<td>315mm<\/td>\n<td><\/td>\n<td>5<\/td>\n<\/tr>\n<\/tbody>\n<\/table>\n","protected":false},"excerpt":{"rendered":"<p>BETA FIBRA\u00ae es fabricado con un manto de fibra de vidrio, inserto en la tuber\u00eda para limitar la dilataci\u00f3n lineal consecuencia del flujo del agua caliente en la tuber\u00eda Elimina el uso de juntas de expansi\u00f3n o maniobras<\/p>\n","protected":false},"featured_media":4709,"comment_status":"open","ping_status":"closed","template":"","meta":{"_joinchat":[]},"product_brand":[],"product_cat":[133],"product_tag":[],"class_list":{"0":"post-4708","1":"product","2":"type-product","3":"status-publish","4":"has-post-thumbnail","6":"product_cat-tuberias-beta-fibra","8":"first","9":"instock","10":"shipping-taxable","11":"product-type-simple"},"_links":{"self":[{"href":"https:\/\/polifusion.com\/colombia\/wp-json\/wp\/v2\/product\/4708","targetHints":{"allow":["GET"]}}],"collection":[{"href":"https:\/\/polifusion.com\/colombia\/wp-json\/wp\/v2\/product"}],"about":[{"href":"https:\/\/polifusion.com\/colombia\/wp-json\/wp\/v2\/types\/product"}],"replies":[{"embeddable":true,"href":"https:\/\/polifusion.com\/colombia\/wp-json\/wp\/v2\/comments?post=4708"}],"wp:featuredmedia":[{"embeddable":true,"href":"https:\/\/polifusion.com\/colombia\/wp-json\/wp\/v2\/media\/4709"}],"wp:attachment":[{"href":"https:\/\/polifusion.com\/colombia\/wp-json\/wp\/v2\/media?parent=4708"}],"wp:term":[{"taxonomy":"product_brand","embeddable":true,"href":"https:\/\/polifusion.com\/colombia\/wp-json\/wp\/v2\/product_brand?post=4708"},{"taxonomy":"product_cat","embeddable":true,"href":"https:\/\/polifusion.com\/colombia\/wp-json\/wp\/v2\/product_cat?post=4708"},{"taxonomy":"product_tag","embeddable":true,"href":"https:\/\/polifusion.com\/colombia\/wp-json\/wp\/v2\/product_tag?post=4708"}],"curies":[{"name":"wp","href":"https:\/\/api.w.org\/{rel}","templated":true}]}}