{"id":4672,"date":"2025-05-29T09:17:35","date_gmt":"2025-05-29T13:17:35","guid":{"rendered":"https:\/\/polifusion.com\/colombia\/?post_type=product&#038;p=4672"},"modified":"2025-06-02T16:53:16","modified_gmt":"2025-06-02T20:53:16","slug":"tuberias-pp-rct-fibra-vidrio-serie-5-pn-10-linea-naranja-preaisladas","status":"publish","type":"product","link":"https:\/\/polifusion.com\/colombia\/producto\/tuberias-pp-rct-fibra-vidrio-serie-5-pn-10-linea-naranja-preaisladas\/","title":{"rendered":"TUBER\u00cdAS PP-RCT, Fibra V\u00eddrio, Serie 5, PN-10, L\u00cdNEA NARANJA PREAISLADAS"},"content":{"rendered":"<table class=\"table table-striped tabla_polifusion\">\n<thead>\n<tr>\n<td width=\"348\">DI\u00c1METRO<\/td>\n<td width=\"125\">SAP<\/td>\n<td width=\"125\">UNIDAD<\/td>\n<\/tr>\n<\/thead>\n<tbody>\n<tr>\n<td>40mm \/ 110mm<\/td>\n<td>23000099100040<\/td>\n<td>5<\/td>\n<\/tr>\n<tr>\n<td>50mm \/ 110mm<\/td>\n<td>23000099100050<\/td>\n<td>5<\/td>\n<\/tr>\n<tr>\n<td>63mm \/ 125mm<\/td>\n<td>23000099100063<\/td>\n<td>5<\/td>\n<\/tr>\n<tr>\n<td>75mm \/ 160mm<\/td>\n<td>23000099100075<\/td>\n<td>5<\/td>\n<\/tr>\n<tr>\n<td>90mm \/ 160mm<\/td>\n<td>23000099100090<\/td>\n<td>5<\/td>\n<\/tr>\n<tr>\n<td>110mm \/ 200mm<\/td>\n<td>23000099100110<\/td>\n<td>5<\/td>\n<\/tr>\n<tr>\n<td>125mm \/ 200mm<\/td>\n<td>23000099100125<\/td>\n<td>5<\/td>\n<\/tr>\n<tr>\n<td>160mm \/ 250mm<\/td>\n<td>23000099100160<\/td>\n<td>5<\/td>\n<\/tr>\n<tr>\n<td>200mm \/ 315mm<\/td>\n<td>23000099100200<\/td>\n<td>5<\/td>\n<\/tr>\n<\/tbody>\n<\/table>\n","protected":false},"excerpt":{"rendered":"<p>DI\u00c1METRO SAP UNIDAD 40mm \/ 110mm 23000099100040 5 50mm \/ 110mm 23000099100050 5 63mm \/ 125mm 23000099100063 5 75mm \/ 160mm 23000099100075 5 90mm \/ 160mm 23000099100090 5 110mm \/ 200mm 23000099100110 5 125mm \/ 200mm 23000099100125 5 160mm \/ 250mm 23000099100160 5 200mm \/ 315mm 23000099100200 5<\/p>\n","protected":false},"featured_media":4671,"comment_status":"open","ping_status":"closed","template":"","meta":{"_joinchat":[]},"product_brand":[],"product_cat":[130],"product_tag":[],"class_list":{"0":"post-4672","1":"product","2":"type-product","3":"status-publish","4":"has-post-thumbnail","6":"product_cat-tuberia-pp-rc-pre-aislado","8":"first","9":"instock","10":"shipping-taxable","11":"product-type-simple"},"_links":{"self":[{"href":"https:\/\/polifusion.com\/colombia\/wp-json\/wp\/v2\/product\/4672","targetHints":{"allow":["GET"]}}],"collection":[{"href":"https:\/\/polifusion.com\/colombia\/wp-json\/wp\/v2\/product"}],"about":[{"href":"https:\/\/polifusion.com\/colombia\/wp-json\/wp\/v2\/types\/product"}],"replies":[{"embeddable":true,"href":"https:\/\/polifusion.com\/colombia\/wp-json\/wp\/v2\/comments?post=4672"}],"wp:featuredmedia":[{"embeddable":true,"href":"https:\/\/polifusion.com\/colombia\/wp-json\/wp\/v2\/media\/4671"}],"wp:attachment":[{"href":"https:\/\/polifusion.com\/colombia\/wp-json\/wp\/v2\/media?parent=4672"}],"wp:term":[{"taxonomy":"product_brand","embeddable":true,"href":"https:\/\/polifusion.com\/colombia\/wp-json\/wp\/v2\/product_brand?post=4672"},{"taxonomy":"product_cat","embeddable":true,"href":"https:\/\/polifusion.com\/colombia\/wp-json\/wp\/v2\/product_cat?post=4672"},{"taxonomy":"product_tag","embeddable":true,"href":"https:\/\/polifusion.com\/colombia\/wp-json\/wp\/v2\/product_tag?post=4672"}],"curies":[{"name":"wp","href":"https:\/\/api.w.org\/{rel}","templated":true}]}}