{"id":330,"date":"2025-01-27T13:53:23","date_gmt":"2025-01-27T12:53:23","guid":{"rendered":"https:\/\/polifusion.com\/colombia\/?post_type=product&#038;p=330"},"modified":"2025-05-30T08:40:31","modified_gmt":"2025-05-30T12:40:31","slug":"coplas-electrofusion-hdpe-100-pn-16-sdr-11","status":"publish","type":"product","link":"https:\/\/polifusion.com\/colombia\/producto\/coplas-electrofusion-hdpe-100-pn-16-sdr-11\/","title":{"rendered":"COPLAS ELECTROFUSI\u00d3N UNIDELTA HDPE-100, PN-16, SDR 11"},"content":{"rendered":"<p>&nbsp;<\/p>\n<table class=\"table table-bordered\">\n<caption class=\"table-title\"><strong>COPLAS ELECTROFUSI\u00d3N HDPE-100, <span class=\"highlight\">PN-16, SDR 11<\/span><\/strong><\/caption>\n<thead class=\"table-header\">\n<tr>\n<th class=\"table-header-cell\">DIMENSI\u00d3N<\/th>\n<th class=\"table-header-cell\">C\u00d3DIGO<\/th>\n<th class=\"table-header-cell\">UNIDADES<\/th>\n<th class=\"table-header-cell\">PRECIO UNITARIO<\/th>\n<\/tr>\n<\/thead>\n<tbody class=\"table-body\">\n<tr>\n<td class=\"table-cell\">COPLA ELECTROFUSI\u00d3N 32mm<\/td>\n<td class=\"table-cell\">3900001003-0032<\/td>\n<td class=\"table-cell\">20<\/td>\n<td class=\"table-cell\"><strong>2.520<\/strong><\/td>\n<\/tr>\n<tr>\n<td class=\"table-cell\">COPLA ELECTROFUSI\u00d3N 40mm<\/td>\n<td class=\"table-cell\">3900001003-0040<\/td>\n<td class=\"table-cell\">20<\/td>\n<td class=\"table-cell\"><strong>3.399<\/strong><\/td>\n<\/tr>\n<tr>\n<td class=\"table-cell\">COPLA ELECTROFUSI\u00d3N 50mm<\/td>\n<td class=\"table-cell\">3900001003-0050<\/td>\n<td class=\"table-cell\">10<\/td>\n<td class=\"table-cell\"><strong>3.751<\/strong><\/td>\n<\/tr>\n<tr>\n<td class=\"table-cell\">COPLA ELECTROFUSI\u00d3N 63mm<\/td>\n<td class=\"table-cell\">3900001003-0063<\/td>\n<td class=\"table-cell\">10<\/td>\n<td class=\"table-cell\"><strong>5.082<\/strong><\/td>\n<\/tr>\n<tr>\n<td class=\"table-cell\">COPLA ELECTROFUSI\u00d3N 75mm<\/td>\n<td class=\"table-cell\">3900001003-0075<\/td>\n<td class=\"table-cell\">12<\/td>\n<td class=\"table-cell\"><strong>7.383<\/strong><\/td>\n<\/tr>\n<tr>\n<td class=\"table-cell\">COPLA ELECTROFUSI\u00d3N 90mm<\/td>\n<td class=\"table-cell\">3900001003-0090<\/td>\n<td class=\"table-cell\">10<\/td>\n<td class=\"table-cell\"><strong>9.782<\/strong><\/td>\n<\/tr>\n<tr>\n<td class=\"table-cell\">COPLA ELECTROFUSI\u00d3N 110mm<\/td>\n<td class=\"table-cell\">3900001003-0110<\/td>\n<td class=\"table-cell\">12<\/td>\n<td class=\"table-cell\"><strong>11.804<\/strong><\/td>\n<\/tr>\n<tr>\n<td class=\"table-cell\">COPLA ELECTROFUSI\u00d3N 125mm<\/td>\n<td class=\"table-cell\">3900001003-0125<\/td>\n<td class=\"table-cell\">10<\/td>\n<td class=\"table-cell\"><strong>19.560<\/strong><\/td>\n<\/tr>\n<tr>\n<td class=\"table-cell\">COPLA ELECTROFUSI\u00d3N 140mm<\/td>\n<td class=\"table-cell\">3900001003-0140<\/td>\n<td class=\"table-cell\">2<\/td>\n<td class=\"table-cell\"><strong>20.890<\/strong><\/td>\n<\/tr>\n<tr>\n<td class=\"table-cell\">COPLA ELECTROFUSI\u00d3N 160mm<\/td>\n<td class=\"table-cell\">3900001003-0160<\/td>\n<td class=\"table-cell\">1<\/td>\n<td class=\"table-cell\"><strong>23.432<\/strong><\/td>\n<\/tr>\n<\/tbody>\n<\/table>\n","protected":false},"excerpt":{"rendered":"<p>&nbsp; COPLAS ELECTROFUSI\u00d3N HDPE-100, PN-16, SDR 11 DIMENSI\u00d3N C\u00d3DIGO UNIDADES PRECIO UNITARIO COPLA ELECTROFUSI\u00d3N 32mm 3900001003-0032 20 2.520 COPLA ELECTROFUSI\u00d3N 40mm 3900001003-0040 20 3.399 COPLA ELECTROFUSI\u00d3N 50mm 3900001003-0050 10 3.751 COPLA ELECTROFUSI\u00d3N 63mm 3900001003-0063 10 5.082 COPLA ELECTROFUSI\u00d3N 75mm 3900001003-0075 12 7.383 COPLA ELECTROFUSI\u00d3N 90mm 3900001003-0090 10 9.782 COPLA ELECTROFUSI\u00d3N 110mm 3900001003-0110 12 11.804 COPLA [&hellip;]<\/p>\n","protected":false},"featured_media":331,"comment_status":"open","ping_status":"closed","template":"","meta":{"_joinchat":[]},"product_brand":[],"product_cat":[128],"product_tag":[],"class_list":{"0":"post-330","1":"product","2":"type-product","3":"status-publish","4":"has-post-thumbnail","6":"product_cat-fittings-hdpe-electrofusion","8":"first","9":"instock","10":"shipping-taxable","11":"product-type-simple"},"_links":{"self":[{"href":"https:\/\/polifusion.com\/colombia\/wp-json\/wp\/v2\/product\/330","targetHints":{"allow":["GET"]}}],"collection":[{"href":"https:\/\/polifusion.com\/colombia\/wp-json\/wp\/v2\/product"}],"about":[{"href":"https:\/\/polifusion.com\/colombia\/wp-json\/wp\/v2\/types\/product"}],"replies":[{"embeddable":true,"href":"https:\/\/polifusion.com\/colombia\/wp-json\/wp\/v2\/comments?post=330"}],"wp:featuredmedia":[{"embeddable":true,"href":"https:\/\/polifusion.com\/colombia\/wp-json\/wp\/v2\/media\/331"}],"wp:attachment":[{"href":"https:\/\/polifusion.com\/colombia\/wp-json\/wp\/v2\/media?parent=330"}],"wp:term":[{"taxonomy":"product_brand","embeddable":true,"href":"https:\/\/polifusion.com\/colombia\/wp-json\/wp\/v2\/product_brand?post=330"},{"taxonomy":"product_cat","embeddable":true,"href":"https:\/\/polifusion.com\/colombia\/wp-json\/wp\/v2\/product_cat?post=330"},{"taxonomy":"product_tag","embeddable":true,"href":"https:\/\/polifusion.com\/colombia\/wp-json\/wp\/v2\/product_tag?post=330"}],"curies":[{"name":"wp","href":"https:\/\/api.w.org\/{rel}","templated":true}]}}