{"id":4617,"date":"2025-05-28T16:16:05","date_gmt":"2025-05-28T20:16:05","guid":{"rendered":"https:\/\/polifusion.com\/colombia\/?page_id=4617"},"modified":"2025-05-29T08:35:07","modified_gmt":"2025-05-29T12:35:07","slug":"valvulas","status":"publish","type":"page","link":"https:\/\/polifusion.com\/colombia\/valvulas\/","title":{"rendered":"V\u00e1lvulas"},"content":{"rendered":"\t\t<div data-elementor-type=\"wp-page\" data-elementor-id=\"4617\" class=\"elementor elementor-4617\">\n\t\t\t\t<div class=\"elementor-element elementor-element-a272aba e-flex e-con-boxed e-con e-parent\" data-id=\"a272aba\" data-element_type=\"container\" data-e-type=\"container\" data-settings=\"{&quot;background_background&quot;:&quot;classic&quot;}\">\n\t\t\t\t\t<div class=\"e-con-inner\">\n\t\t<div class=\"elementor-element elementor-element-61bd639 e-con-full e-flex e-con e-child\" data-id=\"61bd639\" data-element_type=\"container\" data-e-type=\"container\">\n\t\t<div class=\"elementor-element elementor-element-273ebf0 e-con-full e-flex e-con e-child\" data-id=\"273ebf0\" data-element_type=\"container\" data-e-type=\"container\" data-settings=\"{&quot;background_background&quot;:&quot;classic&quot;}\">\n\t\t\t\t<div class=\"elementor-element elementor-element-33fd853 elementor-widget elementor-widget-heading\" data-id=\"33fd853\" data-element_type=\"widget\" data-e-type=\"widget\" data-widget_type=\"heading.default\">\n\t\t\t\t<div class=\"elementor-widget-container\">\n\t\t\t\t\t<h1 class=\"elementor-heading-title elementor-size-default\">V\u00c1LVULAS<\/h1>\t\t\t\t<\/div>\n\t\t\t\t<\/div>\n\t\t\t\t<div class=\"elementor-element elementor-element-b837d3b elementor-widget elementor-widget-html\" data-id=\"b837d3b\" data-element_type=\"widget\" data-e-type=\"widget\" data-widget_type=\"html.default\">\n\t\t\t\t<div class=\"elementor-widget-container\">\n\t\t\t\t\t<div class=\"btnes_flex justify-content-start\"><a href=\"#\" data-bs-toggle=\"modal\" data-bs-target=\"#modalForm\" class=\"btn btnPoli\">Quiero Cotizar<\/a><\/div>\t\t\t\t<\/div>\n\t\t\t\t<\/div>\n\t\t\t\t<\/div>\n\t\t<div class=\"elementor-element elementor-element-6dc18a0 e-con-full e-flex e-con e-child\" data-id=\"6dc18a0\" data-element_type=\"container\" data-e-type=\"container\">\n\t\t\t\t<\/div>\n\t\t\t\t<\/div>\n\t\t\t\t\t<\/div>\n\t\t\t\t<\/div>\n\t\t<div class=\"elementor-element elementor-element-f411485 e-flex e-con-boxed e-con e-parent\" data-id=\"f411485\" data-element_type=\"container\" data-e-type=\"container\" data-settings=\"{&quot;background_background&quot;:&quot;classic&quot;}\">\n\t\t\t\t\t<div class=\"e-con-inner\">\n\t\t<div class=\"elementor-element elementor-element-8d9346f e-con-full e-flex e-con e-child\" data-id=\"8d9346f\" data-element_type=\"container\" data-e-type=\"container\">\n\t\t\t\t<\/div>\n\t\t<div class=\"elementor-element elementor-element-a3a7453 e-con-full e-flex e-con e-child\" data-id=\"a3a7453\" data-element_type=\"container\" data-e-type=\"container\">\n\t\t\t\t<\/div>\n\t\t\t\t\t<\/div>\n\t\t\t\t<\/div>\n\t\t<div class=\"elementor-element elementor-element-7f9c989 e-flex e-con-boxed e-con e-parent\" data-id=\"7f9c989\" data-element_type=\"container\" data-e-type=\"container\">\n\t\t\t\t\t<div class=\"e-con-inner\">\n\t\t<div class=\"elementor-element elementor-element-2afa7d9 e-con-full e-flex e-con e-child\" data-id=\"2afa7d9\" data-element_type=\"container\" data-e-type=\"container\">\n\t\t\t\t<div class=\"elementor-element elementor-element-b6bcd5c tits_int_doble elementor-widget elementor-widget-heading\" data-id=\"b6bcd5c\" data-element_type=\"widget\" data-e-type=\"widget\" data-widget_type=\"heading.default\">\n\t\t\t\t<div class=\"elementor-widget-container\">\n\t\t\t\t\t<h2 class=\"elementor-heading-title elementor-size-default\"><span>V\u00e1lvulas<\/span> Todos los productos<\/h2>\t\t\t\t<\/div>\n\t\t\t\t<\/div>\n\t\t\t\t<\/div>\n\t\t<div class=\"elementor-element elementor-element-d862219 e-flex e-con-boxed e-con e-child\" data-id=\"d862219\" data-element_type=\"container\" data-e-type=\"container\">\n\t\t\t\t\t<div class=\"e-con-inner\">\n\t\t\t\t<div class=\"elementor-element elementor-element-0f6bd6e e-n-tabs-mobile elementor-widget elementor-widget-n-tabs\" data-id=\"0f6bd6e\" data-element_type=\"widget\" data-e-type=\"widget\" data-widget_type=\"nested-tabs.default\">\n\t\t\t\t<div class=\"elementor-widget-container\">\n\t\t\t\t\t\t\t<div class=\"e-n-tabs\" data-widget-number=\"16170350\" aria-label=\"Pesta\u00f1as. Abre elementos con Intro o Espacio, ci\u00e9rralos con Escape y navega con las fechas.\">\n\t\t\t<div class=\"e-n-tabs-heading\" role=\"tablist\">\n\t\t\t\t\t<button id=\"e-n-tab-title-161703501\" data-tab-title-id=\"e-n-tab-title-161703501\" class=\"e-n-tab-title\" aria-selected=\"true\" data-tab-index=\"1\" role=\"tab\" tabindex=\"0\" aria-controls=\"e-n-tab-content-161703501\" style=\"--n-tabs-title-order: 1;\">\n\t\t\t\t\t\t<span class=\"e-n-tab-title-text\">\n\t\t\t\tLLAVES DE PASO\t\t\t<\/span>\n\t\t<\/button>\n\t\t\t\t\t<\/div>\n\t\t\t<div class=\"e-n-tabs-content\">\n\t\t\t\t<div id=\"e-n-tab-content-161703501\" role=\"tabpanel\" aria-labelledby=\"e-n-tab-title-161703501\" data-tab-index=\"1\" style=\"--n-tabs-title-order: 1;\" class=\"e-active elementor-element elementor-element-d679c1a e-con-full e-flex e-con e-child\" data-id=\"d679c1a\" data-element_type=\"container\" data-e-type=\"container\">\n\t\t<div class=\"elementor-element elementor-element-cc03a22 e-con-full e-flex e-con e-child\" data-id=\"cc03a22\" data-element_type=\"container\" data-e-type=\"container\">\n\t\t\t\t<div class=\"elementor-element elementor-element-672bbc1 eael-product-list-column-2 elementor-widget elementor-widget-eicon-woocommerce\" data-id=\"672bbc1\" data-element_type=\"widget\" data-e-type=\"widget\" data-widget_type=\"eicon-woocommerce.default\">\n\t\t\t\t<div class=\"elementor-widget-container\">\n\t\t\t\t\t\n        <div class=\"eael-product-grid  list\" id=\"eael-product-grid\" data-widget-id=\"672bbc1\" data-page-id=\"4617\" data-nonce=\"fb0a28ce8b\" >\n            <div class=\"woocommerce\">\n                <ul class=\"products eael-post-appender eael-post-appender-672bbc1\" data-ssi-desktop=\"no\" data-ssi-tablet=\"no\" data-ssi-mobile=\"no\" data-layout-mode=\"list\"><li class=\"product  eael-product-list-preset-1\">\n    <div class=\"eael-product-wrap\">\n        <div class=\"product-image-wrap\">\n            <div class=\"image-wrap\">\n                <img decoding=\"async\" width=\"222\" height=\"168\" src=\"https:\/\/polifusion.com\/colombia\/wp-content\/uploads\/2025\/01\/Captura-de-pantalla-2025-01-30-a-las-5.36.44\u202fp.m.png\" class=\"attachment-medium size-medium\" alt=\"LLAVE DE BOLA METALICA, CUERPO PL\u00c1STICO PP-RCT, HEAVY DUTY\" loading=\"eager\" \/>            <\/div>\n        <\/div>\n        <div class=\"product-details-wrap\">\n            <div class=\"eael-product-title\">\n                                <a href=\"https:\/\/polifusion.com\/colombia\/producto\/llave-de-bola-de-plastico-pp-r-heavy-duty\/\" class=\"woocommerce-LoopProduct-link woocommerce-loop-product__link\"><h2 class=\"woocommerce-loop-product__title\">LLAVE DE BOLA METALICA, CUERPO PL\u00c1STICO PP-RCT, HEAVY DUTY<\/h2><\/a><\/div><div class=\"eael-product-price\"><\/div>\n            <ul class=\"icons-wrap details-block-style\">\n                                <li class=\"add-to-cart\"><a href=\"https:\/\/polifusion.com\/colombia\/producto\/llave-de-bola-de-plastico-pp-r-heavy-duty\/\" aria-describedby=\"woocommerce_loop_add_to_cart_link_describedby_562\" data-quantity=\"1\" class=\"button product_type_simple\" data-product_id=\"562\" data-product_sku=\"\" aria-label=\"Lee m\u00e1s sobre &ldquo;LLAVE DE BOLA METALICA, CUERPO PL\u00c1STICO PP-RCT, HEAVY DUTY&rdquo;\" rel=\"nofollow\" data-success_message=\"\">Ver m\u00e1s<\/a>\t<span id=\"woocommerce_loop_add_to_cart_link_describedby_562\" class=\"screen-reader-text\">\n\t\t\t<\/span>\n<\/li>\n\n                                                    <li class=\"eael-product-quick-view\">\n                        <a id=\"eael_quick_view_69d0ff089f25a\" data-quickview-setting=\"{&quot;widget_id&quot;:&quot;672bbc1&quot;,&quot;product_id&quot;:562,&quot;page_id&quot;:4617}\"\n                            class=\"eael-product-grid-open-popup open-popup-link\">\n                            <i class=\"fas fa-eye\"><\/i>\n                        <\/a>\n                    <\/li>\n                            <\/ul>\n                    <\/div>\n    <\/div>\n<\/li><li class=\"product  eael-product-list-preset-1\">\n    <div class=\"eael-product-wrap\">\n        <div class=\"product-image-wrap\">\n            <div class=\"image-wrap\">\n                <img decoding=\"async\" width=\"224\" height=\"192\" src=\"https:\/\/polifusion.com\/colombia\/wp-content\/uploads\/2025\/01\/Captura-de-pantalla-2025-01-30-a-las-5.44.34\u202fp.m.png\" class=\"attachment-medium size-medium\" alt=\"LLAVE DE BOLA METALICA, CUERPO PL\u00c1STICO PP-R, ECO\" loading=\"eager\" \/>            <\/div>\n        <\/div>\n        <div class=\"product-details-wrap\">\n            <div class=\"eael-product-title\">\n                                <a href=\"https:\/\/polifusion.com\/colombia\/producto\/llaves-de-bola-de-plastico-pp-r\/\" class=\"woocommerce-LoopProduct-link woocommerce-loop-product__link\"><h2 class=\"woocommerce-loop-product__title\">LLAVE DE BOLA METALICA, CUERPO PL\u00c1STICO PP-R, ECO<\/h2><\/a><\/div><div class=\"eael-product-price\"><\/div>\n            <ul class=\"icons-wrap details-block-style\">\n                                <li class=\"add-to-cart\"><a href=\"https:\/\/polifusion.com\/colombia\/producto\/llaves-de-bola-de-plastico-pp-r\/\" aria-describedby=\"woocommerce_loop_add_to_cart_link_describedby_564\" data-quantity=\"1\" class=\"button product_type_simple\" data-product_id=\"564\" data-product_sku=\"\" aria-label=\"Lee m\u00e1s sobre &ldquo;LLAVE DE BOLA METALICA, CUERPO PL\u00c1STICO PP-R, ECO&rdquo;\" rel=\"nofollow\" data-success_message=\"\">Ver m\u00e1s<\/a>\t<span id=\"woocommerce_loop_add_to_cart_link_describedby_564\" class=\"screen-reader-text\">\n\t\t\t<\/span>\n<\/li>\n\n                                                    <li class=\"eael-product-quick-view\">\n                        <a id=\"eael_quick_view_69d0ff08a05c2\" data-quickview-setting=\"{&quot;widget_id&quot;:&quot;672bbc1&quot;,&quot;product_id&quot;:564,&quot;page_id&quot;:4617}\"\n                            class=\"eael-product-grid-open-popup open-popup-link\">\n                            <i class=\"fas fa-eye\"><\/i>\n                        <\/a>\n                    <\/li>\n                            <\/ul>\n                    <\/div>\n    <\/div>\n<\/li><li class=\"product  eael-product-list-preset-1\">\n    <div class=\"eael-product-wrap\">\n        <div class=\"product-image-wrap\">\n            <div class=\"image-wrap\">\n                <img decoding=\"async\" width=\"186\" height=\"214\" src=\"https:\/\/polifusion.com\/colombia\/wp-content\/uploads\/2025\/01\/Captura-de-pantalla-2025-01-30-a-las-5.46.09\u202fp.m.png\" class=\"attachment-medium size-medium\" alt=\"FILTROS TIPO \u201cB\u201d PP-R FUSI\u00d3N \/ FUSI\u00d3N MALLA ACERO INOX\" loading=\"eager\" \/>            <\/div>\n        <\/div>\n        <div class=\"product-details-wrap\">\n            <div class=\"eael-product-title\">\n                                <a href=\"https:\/\/polifusion.com\/colombia\/producto\/filtros-tipo-b-pp-r-fusion-fusion-malla-acero-inox\/\" class=\"woocommerce-LoopProduct-link woocommerce-loop-product__link\"><h2 class=\"woocommerce-loop-product__title\">FILTROS TIPO \u201cB\u201d PP-R FUSI\u00d3N \/ FUSI\u00d3N MALLA ACERO INOX<\/h2><\/a><\/div><div class=\"eael-product-price\"><\/div>\n            <ul class=\"icons-wrap details-block-style\">\n                                <li class=\"add-to-cart\"><a href=\"https:\/\/polifusion.com\/colombia\/producto\/filtros-tipo-b-pp-r-fusion-fusion-malla-acero-inox\/\" aria-describedby=\"woocommerce_loop_add_to_cart_link_describedby_566\" data-quantity=\"1\" class=\"button product_type_simple\" data-product_id=\"566\" data-product_sku=\"\" aria-label=\"Lee m\u00e1s sobre &ldquo;FILTROS TIPO \u201cB\u201d PP-R FUSI\u00d3N \/ FUSI\u00d3N MALLA ACERO INOX&rdquo;\" rel=\"nofollow\" data-success_message=\"\">Ver m\u00e1s<\/a>\t<span id=\"woocommerce_loop_add_to_cart_link_describedby_566\" class=\"screen-reader-text\">\n\t\t\t<\/span>\n<\/li>\n\n                                                    <li class=\"eael-product-quick-view\">\n                        <a id=\"eael_quick_view_69d0ff08a1924\" data-quickview-setting=\"{&quot;widget_id&quot;:&quot;672bbc1&quot;,&quot;product_id&quot;:566,&quot;page_id&quot;:4617}\"\n                            class=\"eael-product-grid-open-popup open-popup-link\">\n                            <i class=\"fas fa-eye\"><\/i>\n                        <\/a>\n                    <\/li>\n                            <\/ul>\n                    <\/div>\n    <\/div>\n<\/li><li class=\"product  eael-product-list-preset-1\">\n    <div class=\"eael-product-wrap\">\n        <div class=\"product-image-wrap\">\n            <div class=\"image-wrap\">\n                <img fetchpriority=\"high\" decoding=\"async\" width=\"255\" height=\"300\" src=\"https:\/\/polifusion.com\/colombia\/wp-content\/uploads\/2025\/02\/LLAVE-DE-BOLA-UNIVERSAL-DRA_WEB-255x300.png\" class=\"attachment-medium size-medium\" alt=\"LLAVE DE BOLA UNIVERSAL DRA CLASE: 2,70\u00baC, 10 BAR; 20\u00baC 20 BAR\" loading=\"eager\" \/>            <\/div>\n        <\/div>\n        <div class=\"product-details-wrap\">\n            <div class=\"eael-product-title\">\n                                <a href=\"https:\/\/polifusion.com\/colombia\/producto\/llave-de-bola-universal-dra-clase-270oc-10-bar-20oc-20-bar\/\" class=\"woocommerce-LoopProduct-link woocommerce-loop-product__link\"><h2 class=\"woocommerce-loop-product__title\">LLAVE DE BOLA UNIVERSAL DRA CLASE: 2,70\u00baC, 10 BAR; 20\u00baC 20 BAR<\/h2><\/a><\/div><div class=\"eael-product-price\"><\/div>\n            <ul class=\"icons-wrap details-block-style\">\n                                <li class=\"add-to-cart\"><a href=\"https:\/\/polifusion.com\/colombia\/producto\/llave-de-bola-universal-dra-clase-270oc-10-bar-20oc-20-bar\/\" aria-describedby=\"woocommerce_loop_add_to_cart_link_describedby_670\" data-quantity=\"1\" class=\"button product_type_simple\" data-product_id=\"670\" data-product_sku=\"\" aria-label=\"Lee m\u00e1s sobre &ldquo;LLAVE DE BOLA UNIVERSAL DRA CLASE: 2,70\u00baC, 10 BAR; 20\u00baC 20 BAR&rdquo;\" rel=\"nofollow\" data-success_message=\"\">Ver m\u00e1s<\/a>\t<span id=\"woocommerce_loop_add_to_cart_link_describedby_670\" class=\"screen-reader-text\">\n\t\t\t<\/span>\n<\/li>\n\n                                                    <li class=\"eael-product-quick-view\">\n                        <a id=\"eael_quick_view_69d0ff08a2ee8\" data-quickview-setting=\"{&quot;widget_id&quot;:&quot;672bbc1&quot;,&quot;product_id&quot;:670,&quot;page_id&quot;:4617}\"\n                            class=\"eael-product-grid-open-popup open-popup-link\">\n                            <i class=\"fas fa-eye\"><\/i>\n                        <\/a>\n                    <\/li>\n                            <\/ul>\n                    <\/div>\n    <\/div>\n<\/li><li class=\"product  eael-product-list-preset-1\">\n    <div class=\"eael-product-wrap\">\n        <div class=\"product-image-wrap\">\n            <div class=\"image-wrap\">\n                <img decoding=\"async\" width=\"255\" height=\"300\" src=\"https:\/\/polifusion.com\/colombia\/wp-content\/uploads\/2025\/02\/ADAPTADOR-LLAVE-DE-BOLA_WEB-255x300.png\" class=\"attachment-medium size-medium\" alt=\"ADAPTADORES FUSI\u00d3N-FUSI\u00d3N PARA LLAVES DE BOLA UNIVERSAL PP-RCT\" loading=\"eager\" \/>            <\/div>\n        <\/div>\n        <div class=\"product-details-wrap\">\n            <div class=\"eael-product-title\">\n                                <a href=\"https:\/\/polifusion.com\/colombia\/producto\/adaptadores-fusion-fusion-para-llaves-de-bola-universal-pp-rct\/\" class=\"woocommerce-LoopProduct-link woocommerce-loop-product__link\"><h2 class=\"woocommerce-loop-product__title\">ADAPTADORES FUSI\u00d3N-FUSI\u00d3N PARA LLAVES DE BOLA UNIVERSAL PP-RCT<\/h2><\/a><\/div><div class=\"eael-product-price\"><\/div><div class=\"eael-product-excerpt\">\n                <p>CLASE: 2, 70\u00b0C 10 BAR; 20\u00b0C 20 BAR<\/p><\/div>\n            <ul class=\"icons-wrap details-block-style\">\n                                <li class=\"add-to-cart\"><a href=\"https:\/\/polifusion.com\/colombia\/producto\/adaptadores-fusion-fusion-para-llaves-de-bola-universal-pp-rct\/\" aria-describedby=\"woocommerce_loop_add_to_cart_link_describedby_674\" data-quantity=\"1\" class=\"button product_type_simple\" data-product_id=\"674\" data-product_sku=\"\" aria-label=\"Lee m\u00e1s sobre &ldquo;ADAPTADORES FUSI\u00d3N-FUSI\u00d3N PARA LLAVES DE BOLA UNIVERSAL PP-RCT&rdquo;\" rel=\"nofollow\" data-success_message=\"\">Ver m\u00e1s<\/a>\t<span id=\"woocommerce_loop_add_to_cart_link_describedby_674\" class=\"screen-reader-text\">\n\t\t\t<\/span>\n<\/li>\n\n                                                    <li class=\"eael-product-quick-view\">\n                        <a id=\"eael_quick_view_69d0ff08a45e2\" data-quickview-setting=\"{&quot;widget_id&quot;:&quot;672bbc1&quot;,&quot;product_id&quot;:674,&quot;page_id&quot;:4617}\"\n                            class=\"eael-product-grid-open-popup open-popup-link\">\n                            <i class=\"fas fa-eye\"><\/i>\n                        <\/a>\n                    <\/li>\n                            <\/ul>\n                    <\/div>\n    <\/div>\n<\/li><li class=\"product  eael-product-list-preset-1\">\n    <div class=\"eael-product-wrap\">\n        <div class=\"product-image-wrap\">\n            <div class=\"image-wrap\">\n                <img decoding=\"async\" width=\"255\" height=\"300\" src=\"https:\/\/polifusion.com\/colombia\/wp-content\/uploads\/2025\/02\/ADAPTADOR-HI_DRA_WEB-255x300.png\" class=\"attachment-medium size-medium\" alt=\"ADAPTADORES HI PARA LLAVE DE BOLA UNIVERSAL DRA\" loading=\"eager\" \/>            <\/div>\n        <\/div>\n        <div class=\"product-details-wrap\">\n            <div class=\"eael-product-title\">\n                                <a href=\"https:\/\/polifusion.com\/colombia\/producto\/adaptadores-hi-para-llave-de-bola-universal-dra\/\" class=\"woocommerce-LoopProduct-link woocommerce-loop-product__link\"><h2 class=\"woocommerce-loop-product__title\">ADAPTADORES HI PARA LLAVE DE BOLA UNIVERSAL DRA<\/h2><\/a><\/div><div class=\"eael-product-price\"><\/div>\n            <ul class=\"icons-wrap details-block-style\">\n                                <li class=\"add-to-cart\"><a href=\"https:\/\/polifusion.com\/colombia\/producto\/adaptadores-hi-para-llave-de-bola-universal-dra\/\" aria-describedby=\"woocommerce_loop_add_to_cart_link_describedby_676\" data-quantity=\"1\" class=\"button product_type_simple\" data-product_id=\"676\" data-product_sku=\"\" aria-label=\"Lee m\u00e1s sobre &ldquo;ADAPTADORES HI PARA LLAVE DE BOLA UNIVERSAL DRA&rdquo;\" rel=\"nofollow\" data-success_message=\"\">Ver m\u00e1s<\/a>\t<span id=\"woocommerce_loop_add_to_cart_link_describedby_676\" class=\"screen-reader-text\">\n\t\t\t<\/span>\n<\/li>\n\n                                                    <li class=\"eael-product-quick-view\">\n                        <a id=\"eael_quick_view_69d0ff08a5bc1\" data-quickview-setting=\"{&quot;widget_id&quot;:&quot;672bbc1&quot;,&quot;product_id&quot;:676,&quot;page_id&quot;:4617}\"\n                            class=\"eael-product-grid-open-popup open-popup-link\">\n                            <i class=\"fas fa-eye\"><\/i>\n                        <\/a>\n                    <\/li>\n                            <\/ul>\n                    <\/div>\n    <\/div>\n<\/li><\/ul><nav id='672bbc1-eael-pagination' class='eael-woo-pagination' data-plimit='6' data-totalpage ='14' data-widgetid='672bbc1' data-pageid='4617' data-args='post_type=product&post_status%5B0%5D=publish&post_status%5B1%5D=pending&post_status%5B2%5D=future&posts_per_page=6&order=asc&offset=0&tax_query%5Brelation%5D=AND&tax_query%5B0%5D%5Btaxonomy%5D=product_visibility&tax_query%5B0%5D%5Bfield%5D=name&tax_query%5B0%5D%5Bterms%5D%5B0%5D=exclude-from-search&tax_query%5B0%5D%5Bterms%5D%5B1%5D=exclude-from-catalog&tax_query%5B0%5D%5Boperator%5D=NOT+IN&tax_query%5B1%5D%5Btaxonomy%5D=product_cat&tax_query%5B1%5D%5Bfield%5D=slug&tax_query%5B1%5D%5Bterms%5D%5B0%5D=llaves-de-paso&tax_query%5B1%5D%5Bterms%5D%5B1%5D=llaves-de-paso-ppr&tax_query%5B1%5D%5Boperator%5D=IN&meta_query%5Brelation%5D=AND&orderby=date&max_page=3&total_post=14'  data-template='{\"dir\":\"free\",\"file_name\":\"list-preset-1\",\"name\":\"eicon-woocommerce\"}'><ul class='page-numbers'><li><a href='javascript:void(0);' id='post' class='page-numbers current' data-pnumber='1'>1<\/a><\/li><li><a href='javascript:void(0);' id='post' class='page-numbers ' data-pnumber='2'>2<\/a><\/li><li><a href='javascript:void(0);' id='post' class='page-numbers ' data-pnumber='3'>3<\/a><\/li><li class='pagitext'><a href='javascript:void(0);' class='page-numbers' data-pnumber='2'>\u2192<\/a><\/li><\/ul><\/nav>            <div class=\"eael-load-more-button-wrap eael-force-hide\">\n                <button class=\"eael-load-more-button\" id=\"eael-load-more-btn-672bbc1\" data-widget-id=\"672bbc1\" data-widget=\"672bbc1\" data-page-id=\"4617\" data-template=\"{&quot;dir&quot;:&quot;lite&quot;,&quot;file_name&quot;:&quot;list-preset-1.php&quot;,&quot;name&quot;:&quot;Eicon-Woocommerce&quot;}\" data-class=\"Essential_Addons_Elementor\\Elements\\Product_Grid\" data-layout=\"list\" data-page=\"1\" data-args=\"post_type=product&amp;post_status%5B0%5D=publish&amp;post_status%5B1%5D=pending&amp;post_status%5B2%5D=future&amp;posts_per_page=6&amp;order=asc&amp;offset=0&amp;tax_query%5Brelation%5D=AND&amp;tax_query%5B0%5D%5Btaxonomy%5D=product_visibility&amp;tax_query%5B0%5D%5Bfield%5D=name&amp;tax_query%5B0%5D%5Bterms%5D%5B0%5D=exclude-from-search&amp;tax_query%5B0%5D%5Bterms%5D%5B1%5D=exclude-from-catalog&amp;tax_query%5B0%5D%5Boperator%5D=NOT+IN&amp;tax_query%5B1%5D%5Btaxonomy%5D=product_cat&amp;tax_query%5B1%5D%5Bfield%5D=slug&amp;tax_query%5B1%5D%5Bterms%5D%5B0%5D=llaves-de-paso&amp;tax_query%5B1%5D%5Bterms%5D%5B1%5D=llaves-de-paso-ppr&amp;tax_query%5B1%5D%5Boperator%5D=IN&amp;meta_query%5Brelation%5D=AND&amp;orderby=date&amp;total_post=14\" data-max-page=\"3\">\n                    <span class=\"eael-btn-loader button__loader\"><\/span>\n                    <span class=\"eael_load_more_text\"><\/span>\n                <\/button>\n            <\/div>\n                        <\/div>\n        <\/div>\n\n        <script type=\"text\/javascript\">\n            jQuery(document).ready(function($) {\n                var $scope = jQuery(\".elementor-element-672bbc1\");\n                var $products = $('.products', $scope);\n                var $layout_mode = $products.data('layout-mode');\n                \n                if ( $layout_mode === 'masonry' ) {\n                    \/\/ init isotope\n                    var $isotope_products = $products.isotope({\n                        itemSelector: \"li.product\",\n                        layoutMode: $layout_mode,\n                        percentPosition: true\n                    });\n\n                    $isotope_products.imagesLoaded().progress( function() {\n                        $isotope_products.isotope('layout');\n                    })\n                    \n                }\n            });\n        <\/script>\n        \t\t\t\t<\/div>\n\t\t\t\t<\/div>\n\t\t\t\t<\/div>\n\t\t\t\t<\/div>\n\t\t\t\t\t<\/div>\n\t\t<\/div>\n\t\t\t\t\t\t<\/div>\n\t\t\t\t<\/div>\n\t\t\t\t\t<\/div>\n\t\t\t\t<\/div>\n\t\t\t\t\t<\/div>\n\t\t\t\t<\/div>\n\t\t\t\t<\/div>\n\t\t","protected":false},"excerpt":{"rendered":"<p>V\u00c1LVULAS Quiero Cotizar V\u00e1lvulas Todos los productos LLAVES DE PASO LLAVE DE BOLA DE PL\u00c1STICO PP-R, HEAVY DUTY Ver m\u00e1s LLAVES DE BOLA DE PL\u00c1STICO PP-R Ver m\u00e1s FILTROS TIPO \u201cB\u201d PP-R FUSI\u00d3N \/ FUSI\u00d3N MALLA ACERO INOX Ver m\u00e1s LLAVE DE BOLA UNIVERSAL DRA CLASE: 2,70\u00baC, 10 BAR; 20\u00baC 20 BAR Ver m\u00e1s ADAPTADORES [&hellip;]<\/p>\n","protected":false},"author":3,"featured_media":0,"parent":0,"menu_order":0,"comment_status":"closed","ping_status":"closed","template":"page-servicios.php","meta":{"_joinchat":[],"footnotes":""},"class_list":["post-4617","page","type-page","status-publish","hentry"],"rttpg_featured_image_url":null,"rttpg_author":{"display_name":"Editor Polifusi\u00f3n","author_link":"https:\/\/polifusion.com\/colombia\/author\/polifusionedit\/"},"rttpg_comment":0,"rttpg_category":null,"rttpg_excerpt":"V\u00c1LVULAS Quiero Cotizar V\u00e1lvulas Todos los productos LLAVES DE PASO LLAVE DE BOLA DE PL\u00c1STICO PP-R, HEAVY DUTY Ver m\u00e1s LLAVES DE BOLA DE PL\u00c1STICO PP-R Ver m\u00e1s FILTROS TIPO \u201cB\u201d PP-R FUSI\u00d3N \/ FUSI\u00d3N MALLA ACERO INOX Ver m\u00e1s LLAVE DE BOLA UNIVERSAL DRA CLASE: 2,70\u00baC, 10 BAR; 20\u00baC 20 BAR Ver m\u00e1s ADAPTADORES&hellip;","_links":{"self":[{"href":"https:\/\/polifusion.com\/colombia\/wp-json\/wp\/v2\/pages\/4617","targetHints":{"allow":["GET"]}}],"collection":[{"href":"https:\/\/polifusion.com\/colombia\/wp-json\/wp\/v2\/pages"}],"about":[{"href":"https:\/\/polifusion.com\/colombia\/wp-json\/wp\/v2\/types\/page"}],"author":[{"embeddable":true,"href":"https:\/\/polifusion.com\/colombia\/wp-json\/wp\/v2\/users\/3"}],"replies":[{"embeddable":true,"href":"https:\/\/polifusion.com\/colombia\/wp-json\/wp\/v2\/comments?post=4617"}],"version-history":[{"count":4,"href":"https:\/\/polifusion.com\/colombia\/wp-json\/wp\/v2\/pages\/4617\/revisions"}],"predecessor-version":[{"id":4669,"href":"https:\/\/polifusion.com\/colombia\/wp-json\/wp\/v2\/pages\/4617\/revisions\/4669"}],"wp:attachment":[{"href":"https:\/\/polifusion.com\/colombia\/wp-json\/wp\/v2\/media?parent=4617"}],"curies":[{"name":"wp","href":"https:\/\/api.w.org\/{rel}","templated":true}]}}