{"id":1412,"date":"2025-02-20T20:30:27","date_gmt":"2025-02-20T19:30:27","guid":{"rendered":"https:\/\/polifusion.com\/colombia\/?page_id=1412"},"modified":"2025-04-14T20:21:29","modified_gmt":"2025-04-14T18:21:29","slug":"nosotros","status":"publish","type":"page","link":"https:\/\/polifusion.com\/colombia\/nosotros\/","title":{"rendered":"Nosotros"},"content":{"rendered":"\t\t<div data-elementor-type=\"wp-page\" data-elementor-id=\"1412\" class=\"elementor elementor-1412\">\n\t\t\t\t<div class=\"elementor-element elementor-element-a272aba e-flex e-con-boxed e-con e-parent\" data-id=\"a272aba\" data-element_type=\"container\" data-e-type=\"container\" data-settings=\"{&quot;background_background&quot;:&quot;classic&quot;}\">\n\t\t\t\t\t<div class=\"e-con-inner\">\n\t\t<div class=\"elementor-element elementor-element-61bd639 e-con-full e-flex e-con e-child\" data-id=\"61bd639\" data-element_type=\"container\" data-e-type=\"container\">\n\t\t<div class=\"elementor-element elementor-element-273ebf0 e-con-full e-flex e-con e-child\" data-id=\"273ebf0\" data-element_type=\"container\" data-e-type=\"container\" data-settings=\"{&quot;background_background&quot;:&quot;classic&quot;}\">\n\t\t\t\t<div class=\"elementor-element elementor-element-33fd853 elementor-widget elementor-widget-heading\" data-id=\"33fd853\" data-element_type=\"widget\" data-e-type=\"widget\" data-widget_type=\"heading.default\">\n\t\t\t\t<div class=\"elementor-widget-container\">\n\t\t\t\t\t<h1 class=\"elementor-heading-title elementor-size-default\">Sobre POLIFUSI\u00d3N: Innovaci\u00f3n y Confianza<\/h1>\t\t\t\t<\/div>\n\t\t\t\t<\/div>\n\t\t\t\t<div class=\"elementor-element elementor-element-db8cb44 elementor-widget elementor-widget-text-editor\" data-id=\"db8cb44\" data-element_type=\"widget\" data-e-type=\"widget\" data-widget_type=\"text-editor.default\">\n\t\t\t\t<div class=\"elementor-widget-container\">\n\t\t\t\t\t\t\t\t\t<p>Conoce nuestra historia, misi\u00f3n, visi\u00f3n y valores. Compromiso con la calidad y la satisfacci\u00f3n del cliente.<\/p>\t\t\t\t\t\t\t\t<\/div>\n\t\t\t\t<\/div>\n\t\t\t\t<div class=\"elementor-element elementor-element-b837d3b elementor-widget elementor-widget-html\" data-id=\"b837d3b\" data-element_type=\"widget\" data-e-type=\"widget\" data-widget_type=\"html.default\">\n\t\t\t\t<div class=\"elementor-widget-container\">\n\t\t\t\t\t<div class=\"btnes_flex justify-content-start\"><a href=\"#\" data-bs-toggle=\"modal\" data-bs-target=\"#modalForm\" class=\"btn btnPoli\">Quiero Cotizar<\/a><\/div>\t\t\t\t<\/div>\n\t\t\t\t<\/div>\n\t\t\t\t<\/div>\n\t\t<div class=\"elementor-element elementor-element-6dc18a0 e-con-full e-flex e-con e-child\" data-id=\"6dc18a0\" data-element_type=\"container\" data-e-type=\"container\">\n\t\t\t\t<\/div>\n\t\t\t\t<\/div>\n\t\t\t\t\t<\/div>\n\t\t\t\t<\/div>\n\t\t<div class=\"elementor-element elementor-element-f411485 e-flex e-con-boxed e-con e-parent\" data-id=\"f411485\" data-element_type=\"container\" data-e-type=\"container\" data-settings=\"{&quot;background_background&quot;:&quot;classic&quot;}\">\n\t\t\t\t\t<div class=\"e-con-inner\">\n\t\t\t\t\t<\/div>\n\t\t\t\t<\/div>\n\t\t<div class=\"elementor-element elementor-element-7a6acd4 e-flex e-con-boxed e-con e-parent\" data-id=\"7a6acd4\" data-element_type=\"container\" data-e-type=\"container\">\n\t\t\t\t\t<div class=\"e-con-inner\">\n\t\t<div class=\"elementor-element elementor-element-da91e42 e-con-full e-flex e-con e-child\" data-id=\"da91e42\" data-element_type=\"container\" data-e-type=\"container\">\n\t\t\t\t<div class=\"elementor-element elementor-element-2a6f351 elementor-widget elementor-widget-heading\" data-id=\"2a6f351\" data-element_type=\"widget\" data-e-type=\"widget\" data-widget_type=\"heading.default\">\n\t\t\t\t<div class=\"elementor-widget-container\">\n\t\t\t\t\t<h2 class=\"elementor-heading-title elementor-size-default\">Certificaciones<\/h2>\t\t\t\t<\/div>\n\t\t\t\t<\/div>\n\t\t\t\t<\/div>\n\t\t<div class=\"elementor-element elementor-element-db25525 e-grid e-con-boxed e-con e-child\" data-id=\"db25525\" data-element_type=\"container\" data-e-type=\"container\">\n\t\t\t\t\t<div class=\"e-con-inner\">\n\t\t\t\t<div class=\"elementor-element elementor-element-9106559 elementor-position-top elementor-invisible elementor-widget elementor-widget-image-box\" data-id=\"9106559\" data-element_type=\"widget\" data-e-type=\"widget\" data-settings=\"{&quot;_animation&quot;:&quot;slideInUp&quot;}\" data-widget_type=\"image-box.default\">\n\t\t\t\t<div class=\"elementor-widget-container\">\n\t\t\t\t\t<div class=\"elementor-image-box-wrapper\"><figure class=\"elementor-image-box-img\"><img fetchpriority=\"high\" decoding=\"async\" width=\"761\" height=\"811\" src=\"https:\/\/polifusion.com\/colombia\/wp-content\/uploads\/2025\/02\/CERTIFICACIONES-CESMEC-e1740399154399.png\" class=\"attachment-full size-full wp-image-1532\" alt=\"\" srcset=\"https:\/\/polifusion.com\/colombia\/wp-content\/uploads\/2025\/02\/CERTIFICACIONES-CESMEC-e1740399154399.png 761w, https:\/\/polifusion.com\/colombia\/wp-content\/uploads\/2025\/02\/CERTIFICACIONES-CESMEC-e1740399154399-600x639.png 600w, https:\/\/polifusion.com\/colombia\/wp-content\/uploads\/2025\/02\/CERTIFICACIONES-CESMEC-e1740399154399-282x300.png 282w\" sizes=\"(max-width: 761px) 100vw, 761px\" \/><\/figure><\/div>\t\t\t\t<\/div>\n\t\t\t\t<\/div>\n\t\t\t\t<div class=\"elementor-element elementor-element-61d495e elementor-position-top elementor-invisible elementor-widget elementor-widget-image-box\" data-id=\"61d495e\" data-element_type=\"widget\" data-e-type=\"widget\" data-settings=\"{&quot;_animation&quot;:&quot;slideInUp&quot;}\" data-widget_type=\"image-box.default\">\n\t\t\t\t<div class=\"elementor-widget-container\">\n\t\t\t\t\t<div class=\"elementor-image-box-wrapper\"><figure class=\"elementor-image-box-img\"><img decoding=\"async\" width=\"720\" height=\"480\" src=\"https:\/\/polifusion.com\/colombia\/wp-content\/uploads\/2025\/02\/foto135-1.jpg\" class=\"attachment-full size-full wp-image-1534\" alt=\"\" srcset=\"https:\/\/polifusion.com\/colombia\/wp-content\/uploads\/2025\/02\/foto135-1.jpg 720w, https:\/\/polifusion.com\/colombia\/wp-content\/uploads\/2025\/02\/foto135-1-600x400.jpg 600w, https:\/\/polifusion.com\/colombia\/wp-content\/uploads\/2025\/02\/foto135-1-300x200.jpg 300w\" sizes=\"(max-width: 720px) 100vw, 720px\" \/><\/figure><\/div>\t\t\t\t<\/div>\n\t\t\t\t<\/div>\n\t\t\t\t<div class=\"elementor-element elementor-element-fc2ba11 elementor-position-top elementor-invisible elementor-widget elementor-widget-image-box\" data-id=\"fc2ba11\" data-element_type=\"widget\" data-e-type=\"widget\" data-settings=\"{&quot;_animation&quot;:&quot;slideInUp&quot;}\" data-widget_type=\"image-box.default\">\n\t\t\t\t<div class=\"elementor-widget-container\">\n\t\t\t\t\t<div class=\"elementor-image-box-wrapper\"><figure class=\"elementor-image-box-img\"><img decoding=\"async\" width=\"190\" height=\"52\" src=\"https:\/\/polifusion.com\/colombia\/wp-content\/uploads\/2025\/03\/chile_190x52.gif\" class=\"attachment-full size-full wp-image-1982\" alt=\"\" \/><\/figure><\/div>\t\t\t\t<\/div>\n\t\t\t\t<\/div>\n\t\t\t\t\t<\/div>\n\t\t\t\t<\/div>\n\t\t\t\t\t<\/div>\n\t\t\t\t<\/div>\n\t\t<div class=\"elementor-element elementor-element-05d9224 e-flex e-con-boxed e-con e-parent\" data-id=\"05d9224\" data-element_type=\"container\" data-e-type=\"container\">\n\t\t\t\t\t<div class=\"e-con-inner\">\n\t\t<div class=\"elementor-element elementor-element-2379792 e-con-full e-flex e-con e-child\" data-id=\"2379792\" data-element_type=\"container\" data-e-type=\"container\">\n\t\t\t\t<div class=\"elementor-element elementor-element-5c8071c elementor-widget elementor-widget-heading\" data-id=\"5c8071c\" data-element_type=\"widget\" data-e-type=\"widget\" data-widget_type=\"heading.default\">\n\t\t\t\t<div class=\"elementor-widget-container\">\n\t\t\t\t\t<h2 class=\"elementor-heading-title elementor-size-default\">Nosotros y nuestra historia<\/h2>\t\t\t\t<\/div>\n\t\t\t\t<\/div>\n\t\t\t\t<div class=\"elementor-element elementor-element-bcf17b9 elementor-widget elementor-widget-text-editor\" data-id=\"bcf17b9\" data-element_type=\"widget\" data-e-type=\"widget\" data-widget_type=\"text-editor.default\">\n\t\t\t\t<div class=\"elementor-widget-container\">\n\t\t\t\t\t\t\t\t\t<span style=\"font-weight: 400;\">Polifusi\u00f3n S.A. es una empresa l\u00edder en la fabricaci\u00f3n y comercializaci\u00f3n de sistemas de tuber\u00edas y accesorios de polipropileno y polietileno.<br>Con una trayectoria consolidada en el mercado, nos especializamos en ofrecer soluciones eficientes, seguras y de alta calidad para diversas industrias, garantizando productos que cumplen con los m\u00e1s altos est\u00e1ndares nacionales e internacionales.<\/span>\t\t\t\t\t\t\t\t<\/div>\n\t\t\t\t<\/div>\n\t\t\t\t<div class=\"elementor-element elementor-element-3847b3d elementor-widget elementor-widget-text-editor\" data-id=\"3847b3d\" data-element_type=\"widget\" data-e-type=\"widget\" data-widget_type=\"text-editor.default\">\n\t\t\t\t<div class=\"elementor-widget-container\">\n\t\t\t\t\t\t\t\t\t<p><span style=\"font-weight: 400;\">Desde nuestra fundaci\u00f3n, Polifusi\u00f3n S.A. ha trabajado incansablemente para desarrollar soluciones de conducci\u00f3n de fluidos innovadoras y confiables. Gracias a nuestro compromiso con la calidad y la mejora continua, hemos logrado consolidarnos en el mercado como un referente en tecnolog\u00edas de tuber\u00edas pl\u00e1sticas, brindando un portafolio de productos adaptado a las necesidades de nuestros clientes.<\/span><\/p>\t\t\t\t\t\t\t\t<\/div>\n\t\t\t\t<\/div>\n\t\t\t\t<\/div>\n\t\t<div class=\"elementor-element elementor-element-082bea5 e-con-full e-flex e-con e-child\" data-id=\"082bea5\" data-element_type=\"container\" data-e-type=\"container\" data-settings=\"{&quot;background_background&quot;:&quot;classic&quot;}\">\n\t\t\t\t<\/div>\n\t\t\t\t\t<\/div>\n\t\t\t\t<\/div>\n\t\t<div class=\"elementor-element elementor-element-9b51ffa e-flex e-con-boxed e-con e-parent\" data-id=\"9b51ffa\" data-element_type=\"container\" data-e-type=\"container\">\n\t\t\t\t\t<div class=\"e-con-inner\">\n\t\t<div class=\"elementor-element elementor-element-f10711b e-con-full e-flex e-con e-child\" data-id=\"f10711b\" data-element_type=\"container\" data-e-type=\"container\">\n\t\t\t\t<div class=\"elementor-element elementor-element-08fe50c elementor-widget elementor-widget-heading\" data-id=\"08fe50c\" data-element_type=\"widget\" data-e-type=\"widget\" data-widget_type=\"heading.default\">\n\t\t\t\t<div class=\"elementor-widget-container\">\n\t\t\t\t\t<h2 class=\"elementor-heading-title elementor-size-default\">Nuestros valores<\/h2>\t\t\t\t<\/div>\n\t\t\t\t<\/div>\n\t\t\t\t<\/div>\n\t\t<div class=\"elementor-element elementor-element-646c513 e-con-full e-grid e-con e-child\" data-id=\"646c513\" data-element_type=\"container\" data-e-type=\"container\">\n\t\t\t\t<div class=\"elementor-element elementor-element-dad8716 elementor-position-top elementor-invisible elementor-widget elementor-widget-image-box\" data-id=\"dad8716\" data-element_type=\"widget\" data-e-type=\"widget\" data-settings=\"{&quot;_animation&quot;:&quot;slideInUp&quot;}\" data-widget_type=\"image-box.default\">\n\t\t\t\t<div class=\"elementor-widget-container\">\n\t\t\t\t\t<div class=\"elementor-image-box-wrapper\"><figure class=\"elementor-image-box-img\"><img loading=\"lazy\" decoding=\"async\" width=\"512\" height=\"512\" src=\"https:\/\/polifusion.com\/colombia\/wp-content\/uploads\/2025\/02\/auto-confianza.png\" class=\"attachment-full size-full wp-image-1428\" alt=\"\" srcset=\"https:\/\/polifusion.com\/colombia\/wp-content\/uploads\/2025\/02\/auto-confianza.png 512w, https:\/\/polifusion.com\/colombia\/wp-content\/uploads\/2025\/02\/auto-confianza-300x300.png 300w, https:\/\/polifusion.com\/colombia\/wp-content\/uploads\/2025\/02\/auto-confianza-100x100.png 100w, https:\/\/polifusion.com\/colombia\/wp-content\/uploads\/2025\/02\/auto-confianza-150x150.png 150w\" sizes=\"(max-width: 512px) 100vw, 512px\" \/><\/figure><div class=\"elementor-image-box-content\"><h3 class=\"elementor-image-box-title\">Calidad<\/h3><p class=\"elementor-image-box-description\">Aplicamos los m\u00e1s altos est\u00e1ndares de producci\u00f3n y certificaci\u00f3n.<\/p><\/div><\/div>\t\t\t\t<\/div>\n\t\t\t\t<\/div>\n\t\t\t\t<div class=\"elementor-element elementor-element-6e5b55a elementor-position-top elementor-invisible elementor-widget elementor-widget-image-box\" data-id=\"6e5b55a\" data-element_type=\"widget\" data-e-type=\"widget\" data-settings=\"{&quot;_animation&quot;:&quot;slideInUp&quot;}\" data-widget_type=\"image-box.default\">\n\t\t\t\t<div class=\"elementor-widget-container\">\n\t\t\t\t\t<div class=\"elementor-image-box-wrapper\"><figure class=\"elementor-image-box-img\"><img loading=\"lazy\" decoding=\"async\" width=\"512\" height=\"512\" src=\"https:\/\/polifusion.com\/colombia\/wp-content\/uploads\/2025\/02\/objetivo.png\" class=\"attachment-full size-full wp-image-1430\" alt=\"\" srcset=\"https:\/\/polifusion.com\/colombia\/wp-content\/uploads\/2025\/02\/objetivo.png 512w, https:\/\/polifusion.com\/colombia\/wp-content\/uploads\/2025\/02\/objetivo-300x300.png 300w, https:\/\/polifusion.com\/colombia\/wp-content\/uploads\/2025\/02\/objetivo-100x100.png 100w, https:\/\/polifusion.com\/colombia\/wp-content\/uploads\/2025\/02\/objetivo-150x150.png 150w\" sizes=\"(max-width: 512px) 100vw, 512px\" \/><\/figure><div class=\"elementor-image-box-content\"><h3 class=\"elementor-image-box-title\">Innovaci\u00f3n<\/h3><p class=\"elementor-image-box-description\">Desarrollamos tecnolog\u00edas que optimizan la eficiencia de nuestros productos.<\/p><\/div><\/div>\t\t\t\t<\/div>\n\t\t\t\t<\/div>\n\t\t\t\t<div class=\"elementor-element elementor-element-6544dda elementor-position-top elementor-invisible elementor-widget elementor-widget-image-box\" data-id=\"6544dda\" data-element_type=\"widget\" data-e-type=\"widget\" data-settings=\"{&quot;_animation&quot;:&quot;slideInUp&quot;}\" data-widget_type=\"image-box.default\">\n\t\t\t\t<div class=\"elementor-widget-container\">\n\t\t\t\t\t<div class=\"elementor-image-box-wrapper\"><figure class=\"elementor-image-box-img\"><img loading=\"lazy\" decoding=\"async\" width=\"512\" height=\"512\" src=\"https:\/\/polifusion.com\/colombia\/wp-content\/uploads\/2025\/02\/compromiso-con-el-cliente.png\" class=\"attachment-full size-full wp-image-1429\" alt=\"\" srcset=\"https:\/\/polifusion.com\/colombia\/wp-content\/uploads\/2025\/02\/compromiso-con-el-cliente.png 512w, https:\/\/polifusion.com\/colombia\/wp-content\/uploads\/2025\/02\/compromiso-con-el-cliente-300x300.png 300w, https:\/\/polifusion.com\/colombia\/wp-content\/uploads\/2025\/02\/compromiso-con-el-cliente-100x100.png 100w, https:\/\/polifusion.com\/colombia\/wp-content\/uploads\/2025\/02\/compromiso-con-el-cliente-150x150.png 150w\" sizes=\"(max-width: 512px) 100vw, 512px\" \/><\/figure><div class=\"elementor-image-box-content\"><h3 class=\"elementor-image-box-title\">Compromiso<\/h3><p class=\"elementor-image-box-description\">Trabajamos en estrecha colaboraci\u00f3n con nuestros clientes para brindar soluciones efectivas.<\/p><\/div><\/div>\t\t\t\t<\/div>\n\t\t\t\t<\/div>\n\t\t\t\t<div class=\"elementor-element elementor-element-549b3ab elementor-position-top elementor-invisible elementor-widget elementor-widget-image-box\" data-id=\"549b3ab\" data-element_type=\"widget\" data-e-type=\"widget\" data-settings=\"{&quot;_animation&quot;:&quot;slideInUp&quot;}\" data-widget_type=\"image-box.default\">\n\t\t\t\t<div class=\"elementor-widget-container\">\n\t\t\t\t\t<div class=\"elementor-image-box-wrapper\"><figure class=\"elementor-image-box-img\"><img loading=\"lazy\" decoding=\"async\" width=\"512\" height=\"512\" src=\"https:\/\/polifusion.com\/colombia\/wp-content\/uploads\/2025\/02\/energia-renovable.png\" class=\"attachment-full size-full wp-image-1431\" alt=\"\" srcset=\"https:\/\/polifusion.com\/colombia\/wp-content\/uploads\/2025\/02\/energia-renovable.png 512w, https:\/\/polifusion.com\/colombia\/wp-content\/uploads\/2025\/02\/energia-renovable-300x300.png 300w, https:\/\/polifusion.com\/colombia\/wp-content\/uploads\/2025\/02\/energia-renovable-100x100.png 100w, https:\/\/polifusion.com\/colombia\/wp-content\/uploads\/2025\/02\/energia-renovable-150x150.png 150w\" sizes=\"(max-width: 512px) 100vw, 512px\" \/><\/figure><div class=\"elementor-image-box-content\"><h3 class=\"elementor-image-box-title\">Sustentabilidad<\/h3><p class=\"elementor-image-box-description\">Nos preocupamos por reducir nuestro impacto ambiental y promover el uso responsable de los recursos<\/p><\/div><\/div>\t\t\t\t<\/div>\n\t\t\t\t<\/div>\n\t\t\t\t<\/div>\n\t\t\t\t\t<\/div>\n\t\t\t\t<\/div>\n\t\t<div class=\"elementor-element elementor-element-d40b22a e-flex e-con-boxed e-con e-parent\" data-id=\"d40b22a\" data-element_type=\"container\" data-e-type=\"container\">\n\t\t\t\t\t<div class=\"e-con-inner\">\n\t\t<div class=\"elementor-element elementor-element-8b70046 e-con-full e-grid e-con e-child\" data-id=\"8b70046\" data-element_type=\"container\" data-e-type=\"container\">\n\t\t\t\t<div class=\"elementor-element elementor-element-6a68c4b elementor-position-top elementor-invisible elementor-widget elementor-widget-image-box\" data-id=\"6a68c4b\" data-element_type=\"widget\" data-e-type=\"widget\" data-settings=\"{&quot;_animation&quot;:&quot;slideInUp&quot;}\" data-widget_type=\"image-box.default\">\n\t\t\t\t<div class=\"elementor-widget-container\">\n\t\t\t\t\t<div class=\"elementor-image-box-wrapper\"><figure class=\"elementor-image-box-img\"><img loading=\"lazy\" decoding=\"async\" width=\"512\" height=\"512\" src=\"https:\/\/polifusion.com\/colombia\/wp-content\/uploads\/2025\/02\/conocimiento.png\" class=\"attachment-full size-full wp-image-1432\" alt=\"\" srcset=\"https:\/\/polifusion.com\/colombia\/wp-content\/uploads\/2025\/02\/conocimiento.png 512w, https:\/\/polifusion.com\/colombia\/wp-content\/uploads\/2025\/02\/conocimiento-300x300.png 300w, https:\/\/polifusion.com\/colombia\/wp-content\/uploads\/2025\/02\/conocimiento-100x100.png 100w, https:\/\/polifusion.com\/colombia\/wp-content\/uploads\/2025\/02\/conocimiento-150x150.png 150w\" sizes=\"(max-width: 512px) 100vw, 512px\" \/><\/figure><div class=\"elementor-image-box-content\"><h3 class=\"elementor-image-box-title\">Nuestra Visi\u00f3n<\/h3><p class=\"elementor-image-box-description\">Ser la empresa l\u00edder en el mercado nacional e internacional en soluciones de tuber\u00edas y accesorios pl\u00e1sticos, destac\u00e1ndonos por la calidad de nuestros productos, la tecnolog\u00eda aplicada y nuestra capacidad de respuesta.<\/p><\/div><\/div>\t\t\t\t<\/div>\n\t\t\t\t<\/div>\n\t\t\t\t<div class=\"elementor-element elementor-element-e8cf3e1 elementor-position-top elementor-invisible elementor-widget elementor-widget-image-box\" data-id=\"e8cf3e1\" data-element_type=\"widget\" data-e-type=\"widget\" data-settings=\"{&quot;_animation&quot;:&quot;slideInUp&quot;}\" data-widget_type=\"image-box.default\">\n\t\t\t\t<div class=\"elementor-widget-container\">\n\t\t\t\t\t<div class=\"elementor-image-box-wrapper\"><figure class=\"elementor-image-box-img\"><img loading=\"lazy\" decoding=\"async\" width=\"512\" height=\"512\" src=\"https:\/\/polifusion.com\/colombia\/wp-content\/uploads\/2025\/02\/mision.png\" class=\"attachment-full size-full wp-image-1433\" alt=\"\" srcset=\"https:\/\/polifusion.com\/colombia\/wp-content\/uploads\/2025\/02\/mision.png 512w, https:\/\/polifusion.com\/colombia\/wp-content\/uploads\/2025\/02\/mision-300x300.png 300w, https:\/\/polifusion.com\/colombia\/wp-content\/uploads\/2025\/02\/mision-100x100.png 100w, https:\/\/polifusion.com\/colombia\/wp-content\/uploads\/2025\/02\/mision-150x150.png 150w\" sizes=\"(max-width: 512px) 100vw, 512px\" \/><\/figure><div class=\"elementor-image-box-content\"><h3 class=\"elementor-image-box-title\">Nuestra misi\u00f3n<\/h3><p class=\"elementor-image-box-description\">En Polifusi\u00f3n S.A., trabajamos para proporcionar soluciones confiables y eficientes en sistemas de conducci\u00f3n de fluidos, asegurando la calidad y seguridad en cada producto. Nos enfocamos en la innovaci\u00f3n y el servicio al cliente, con el compromiso de generar valor en cada proyecto.<\/p><\/div><\/div>\t\t\t\t<\/div>\n\t\t\t\t<\/div>\n\t\t\t\t<div class=\"elementor-element elementor-element-6f94a7d elementor-position-top elementor-invisible elementor-widget elementor-widget-image-box\" data-id=\"6f94a7d\" data-element_type=\"widget\" data-e-type=\"widget\" data-settings=\"{&quot;_animation&quot;:&quot;slideInUp&quot;}\" data-widget_type=\"image-box.default\">\n\t\t\t\t<div class=\"elementor-widget-container\">\n\t\t\t\t\t<div class=\"elementor-image-box-wrapper\"><figure class=\"elementor-image-box-img\"><img loading=\"lazy\" decoding=\"async\" width=\"512\" height=\"512\" src=\"https:\/\/polifusion.com\/colombia\/wp-content\/uploads\/2025\/02\/valor-central.png\" class=\"attachment-full size-full wp-image-1434\" alt=\"\" srcset=\"https:\/\/polifusion.com\/colombia\/wp-content\/uploads\/2025\/02\/valor-central.png 512w, https:\/\/polifusion.com\/colombia\/wp-content\/uploads\/2025\/02\/valor-central-300x300.png 300w, https:\/\/polifusion.com\/colombia\/wp-content\/uploads\/2025\/02\/valor-central-100x100.png 100w, https:\/\/polifusion.com\/colombia\/wp-content\/uploads\/2025\/02\/valor-central-150x150.png 150w\" sizes=\"(max-width: 512px) 100vw, 512px\" \/><\/figure><div class=\"elementor-image-box-content\"><h3 class=\"elementor-image-box-title\">Nuestro compromiso<\/h3><p class=\"elementor-image-box-description\">Nos comprometemos a seguir innovando y mejorando nuestros procesos para ofrecer las mejores soluciones en tuber\u00edas pl\u00e1sticas. Nuestro equipo altamente capacitado est\u00e1 listo para brindar el soporte y la asesor\u00eda necesaria en cada proyecto.\n<\/p><\/div><\/div>\t\t\t\t<\/div>\n\t\t\t\t<\/div>\n\t\t\t\t<\/div>\n\t\t\t\t\t<\/div>\n\t\t\t\t<\/div>\n\t\t\t\t<\/div>\n\t\t","protected":false},"excerpt":{"rendered":"<p>Sobre POLIFUSI\u00d3N: Innovaci\u00f3n y Confianza Conoce nuestra historia, misi\u00f3n, visi\u00f3n y valores. Compromiso con la calidad y la satisfacci\u00f3n del cliente. Quiero Cotizar Certificaciones Nosotros y nuestra historia Polifusi\u00f3n S.A. es una empresa l\u00edder en la fabricaci\u00f3n y comercializaci\u00f3n de sistemas de tuber\u00edas y accesorios de polipropileno y polietileno.Con una trayectoria consolidada en el mercado, [&hellip;]<\/p>\n","protected":false},"author":3,"featured_media":0,"parent":0,"menu_order":0,"comment_status":"closed","ping_status":"closed","template":"page-servicios.php","meta":{"_joinchat":[],"footnotes":""},"class_list":["post-1412","page","type-page","status-publish","hentry"],"rttpg_featured_image_url":null,"rttpg_author":{"display_name":"Editor Polifusi\u00f3n","author_link":"https:\/\/polifusion.com\/colombia\/author\/polifusionedit\/"},"rttpg_comment":0,"rttpg_category":null,"rttpg_excerpt":"Sobre POLIFUSI\u00d3N: Innovaci\u00f3n y Confianza Conoce nuestra historia, misi\u00f3n, visi\u00f3n y valores. Compromiso con la calidad y la satisfacci\u00f3n del cliente. Quiero Cotizar Certificaciones Nosotros y nuestra historia Polifusi\u00f3n S.A. es una empresa l\u00edder en la fabricaci\u00f3n y comercializaci\u00f3n de sistemas de tuber\u00edas y accesorios de polipropileno y polietileno.Con una trayectoria consolidada en el mercado,&hellip;","_links":{"self":[{"href":"https:\/\/polifusion.com\/colombia\/wp-json\/wp\/v2\/pages\/1412","targetHints":{"allow":["GET"]}}],"collection":[{"href":"https:\/\/polifusion.com\/colombia\/wp-json\/wp\/v2\/pages"}],"about":[{"href":"https:\/\/polifusion.com\/colombia\/wp-json\/wp\/v2\/types\/page"}],"author":[{"embeddable":true,"href":"https:\/\/polifusion.com\/colombia\/wp-json\/wp\/v2\/users\/3"}],"replies":[{"embeddable":true,"href":"https:\/\/polifusion.com\/colombia\/wp-json\/wp\/v2\/comments?post=1412"}],"version-history":[{"count":46,"href":"https:\/\/polifusion.com\/colombia\/wp-json\/wp\/v2\/pages\/1412\/revisions"}],"predecessor-version":[{"id":3588,"href":"https:\/\/polifusion.com\/colombia\/wp-json\/wp\/v2\/pages\/1412\/revisions\/3588"}],"wp:attachment":[{"href":"https:\/\/polifusion.com\/colombia\/wp-json\/wp\/v2\/media?parent=1412"}],"curies":[{"name":"wp","href":"https:\/\/api.w.org\/{rel}","templated":true}]}}