{"id":1379,"date":"2025-02-20T20:11:22","date_gmt":"2025-02-20T19:11:22","guid":{"rendered":"https:\/\/polifusion.com\/colombia\/?page_id=1379"},"modified":"2025-04-16T17:15:50","modified_gmt":"2025-04-16T15:15:50","slug":"sector-industrial","status":"publish","type":"page","link":"https:\/\/polifusion.com\/colombia\/sector-industrial\/","title":{"rendered":"Sector industrial Minero"},"content":{"rendered":"\t\t<div data-elementor-type=\"wp-page\" data-elementor-id=\"1379\" class=\"elementor elementor-1379\">\n\t\t\t\t<div class=\"elementor-element elementor-element-2dcbeb0 e-flex e-con-boxed e-con e-parent\" data-id=\"2dcbeb0\" data-element_type=\"container\" data-e-type=\"container\" data-settings=\"{&quot;background_background&quot;:&quot;classic&quot;}\">\n\t\t\t\t\t<div class=\"e-con-inner\">\n\t\t<div class=\"elementor-element elementor-element-e0270b2 e-con-full e-flex e-con e-child\" data-id=\"e0270b2\" data-element_type=\"container\" data-e-type=\"container\">\n\t\t<div class=\"elementor-element elementor-element-7069d97 e-con-full e-flex e-con e-child\" data-id=\"7069d97\" data-element_type=\"container\" data-e-type=\"container\" data-settings=\"{&quot;background_background&quot;:&quot;classic&quot;}\">\n\t\t\t\t<div class=\"elementor-element elementor-element-5b2fd39 elementor-widget elementor-widget-heading\" data-id=\"5b2fd39\" data-element_type=\"widget\" data-e-type=\"widget\" data-widget_type=\"heading.default\">\n\t\t\t\t<div class=\"elementor-widget-container\">\n\t\t\t\t\t<h2 class=\"elementor-heading-title elementor-size-default\">Aplicaciones<\/h2>\t\t\t\t<\/div>\n\t\t\t\t<\/div>\n\t\t\t\t<div class=\"elementor-element elementor-element-894da54 elementor-widget elementor-widget-text-editor\" data-id=\"894da54\" data-element_type=\"widget\" data-e-type=\"widget\" data-widget_type=\"text-editor.default\">\n\t\t\t\t<div class=\"elementor-widget-container\">\n\t\t\t\t\t\t\t\t\t<p><span style=\"font-weight: 400;\">En <\/span><b>Polifusi\u00f3n<\/b><span style=\"font-weight: 400;\">, ofrecemos soluciones especializadas en sistemas de tuber\u00edas, fijaci\u00f3n y aislaci\u00f3n para diversos sectores. Nuestros productos est\u00e1n dise\u00f1ados para optimizar la eficiencia, seguridad y durabilidad en <\/span><b>instalaciones residenciales, comerciales, industriales y m\u00e1s<\/b><span style=\"font-weight: 400;\">.<\/span><\/p>\t\t\t\t\t\t\t\t<\/div>\n\t\t\t\t<\/div>\n\t\t\t\t<div class=\"elementor-element elementor-element-a59928e elementor-widget elementor-widget-html\" data-id=\"a59928e\" data-element_type=\"widget\" data-e-type=\"widget\" data-widget_type=\"html.default\">\n\t\t\t\t<div class=\"elementor-widget-container\">\n\t\t\t\t\t<div class=\"btnes_flex justify-content-start\"><a href=\"#\" data-bs-toggle=\"modal\" data-bs-target=\"#modalForm\" class=\"btn btnPoli\">Quiero Cotizar<\/a><\/div>\t\t\t\t<\/div>\n\t\t\t\t<\/div>\n\t\t\t\t<\/div>\n\t\t<div class=\"elementor-element elementor-element-d62809f e-con-full e-flex e-con e-child\" data-id=\"d62809f\" data-element_type=\"container\" data-e-type=\"container\">\n\t\t\t\t<\/div>\n\t\t\t\t<\/div>\n\t\t\t\t\t<\/div>\n\t\t\t\t<\/div>\n\t\t<div class=\"elementor-element elementor-element-62cd1a3 e-flex e-con-boxed e-con e-parent\" data-id=\"62cd1a3\" data-element_type=\"container\" data-e-type=\"container\" data-settings=\"{&quot;background_background&quot;:&quot;classic&quot;}\">\n\t\t\t\t\t<div class=\"e-con-inner\">\n\t\t\t\t\t<\/div>\n\t\t\t\t<\/div>\n\t\t<div class=\"elementor-element elementor-element-2ba0102 e-flex e-con-boxed e-con e-parent\" data-id=\"2ba0102\" data-element_type=\"container\" data-e-type=\"container\" data-settings=\"{&quot;background_background&quot;:&quot;classic&quot;}\">\n\t\t\t\t\t<div class=\"e-con-inner\">\n\t\t<div class=\"elementor-element elementor-element-38981f3 e-con-full e-flex e-con e-child\" data-id=\"38981f3\" data-element_type=\"container\" data-e-type=\"container\">\n\t\t\t\t<div class=\"elementor-element elementor-element-222a246 elementor-widget elementor-widget-heading\" data-id=\"222a246\" data-element_type=\"widget\" data-e-type=\"widget\" data-widget_type=\"heading.default\">\n\t\t\t\t<div class=\"elementor-widget-container\">\n\t\t\t\t\t<h1 class=\"elementor-heading-title elementor-size-default\">Soluciones para Sector Industrial Minero<\/h1>\t\t\t\t<\/div>\n\t\t\t\t<\/div>\n\t\t\t\t<div class=\"elementor-element elementor-element-8db1c7c elementor-widget__width-initial elementor-widget elementor-widget-text-editor\" data-id=\"8db1c7c\" data-element_type=\"widget\" data-e-type=\"widget\" data-widget_type=\"text-editor.default\">\n\t\t\t\t<div class=\"elementor-widget-container\">\n\t\t\t\t\t\t\t\t\t<p>Tuber\u00edas y accesorios para aplicaciones en industrias y miner\u00eda tales como: <strong>Plantas desaladora, plantas electro refinaci\u00f3n, plantas de molibdeno, Acuicultura, distribuci\u00f3n de agentes qu\u00edmicos,\u00a0 entre otros.<\/strong><\/p>\t\t\t\t\t\t\t\t<\/div>\n\t\t\t\t<\/div>\n\t\t\t\t<\/div>\n\t\t\t\t\t<\/div>\n\t\t\t\t<\/div>\n\t\t<div class=\"elementor-element elementor-element-834b856 e-grid e-con-full e-con e-parent\" data-id=\"834b856\" data-element_type=\"container\" data-e-type=\"container\">\n\t\t\t\t<div class=\"elementor-element elementor-element-64f2982 elementor-arrows-position-inside elementor-pagination-position-outside elementor-widget elementor-widget-image-carousel\" data-id=\"64f2982\" data-element_type=\"widget\" data-e-type=\"widget\" data-settings=\"{&quot;slides_to_show&quot;:&quot;3&quot;,&quot;navigation&quot;:&quot;both&quot;,&quot;autoplay&quot;:&quot;yes&quot;,&quot;pause_on_hover&quot;:&quot;yes&quot;,&quot;pause_on_interaction&quot;:&quot;yes&quot;,&quot;autoplay_speed&quot;:5000,&quot;infinite&quot;:&quot;yes&quot;,&quot;speed&quot;:500}\" data-widget_type=\"image-carousel.default\">\n\t\t\t\t<div class=\"elementor-widget-container\">\n\t\t\t\t\t\t\t<div class=\"elementor-image-carousel-wrapper swiper\" role=\"region\" aria-roledescription=\"carousel\" aria-label=\"Carrusel de im\u00e1genes\" dir=\"ltr\">\n\t\t\t<div class=\"elementor-image-carousel swiper-wrapper\" aria-live=\"off\">\n\t\t\t\t\t\t\t\t<div class=\"swiper-slide\" role=\"group\" aria-roledescription=\"slide\" aria-label=\"1 de 10\"><figure class=\"swiper-slide-inner\"><img decoding=\"async\" class=\"swiper-slide-image\" src=\"https:\/\/polifusion.com\/colombia\/wp-content\/uploads\/elementor\/thumbs\/TRANSPORTE-DE-RELAVE-r44d3tpzv5hd4n21arcnuxfiilrbegzmek8ckpnsso.jpeg\" alt=\"TRANSPORTE DE AGUA\" \/><figcaption class=\"elementor-image-carousel-caption\">TRANSPORTE DE AGUA<\/figcaption><\/figure><\/div><div class=\"swiper-slide\" role=\"group\" aria-roledescription=\"slide\" aria-label=\"2 de 10\"><figure class=\"swiper-slide-inner\"><img decoding=\"async\" class=\"swiper-slide-image\" src=\"https:\/\/polifusion.com\/colombia\/wp-content\/uploads\/elementor\/thumbs\/WhatsApp-Image-2025-04-09-at-3.33.33-PM-r44d3unu1zing90o59raff6z3zmom63cqovu1zmemg.jpeg\" alt=\"ACU\u00cdCOLA\" \/><figcaption class=\"elementor-image-carousel-caption\">ACU\u00cdCOLA<\/figcaption><\/figure><\/div><div class=\"swiper-slide\" role=\"group\" aria-roledescription=\"slide\" aria-label=\"3 de 10\"><figure class=\"swiper-slide-inner\"><img decoding=\"async\" class=\"swiper-slide-image\" src=\"https:\/\/polifusion.com\/colombia\/wp-content\/uploads\/elementor\/thumbs\/ACUICULA-r44d3p0swzaxil8v27bj0gm7joehbzgypwyx6burns.jpeg\" alt=\"ACU\u00cdCOLA\" \/><figcaption class=\"elementor-image-carousel-caption\">ACU\u00cdCOLA<\/figcaption><\/figure><\/div><div class=\"swiper-slide\" role=\"group\" aria-roledescription=\"slide\" aria-label=\"4 de 10\"><figure class=\"swiper-slide-inner\"><img decoding=\"async\" class=\"swiper-slide-image\" src=\"https:\/\/polifusion.com\/colombia\/wp-content\/uploads\/elementor\/thumbs\/PLANTA-DESALADORA-r44d3pyn3tc7u77hwpq5kydo529ujokp21menltdhk.jpeg\" alt=\"PLANTA DESALADORA\" \/><figcaption class=\"elementor-image-carousel-caption\">PLANTA DESALADORA<\/figcaption><\/figure><\/div><div class=\"swiper-slide\" role=\"group\" aria-roledescription=\"slide\" aria-label=\"5 de 10\"><figure class=\"swiper-slide-inner\"><img decoding=\"async\" class=\"swiper-slide-image\" src=\"https:\/\/polifusion.com\/colombia\/wp-content\/uploads\/elementor\/thumbs\/PLANTAS-DESALADORA-r44d3qwhandi5t64r84s5g54qg57rdofe69w4vrzbc.jpeg\" alt=\"PLANTA DESALADORA\" \/><figcaption class=\"elementor-image-carousel-caption\">PLANTA DESALADORA<\/figcaption><\/figure><\/div><div class=\"swiper-slide\" role=\"group\" aria-roledescription=\"slide\" aria-label=\"6 de 10\"><figure class=\"swiper-slide-inner\"><img decoding=\"async\" class=\"swiper-slide-image\" src=\"https:\/\/polifusion.com\/colombia\/wp-content\/uploads\/elementor\/thumbs\/TRANSPORTE-DE-ACIDOS-r44d3rubhheshf4rlqjepxwlbu0kz2s5qaxdm5ql54.jpeg\" alt=\"TRANSPORTE DE QU\u00cdMICOS\" \/><figcaption class=\"elementor-image-carousel-caption\">TRANSPORTE DE QU\u00cdMICOS<\/figcaption><\/figure><\/div><div class=\"swiper-slide\" role=\"group\" aria-roledescription=\"slide\" aria-label=\"7 de 10\"><figure class=\"swiper-slide-inner\"><img decoding=\"async\" class=\"swiper-slide-image\" src=\"https:\/\/polifusion.com\/colombia\/wp-content\/uploads\/elementor\/thumbs\/WhatsApp-Image-2025-04-09-at-3.33.36-PM-r44d3vlo8tjxruzazs5wzwyfpdi1tv732tjbj9l0g8.jpeg\" alt=\"TRANSPORTE DE QU\u00cdMICOS\" \/><figcaption class=\"elementor-image-carousel-caption\">TRANSPORTE DE QU\u00cdMICOS<\/figcaption><\/figure><\/div><div class=\"swiper-slide\" role=\"group\" aria-roledescription=\"slide\" aria-label=\"8 de 10\"><figure class=\"swiper-slide-inner\"><img decoding=\"async\" class=\"swiper-slide-image\" src=\"https:\/\/polifusion.com\/colombia\/wp-content\/uploads\/elementor\/thumbs\/WhatsApp-Image-2025-04-09-at-3.33.37-PM-r44d3xhcmhmif2wkosz64whcw58s99ejr2uahti83s.jpeg\" alt=\"TRANSPORTE DE QU\u00cdMICOS\" \/><figcaption class=\"elementor-image-carousel-caption\">TRANSPORTE DE QU\u00cdMICOS<\/figcaption><\/figure><\/div><div class=\"swiper-slide\" role=\"group\" aria-roledescription=\"slide\" aria-label=\"9 de 10\"><figure class=\"swiper-slide-inner\"><img decoding=\"async\" class=\"swiper-slide-image\" src=\"https:\/\/polifusion.com\/colombia\/wp-content\/uploads\/elementor\/thumbs\/TRANSPORTE-DE-FLUIDOS-r44d3ss5obg2t13eg8y1afo1x7vy6rvw2fkv3fp6yw.jpeg\" alt=\"TRANSPORTE DE FLUIDOS\" \/><figcaption class=\"elementor-image-carousel-caption\">TRANSPORTE DE FLUIDOS<\/figcaption><\/figure><\/div><div class=\"swiper-slide\" role=\"group\" aria-roledescription=\"slide\" aria-label=\"10 de 10\"><figure class=\"swiper-slide-inner\"><img decoding=\"async\" class=\"swiper-slide-image\" src=\"https:\/\/polifusion.com\/colombia\/wp-content\/uploads\/elementor\/thumbs\/Transporte-de-agua-r44fx1y9vu21gu0l70l8vvtllgtdczuynlhu6hkgp4.jpeg\" alt=\"TRANSPORTE DE AGUA\" \/><figcaption class=\"elementor-image-carousel-caption\">TRANSPORTE DE AGUA<\/figcaption><\/figure><\/div>\t\t\t<\/div>\n\t\t\t\t\t\t\t\t\t\t\t\t<div class=\"elementor-swiper-button elementor-swiper-button-prev\" role=\"button\" tabindex=\"0\">\n\t\t\t\t\t\t<svg aria-hidden=\"true\" class=\"e-font-icon-svg e-eicon-chevron-left\" viewBox=\"0 0 1000 1000\" xmlns=\"http:\/\/www.w3.org\/2000\/svg\"><path d=\"M646 125C629 125 613 133 604 142L308 442C296 454 292 471 292 487 292 504 296 521 308 533L604 854C617 867 629 875 646 875 663 875 679 871 692 858 704 846 713 829 713 812 713 796 708 779 692 767L438 487 692 225C700 217 708 204 708 187 708 171 704 154 692 142 675 129 663 125 646 125Z\"><\/path><\/svg>\t\t\t\t\t<\/div>\n\t\t\t\t\t<div class=\"elementor-swiper-button elementor-swiper-button-next\" role=\"button\" tabindex=\"0\">\n\t\t\t\t\t\t<svg aria-hidden=\"true\" class=\"e-font-icon-svg e-eicon-chevron-right\" viewBox=\"0 0 1000 1000\" xmlns=\"http:\/\/www.w3.org\/2000\/svg\"><path d=\"M696 533C708 521 713 504 713 487 713 471 708 454 696 446L400 146C388 133 375 125 354 125 338 125 325 129 313 142 300 154 292 171 292 187 292 204 296 221 308 233L563 492 304 771C292 783 288 800 288 817 288 833 296 850 308 863 321 871 338 875 354 875 371 875 388 867 400 854L696 533Z\"><\/path><\/svg>\t\t\t\t\t<\/div>\n\t\t\t\t\n\t\t\t\t\t\t\t\t\t<div class=\"swiper-pagination\"><\/div>\n\t\t\t\t\t\t\t\t\t<\/div>\n\t\t\t\t\t\t<\/div>\n\t\t\t\t<\/div>\n\t\t\t\t<\/div>\n\t\t\t\t<\/div>\n\t\t","protected":false},"excerpt":{"rendered":"<p>Aplicaciones En Polifusi\u00f3n, ofrecemos soluciones especializadas en sistemas de tuber\u00edas, fijaci\u00f3n y aislaci\u00f3n para diversos sectores. Nuestros productos est\u00e1n dise\u00f1ados para optimizar la eficiencia, seguridad y durabilidad en instalaciones residenciales, comerciales, industriales y m\u00e1s. Quiero Cotizar Soluciones para Sector Industrial Minero Tuber\u00edas y accesorios para aplicaciones en industrias y miner\u00eda tales como: Plantas desaladora, plantas [&hellip;]<\/p>\n","protected":false},"author":3,"featured_media":0,"parent":0,"menu_order":0,"comment_status":"closed","ping_status":"closed","template":"page-servicios.php","meta":{"_joinchat":[],"footnotes":""},"class_list":["post-1379","page","type-page","status-publish","hentry"],"rttpg_featured_image_url":null,"rttpg_author":{"display_name":"Editor Polifusi\u00f3n","author_link":"https:\/\/polifusion.com\/colombia\/author\/polifusionedit\/"},"rttpg_comment":0,"rttpg_category":null,"rttpg_excerpt":"Aplicaciones En Polifusi\u00f3n, ofrecemos soluciones especializadas en sistemas de tuber\u00edas, fijaci\u00f3n y aislaci\u00f3n para diversos sectores. Nuestros productos est\u00e1n dise\u00f1ados para optimizar la eficiencia, seguridad y durabilidad en instalaciones residenciales, comerciales, industriales y m\u00e1s. Quiero Cotizar Soluciones para Sector Industrial Minero Tuber\u00edas y accesorios para aplicaciones en industrias y miner\u00eda tales como: Plantas desaladora, plantas&hellip;","_links":{"self":[{"href":"https:\/\/polifusion.com\/colombia\/wp-json\/wp\/v2\/pages\/1379","targetHints":{"allow":["GET"]}}],"collection":[{"href":"https:\/\/polifusion.com\/colombia\/wp-json\/wp\/v2\/pages"}],"about":[{"href":"https:\/\/polifusion.com\/colombia\/wp-json\/wp\/v2\/types\/page"}],"author":[{"embeddable":true,"href":"https:\/\/polifusion.com\/colombia\/wp-json\/wp\/v2\/users\/3"}],"replies":[{"embeddable":true,"href":"https:\/\/polifusion.com\/colombia\/wp-json\/wp\/v2\/comments?post=1379"}],"version-history":[{"count":53,"href":"https:\/\/polifusion.com\/colombia\/wp-json\/wp\/v2\/pages\/1379\/revisions"}],"predecessor-version":[{"id":4051,"href":"https:\/\/polifusion.com\/colombia\/wp-json\/wp\/v2\/pages\/1379\/revisions\/4051"}],"wp:attachment":[{"href":"https:\/\/polifusion.com\/colombia\/wp-json\/wp\/v2\/media?parent=1379"}],"curies":[{"name":"wp","href":"https:\/\/api.w.org\/{rel}","templated":true}]}}