{"id":929,"date":"2025-02-11T20:34:34","date_gmt":"2025-02-11T19:34:34","guid":{"rendered":"https:\/\/polifusion.com\/chile\/?post_type=product&#038;p=929"},"modified":"2025-04-16T15:06:05","modified_gmt":"2025-04-16T13:06:05","slug":"juego-de-dados-fusion-para-monturas","status":"publish","type":"product","link":"https:\/\/polifusion.com\/chile\/producto\/juego-de-dados-fusion-para-monturas\/","title":{"rendered":"JUEGO DE DADOS FUSI\u00d3N PARA MONTURAS"},"content":{"rendered":"<table class=\"table table-striped tabla_polifusion\">\n<caption><strong>JUEGO DE DADOS FUSI\u00d3N PARA MONTURAS<\/strong><\/caption>\n<thead>\n<tr>\n<th>DIMENSI\u00d3N<\/th>\n<th>C\u00d3DIGO<\/th>\n<th>UNIDAD<\/th>\n<th>PRECIOS<\/th>\n<\/tr>\n<\/thead>\n<tbody>\n<tr>\n<td>DADO MONTURA 50 x 20\/25<\/td>\n<td>7000001002-5022<\/td>\n<td>1<\/td>\n<td><strong>21.316<\/strong><\/td>\n<\/tr>\n<tr>\n<td>DADO MONTURA 63 x 20\/25<\/td>\n<td>7000001002-6322<\/td>\n<td>1<\/td>\n<td><strong>21.316<\/strong><\/td>\n<\/tr>\n<tr>\n<td>DADO MONTURA 75 x 20\/25<\/td>\n<td>7000001002-7522<\/td>\n<td>1<\/td>\n<td><strong>21.316<\/strong><\/td>\n<\/tr>\n<tr>\n<td>DADO MONTURA 90 x 20\/25<\/td>\n<td>7000001002-9022<\/td>\n<td>1<\/td>\n<td><strong>21.316<\/strong><\/td>\n<\/tr>\n<tr>\n<td>DADO MONTURA 110 x 20\/25<\/td>\n<td>7000001002-1122<\/td>\n<td>1<\/td>\n<td><strong>21.316<\/strong><\/td>\n<\/tr>\n<tr>\n<td>DADO MONTURA 125 x 20\/25<\/td>\n<td>7000001002-1222<\/td>\n<td>1<\/td>\n<td><strong>21.316<\/strong><\/td>\n<\/tr>\n<tr>\n<td>DADO MONTURA 160 x 20\/25<\/td>\n<td>7000001002-1622<\/td>\n<td>1<\/td>\n<td><strong>23.946<\/strong><\/td>\n<\/tr>\n<tr>\n<td>DADO MONTURA 63 x 32<\/td>\n<td>7000001002-6332<\/td>\n<td>1<\/td>\n<td><strong>24.243<\/strong><\/td>\n<\/tr>\n<tr>\n<td>DADO MONTURA 75 x 32<\/td>\n<td>7000001002-7532<\/td>\n<td>1<\/td>\n<td><strong>24.243<\/strong><\/td>\n<\/tr>\n<tr>\n<td>DADO MONTURA 90 x 32<\/td>\n<td>7000001002-9032<\/td>\n<td>1<\/td>\n<td><strong>24.243<\/strong><\/td>\n<\/tr>\n<tr>\n<td>DADO MONTURA 110 x 32<\/td>\n<td>7000001002-1132<\/td>\n<td>1<\/td>\n<td><strong>24.243<\/strong><\/td>\n<\/tr>\n<tr>\n<td>DADO MONTURA 125 x 32<\/td>\n<td>7000001002-1232<\/td>\n<td>1<\/td>\n<td><strong>24.243<\/strong><\/td>\n<\/tr>\n<tr>\n<td>DADO MONTURA 160 x 32<\/td>\n<td>7000001002-1632<\/td>\n<td>1<\/td>\n<td><strong>25.636<\/strong><\/td>\n<\/tr>\n<tr>\n<td>DADO MONTURA 75 x 40<\/td>\n<td>7000001002-7540<\/td>\n<td>1<\/td>\n<td><strong>26.755<\/strong><\/td>\n<\/tr>\n<tr>\n<td>DADO MONTURA 90 x 40<\/td>\n<td>7000001002-9040<\/td>\n<td>1<\/td>\n<td><strong>26.755<\/strong><\/td>\n<\/tr>\n<tr>\n<td>DADO MONTURA 110 x 40<\/td>\n<td>7000001002-1140<\/td>\n<td>1<\/td>\n<td><strong>26.755<\/strong><\/td>\n<\/tr>\n<tr>\n<td>DADO MONTURA 125 x 40<\/td>\n<td>7000001002-1240<\/td>\n<td>1<\/td>\n<td><strong>26.755<\/strong><\/td>\n<\/tr>\n<tr>\n<td>DADO MONTURA 160 x 40<\/td>\n<td>7000001002-1640<\/td>\n<td>1<\/td>\n<td><strong>27.390<\/strong><\/td>\n<\/tr>\n<tr>\n<td>DADO MONTURA 110 x 50<\/td>\n<td>7000001002-1150<\/td>\n<td>1<\/td>\n<td><strong>29.673<\/strong><\/td>\n<\/tr>\n<tr>\n<td>DADO MONTURA 125 x 50<\/td>\n<td>7000001002-1250<\/td>\n<td>1<\/td>\n<td><strong>29.673<\/strong><\/td>\n<\/tr>\n<tr>\n<td>DADO MONTURA 160 x 50<\/td>\n<td>7000001002-1650<\/td>\n<td>1<\/td>\n<td><strong>30.387<\/strong><\/td>\n<\/tr>\n<tr>\n<td>DADO MONTURA 110 x 63<\/td>\n<td>7000001002-1163<\/td>\n<td>1<\/td>\n<td><strong>31.235<\/strong><\/td>\n<\/tr>\n<tr>\n<td>DADO MONTURA 125 x 63<\/td>\n<td>7000001002-1263<\/td>\n<td>1<\/td>\n<td><strong>31.235<\/strong><\/td>\n<\/tr>\n<tr>\n<td>DADO MONTURA 160 x 63<\/td>\n<td>7000001002-1663<\/td>\n<td>1<\/td>\n<td><strong>31.567<\/strong><\/td>\n<\/tr>\n<tr>\n<td>DADO MONTURA 110 x 75<\/td>\n<td>7000001002-1175<\/td>\n<td>1<\/td>\n<td><strong>64.937<\/strong><\/td>\n<\/tr>\n<tr>\n<td>DADO MONTURA 125 x 75<\/td>\n<td>7000001002-1275<\/td>\n<td>1<\/td>\n<td><strong>66.366<\/strong><\/td>\n<\/tr>\n<tr>\n<td>DADO MONTURA 160 x 75<\/td>\n<td>7000001002-1675<\/td>\n<td>1<\/td>\n<td><strong>68.296<\/strong><\/td>\n<\/tr>\n<tr>\n<td>DADO MONTURA 200 x 75<\/td>\n<td>7000001002-0075<\/td>\n<td>1<\/td>\n<td><strong>76.040<\/strong><\/td>\n<\/tr>\n<tr>\n<td>DADO MONTURA 250 x 75<\/td>\n<td>7000001025-0075<\/td>\n<td>1<\/td>\n<td><strong>80.672<\/strong><\/td>\n<\/tr>\n<tr>\n<td>DADO MONTURA 315 x 75<\/td>\n<td>7000001025-3175<\/td>\n<td>1<\/td>\n<td><strong>96.192<\/strong><\/td>\n<\/tr>\n<tr>\n<td>DADO MONTURA 200 x 110<\/td>\n<td>7000001020-0110<\/td>\n<td>1<\/td>\n<td><strong>104.522<\/strong><\/td>\n<\/tr>\n<tr>\n<td>DADO MONTURA 200 x 125<\/td>\n<td>7000001020-0125<\/td>\n<td>1<\/td>\n<td><strong>229.260<\/strong><\/td>\n<\/tr>\n<tr>\n<td>DADO MONTURA 250 x 110<\/td>\n<td>7000001025-0110<\/td>\n<td>1<\/td>\n<td><strong>104.522<\/strong><\/td>\n<\/tr>\n<tr>\n<td>DADO MONTURA 250 x 125<\/td>\n<td>7000001025-0125<\/td>\n<td>1<\/td>\n<td><strong>142.074<\/strong><\/td>\n<\/tr>\n<tr>\n<td>DADO MONTURA 250 x 160<\/td>\n<td>7000001025-0160<\/td>\n<td>1<\/td>\n<td><strong>244.971<\/strong><\/td>\n<\/tr>\n<tr>\n<td>DADO MONTURA 315 x 110<\/td>\n<td>7000001025-3110<\/td>\n<td>1<\/td>\n<td><strong>256.130<\/strong><\/td>\n<\/tr>\n<\/tbody>\n<\/table>\n","protected":false},"excerpt":{"rendered":"<p>JUEGO DE DADOS FUSI\u00d3N PARA MONTURAS DIMENSI\u00d3N C\u00d3DIGO UNIDAD PRECIOS DADO MONTURA 50 x 20\/25 7000001002-5022 1 21.316 DADO MONTURA 63 x 20\/25 7000001002-6322 1 21.316 DADO MONTURA 75 x 20\/25 7000001002-7522 1 21.316 DADO MONTURA 90 x 20\/25 7000001002-9022 1 21.316 DADO MONTURA 110 x 20\/25 7000001002-1122 1 21.316 DADO MONTURA 125 x 20\/25 [&hellip;]<\/p>\n","protected":false},"featured_media":3711,"comment_status":"open","ping_status":"closed","template":"","meta":{"_joinchat":[]},"product_brand":[],"product_cat":[124],"product_tag":[],"class_list":{"0":"post-929","1":"product","2":"type-product","3":"status-publish","4":"has-post-thumbnail","6":"product_cat-fusiotherm-y-dados","8":"first","9":"instock","10":"shipping-taxable","11":"product-type-simple"},"yoast_head":"<!-- This site is optimized with the Yoast SEO plugin v27.0 - https:\/\/yoast.com\/product\/yoast-seo-wordpress\/ -->\n<title>JUEGO DE DADOS FUSI\u00d3N PARA MONTURAS - Polifusi\u00f3n<\/title>\n<meta name=\"robots\" content=\"index, follow, max-snippet:-1, max-image-preview:large, max-video-preview:-1\" \/>\n<link rel=\"canonical\" href=\"https:\/\/polifusion.com\/chile\/?product=juego-de-dados-fusion-para-monturas\" \/>\n<meta property=\"og:locale\" content=\"es_ES\" \/>\n<meta property=\"og:type\" content=\"article\" \/>\n<meta property=\"og:title\" content=\"JUEGO DE DADOS FUSI\u00d3N PARA MONTURAS - Polifusi\u00f3n\" \/>\n<meta property=\"og:description\" content=\"JUEGO DE DADOS FUSI\u00d3N PARA MONTURAS DIMENSI\u00d3N C\u00d3DIGO UNIDAD PRECIOS DADO MONTURA 50 x 20\/25 7000001002-5022 1 21.316 DADO MONTURA 63 x 20\/25 7000001002-6322 1 21.316 DADO MONTURA 75 x 20\/25 7000001002-7522 1 21.316 DADO MONTURA 90 x 20\/25 7000001002-9022 1 21.316 DADO MONTURA 110 x 20\/25 7000001002-1122 1 21.316 DADO MONTURA 125 x 20\/25 [&hellip;]\" \/>\n<meta property=\"og:url\" content=\"https:\/\/polifusion.com\/chile\/?product=juego-de-dados-fusion-para-monturas\" \/>\n<meta property=\"og:site_name\" content=\"Polifusi\u00f3n\" \/>\n<meta property=\"article:modified_time\" content=\"2025-04-16T13:06:05+00:00\" \/>\n<meta property=\"og:image\" content=\"https:\/\/polifusion.com\/chile\/wp-content\/uploads\/2025\/02\/juego-de-dados-para-montura.png\" \/>\n\t<meta property=\"og:image:width\" content=\"709\" \/>\n\t<meta property=\"og:image:height\" content=\"834\" \/>\n\t<meta property=\"og:image:type\" content=\"image\/png\" \/>\n<meta name=\"twitter:card\" content=\"summary_large_image\" \/>\n<meta name=\"twitter:label1\" content=\"Tiempo de lectura\" \/>\n\t<meta name=\"twitter:data1\" content=\"1 minuto\" \/>\n<script type=\"application\/ld+json\" class=\"yoast-schema-graph\">{\"@context\":\"https:\/\/schema.org\",\"@graph\":[{\"@type\":\"WebPage\",\"@id\":\"https:\/\/polifusion.com\/chile\/?product=juego-de-dados-fusion-para-monturas\",\"url\":\"https:\/\/polifusion.com\/chile\/?product=juego-de-dados-fusion-para-monturas\",\"name\":\"JUEGO DE DADOS FUSI\u00d3N PARA MONTURAS - Polifusi\u00f3n\",\"isPartOf\":{\"@id\":\"https:\/\/polifusion.com\/chile\/#website\"},\"primaryImageOfPage\":{\"@id\":\"https:\/\/polifusion.com\/chile\/?product=juego-de-dados-fusion-para-monturas#primaryimage\"},\"image\":{\"@id\":\"https:\/\/polifusion.com\/chile\/?product=juego-de-dados-fusion-para-monturas#primaryimage\"},\"thumbnailUrl\":\"https:\/\/polifusion.com\/chile\/wp-content\/uploads\/2025\/02\/juego-de-dados-para-montura.png\",\"datePublished\":\"2025-02-11T19:34:34+00:00\",\"dateModified\":\"2025-04-16T13:06:05+00:00\",\"breadcrumb\":{\"@id\":\"https:\/\/polifusion.com\/chile\/?product=juego-de-dados-fusion-para-monturas#breadcrumb\"},\"inLanguage\":\"es\",\"potentialAction\":[{\"@type\":\"ReadAction\",\"target\":[\"https:\/\/polifusion.com\/chile\/?product=juego-de-dados-fusion-para-monturas\"]}]},{\"@type\":\"ImageObject\",\"inLanguage\":\"es\",\"@id\":\"https:\/\/polifusion.com\/chile\/?product=juego-de-dados-fusion-para-monturas#primaryimage\",\"url\":\"https:\/\/polifusion.com\/chile\/wp-content\/uploads\/2025\/02\/juego-de-dados-para-montura.png\",\"contentUrl\":\"https:\/\/polifusion.com\/chile\/wp-content\/uploads\/2025\/02\/juego-de-dados-para-montura.png\",\"width\":709,\"height\":834,\"caption\":\"juego de dados para montura\"},{\"@type\":\"BreadcrumbList\",\"@id\":\"https:\/\/polifusion.com\/chile\/?product=juego-de-dados-fusion-para-monturas#breadcrumb\",\"itemListElement\":[{\"@type\":\"ListItem\",\"position\":1,\"name\":\"Portada\",\"item\":\"https:\/\/polifusion.com\/chile\/\"},{\"@type\":\"ListItem\",\"position\":2,\"name\":\"Tienda\",\"item\":\"https:\/\/polifusion.com\/chile\/tienda\/\"},{\"@type\":\"ListItem\",\"position\":3,\"name\":\"JUEGO DE DADOS FUSI\u00d3N PARA MONTURAS\"}]},{\"@type\":\"WebSite\",\"@id\":\"https:\/\/polifusion.com\/chile\/#website\",\"url\":\"https:\/\/polifusion.com\/chile\/\",\"name\":\"Polifusi\u00f3n\",\"description\":\"\",\"publisher\":{\"@id\":\"https:\/\/polifusion.com\/chile\/#organization\"},\"potentialAction\":[{\"@type\":\"SearchAction\",\"target\":{\"@type\":\"EntryPoint\",\"urlTemplate\":\"https:\/\/polifusion.com\/chile\/?s={search_term_string}\"},\"query-input\":{\"@type\":\"PropertyValueSpecification\",\"valueRequired\":true,\"valueName\":\"search_term_string\"}}],\"inLanguage\":\"es\"},{\"@type\":\"Organization\",\"@id\":\"https:\/\/polifusion.com\/chile\/#organization\",\"name\":\"Polifusi\u00f3n\",\"url\":\"https:\/\/polifusion.com\/chile\/\",\"logo\":{\"@type\":\"ImageObject\",\"inLanguage\":\"es\",\"@id\":\"https:\/\/polifusion.com\/chile\/#\/schema\/logo\/image\/\",\"url\":\"https:\/\/polifusion.com\/chile\/wp-content\/uploads\/2025\/06\/cropped-favicon_web_polifusion-2.png\",\"contentUrl\":\"https:\/\/polifusion.com\/chile\/wp-content\/uploads\/2025\/06\/cropped-favicon_web_polifusion-2.png\",\"width\":512,\"height\":512,\"caption\":\"Polifusi\u00f3n\"},\"image\":{\"@id\":\"https:\/\/polifusion.com\/chile\/#\/schema\/logo\/image\/\"},\"sameAs\":[\"https:\/\/www.instagram.com\/polifusion_chile\",\"https:\/\/www.linkedin.com\/company\/polifusin-chile\/\"]}]}<\/script>\n<!-- \/ Yoast SEO plugin. -->","yoast_head_json":{"title":"JUEGO DE DADOS FUSI\u00d3N PARA MONTURAS - Polifusi\u00f3n","robots":{"index":"index","follow":"follow","max-snippet":"max-snippet:-1","max-image-preview":"max-image-preview:large","max-video-preview":"max-video-preview:-1"},"canonical":"https:\/\/polifusion.com\/chile\/?product=juego-de-dados-fusion-para-monturas","og_locale":"es_ES","og_type":"article","og_title":"JUEGO DE DADOS FUSI\u00d3N PARA MONTURAS - Polifusi\u00f3n","og_description":"JUEGO DE DADOS FUSI\u00d3N PARA MONTURAS DIMENSI\u00d3N C\u00d3DIGO UNIDAD PRECIOS DADO MONTURA 50 x 20\/25 7000001002-5022 1 21.316 DADO MONTURA 63 x 20\/25 7000001002-6322 1 21.316 DADO MONTURA 75 x 20\/25 7000001002-7522 1 21.316 DADO MONTURA 90 x 20\/25 7000001002-9022 1 21.316 DADO MONTURA 110 x 20\/25 7000001002-1122 1 21.316 DADO MONTURA 125 x 20\/25 [&hellip;]","og_url":"https:\/\/polifusion.com\/chile\/?product=juego-de-dados-fusion-para-monturas","og_site_name":"Polifusi\u00f3n","article_modified_time":"2025-04-16T13:06:05+00:00","og_image":[{"width":709,"height":834,"url":"https:\/\/polifusion.com\/chile\/wp-content\/uploads\/2025\/02\/juego-de-dados-para-montura.png","type":"image\/png"}],"twitter_card":"summary_large_image","twitter_misc":{"Tiempo de lectura":"1 minuto"},"schema":{"@context":"https:\/\/schema.org","@graph":[{"@type":"WebPage","@id":"https:\/\/polifusion.com\/chile\/?product=juego-de-dados-fusion-para-monturas","url":"https:\/\/polifusion.com\/chile\/?product=juego-de-dados-fusion-para-monturas","name":"JUEGO DE DADOS FUSI\u00d3N PARA MONTURAS - Polifusi\u00f3n","isPartOf":{"@id":"https:\/\/polifusion.com\/chile\/#website"},"primaryImageOfPage":{"@id":"https:\/\/polifusion.com\/chile\/?product=juego-de-dados-fusion-para-monturas#primaryimage"},"image":{"@id":"https:\/\/polifusion.com\/chile\/?product=juego-de-dados-fusion-para-monturas#primaryimage"},"thumbnailUrl":"https:\/\/polifusion.com\/chile\/wp-content\/uploads\/2025\/02\/juego-de-dados-para-montura.png","datePublished":"2025-02-11T19:34:34+00:00","dateModified":"2025-04-16T13:06:05+00:00","breadcrumb":{"@id":"https:\/\/polifusion.com\/chile\/?product=juego-de-dados-fusion-para-monturas#breadcrumb"},"inLanguage":"es","potentialAction":[{"@type":"ReadAction","target":["https:\/\/polifusion.com\/chile\/?product=juego-de-dados-fusion-para-monturas"]}]},{"@type":"ImageObject","inLanguage":"es","@id":"https:\/\/polifusion.com\/chile\/?product=juego-de-dados-fusion-para-monturas#primaryimage","url":"https:\/\/polifusion.com\/chile\/wp-content\/uploads\/2025\/02\/juego-de-dados-para-montura.png","contentUrl":"https:\/\/polifusion.com\/chile\/wp-content\/uploads\/2025\/02\/juego-de-dados-para-montura.png","width":709,"height":834,"caption":"juego de dados para montura"},{"@type":"BreadcrumbList","@id":"https:\/\/polifusion.com\/chile\/?product=juego-de-dados-fusion-para-monturas#breadcrumb","itemListElement":[{"@type":"ListItem","position":1,"name":"Portada","item":"https:\/\/polifusion.com\/chile\/"},{"@type":"ListItem","position":2,"name":"Tienda","item":"https:\/\/polifusion.com\/chile\/tienda\/"},{"@type":"ListItem","position":3,"name":"JUEGO DE DADOS FUSI\u00d3N PARA MONTURAS"}]},{"@type":"WebSite","@id":"https:\/\/polifusion.com\/chile\/#website","url":"https:\/\/polifusion.com\/chile\/","name":"Polifusi\u00f3n","description":"","publisher":{"@id":"https:\/\/polifusion.com\/chile\/#organization"},"potentialAction":[{"@type":"SearchAction","target":{"@type":"EntryPoint","urlTemplate":"https:\/\/polifusion.com\/chile\/?s={search_term_string}"},"query-input":{"@type":"PropertyValueSpecification","valueRequired":true,"valueName":"search_term_string"}}],"inLanguage":"es"},{"@type":"Organization","@id":"https:\/\/polifusion.com\/chile\/#organization","name":"Polifusi\u00f3n","url":"https:\/\/polifusion.com\/chile\/","logo":{"@type":"ImageObject","inLanguage":"es","@id":"https:\/\/polifusion.com\/chile\/#\/schema\/logo\/image\/","url":"https:\/\/polifusion.com\/chile\/wp-content\/uploads\/2025\/06\/cropped-favicon_web_polifusion-2.png","contentUrl":"https:\/\/polifusion.com\/chile\/wp-content\/uploads\/2025\/06\/cropped-favicon_web_polifusion-2.png","width":512,"height":512,"caption":"Polifusi\u00f3n"},"image":{"@id":"https:\/\/polifusion.com\/chile\/#\/schema\/logo\/image\/"},"sameAs":["https:\/\/www.instagram.com\/polifusion_chile","https:\/\/www.linkedin.com\/company\/polifusin-chile\/"]}]}},"_links":{"self":[{"href":"https:\/\/polifusion.com\/chile\/wp-json\/wp\/v2\/product\/929","targetHints":{"allow":["GET"]}}],"collection":[{"href":"https:\/\/polifusion.com\/chile\/wp-json\/wp\/v2\/product"}],"about":[{"href":"https:\/\/polifusion.com\/chile\/wp-json\/wp\/v2\/types\/product"}],"replies":[{"embeddable":true,"href":"https:\/\/polifusion.com\/chile\/wp-json\/wp\/v2\/comments?post=929"}],"wp:featuredmedia":[{"embeddable":true,"href":"https:\/\/polifusion.com\/chile\/wp-json\/wp\/v2\/media\/3711"}],"wp:attachment":[{"href":"https:\/\/polifusion.com\/chile\/wp-json\/wp\/v2\/media?parent=929"}],"wp:term":[{"taxonomy":"product_brand","embeddable":true,"href":"https:\/\/polifusion.com\/chile\/wp-json\/wp\/v2\/product_brand?post=929"},{"taxonomy":"product_cat","embeddable":true,"href":"https:\/\/polifusion.com\/chile\/wp-json\/wp\/v2\/product_cat?post=929"},{"taxonomy":"product_tag","embeddable":true,"href":"https:\/\/polifusion.com\/chile\/wp-json\/wp\/v2\/product_tag?post=929"}],"curies":[{"name":"wp","href":"https:\/\/api.w.org\/{rel}","templated":true}]}}