{"id":917,"date":"2025-02-11T20:10:00","date_gmt":"2025-02-11T19:10:00","guid":{"rendered":"https:\/\/polifusion.com\/chile\/?post_type=product&#038;p=917"},"modified":"2025-04-25T21:27:07","modified_gmt":"2025-04-25T19:27:07","slug":"maquina-fusionadora-fusiotherm-1200-watts-y-1800-watts-con-caja-y-soporte-sin-dados","status":"publish","type":"product","link":"https:\/\/polifusion.com\/chile\/producto\/maquina-fusionadora-fusiotherm-1200-watts-y-1800-watts-con-caja-y-soporte-sin-dados\/","title":{"rendered":"M\u00c1QUINA FUSIONADORA \u201cFUSIOTHERM\u201d 1,200 WATTS Y 1,800 WATTS CON CAJA Y SOPORTE, SIN DADOS"},"content":{"rendered":"<table class=\"table table-striped tabla_polifusion\">\n<caption><strong>M\u00c1QUINA FUSIONADORA &#8220;FUSIOTHERM&#8221;<\/strong><br \/>\n1,200 WATTS Y 1,800 WATTS CON CAJA Y SOPORTE, SIN DADOS<\/caption>\n<thead>\n<tr>\n<th>DIMENSI\u00d3N<\/th>\n<th>C\u00d3DIGO<\/th>\n<th>U. x CAJA<\/th>\n<th>PRECIOS<\/th>\n<\/tr>\n<\/thead>\n<tbody>\n<tr>\n<td>M\u00c1QUINA FUSIOTHERM 1,200 WATTS<\/td>\n<td>7000001006-7125N<\/td>\n<td>1<\/td>\n<td><strong>156.807<\/strong><\/td>\n<\/tr>\n<tr>\n<td>M\u00c1QUINA FUSIOTHERM 1,800 WATTS<\/td>\n<td>7000001006-7160<\/td>\n<td>1<\/td>\n<td><strong>255.777<\/strong><\/td>\n<\/tr>\n<\/tbody>\n<\/table>\n","protected":false},"excerpt":{"rendered":"<p>M\u00c1QUINA FUSIONADORA &#8220;FUSIOTHERM&#8221; 1,200 WATTS Y 1,800 WATTS CON CAJA Y SOPORTE, SIN DADOS DIMENSI\u00d3N C\u00d3DIGO U. x CAJA PRECIOS M\u00c1QUINA FUSIOTHERM 1,200 WATTS 7000001006-7125N 1 156.807 M\u00c1QUINA FUSIOTHERM 1,800 WATTS 7000001006-7160 1 255.777<\/p>\n","protected":false},"featured_media":4480,"comment_status":"open","ping_status":"closed","template":"","meta":{"_joinchat":[]},"product_brand":[],"product_cat":[124],"product_tag":[],"class_list":{"0":"post-917","1":"product","2":"type-product","3":"status-publish","4":"has-post-thumbnail","6":"product_cat-fusiotherm-y-dados","8":"first","9":"instock","10":"shipping-taxable","11":"product-type-simple"},"yoast_head":"<!-- This site is optimized with the Yoast SEO plugin v27.0 - https:\/\/yoast.com\/product\/yoast-seo-wordpress\/ -->\n<title>M\u00c1QUINA FUSIONADORA \u201cFUSIOTHERM\u201d 1,200 WATTS Y 1,800 WATTS CON CAJA Y SOPORTE, SIN DADOS - Polifusi\u00f3n<\/title>\n<meta name=\"robots\" content=\"index, follow, max-snippet:-1, max-image-preview:large, max-video-preview:-1\" \/>\n<link rel=\"canonical\" href=\"https:\/\/polifusion.com\/chile\/?product=maquina-fusionadora-fusiotherm-1200-watts-y-1800-watts-con-caja-y-soporte-sin-dados\" \/>\n<meta property=\"og:locale\" content=\"es_ES\" \/>\n<meta property=\"og:type\" content=\"article\" \/>\n<meta property=\"og:title\" content=\"M\u00c1QUINA FUSIONADORA \u201cFUSIOTHERM\u201d 1,200 WATTS Y 1,800 WATTS CON CAJA Y SOPORTE, SIN DADOS - Polifusi\u00f3n\" \/>\n<meta property=\"og:description\" content=\"M\u00c1QUINA FUSIONADORA &#8220;FUSIOTHERM&#8221; 1,200 WATTS Y 1,800 WATTS CON CAJA Y SOPORTE, SIN DADOS DIMENSI\u00d3N C\u00d3DIGO U. x CAJA PRECIOS M\u00c1QUINA FUSIOTHERM 1,200 WATTS 7000001006-7125N 1 156.807 M\u00c1QUINA FUSIOTHERM 1,800 WATTS 7000001006-7160 1 255.777\" \/>\n<meta property=\"og:url\" content=\"https:\/\/polifusion.com\/chile\/?product=maquina-fusionadora-fusiotherm-1200-watts-y-1800-watts-con-caja-y-soporte-sin-dados\" \/>\n<meta property=\"og:site_name\" content=\"Polifusi\u00f3n\" \/>\n<meta property=\"article:modified_time\" content=\"2025-04-25T19:27:07+00:00\" \/>\n<meta property=\"og:image\" content=\"https:\/\/polifusion.com\/chile\/wp-content\/uploads\/2025\/02\/FUSIOTHERM-1200_WEB.png\" \/>\n\t<meta property=\"og:image:width\" content=\"709\" \/>\n\t<meta property=\"og:image:height\" content=\"834\" \/>\n\t<meta property=\"og:image:type\" content=\"image\/png\" \/>\n<meta name=\"twitter:card\" content=\"summary_large_image\" \/>\n<script type=\"application\/ld+json\" class=\"yoast-schema-graph\">{\"@context\":\"https:\/\/schema.org\",\"@graph\":[{\"@type\":\"WebPage\",\"@id\":\"https:\/\/polifusion.com\/chile\/?product=maquina-fusionadora-fusiotherm-1200-watts-y-1800-watts-con-caja-y-soporte-sin-dados\",\"url\":\"https:\/\/polifusion.com\/chile\/?product=maquina-fusionadora-fusiotherm-1200-watts-y-1800-watts-con-caja-y-soporte-sin-dados\",\"name\":\"M\u00c1QUINA FUSIONADORA \u201cFUSIOTHERM\u201d 1,200 WATTS Y 1,800 WATTS CON CAJA Y SOPORTE, SIN DADOS - Polifusi\u00f3n\",\"isPartOf\":{\"@id\":\"https:\/\/polifusion.com\/chile\/#website\"},\"primaryImageOfPage\":{\"@id\":\"https:\/\/polifusion.com\/chile\/?product=maquina-fusionadora-fusiotherm-1200-watts-y-1800-watts-con-caja-y-soporte-sin-dados#primaryimage\"},\"image\":{\"@id\":\"https:\/\/polifusion.com\/chile\/?product=maquina-fusionadora-fusiotherm-1200-watts-y-1800-watts-con-caja-y-soporte-sin-dados#primaryimage\"},\"thumbnailUrl\":\"https:\/\/polifusion.com\/chile\/wp-content\/uploads\/2025\/02\/FUSIOTHERM-1200_WEB.png\",\"datePublished\":\"2025-02-11T19:10:00+00:00\",\"dateModified\":\"2025-04-25T19:27:07+00:00\",\"breadcrumb\":{\"@id\":\"https:\/\/polifusion.com\/chile\/?product=maquina-fusionadora-fusiotherm-1200-watts-y-1800-watts-con-caja-y-soporte-sin-dados#breadcrumb\"},\"inLanguage\":\"es\",\"potentialAction\":[{\"@type\":\"ReadAction\",\"target\":[\"https:\/\/polifusion.com\/chile\/?product=maquina-fusionadora-fusiotherm-1200-watts-y-1800-watts-con-caja-y-soporte-sin-dados\"]}]},{\"@type\":\"ImageObject\",\"inLanguage\":\"es\",\"@id\":\"https:\/\/polifusion.com\/chile\/?product=maquina-fusionadora-fusiotherm-1200-watts-y-1800-watts-con-caja-y-soporte-sin-dados#primaryimage\",\"url\":\"https:\/\/polifusion.com\/chile\/wp-content\/uploads\/2025\/02\/FUSIOTHERM-1200_WEB.png\",\"contentUrl\":\"https:\/\/polifusion.com\/chile\/wp-content\/uploads\/2025\/02\/FUSIOTHERM-1200_WEB.png\",\"width\":709,\"height\":834},{\"@type\":\"BreadcrumbList\",\"@id\":\"https:\/\/polifusion.com\/chile\/?product=maquina-fusionadora-fusiotherm-1200-watts-y-1800-watts-con-caja-y-soporte-sin-dados#breadcrumb\",\"itemListElement\":[{\"@type\":\"ListItem\",\"position\":1,\"name\":\"Portada\",\"item\":\"https:\/\/polifusion.com\/chile\/\"},{\"@type\":\"ListItem\",\"position\":2,\"name\":\"Tienda\",\"item\":\"https:\/\/polifusion.com\/chile\/tienda\/\"},{\"@type\":\"ListItem\",\"position\":3,\"name\":\"M\u00c1QUINA FUSIONADORA \u201cFUSIOTHERM\u201d 1,200 WATTS Y 1,800 WATTS CON CAJA Y SOPORTE, SIN DADOS\"}]},{\"@type\":\"WebSite\",\"@id\":\"https:\/\/polifusion.com\/chile\/#website\",\"url\":\"https:\/\/polifusion.com\/chile\/\",\"name\":\"Polifusi\u00f3n\",\"description\":\"\",\"publisher\":{\"@id\":\"https:\/\/polifusion.com\/chile\/#organization\"},\"potentialAction\":[{\"@type\":\"SearchAction\",\"target\":{\"@type\":\"EntryPoint\",\"urlTemplate\":\"https:\/\/polifusion.com\/chile\/?s={search_term_string}\"},\"query-input\":{\"@type\":\"PropertyValueSpecification\",\"valueRequired\":true,\"valueName\":\"search_term_string\"}}],\"inLanguage\":\"es\"},{\"@type\":\"Organization\",\"@id\":\"https:\/\/polifusion.com\/chile\/#organization\",\"name\":\"Polifusi\u00f3n\",\"url\":\"https:\/\/polifusion.com\/chile\/\",\"logo\":{\"@type\":\"ImageObject\",\"inLanguage\":\"es\",\"@id\":\"https:\/\/polifusion.com\/chile\/#\/schema\/logo\/image\/\",\"url\":\"https:\/\/polifusion.com\/chile\/wp-content\/uploads\/2025\/06\/cropped-favicon_web_polifusion-2.png\",\"contentUrl\":\"https:\/\/polifusion.com\/chile\/wp-content\/uploads\/2025\/06\/cropped-favicon_web_polifusion-2.png\",\"width\":512,\"height\":512,\"caption\":\"Polifusi\u00f3n\"},\"image\":{\"@id\":\"https:\/\/polifusion.com\/chile\/#\/schema\/logo\/image\/\"},\"sameAs\":[\"https:\/\/www.instagram.com\/polifusion_chile\",\"https:\/\/www.linkedin.com\/company\/polifusin-chile\/\"]}]}<\/script>\n<!-- \/ Yoast SEO plugin. -->","yoast_head_json":{"title":"M\u00c1QUINA FUSIONADORA \u201cFUSIOTHERM\u201d 1,200 WATTS Y 1,800 WATTS CON CAJA Y SOPORTE, SIN DADOS - Polifusi\u00f3n","robots":{"index":"index","follow":"follow","max-snippet":"max-snippet:-1","max-image-preview":"max-image-preview:large","max-video-preview":"max-video-preview:-1"},"canonical":"https:\/\/polifusion.com\/chile\/?product=maquina-fusionadora-fusiotherm-1200-watts-y-1800-watts-con-caja-y-soporte-sin-dados","og_locale":"es_ES","og_type":"article","og_title":"M\u00c1QUINA FUSIONADORA \u201cFUSIOTHERM\u201d 1,200 WATTS Y 1,800 WATTS CON CAJA Y SOPORTE, SIN DADOS - Polifusi\u00f3n","og_description":"M\u00c1QUINA FUSIONADORA &#8220;FUSIOTHERM&#8221; 1,200 WATTS Y 1,800 WATTS CON CAJA Y SOPORTE, SIN DADOS DIMENSI\u00d3N C\u00d3DIGO U. x CAJA PRECIOS M\u00c1QUINA FUSIOTHERM 1,200 WATTS 7000001006-7125N 1 156.807 M\u00c1QUINA FUSIOTHERM 1,800 WATTS 7000001006-7160 1 255.777","og_url":"https:\/\/polifusion.com\/chile\/?product=maquina-fusionadora-fusiotherm-1200-watts-y-1800-watts-con-caja-y-soporte-sin-dados","og_site_name":"Polifusi\u00f3n","article_modified_time":"2025-04-25T19:27:07+00:00","og_image":[{"width":709,"height":834,"url":"https:\/\/polifusion.com\/chile\/wp-content\/uploads\/2025\/02\/FUSIOTHERM-1200_WEB.png","type":"image\/png"}],"twitter_card":"summary_large_image","schema":{"@context":"https:\/\/schema.org","@graph":[{"@type":"WebPage","@id":"https:\/\/polifusion.com\/chile\/?product=maquina-fusionadora-fusiotherm-1200-watts-y-1800-watts-con-caja-y-soporte-sin-dados","url":"https:\/\/polifusion.com\/chile\/?product=maquina-fusionadora-fusiotherm-1200-watts-y-1800-watts-con-caja-y-soporte-sin-dados","name":"M\u00c1QUINA FUSIONADORA \u201cFUSIOTHERM\u201d 1,200 WATTS Y 1,800 WATTS CON CAJA Y SOPORTE, SIN DADOS - Polifusi\u00f3n","isPartOf":{"@id":"https:\/\/polifusion.com\/chile\/#website"},"primaryImageOfPage":{"@id":"https:\/\/polifusion.com\/chile\/?product=maquina-fusionadora-fusiotherm-1200-watts-y-1800-watts-con-caja-y-soporte-sin-dados#primaryimage"},"image":{"@id":"https:\/\/polifusion.com\/chile\/?product=maquina-fusionadora-fusiotherm-1200-watts-y-1800-watts-con-caja-y-soporte-sin-dados#primaryimage"},"thumbnailUrl":"https:\/\/polifusion.com\/chile\/wp-content\/uploads\/2025\/02\/FUSIOTHERM-1200_WEB.png","datePublished":"2025-02-11T19:10:00+00:00","dateModified":"2025-04-25T19:27:07+00:00","breadcrumb":{"@id":"https:\/\/polifusion.com\/chile\/?product=maquina-fusionadora-fusiotherm-1200-watts-y-1800-watts-con-caja-y-soporte-sin-dados#breadcrumb"},"inLanguage":"es","potentialAction":[{"@type":"ReadAction","target":["https:\/\/polifusion.com\/chile\/?product=maquina-fusionadora-fusiotherm-1200-watts-y-1800-watts-con-caja-y-soporte-sin-dados"]}]},{"@type":"ImageObject","inLanguage":"es","@id":"https:\/\/polifusion.com\/chile\/?product=maquina-fusionadora-fusiotherm-1200-watts-y-1800-watts-con-caja-y-soporte-sin-dados#primaryimage","url":"https:\/\/polifusion.com\/chile\/wp-content\/uploads\/2025\/02\/FUSIOTHERM-1200_WEB.png","contentUrl":"https:\/\/polifusion.com\/chile\/wp-content\/uploads\/2025\/02\/FUSIOTHERM-1200_WEB.png","width":709,"height":834},{"@type":"BreadcrumbList","@id":"https:\/\/polifusion.com\/chile\/?product=maquina-fusionadora-fusiotherm-1200-watts-y-1800-watts-con-caja-y-soporte-sin-dados#breadcrumb","itemListElement":[{"@type":"ListItem","position":1,"name":"Portada","item":"https:\/\/polifusion.com\/chile\/"},{"@type":"ListItem","position":2,"name":"Tienda","item":"https:\/\/polifusion.com\/chile\/tienda\/"},{"@type":"ListItem","position":3,"name":"M\u00c1QUINA FUSIONADORA \u201cFUSIOTHERM\u201d 1,200 WATTS Y 1,800 WATTS CON CAJA Y SOPORTE, SIN DADOS"}]},{"@type":"WebSite","@id":"https:\/\/polifusion.com\/chile\/#website","url":"https:\/\/polifusion.com\/chile\/","name":"Polifusi\u00f3n","description":"","publisher":{"@id":"https:\/\/polifusion.com\/chile\/#organization"},"potentialAction":[{"@type":"SearchAction","target":{"@type":"EntryPoint","urlTemplate":"https:\/\/polifusion.com\/chile\/?s={search_term_string}"},"query-input":{"@type":"PropertyValueSpecification","valueRequired":true,"valueName":"search_term_string"}}],"inLanguage":"es"},{"@type":"Organization","@id":"https:\/\/polifusion.com\/chile\/#organization","name":"Polifusi\u00f3n","url":"https:\/\/polifusion.com\/chile\/","logo":{"@type":"ImageObject","inLanguage":"es","@id":"https:\/\/polifusion.com\/chile\/#\/schema\/logo\/image\/","url":"https:\/\/polifusion.com\/chile\/wp-content\/uploads\/2025\/06\/cropped-favicon_web_polifusion-2.png","contentUrl":"https:\/\/polifusion.com\/chile\/wp-content\/uploads\/2025\/06\/cropped-favicon_web_polifusion-2.png","width":512,"height":512,"caption":"Polifusi\u00f3n"},"image":{"@id":"https:\/\/polifusion.com\/chile\/#\/schema\/logo\/image\/"},"sameAs":["https:\/\/www.instagram.com\/polifusion_chile","https:\/\/www.linkedin.com\/company\/polifusin-chile\/"]}]}},"_links":{"self":[{"href":"https:\/\/polifusion.com\/chile\/wp-json\/wp\/v2\/product\/917","targetHints":{"allow":["GET"]}}],"collection":[{"href":"https:\/\/polifusion.com\/chile\/wp-json\/wp\/v2\/product"}],"about":[{"href":"https:\/\/polifusion.com\/chile\/wp-json\/wp\/v2\/types\/product"}],"replies":[{"embeddable":true,"href":"https:\/\/polifusion.com\/chile\/wp-json\/wp\/v2\/comments?post=917"}],"wp:featuredmedia":[{"embeddable":true,"href":"https:\/\/polifusion.com\/chile\/wp-json\/wp\/v2\/media\/4480"}],"wp:attachment":[{"href":"https:\/\/polifusion.com\/chile\/wp-json\/wp\/v2\/media?parent=917"}],"wp:term":[{"taxonomy":"product_brand","embeddable":true,"href":"https:\/\/polifusion.com\/chile\/wp-json\/wp\/v2\/product_brand?post=917"},{"taxonomy":"product_cat","embeddable":true,"href":"https:\/\/polifusion.com\/chile\/wp-json\/wp\/v2\/product_cat?post=917"},{"taxonomy":"product_tag","embeddable":true,"href":"https:\/\/polifusion.com\/chile\/wp-json\/wp\/v2\/product_tag?post=917"}],"curies":[{"name":"wp","href":"https:\/\/api.w.org\/{rel}","templated":true}]}}