{"id":866,"date":"2025-01-08T00:23:14","date_gmt":"2025-01-07T23:23:14","guid":{"rendered":"https:\/\/polifusion.com\/chile\/?post_type=product&#038;p=866"},"modified":"2025-04-21T18:27:26","modified_gmt":"2025-04-21T16:27:26","slug":"collarines-mecanicos-con-refuerzo-anillo-pernos-y-tuercas-inox-unidelta-hdpe-100-pn16-sdr-11-2","status":"publish","type":"product","link":"https:\/\/polifusion.com\/chile\/producto\/collarines-mecanicos-con-refuerzo-anillo-pernos-y-tuercas-inox-unidelta-hdpe-100-pn16-sdr-11-2\/","title":{"rendered":"COLLARINES MECANICOS CON REFUERZO  ANILLO, PERNOS Y TUERCAS INOX. UNIDELTA HDPE-100, PN16, SDR 11"},"content":{"rendered":"<table style=\"border-collapse: collapse; width: 100%;\" border=\"1\">\n<thead>\n<tr style=\"background-color: #7bafd4; color: white; text-align: center;\">\n<th colspan=\"4\">COLLARINES MEC\u00c1NICOS CON REFUERZO<\/th>\n<\/tr>\n<tr style=\"background-color: #b0cde2; text-align: center;\">\n<th colspan=\"4\">ANILLO, PERNOS Y TUERCAS INOX. UNIDELTA HDPE-100, PN16, SDR 11<\/th>\n<\/tr>\n<tr style=\"background-color: #a7cce0; text-align: center;\">\n<th>DIMENSI\u00d3N<\/th>\n<th>C\u00d3DIGO<\/th>\n<th>UNIDADES<\/th>\n<th>PRECIO UNITARIO<\/th>\n<\/tr>\n<\/thead>\n<tbody>\n<tr style=\"text-align: center;\">\n<td>COLLARIN 50mm x 1\u201d<\/td>\n<td>3800004000-5010<\/td>\n<td>80<\/td>\n<td>2.518<\/td>\n<\/tr>\n<tr style=\"text-align: center;\">\n<td>COLLARIN 63mm x 1\u201d<\/td>\n<td>3800004000-6310<\/td>\n<td>55<\/td>\n<td>2.677<\/td>\n<\/tr>\n<tr style=\"text-align: center;\">\n<td>COLLARIN 63mm x 1 1\/4\u201d<\/td>\n<td>3800004000-6114<\/td>\n<td>55<\/td>\n<td>2.677<\/td>\n<\/tr>\n<tr style=\"text-align: center;\">\n<td>COLLARIN 63mm x 1 1\/2\u201d<\/td>\n<td>3800004000-6012<\/td>\n<td>55<\/td>\n<td>2.677<\/td>\n<\/tr>\n<tr style=\"text-align: center;\">\n<td>COLLARIN 75mm x 1\u201d<\/td>\n<td>3800004000-7510<\/td>\n<td>40<\/td>\n<td>3.749<\/td>\n<\/tr>\n<tr style=\"text-align: center;\">\n<td>COLLARIN 75mm x 1 1\/4\u201d<\/td>\n<td>3800004000-7114<\/td>\n<td>40<\/td>\n<td>3.749<\/td>\n<\/tr>\n<tr style=\"text-align: center;\">\n<td>COLLARIN 75mm x 1 1\/2\u201d<\/td>\n<td>3800004000-7112<\/td>\n<td>40<\/td>\n<td>3.749<\/td>\n<\/tr>\n<tr style=\"text-align: center;\">\n<td>COLLARIN 75mm x 2\u201d<\/td>\n<td>3800004000-7520<\/td>\n<td>40<\/td>\n<td>3.749<\/td>\n<\/tr>\n<tr style=\"text-align: center;\">\n<td>COLLARIN 90mm x 1\u201d<\/td>\n<td>3800004000-9010<\/td>\n<td>30<\/td>\n<td>4.295<\/td>\n<\/tr>\n<tr style=\"text-align: center;\">\n<td>COLLARIN 90mm x 1 1\/4\u201d<\/td>\n<td>3800004000-9114<\/td>\n<td>30<\/td>\n<td>4.295<\/td>\n<\/tr>\n<tr style=\"text-align: center;\">\n<td>COLLARIN 90mm x 1 1\/2\u201d<\/td>\n<td>3800004000-9112<\/td>\n<td>30<\/td>\n<td>4.295<\/td>\n<\/tr>\n<tr style=\"text-align: center;\">\n<td>COLLARIN 90mm x 2\u201d<\/td>\n<td>3800004000-9020<\/td>\n<td>30<\/td>\n<td>4.295<\/td>\n<\/tr>\n<tr style=\"text-align: center;\">\n<td>COLLARIN 110mm x 1\u201d<\/td>\n<td>3800004000-1110<\/td>\n<td>19<\/td>\n<td>4.857<\/td>\n<\/tr>\n<tr style=\"text-align: center;\">\n<td>COLLARIN 110mm x 1 1\/4\u201d<\/td>\n<td>3800004000-1114<\/td>\n<td>19<\/td>\n<td>4.857<\/td>\n<\/tr>\n<tr style=\"text-align: center;\">\n<td>COLLARIN 110mm x 1 1\/2\u201d<\/td>\n<td>3800004000-1112<\/td>\n<td>19<\/td>\n<td>4.857<\/td>\n<\/tr>\n<tr style=\"text-align: center;\">\n<td>COLLARIN 110mm x 2\u201d<\/td>\n<td>3800004000-1120<\/td>\n<td>19<\/td>\n<td>4.857<\/td>\n<\/tr>\n<tr style=\"text-align: center;\">\n<td>COLLARIN 125mm x 1\u201d<\/td>\n<td>3800004000-1210<\/td>\n<td>12<\/td>\n<td>8.104<\/td>\n<\/tr>\n<tr style=\"text-align: center;\">\n<td>COLLARIN 125mm x 1 1\/4\u201d<\/td>\n<td>3800004000-1214<\/td>\n<td>12<\/td>\n<td>8.104<\/td>\n<\/tr>\n<tr style=\"text-align: center;\">\n<td>COLLARIN 125mm x 1 1\/2\u201d<\/td>\n<td>3800004000-1251<\/td>\n<td>12<\/td>\n<td>8.104<\/td>\n<\/tr>\n<tr style=\"text-align: center;\">\n<td>COLLARIN 125mm x 2\u201d<\/td>\n<td>3800004000-1220<\/td>\n<td>12<\/td>\n<td>8.104<\/td>\n<\/tr>\n<tr style=\"text-align: center;\">\n<td>COLLARIN 160mm x 1\u201d<\/td>\n<td>3800004000-1610<\/td>\n<td>13<\/td>\n<td>16.034<\/td>\n<\/tr>\n<tr style=\"text-align: center;\">\n<td>COLLARIN 160mm x 1 1\/4\u201d<\/td>\n<td>3800004000-1614<\/td>\n<td>13<\/td>\n<td>16.034<\/td>\n<\/tr>\n<tr style=\"text-align: center;\">\n<td>COLLARIN 160mm x 1 1\/2\u201d<\/td>\n<td>3800004000-6112<\/td>\n<td>13<\/td>\n<td>16.034<\/td>\n<\/tr>\n<tr style=\"text-align: center;\">\n<td>COLLARIN 160mm x 2\u201d<\/td>\n<td>3800004000-1620<\/td>\n<td>13<\/td>\n<td>18.295<\/td>\n<\/tr>\n<\/tbody>\n<\/table>\n","protected":false},"excerpt":{"rendered":"<p>COLLARINES MEC\u00c1NICOS CON REFUERZO ANILLO, PERNOS Y TUERCAS INOX. UNIDELTA HDPE-100, PN16, SDR 11 DIMENSI\u00d3N C\u00d3DIGO UNIDADES PRECIO UNITARIO COLLARIN 50mm x 1\u201d 3800004000-5010 80 2.518 COLLARIN 63mm x 1\u201d 3800004000-6310 55 2.677 COLLARIN 63mm x 1 1\/4\u201d 3800004000-6114 55 2.677 COLLARIN 63mm x 1 1\/2\u201d 3800004000-6012 55 2.677 COLLARIN 75mm x 1\u201d 3800004000-7510 40 [&hellip;]<\/p>\n","protected":false},"featured_media":4260,"comment_status":"open","ping_status":"closed","template":"","meta":{"_joinchat":[]},"product_brand":[],"product_cat":[105,128,119],"product_tag":[],"class_list":{"0":"post-866","1":"product","2":"type-product","3":"status-publish","4":"has-post-thumbnail","6":"product_cat-fittings-hdpe","7":"product_cat-fittings-hdpe-electrofusion","8":"product_cat-linea-arranque-domiciliario","10":"first","11":"instock","12":"shipping-taxable","13":"product-type-simple"},"yoast_head":"<!-- This site is optimized with the Yoast SEO plugin v27.0 - https:\/\/yoast.com\/product\/yoast-seo-wordpress\/ -->\n<title>COLLARINES MECANICOS CON REFUERZO ANILLO, PERNOS Y TUERCAS INOX. UNIDELTA HDPE-100, PN16, SDR 11 - Polifusi\u00f3n<\/title>\n<meta name=\"robots\" content=\"index, follow, max-snippet:-1, max-image-preview:large, max-video-preview:-1\" \/>\n<link rel=\"canonical\" href=\"https:\/\/polifusion.com\/chile\/?product=collarines-mecanicos-con-refuerzo-anillo-pernos-y-tuercas-inox-unidelta-hdpe-100-pn16-sdr-11-2\" \/>\n<meta property=\"og:locale\" content=\"es_ES\" \/>\n<meta property=\"og:type\" content=\"article\" \/>\n<meta property=\"og:title\" content=\"COLLARINES MECANICOS CON REFUERZO ANILLO, PERNOS Y TUERCAS INOX. UNIDELTA HDPE-100, PN16, SDR 11 - Polifusi\u00f3n\" \/>\n<meta property=\"og:description\" content=\"COLLARINES MEC\u00c1NICOS CON REFUERZO ANILLO, PERNOS Y TUERCAS INOX. UNIDELTA HDPE-100, PN16, SDR 11 DIMENSI\u00d3N C\u00d3DIGO UNIDADES PRECIO UNITARIO COLLARIN 50mm x 1\u201d 3800004000-5010 80 2.518 COLLARIN 63mm x 1\u201d 3800004000-6310 55 2.677 COLLARIN 63mm x 1 1\/4\u201d 3800004000-6114 55 2.677 COLLARIN 63mm x 1 1\/2\u201d 3800004000-6012 55 2.677 COLLARIN 75mm x 1\u201d 3800004000-7510 40 [&hellip;]\" \/>\n<meta property=\"og:url\" content=\"https:\/\/polifusion.com\/chile\/?product=collarines-mecanicos-con-refuerzo-anillo-pernos-y-tuercas-inox-unidelta-hdpe-100-pn16-sdr-11-2\" \/>\n<meta property=\"og:site_name\" content=\"Polifusi\u00f3n\" \/>\n<meta property=\"article:modified_time\" content=\"2025-04-21T16:27:26+00:00\" \/>\n<meta property=\"og:image\" content=\"https:\/\/polifusion.com\/chile\/wp-content\/uploads\/2025\/02\/collarin-mecanico_web.png\" \/>\n\t<meta property=\"og:image:width\" content=\"709\" \/>\n\t<meta property=\"og:image:height\" content=\"834\" \/>\n\t<meta property=\"og:image:type\" content=\"image\/png\" \/>\n<meta name=\"twitter:card\" content=\"summary_large_image\" \/>\n<meta name=\"twitter:label1\" content=\"Tiempo de lectura\" \/>\n\t<meta name=\"twitter:data1\" content=\"1 minuto\" \/>\n<script type=\"application\/ld+json\" class=\"yoast-schema-graph\">{\"@context\":\"https:\/\/schema.org\",\"@graph\":[{\"@type\":\"WebPage\",\"@id\":\"https:\/\/polifusion.com\/chile\/?product=collarines-mecanicos-con-refuerzo-anillo-pernos-y-tuercas-inox-unidelta-hdpe-100-pn16-sdr-11-2\",\"url\":\"https:\/\/polifusion.com\/chile\/?product=collarines-mecanicos-con-refuerzo-anillo-pernos-y-tuercas-inox-unidelta-hdpe-100-pn16-sdr-11-2\",\"name\":\"COLLARINES MECANICOS CON REFUERZO ANILLO, PERNOS Y TUERCAS INOX. UNIDELTA HDPE-100, PN16, SDR 11 - Polifusi\u00f3n\",\"isPartOf\":{\"@id\":\"https:\/\/polifusion.com\/chile\/#website\"},\"primaryImageOfPage\":{\"@id\":\"https:\/\/polifusion.com\/chile\/?product=collarines-mecanicos-con-refuerzo-anillo-pernos-y-tuercas-inox-unidelta-hdpe-100-pn16-sdr-11-2#primaryimage\"},\"image\":{\"@id\":\"https:\/\/polifusion.com\/chile\/?product=collarines-mecanicos-con-refuerzo-anillo-pernos-y-tuercas-inox-unidelta-hdpe-100-pn16-sdr-11-2#primaryimage\"},\"thumbnailUrl\":\"https:\/\/polifusion.com\/chile\/wp-content\/uploads\/2025\/02\/collarin-mecanico_web.png\",\"datePublished\":\"2025-01-07T23:23:14+00:00\",\"dateModified\":\"2025-04-21T16:27:26+00:00\",\"breadcrumb\":{\"@id\":\"https:\/\/polifusion.com\/chile\/?product=collarines-mecanicos-con-refuerzo-anillo-pernos-y-tuercas-inox-unidelta-hdpe-100-pn16-sdr-11-2#breadcrumb\"},\"inLanguage\":\"es\",\"potentialAction\":[{\"@type\":\"ReadAction\",\"target\":[\"https:\/\/polifusion.com\/chile\/?product=collarines-mecanicos-con-refuerzo-anillo-pernos-y-tuercas-inox-unidelta-hdpe-100-pn16-sdr-11-2\"]}]},{\"@type\":\"ImageObject\",\"inLanguage\":\"es\",\"@id\":\"https:\/\/polifusion.com\/chile\/?product=collarines-mecanicos-con-refuerzo-anillo-pernos-y-tuercas-inox-unidelta-hdpe-100-pn16-sdr-11-2#primaryimage\",\"url\":\"https:\/\/polifusion.com\/chile\/wp-content\/uploads\/2025\/02\/collarin-mecanico_web.png\",\"contentUrl\":\"https:\/\/polifusion.com\/chile\/wp-content\/uploads\/2025\/02\/collarin-mecanico_web.png\",\"width\":709,\"height\":834},{\"@type\":\"BreadcrumbList\",\"@id\":\"https:\/\/polifusion.com\/chile\/?product=collarines-mecanicos-con-refuerzo-anillo-pernos-y-tuercas-inox-unidelta-hdpe-100-pn16-sdr-11-2#breadcrumb\",\"itemListElement\":[{\"@type\":\"ListItem\",\"position\":1,\"name\":\"Portada\",\"item\":\"https:\/\/polifusion.com\/chile\/\"},{\"@type\":\"ListItem\",\"position\":2,\"name\":\"Tienda\",\"item\":\"https:\/\/polifusion.com\/chile\/tienda\/\"},{\"@type\":\"ListItem\",\"position\":3,\"name\":\"COLLARINES MECANICOS CON REFUERZO ANILLO, PERNOS Y TUERCAS INOX. UNIDELTA HDPE-100, PN16, SDR 11\"}]},{\"@type\":\"WebSite\",\"@id\":\"https:\/\/polifusion.com\/chile\/#website\",\"url\":\"https:\/\/polifusion.com\/chile\/\",\"name\":\"Polifusi\u00f3n\",\"description\":\"\",\"publisher\":{\"@id\":\"https:\/\/polifusion.com\/chile\/#organization\"},\"potentialAction\":[{\"@type\":\"SearchAction\",\"target\":{\"@type\":\"EntryPoint\",\"urlTemplate\":\"https:\/\/polifusion.com\/chile\/?s={search_term_string}\"},\"query-input\":{\"@type\":\"PropertyValueSpecification\",\"valueRequired\":true,\"valueName\":\"search_term_string\"}}],\"inLanguage\":\"es\"},{\"@type\":\"Organization\",\"@id\":\"https:\/\/polifusion.com\/chile\/#organization\",\"name\":\"Polifusi\u00f3n\",\"url\":\"https:\/\/polifusion.com\/chile\/\",\"logo\":{\"@type\":\"ImageObject\",\"inLanguage\":\"es\",\"@id\":\"https:\/\/polifusion.com\/chile\/#\/schema\/logo\/image\/\",\"url\":\"https:\/\/polifusion.com\/chile\/wp-content\/uploads\/2025\/06\/cropped-favicon_web_polifusion-2.png\",\"contentUrl\":\"https:\/\/polifusion.com\/chile\/wp-content\/uploads\/2025\/06\/cropped-favicon_web_polifusion-2.png\",\"width\":512,\"height\":512,\"caption\":\"Polifusi\u00f3n\"},\"image\":{\"@id\":\"https:\/\/polifusion.com\/chile\/#\/schema\/logo\/image\/\"},\"sameAs\":[\"https:\/\/www.instagram.com\/polifusion_chile\",\"https:\/\/www.linkedin.com\/company\/polifusin-chile\/\"]}]}<\/script>\n<!-- \/ Yoast SEO plugin. -->","yoast_head_json":{"title":"COLLARINES MECANICOS CON REFUERZO ANILLO, PERNOS Y TUERCAS INOX. UNIDELTA HDPE-100, PN16, SDR 11 - Polifusi\u00f3n","robots":{"index":"index","follow":"follow","max-snippet":"max-snippet:-1","max-image-preview":"max-image-preview:large","max-video-preview":"max-video-preview:-1"},"canonical":"https:\/\/polifusion.com\/chile\/?product=collarines-mecanicos-con-refuerzo-anillo-pernos-y-tuercas-inox-unidelta-hdpe-100-pn16-sdr-11-2","og_locale":"es_ES","og_type":"article","og_title":"COLLARINES MECANICOS CON REFUERZO ANILLO, PERNOS Y TUERCAS INOX. UNIDELTA HDPE-100, PN16, SDR 11 - Polifusi\u00f3n","og_description":"COLLARINES MEC\u00c1NICOS CON REFUERZO ANILLO, PERNOS Y TUERCAS INOX. UNIDELTA HDPE-100, PN16, SDR 11 DIMENSI\u00d3N C\u00d3DIGO UNIDADES PRECIO UNITARIO COLLARIN 50mm x 1\u201d 3800004000-5010 80 2.518 COLLARIN 63mm x 1\u201d 3800004000-6310 55 2.677 COLLARIN 63mm x 1 1\/4\u201d 3800004000-6114 55 2.677 COLLARIN 63mm x 1 1\/2\u201d 3800004000-6012 55 2.677 COLLARIN 75mm x 1\u201d 3800004000-7510 40 [&hellip;]","og_url":"https:\/\/polifusion.com\/chile\/?product=collarines-mecanicos-con-refuerzo-anillo-pernos-y-tuercas-inox-unidelta-hdpe-100-pn16-sdr-11-2","og_site_name":"Polifusi\u00f3n","article_modified_time":"2025-04-21T16:27:26+00:00","og_image":[{"width":709,"height":834,"url":"https:\/\/polifusion.com\/chile\/wp-content\/uploads\/2025\/02\/collarin-mecanico_web.png","type":"image\/png"}],"twitter_card":"summary_large_image","twitter_misc":{"Tiempo de lectura":"1 minuto"},"schema":{"@context":"https:\/\/schema.org","@graph":[{"@type":"WebPage","@id":"https:\/\/polifusion.com\/chile\/?product=collarines-mecanicos-con-refuerzo-anillo-pernos-y-tuercas-inox-unidelta-hdpe-100-pn16-sdr-11-2","url":"https:\/\/polifusion.com\/chile\/?product=collarines-mecanicos-con-refuerzo-anillo-pernos-y-tuercas-inox-unidelta-hdpe-100-pn16-sdr-11-2","name":"COLLARINES MECANICOS CON REFUERZO ANILLO, PERNOS Y TUERCAS INOX. UNIDELTA HDPE-100, PN16, SDR 11 - Polifusi\u00f3n","isPartOf":{"@id":"https:\/\/polifusion.com\/chile\/#website"},"primaryImageOfPage":{"@id":"https:\/\/polifusion.com\/chile\/?product=collarines-mecanicos-con-refuerzo-anillo-pernos-y-tuercas-inox-unidelta-hdpe-100-pn16-sdr-11-2#primaryimage"},"image":{"@id":"https:\/\/polifusion.com\/chile\/?product=collarines-mecanicos-con-refuerzo-anillo-pernos-y-tuercas-inox-unidelta-hdpe-100-pn16-sdr-11-2#primaryimage"},"thumbnailUrl":"https:\/\/polifusion.com\/chile\/wp-content\/uploads\/2025\/02\/collarin-mecanico_web.png","datePublished":"2025-01-07T23:23:14+00:00","dateModified":"2025-04-21T16:27:26+00:00","breadcrumb":{"@id":"https:\/\/polifusion.com\/chile\/?product=collarines-mecanicos-con-refuerzo-anillo-pernos-y-tuercas-inox-unidelta-hdpe-100-pn16-sdr-11-2#breadcrumb"},"inLanguage":"es","potentialAction":[{"@type":"ReadAction","target":["https:\/\/polifusion.com\/chile\/?product=collarines-mecanicos-con-refuerzo-anillo-pernos-y-tuercas-inox-unidelta-hdpe-100-pn16-sdr-11-2"]}]},{"@type":"ImageObject","inLanguage":"es","@id":"https:\/\/polifusion.com\/chile\/?product=collarines-mecanicos-con-refuerzo-anillo-pernos-y-tuercas-inox-unidelta-hdpe-100-pn16-sdr-11-2#primaryimage","url":"https:\/\/polifusion.com\/chile\/wp-content\/uploads\/2025\/02\/collarin-mecanico_web.png","contentUrl":"https:\/\/polifusion.com\/chile\/wp-content\/uploads\/2025\/02\/collarin-mecanico_web.png","width":709,"height":834},{"@type":"BreadcrumbList","@id":"https:\/\/polifusion.com\/chile\/?product=collarines-mecanicos-con-refuerzo-anillo-pernos-y-tuercas-inox-unidelta-hdpe-100-pn16-sdr-11-2#breadcrumb","itemListElement":[{"@type":"ListItem","position":1,"name":"Portada","item":"https:\/\/polifusion.com\/chile\/"},{"@type":"ListItem","position":2,"name":"Tienda","item":"https:\/\/polifusion.com\/chile\/tienda\/"},{"@type":"ListItem","position":3,"name":"COLLARINES MECANICOS CON REFUERZO ANILLO, PERNOS Y TUERCAS INOX. UNIDELTA HDPE-100, PN16, SDR 11"}]},{"@type":"WebSite","@id":"https:\/\/polifusion.com\/chile\/#website","url":"https:\/\/polifusion.com\/chile\/","name":"Polifusi\u00f3n","description":"","publisher":{"@id":"https:\/\/polifusion.com\/chile\/#organization"},"potentialAction":[{"@type":"SearchAction","target":{"@type":"EntryPoint","urlTemplate":"https:\/\/polifusion.com\/chile\/?s={search_term_string}"},"query-input":{"@type":"PropertyValueSpecification","valueRequired":true,"valueName":"search_term_string"}}],"inLanguage":"es"},{"@type":"Organization","@id":"https:\/\/polifusion.com\/chile\/#organization","name":"Polifusi\u00f3n","url":"https:\/\/polifusion.com\/chile\/","logo":{"@type":"ImageObject","inLanguage":"es","@id":"https:\/\/polifusion.com\/chile\/#\/schema\/logo\/image\/","url":"https:\/\/polifusion.com\/chile\/wp-content\/uploads\/2025\/06\/cropped-favicon_web_polifusion-2.png","contentUrl":"https:\/\/polifusion.com\/chile\/wp-content\/uploads\/2025\/06\/cropped-favicon_web_polifusion-2.png","width":512,"height":512,"caption":"Polifusi\u00f3n"},"image":{"@id":"https:\/\/polifusion.com\/chile\/#\/schema\/logo\/image\/"},"sameAs":["https:\/\/www.instagram.com\/polifusion_chile","https:\/\/www.linkedin.com\/company\/polifusin-chile\/"]}]}},"_links":{"self":[{"href":"https:\/\/polifusion.com\/chile\/wp-json\/wp\/v2\/product\/866","targetHints":{"allow":["GET"]}}],"collection":[{"href":"https:\/\/polifusion.com\/chile\/wp-json\/wp\/v2\/product"}],"about":[{"href":"https:\/\/polifusion.com\/chile\/wp-json\/wp\/v2\/types\/product"}],"replies":[{"embeddable":true,"href":"https:\/\/polifusion.com\/chile\/wp-json\/wp\/v2\/comments?post=866"}],"wp:featuredmedia":[{"embeddable":true,"href":"https:\/\/polifusion.com\/chile\/wp-json\/wp\/v2\/media\/4260"}],"wp:attachment":[{"href":"https:\/\/polifusion.com\/chile\/wp-json\/wp\/v2\/media?parent=866"}],"wp:term":[{"taxonomy":"product_brand","embeddable":true,"href":"https:\/\/polifusion.com\/chile\/wp-json\/wp\/v2\/product_brand?post=866"},{"taxonomy":"product_cat","embeddable":true,"href":"https:\/\/polifusion.com\/chile\/wp-json\/wp\/v2\/product_cat?post=866"},{"taxonomy":"product_tag","embeddable":true,"href":"https:\/\/polifusion.com\/chile\/wp-json\/wp\/v2\/product_tag?post=866"}],"curies":[{"name":"wp","href":"https:\/\/api.w.org\/{rel}","templated":true}]}}