{"id":727,"date":"2025-02-07T17:52:12","date_gmt":"2025-02-07T16:52:12","guid":{"rendered":"https:\/\/polifusion.com\/chile\/?post_type=product&#038;p=727"},"modified":"2025-04-23T17:44:02","modified_gmt":"2025-04-23T15:44:02","slug":"reduccion-aquasystem","status":"publish","type":"product","link":"https:\/\/polifusion.com\/chile\/producto\/reduccion-aquasystem\/","title":{"rendered":"REDUCCI\u00d3N AQUASYSTEM"},"content":{"rendered":"<p>&nbsp;<\/p>\n<table class=\"table\">\n<thead>\n<tr>\n<th>DIMENSI\u00d3N<\/th>\n<th>C\u00d3DIGO<\/th>\n<th>UNIDAD<\/th>\n<th>PRECIO<\/th>\n<\/tr>\n<\/thead>\n<tbody>\n<tr style=\"text-align: center;\">\n<td>REDUCCI\u00d3N 50mm x 40mm<\/td>\n<td>9000003100-0540<\/td>\n<td>1<\/td>\n<td><strong>1.262<\/strong><\/td>\n<\/tr>\n<tr style=\"text-align: center; background-color: #f2f2f2;\">\n<td>REDUCCI\u00d3N 75mm x 50mm<\/td>\n<td>9000003100-0750<\/td>\n<td>1<\/td>\n<td><strong>1.944<\/strong><\/td>\n<\/tr>\n<tr style=\"text-align: center;\">\n<td>REDUCCI\u00d3N 110mm x 50mm<\/td>\n<td>9000003100-1105<\/td>\n<td>1<\/td>\n<td><strong>2.462<\/strong><\/td>\n<\/tr>\n<tr style=\"text-align: center; background-color: #f2f2f2;\">\n<td>REDUCCI\u00d3N 110mm x 75mm<\/td>\n<td>9000003100-1107<\/td>\n<td>1<\/td>\n<td><strong>3.143<\/strong><\/td>\n<\/tr>\n<tr style=\"text-align: center;\">\n<td>REDUCCI\u00d3N 125mm x 110mm<\/td>\n<td>9000003100-2510<\/td>\n<td>1<\/td>\n<td><strong>5.940<\/strong><\/td>\n<\/tr>\n<tr style=\"text-align: center; background-color: #f2f2f2;\">\n<td>REDUCCI\u00d3N 160mm x 110mm<\/td>\n<td>9000003100-6010<\/td>\n<td>1<\/td>\n<td><strong>8.576<\/strong><\/td>\n<\/tr>\n<tr style=\"text-align: center;\">\n<td>REDUCCI\u00d3N 160mm x 125mm<\/td>\n<td>9000003100-6025<\/td>\n<td>1<\/td>\n<td><strong>11.088<\/strong><\/td>\n<\/tr>\n<\/tbody>\n<\/table>\n","protected":false},"excerpt":{"rendered":"<p>&nbsp; DIMENSI\u00d3N C\u00d3DIGO UNIDAD PRECIO REDUCCI\u00d3N 50mm x 40mm 9000003100-0540 1 1.262 REDUCCI\u00d3N 75mm x 50mm 9000003100-0750 1 1.944 REDUCCI\u00d3N 110mm x 50mm 9000003100-1105 1 2.462 REDUCCI\u00d3N 110mm x 75mm 9000003100-1107 1 3.143 REDUCCI\u00d3N 125mm x 110mm 9000003100-2510 1 5.940 REDUCCI\u00d3N 160mm x 110mm 9000003100-6010 1 8.576 REDUCCI\u00d3N 160mm x 125mm 9000003100-6025 1 11.088<\/p>\n","protected":false},"featured_media":4386,"comment_status":"open","ping_status":"closed","template":"","meta":{"_joinchat":[]},"product_brand":[],"product_cat":[120],"product_tag":[],"class_list":{"0":"post-727","1":"product","2":"type-product","3":"status-publish","4":"has-post-thumbnail","6":"product_cat-aquasystem-bicapa","8":"first","9":"instock","10":"shipping-taxable","11":"product-type-simple"},"yoast_head":"<!-- This site is optimized with the Yoast SEO plugin v27.0 - https:\/\/yoast.com\/product\/yoast-seo-wordpress\/ -->\n<title>REDUCCI\u00d3N AQUASYSTEM - Polifusi\u00f3n<\/title>\n<meta name=\"robots\" content=\"index, follow, max-snippet:-1, max-image-preview:large, max-video-preview:-1\" \/>\n<link rel=\"canonical\" href=\"https:\/\/polifusion.com\/chile\/?product=reduccion-aquasystem\" \/>\n<meta property=\"og:locale\" content=\"es_ES\" \/>\n<meta property=\"og:type\" content=\"article\" \/>\n<meta property=\"og:title\" content=\"REDUCCI\u00d3N AQUASYSTEM - Polifusi\u00f3n\" \/>\n<meta property=\"og:description\" content=\"&nbsp; DIMENSI\u00d3N C\u00d3DIGO UNIDAD PRECIO REDUCCI\u00d3N 50mm x 40mm 9000003100-0540 1 1.262 REDUCCI\u00d3N 75mm x 50mm 9000003100-0750 1 1.944 REDUCCI\u00d3N 110mm x 50mm 9000003100-1105 1 2.462 REDUCCI\u00d3N 110mm x 75mm 9000003100-1107 1 3.143 REDUCCI\u00d3N 125mm x 110mm 9000003100-2510 1 5.940 REDUCCI\u00d3N 160mm x 110mm 9000003100-6010 1 8.576 REDUCCI\u00d3N 160mm x 125mm 9000003100-6025 1 11.088\" \/>\n<meta property=\"og:url\" content=\"https:\/\/polifusion.com\/chile\/?product=reduccion-aquasystem\" \/>\n<meta property=\"og:site_name\" content=\"Polifusi\u00f3n\" \/>\n<meta property=\"article:modified_time\" content=\"2025-04-23T15:44:02+00:00\" \/>\n<meta property=\"og:image\" content=\"https:\/\/polifusion.com\/chile\/wp-content\/uploads\/2025\/02\/reduccion-aquasystem_web.png\" \/>\n\t<meta property=\"og:image:width\" content=\"709\" \/>\n\t<meta property=\"og:image:height\" content=\"834\" \/>\n\t<meta property=\"og:image:type\" content=\"image\/png\" \/>\n<meta name=\"twitter:card\" content=\"summary_large_image\" \/>\n<script type=\"application\/ld+json\" class=\"yoast-schema-graph\">{\"@context\":\"https:\/\/schema.org\",\"@graph\":[{\"@type\":\"WebPage\",\"@id\":\"https:\/\/polifusion.com\/chile\/?product=reduccion-aquasystem\",\"url\":\"https:\/\/polifusion.com\/chile\/?product=reduccion-aquasystem\",\"name\":\"REDUCCI\u00d3N AQUASYSTEM - Polifusi\u00f3n\",\"isPartOf\":{\"@id\":\"https:\/\/polifusion.com\/chile\/#website\"},\"primaryImageOfPage\":{\"@id\":\"https:\/\/polifusion.com\/chile\/?product=reduccion-aquasystem#primaryimage\"},\"image\":{\"@id\":\"https:\/\/polifusion.com\/chile\/?product=reduccion-aquasystem#primaryimage\"},\"thumbnailUrl\":\"https:\/\/polifusion.com\/chile\/wp-content\/uploads\/2025\/02\/reduccion-aquasystem_web.png\",\"datePublished\":\"2025-02-07T16:52:12+00:00\",\"dateModified\":\"2025-04-23T15:44:02+00:00\",\"breadcrumb\":{\"@id\":\"https:\/\/polifusion.com\/chile\/?product=reduccion-aquasystem#breadcrumb\"},\"inLanguage\":\"es\",\"potentialAction\":[{\"@type\":\"ReadAction\",\"target\":[\"https:\/\/polifusion.com\/chile\/?product=reduccion-aquasystem\"]}]},{\"@type\":\"ImageObject\",\"inLanguage\":\"es\",\"@id\":\"https:\/\/polifusion.com\/chile\/?product=reduccion-aquasystem#primaryimage\",\"url\":\"https:\/\/polifusion.com\/chile\/wp-content\/uploads\/2025\/02\/reduccion-aquasystem_web.png\",\"contentUrl\":\"https:\/\/polifusion.com\/chile\/wp-content\/uploads\/2025\/02\/reduccion-aquasystem_web.png\",\"width\":709,\"height\":834},{\"@type\":\"BreadcrumbList\",\"@id\":\"https:\/\/polifusion.com\/chile\/?product=reduccion-aquasystem#breadcrumb\",\"itemListElement\":[{\"@type\":\"ListItem\",\"position\":1,\"name\":\"Portada\",\"item\":\"https:\/\/polifusion.com\/chile\/\"},{\"@type\":\"ListItem\",\"position\":2,\"name\":\"Tienda\",\"item\":\"https:\/\/polifusion.com\/chile\/tienda\/\"},{\"@type\":\"ListItem\",\"position\":3,\"name\":\"REDUCCI\u00d3N AQUASYSTEM\"}]},{\"@type\":\"WebSite\",\"@id\":\"https:\/\/polifusion.com\/chile\/#website\",\"url\":\"https:\/\/polifusion.com\/chile\/\",\"name\":\"Polifusi\u00f3n\",\"description\":\"\",\"publisher\":{\"@id\":\"https:\/\/polifusion.com\/chile\/#organization\"},\"potentialAction\":[{\"@type\":\"SearchAction\",\"target\":{\"@type\":\"EntryPoint\",\"urlTemplate\":\"https:\/\/polifusion.com\/chile\/?s={search_term_string}\"},\"query-input\":{\"@type\":\"PropertyValueSpecification\",\"valueRequired\":true,\"valueName\":\"search_term_string\"}}],\"inLanguage\":\"es\"},{\"@type\":\"Organization\",\"@id\":\"https:\/\/polifusion.com\/chile\/#organization\",\"name\":\"Polifusi\u00f3n\",\"url\":\"https:\/\/polifusion.com\/chile\/\",\"logo\":{\"@type\":\"ImageObject\",\"inLanguage\":\"es\",\"@id\":\"https:\/\/polifusion.com\/chile\/#\/schema\/logo\/image\/\",\"url\":\"https:\/\/polifusion.com\/chile\/wp-content\/uploads\/2025\/06\/cropped-favicon_web_polifusion-2.png\",\"contentUrl\":\"https:\/\/polifusion.com\/chile\/wp-content\/uploads\/2025\/06\/cropped-favicon_web_polifusion-2.png\",\"width\":512,\"height\":512,\"caption\":\"Polifusi\u00f3n\"},\"image\":{\"@id\":\"https:\/\/polifusion.com\/chile\/#\/schema\/logo\/image\/\"},\"sameAs\":[\"https:\/\/www.instagram.com\/polifusion_chile\",\"https:\/\/www.linkedin.com\/company\/polifusin-chile\/\"]}]}<\/script>\n<!-- \/ Yoast SEO plugin. -->","yoast_head_json":{"title":"REDUCCI\u00d3N AQUASYSTEM - Polifusi\u00f3n","robots":{"index":"index","follow":"follow","max-snippet":"max-snippet:-1","max-image-preview":"max-image-preview:large","max-video-preview":"max-video-preview:-1"},"canonical":"https:\/\/polifusion.com\/chile\/?product=reduccion-aquasystem","og_locale":"es_ES","og_type":"article","og_title":"REDUCCI\u00d3N AQUASYSTEM - Polifusi\u00f3n","og_description":"&nbsp; DIMENSI\u00d3N C\u00d3DIGO UNIDAD PRECIO REDUCCI\u00d3N 50mm x 40mm 9000003100-0540 1 1.262 REDUCCI\u00d3N 75mm x 50mm 9000003100-0750 1 1.944 REDUCCI\u00d3N 110mm x 50mm 9000003100-1105 1 2.462 REDUCCI\u00d3N 110mm x 75mm 9000003100-1107 1 3.143 REDUCCI\u00d3N 125mm x 110mm 9000003100-2510 1 5.940 REDUCCI\u00d3N 160mm x 110mm 9000003100-6010 1 8.576 REDUCCI\u00d3N 160mm x 125mm 9000003100-6025 1 11.088","og_url":"https:\/\/polifusion.com\/chile\/?product=reduccion-aquasystem","og_site_name":"Polifusi\u00f3n","article_modified_time":"2025-04-23T15:44:02+00:00","og_image":[{"width":709,"height":834,"url":"https:\/\/polifusion.com\/chile\/wp-content\/uploads\/2025\/02\/reduccion-aquasystem_web.png","type":"image\/png"}],"twitter_card":"summary_large_image","schema":{"@context":"https:\/\/schema.org","@graph":[{"@type":"WebPage","@id":"https:\/\/polifusion.com\/chile\/?product=reduccion-aquasystem","url":"https:\/\/polifusion.com\/chile\/?product=reduccion-aquasystem","name":"REDUCCI\u00d3N AQUASYSTEM - Polifusi\u00f3n","isPartOf":{"@id":"https:\/\/polifusion.com\/chile\/#website"},"primaryImageOfPage":{"@id":"https:\/\/polifusion.com\/chile\/?product=reduccion-aquasystem#primaryimage"},"image":{"@id":"https:\/\/polifusion.com\/chile\/?product=reduccion-aquasystem#primaryimage"},"thumbnailUrl":"https:\/\/polifusion.com\/chile\/wp-content\/uploads\/2025\/02\/reduccion-aquasystem_web.png","datePublished":"2025-02-07T16:52:12+00:00","dateModified":"2025-04-23T15:44:02+00:00","breadcrumb":{"@id":"https:\/\/polifusion.com\/chile\/?product=reduccion-aquasystem#breadcrumb"},"inLanguage":"es","potentialAction":[{"@type":"ReadAction","target":["https:\/\/polifusion.com\/chile\/?product=reduccion-aquasystem"]}]},{"@type":"ImageObject","inLanguage":"es","@id":"https:\/\/polifusion.com\/chile\/?product=reduccion-aquasystem#primaryimage","url":"https:\/\/polifusion.com\/chile\/wp-content\/uploads\/2025\/02\/reduccion-aquasystem_web.png","contentUrl":"https:\/\/polifusion.com\/chile\/wp-content\/uploads\/2025\/02\/reduccion-aquasystem_web.png","width":709,"height":834},{"@type":"BreadcrumbList","@id":"https:\/\/polifusion.com\/chile\/?product=reduccion-aquasystem#breadcrumb","itemListElement":[{"@type":"ListItem","position":1,"name":"Portada","item":"https:\/\/polifusion.com\/chile\/"},{"@type":"ListItem","position":2,"name":"Tienda","item":"https:\/\/polifusion.com\/chile\/tienda\/"},{"@type":"ListItem","position":3,"name":"REDUCCI\u00d3N AQUASYSTEM"}]},{"@type":"WebSite","@id":"https:\/\/polifusion.com\/chile\/#website","url":"https:\/\/polifusion.com\/chile\/","name":"Polifusi\u00f3n","description":"","publisher":{"@id":"https:\/\/polifusion.com\/chile\/#organization"},"potentialAction":[{"@type":"SearchAction","target":{"@type":"EntryPoint","urlTemplate":"https:\/\/polifusion.com\/chile\/?s={search_term_string}"},"query-input":{"@type":"PropertyValueSpecification","valueRequired":true,"valueName":"search_term_string"}}],"inLanguage":"es"},{"@type":"Organization","@id":"https:\/\/polifusion.com\/chile\/#organization","name":"Polifusi\u00f3n","url":"https:\/\/polifusion.com\/chile\/","logo":{"@type":"ImageObject","inLanguage":"es","@id":"https:\/\/polifusion.com\/chile\/#\/schema\/logo\/image\/","url":"https:\/\/polifusion.com\/chile\/wp-content\/uploads\/2025\/06\/cropped-favicon_web_polifusion-2.png","contentUrl":"https:\/\/polifusion.com\/chile\/wp-content\/uploads\/2025\/06\/cropped-favicon_web_polifusion-2.png","width":512,"height":512,"caption":"Polifusi\u00f3n"},"image":{"@id":"https:\/\/polifusion.com\/chile\/#\/schema\/logo\/image\/"},"sameAs":["https:\/\/www.instagram.com\/polifusion_chile","https:\/\/www.linkedin.com\/company\/polifusin-chile\/"]}]}},"_links":{"self":[{"href":"https:\/\/polifusion.com\/chile\/wp-json\/wp\/v2\/product\/727","targetHints":{"allow":["GET"]}}],"collection":[{"href":"https:\/\/polifusion.com\/chile\/wp-json\/wp\/v2\/product"}],"about":[{"href":"https:\/\/polifusion.com\/chile\/wp-json\/wp\/v2\/types\/product"}],"replies":[{"embeddable":true,"href":"https:\/\/polifusion.com\/chile\/wp-json\/wp\/v2\/comments?post=727"}],"wp:featuredmedia":[{"embeddable":true,"href":"https:\/\/polifusion.com\/chile\/wp-json\/wp\/v2\/media\/4386"}],"wp:attachment":[{"href":"https:\/\/polifusion.com\/chile\/wp-json\/wp\/v2\/media?parent=727"}],"wp:term":[{"taxonomy":"product_brand","embeddable":true,"href":"https:\/\/polifusion.com\/chile\/wp-json\/wp\/v2\/product_brand?post=727"},{"taxonomy":"product_cat","embeddable":true,"href":"https:\/\/polifusion.com\/chile\/wp-json\/wp\/v2\/product_cat?post=727"},{"taxonomy":"product_tag","embeddable":true,"href":"https:\/\/polifusion.com\/chile\/wp-json\/wp\/v2\/product_tag?post=727"}],"curies":[{"name":"wp","href":"https:\/\/api.w.org\/{rel}","templated":true}]}}