{"id":584,"date":"2025-01-31T17:54:34","date_gmt":"2025-01-31T16:54:34","guid":{"rendered":"https:\/\/polifusion.com\/chile\/?post_type=product&#038;p=584"},"modified":"2025-04-03T17:25:47","modified_gmt":"2025-04-03T15:25:47","slug":"cuerpos-llaves-de-paso-pp-r-40mm-110mm","status":"publish","type":"product","link":"https:\/\/polifusion.com\/chile\/producto\/cuerpos-llaves-de-paso-pp-r-40mm-110mm\/","title":{"rendered":"CUERPOS LLAVES DE PASO PP-R 40mm &#8211; 110mm"},"content":{"rendered":"<h2>Cuerpos Llaves de Paso PP-R 40mm &#8211; 110mm<\/h2>\n<table class=\"table\">\n<thead>\n<tr>\n<th>DIMENSI\u00d3N<\/th>\n<th>C\u00d3DIGO<\/th>\n<th>UNIDAD<\/th>\n<th>PRECIO UNITARIO<\/th>\n<\/tr>\n<\/thead>\n<tbody>\n<tr>\n<td>CUERPO LLAVE DE PASO PP-R 40mm<\/td>\n<td>1000000808-0140<\/td>\n<td>1<\/td>\n<td>7.282<\/td>\n<\/tr>\n<tr>\n<td>CUERPO LLAVE DE PASO PP-R 50mm<\/td>\n<td>1000000808-0150<\/td>\n<td>1<\/td>\n<td>15.747<\/td>\n<\/tr>\n<tr>\n<td>CUERPO LLAVE DE PASO PP-R 63mm<\/td>\n<td>1000000808-6363<\/td>\n<td>1<\/td>\n<td>21.377<\/td>\n<\/tr>\n<tr>\n<td>CUERPO LLAVE DE PASO PP-R 75mm<\/td>\n<td>1000000808-0175<\/td>\n<td>1<\/td>\n<td>34.130<\/td>\n<\/tr>\n<tr>\n<td>CUERPO LLAVE DE PASO PP-R 90mm<\/td>\n<td>1000000808-9090<\/td>\n<td>1<\/td>\n<td>47.176<\/td>\n<\/tr>\n<tr>\n<td>CUERPO LLAVE DE PASO PP-R 110mm<\/td>\n<td>1000000808-1111<\/td>\n<td>1<\/td>\n<td>63.860<\/td>\n<\/tr>\n<\/tbody>\n<\/table>\n<p>&nbsp;<\/p>\n","protected":false},"excerpt":{"rendered":"<p>Cuerpos Llaves de Paso PP-R 40mm &#8211; 110mm DIMENSI\u00d3N C\u00d3DIGO UNIDAD PRECIO UNITARIO CUERPO LLAVE DE PASO PP-R 40mm 1000000808-0140 1 7.282 CUERPO LLAVE DE PASO PP-R 50mm 1000000808-0150 1 15.747 CUERPO LLAVE DE PASO PP-R 63mm 1000000808-6363 1 21.377 CUERPO LLAVE DE PASO PP-R 75mm 1000000808-0175 1 34.130 CUERPO LLAVE DE PASO PP-R 90mm [&hellip;]<\/p>\n","protected":false},"featured_media":585,"comment_status":"open","ping_status":"closed","template":"","meta":{"_joinchat":[]},"product_brand":[],"product_cat":[111],"product_tag":[],"class_list":{"0":"post-584","1":"product","2":"type-product","3":"status-publish","4":"has-post-thumbnail","6":"product_cat-llaves-de-paso-ppr","8":"first","9":"instock","10":"shipping-taxable","11":"product-type-simple"},"yoast_head":"<!-- This site is optimized with the Yoast SEO plugin v27.0 - https:\/\/yoast.com\/product\/yoast-seo-wordpress\/ -->\n<title>CUERPOS LLAVES DE PASO PP-R 40mm - 110mm - Polifusi\u00f3n<\/title>\n<meta name=\"robots\" content=\"index, follow, max-snippet:-1, max-image-preview:large, max-video-preview:-1\" \/>\n<link rel=\"canonical\" href=\"https:\/\/polifusion.com\/chile\/?product=cuerpos-llaves-de-paso-pp-r-40mm-110mm\" \/>\n<meta property=\"og:locale\" content=\"es_ES\" \/>\n<meta property=\"og:type\" content=\"article\" \/>\n<meta property=\"og:title\" content=\"CUERPOS LLAVES DE PASO PP-R 40mm - 110mm - Polifusi\u00f3n\" \/>\n<meta property=\"og:description\" content=\"Cuerpos Llaves de Paso PP-R 40mm &#8211; 110mm DIMENSI\u00d3N C\u00d3DIGO UNIDAD PRECIO UNITARIO CUERPO LLAVE DE PASO PP-R 40mm 1000000808-0140 1 7.282 CUERPO LLAVE DE PASO PP-R 50mm 1000000808-0150 1 15.747 CUERPO LLAVE DE PASO PP-R 63mm 1000000808-6363 1 21.377 CUERPO LLAVE DE PASO PP-R 75mm 1000000808-0175 1 34.130 CUERPO LLAVE DE PASO PP-R 90mm [&hellip;]\" \/>\n<meta property=\"og:url\" content=\"https:\/\/polifusion.com\/chile\/?product=cuerpos-llaves-de-paso-pp-r-40mm-110mm\" \/>\n<meta property=\"og:site_name\" content=\"Polifusi\u00f3n\" \/>\n<meta property=\"article:modified_time\" content=\"2025-04-03T15:25:47+00:00\" \/>\n<meta property=\"og:image\" content=\"https:\/\/polifusion.com\/chile\/wp-content\/uploads\/2025\/01\/Captura-de-pantalla-2025-01-31-a-las-1.54.51\u202fp.m.png\" \/>\n\t<meta property=\"og:image:width\" content=\"228\" \/>\n\t<meta property=\"og:image:height\" content=\"198\" \/>\n\t<meta property=\"og:image:type\" content=\"image\/png\" \/>\n<meta name=\"twitter:card\" content=\"summary_large_image\" \/>\n<script type=\"application\/ld+json\" class=\"yoast-schema-graph\">{\"@context\":\"https:\/\/schema.org\",\"@graph\":[{\"@type\":\"WebPage\",\"@id\":\"https:\/\/polifusion.com\/chile\/?product=cuerpos-llaves-de-paso-pp-r-40mm-110mm\",\"url\":\"https:\/\/polifusion.com\/chile\/?product=cuerpos-llaves-de-paso-pp-r-40mm-110mm\",\"name\":\"CUERPOS LLAVES DE PASO PP-R 40mm - 110mm - Polifusi\u00f3n\",\"isPartOf\":{\"@id\":\"https:\/\/polifusion.com\/chile\/#website\"},\"primaryImageOfPage\":{\"@id\":\"https:\/\/polifusion.com\/chile\/?product=cuerpos-llaves-de-paso-pp-r-40mm-110mm#primaryimage\"},\"image\":{\"@id\":\"https:\/\/polifusion.com\/chile\/?product=cuerpos-llaves-de-paso-pp-r-40mm-110mm#primaryimage\"},\"thumbnailUrl\":\"https:\/\/polifusion.com\/chile\/wp-content\/uploads\/2025\/01\/Captura-de-pantalla-2025-01-31-a-las-1.54.51\u202fp.m.png\",\"datePublished\":\"2025-01-31T16:54:34+00:00\",\"dateModified\":\"2025-04-03T15:25:47+00:00\",\"breadcrumb\":{\"@id\":\"https:\/\/polifusion.com\/chile\/?product=cuerpos-llaves-de-paso-pp-r-40mm-110mm#breadcrumb\"},\"inLanguage\":\"es\",\"potentialAction\":[{\"@type\":\"ReadAction\",\"target\":[\"https:\/\/polifusion.com\/chile\/?product=cuerpos-llaves-de-paso-pp-r-40mm-110mm\"]}]},{\"@type\":\"ImageObject\",\"inLanguage\":\"es\",\"@id\":\"https:\/\/polifusion.com\/chile\/?product=cuerpos-llaves-de-paso-pp-r-40mm-110mm#primaryimage\",\"url\":\"https:\/\/polifusion.com\/chile\/wp-content\/uploads\/2025\/01\/Captura-de-pantalla-2025-01-31-a-las-1.54.51\u202fp.m.png\",\"contentUrl\":\"https:\/\/polifusion.com\/chile\/wp-content\/uploads\/2025\/01\/Captura-de-pantalla-2025-01-31-a-las-1.54.51\u202fp.m.png\",\"width\":228,\"height\":198},{\"@type\":\"BreadcrumbList\",\"@id\":\"https:\/\/polifusion.com\/chile\/?product=cuerpos-llaves-de-paso-pp-r-40mm-110mm#breadcrumb\",\"itemListElement\":[{\"@type\":\"ListItem\",\"position\":1,\"name\":\"Portada\",\"item\":\"https:\/\/polifusion.com\/chile\/\"},{\"@type\":\"ListItem\",\"position\":2,\"name\":\"Tienda\",\"item\":\"https:\/\/polifusion.com\/chile\/tienda\/\"},{\"@type\":\"ListItem\",\"position\":3,\"name\":\"CUERPOS LLAVES DE PASO PP-R 40mm &#8211; 110mm\"}]},{\"@type\":\"WebSite\",\"@id\":\"https:\/\/polifusion.com\/chile\/#website\",\"url\":\"https:\/\/polifusion.com\/chile\/\",\"name\":\"Polifusi\u00f3n\",\"description\":\"\",\"publisher\":{\"@id\":\"https:\/\/polifusion.com\/chile\/#organization\"},\"potentialAction\":[{\"@type\":\"SearchAction\",\"target\":{\"@type\":\"EntryPoint\",\"urlTemplate\":\"https:\/\/polifusion.com\/chile\/?s={search_term_string}\"},\"query-input\":{\"@type\":\"PropertyValueSpecification\",\"valueRequired\":true,\"valueName\":\"search_term_string\"}}],\"inLanguage\":\"es\"},{\"@type\":\"Organization\",\"@id\":\"https:\/\/polifusion.com\/chile\/#organization\",\"name\":\"Polifusi\u00f3n\",\"url\":\"https:\/\/polifusion.com\/chile\/\",\"logo\":{\"@type\":\"ImageObject\",\"inLanguage\":\"es\",\"@id\":\"https:\/\/polifusion.com\/chile\/#\/schema\/logo\/image\/\",\"url\":\"https:\/\/polifusion.com\/chile\/wp-content\/uploads\/2025\/06\/cropped-favicon_web_polifusion-2.png\",\"contentUrl\":\"https:\/\/polifusion.com\/chile\/wp-content\/uploads\/2025\/06\/cropped-favicon_web_polifusion-2.png\",\"width\":512,\"height\":512,\"caption\":\"Polifusi\u00f3n\"},\"image\":{\"@id\":\"https:\/\/polifusion.com\/chile\/#\/schema\/logo\/image\/\"},\"sameAs\":[\"https:\/\/www.instagram.com\/polifusion_chile\",\"https:\/\/www.linkedin.com\/company\/polifusin-chile\/\"]}]}<\/script>\n<!-- \/ Yoast SEO plugin. -->","yoast_head_json":{"title":"CUERPOS LLAVES DE PASO PP-R 40mm - 110mm - Polifusi\u00f3n","robots":{"index":"index","follow":"follow","max-snippet":"max-snippet:-1","max-image-preview":"max-image-preview:large","max-video-preview":"max-video-preview:-1"},"canonical":"https:\/\/polifusion.com\/chile\/?product=cuerpos-llaves-de-paso-pp-r-40mm-110mm","og_locale":"es_ES","og_type":"article","og_title":"CUERPOS LLAVES DE PASO PP-R 40mm - 110mm - Polifusi\u00f3n","og_description":"Cuerpos Llaves de Paso PP-R 40mm &#8211; 110mm DIMENSI\u00d3N C\u00d3DIGO UNIDAD PRECIO UNITARIO CUERPO LLAVE DE PASO PP-R 40mm 1000000808-0140 1 7.282 CUERPO LLAVE DE PASO PP-R 50mm 1000000808-0150 1 15.747 CUERPO LLAVE DE PASO PP-R 63mm 1000000808-6363 1 21.377 CUERPO LLAVE DE PASO PP-R 75mm 1000000808-0175 1 34.130 CUERPO LLAVE DE PASO PP-R 90mm [&hellip;]","og_url":"https:\/\/polifusion.com\/chile\/?product=cuerpos-llaves-de-paso-pp-r-40mm-110mm","og_site_name":"Polifusi\u00f3n","article_modified_time":"2025-04-03T15:25:47+00:00","og_image":[{"width":228,"height":198,"url":"https:\/\/polifusion.com\/chile\/wp-content\/uploads\/2025\/01\/Captura-de-pantalla-2025-01-31-a-las-1.54.51\u202fp.m.png","type":"image\/png"}],"twitter_card":"summary_large_image","schema":{"@context":"https:\/\/schema.org","@graph":[{"@type":"WebPage","@id":"https:\/\/polifusion.com\/chile\/?product=cuerpos-llaves-de-paso-pp-r-40mm-110mm","url":"https:\/\/polifusion.com\/chile\/?product=cuerpos-llaves-de-paso-pp-r-40mm-110mm","name":"CUERPOS LLAVES DE PASO PP-R 40mm - 110mm - Polifusi\u00f3n","isPartOf":{"@id":"https:\/\/polifusion.com\/chile\/#website"},"primaryImageOfPage":{"@id":"https:\/\/polifusion.com\/chile\/?product=cuerpos-llaves-de-paso-pp-r-40mm-110mm#primaryimage"},"image":{"@id":"https:\/\/polifusion.com\/chile\/?product=cuerpos-llaves-de-paso-pp-r-40mm-110mm#primaryimage"},"thumbnailUrl":"https:\/\/polifusion.com\/chile\/wp-content\/uploads\/2025\/01\/Captura-de-pantalla-2025-01-31-a-las-1.54.51\u202fp.m.png","datePublished":"2025-01-31T16:54:34+00:00","dateModified":"2025-04-03T15:25:47+00:00","breadcrumb":{"@id":"https:\/\/polifusion.com\/chile\/?product=cuerpos-llaves-de-paso-pp-r-40mm-110mm#breadcrumb"},"inLanguage":"es","potentialAction":[{"@type":"ReadAction","target":["https:\/\/polifusion.com\/chile\/?product=cuerpos-llaves-de-paso-pp-r-40mm-110mm"]}]},{"@type":"ImageObject","inLanguage":"es","@id":"https:\/\/polifusion.com\/chile\/?product=cuerpos-llaves-de-paso-pp-r-40mm-110mm#primaryimage","url":"https:\/\/polifusion.com\/chile\/wp-content\/uploads\/2025\/01\/Captura-de-pantalla-2025-01-31-a-las-1.54.51\u202fp.m.png","contentUrl":"https:\/\/polifusion.com\/chile\/wp-content\/uploads\/2025\/01\/Captura-de-pantalla-2025-01-31-a-las-1.54.51\u202fp.m.png","width":228,"height":198},{"@type":"BreadcrumbList","@id":"https:\/\/polifusion.com\/chile\/?product=cuerpos-llaves-de-paso-pp-r-40mm-110mm#breadcrumb","itemListElement":[{"@type":"ListItem","position":1,"name":"Portada","item":"https:\/\/polifusion.com\/chile\/"},{"@type":"ListItem","position":2,"name":"Tienda","item":"https:\/\/polifusion.com\/chile\/tienda\/"},{"@type":"ListItem","position":3,"name":"CUERPOS LLAVES DE PASO PP-R 40mm &#8211; 110mm"}]},{"@type":"WebSite","@id":"https:\/\/polifusion.com\/chile\/#website","url":"https:\/\/polifusion.com\/chile\/","name":"Polifusi\u00f3n","description":"","publisher":{"@id":"https:\/\/polifusion.com\/chile\/#organization"},"potentialAction":[{"@type":"SearchAction","target":{"@type":"EntryPoint","urlTemplate":"https:\/\/polifusion.com\/chile\/?s={search_term_string}"},"query-input":{"@type":"PropertyValueSpecification","valueRequired":true,"valueName":"search_term_string"}}],"inLanguage":"es"},{"@type":"Organization","@id":"https:\/\/polifusion.com\/chile\/#organization","name":"Polifusi\u00f3n","url":"https:\/\/polifusion.com\/chile\/","logo":{"@type":"ImageObject","inLanguage":"es","@id":"https:\/\/polifusion.com\/chile\/#\/schema\/logo\/image\/","url":"https:\/\/polifusion.com\/chile\/wp-content\/uploads\/2025\/06\/cropped-favicon_web_polifusion-2.png","contentUrl":"https:\/\/polifusion.com\/chile\/wp-content\/uploads\/2025\/06\/cropped-favicon_web_polifusion-2.png","width":512,"height":512,"caption":"Polifusi\u00f3n"},"image":{"@id":"https:\/\/polifusion.com\/chile\/#\/schema\/logo\/image\/"},"sameAs":["https:\/\/www.instagram.com\/polifusion_chile","https:\/\/www.linkedin.com\/company\/polifusin-chile\/"]}]}},"_links":{"self":[{"href":"https:\/\/polifusion.com\/chile\/wp-json\/wp\/v2\/product\/584","targetHints":{"allow":["GET"]}}],"collection":[{"href":"https:\/\/polifusion.com\/chile\/wp-json\/wp\/v2\/product"}],"about":[{"href":"https:\/\/polifusion.com\/chile\/wp-json\/wp\/v2\/types\/product"}],"replies":[{"embeddable":true,"href":"https:\/\/polifusion.com\/chile\/wp-json\/wp\/v2\/comments?post=584"}],"wp:featuredmedia":[{"embeddable":true,"href":"https:\/\/polifusion.com\/chile\/wp-json\/wp\/v2\/media\/585"}],"wp:attachment":[{"href":"https:\/\/polifusion.com\/chile\/wp-json\/wp\/v2\/media?parent=584"}],"wp:term":[{"taxonomy":"product_brand","embeddable":true,"href":"https:\/\/polifusion.com\/chile\/wp-json\/wp\/v2\/product_brand?post=584"},{"taxonomy":"product_cat","embeddable":true,"href":"https:\/\/polifusion.com\/chile\/wp-json\/wp\/v2\/product_cat?post=584"},{"taxonomy":"product_tag","embeddable":true,"href":"https:\/\/polifusion.com\/chile\/wp-json\/wp\/v2\/product_tag?post=584"}],"curies":[{"name":"wp","href":"https:\/\/api.w.org\/{rel}","templated":true}]}}