{"id":580,"date":"2025-01-31T17:46:09","date_gmt":"2025-01-31T16:46:09","guid":{"rendered":"https:\/\/polifusion.com\/chile\/?post_type=product&#038;p=580"},"modified":"2025-04-21T22:13:37","modified_gmt":"2025-04-21T20:13:37","slug":"kit-metalica-33mm-corto-vastago-cromado-manilla-metalica-azul-roja-y-cubre-falla-deslizante-plastico-gris","status":"publish","type":"product","link":"https:\/\/polifusion.com\/chile\/producto\/kit-metalica-33mm-corto-vastago-cromado-manilla-metalica-azul-roja-y-cubre-falla-deslizante-plastico-gris\/","title":{"rendered":"KIT METALICA 33mm CORTO V\u00c1STAGO CROMADO, MANILLA METALICA (AZUL \/ ROJA) Y CUBRE FALLA DESLIZANTE PL\u00c1STICO (GRIS)"},"content":{"rendered":"<h2>Kit Met\u00e1lica 33mm Corto<\/h2>\n<p>V\u00c1STAGO CROMADO, MANILLA MET\u00c1LICA (AZUL \/ ROJA) Y CUBRE FALLA DESLIZANTE PL\u00c1STICO (GRIS)<\/p>\n<table class=\"table\">\n<thead>\n<tr>\n<th>DIMENSI\u00d3N<\/th>\n<th>C\u00d3DIGO<\/th>\n<th>UNIDAD<\/th>\n<th>PRECIO UNITARIO<\/th>\n<\/tr>\n<\/thead>\n<tbody>\n<tr>\n<td>KIT MET\u00c1LICA 33mm, CORTO, 1\/2\u201d M. AZUL<\/td>\n<td>1000001400-0012<\/td>\n<td>1<\/td>\n<td>6.560<\/td>\n<\/tr>\n<tr>\n<td>KIT MET\u00c1LICA 33mm, CORTO, 1\/2\u201d M. ROJA<\/td>\n<td>1000001410-0012<\/td>\n<td>1<\/td>\n<td>6.560<\/td>\n<\/tr>\n<tr>\n<td>KIT MET\u00c1LICA 33mm, CORTO, 3\/4\u201d M. AZUL<\/td>\n<td>1000001420-0034<\/td>\n<td>1<\/td>\n<td>6.920<\/td>\n<\/tr>\n<tr>\n<td>KIT MET\u00c1LICA 33mm, CORTO, 3\/4\u201d M. ROJA<\/td>\n<td>1000001430-0034<\/td>\n<td>1<\/td>\n<td>6.920<\/td>\n<\/tr>\n<\/tbody>\n<\/table>\n<p>&nbsp;<\/p>\n","protected":false},"excerpt":{"rendered":"<p>Kit Met\u00e1lica 33mm Corto V\u00c1STAGO CROMADO, MANILLA MET\u00c1LICA (AZUL \/ ROJA) Y CUBRE FALLA DESLIZANTE PL\u00c1STICO (GRIS) DIMENSI\u00d3N C\u00d3DIGO UNIDAD PRECIO UNITARIO KIT MET\u00c1LICA 33mm, CORTO, 1\/2\u201d M. AZUL 1000001400-0012 1 6.560 KIT MET\u00c1LICA 33mm, CORTO, 1\/2\u201d M. ROJA 1000001410-0012 1 6.560 KIT MET\u00c1LICA 33mm, CORTO, 3\/4\u201d M. AZUL 1000001420-0034 1 6.920 KIT MET\u00c1LICA 33mm, [&hellip;]<\/p>\n","protected":false},"featured_media":4315,"comment_status":"open","ping_status":"closed","template":"","meta":{"_joinchat":[]},"product_brand":[],"product_cat":[106,111],"product_tag":[],"class_list":{"0":"post-580","1":"product","2":"type-product","3":"status-publish","4":"has-post-thumbnail","6":"product_cat-llaves-de-paso","7":"product_cat-llaves-de-paso-ppr","9":"first","10":"instock","11":"shipping-taxable","12":"product-type-simple"},"yoast_head":"<!-- This site is optimized with the Yoast SEO plugin v27.0 - https:\/\/yoast.com\/product\/yoast-seo-wordpress\/ -->\n<title>KIT METALICA 33mm CORTO V\u00c1STAGO CROMADO, MANILLA METALICA (AZUL \/ ROJA) Y CUBRE FALLA DESLIZANTE PL\u00c1STICO (GRIS) - Polifusi\u00f3n<\/title>\n<meta name=\"robots\" content=\"index, follow, max-snippet:-1, max-image-preview:large, max-video-preview:-1\" \/>\n<link rel=\"canonical\" href=\"https:\/\/polifusion.com\/chile\/?product=kit-metalica-33mm-corto-vastago-cromado-manilla-metalica-azul-roja-y-cubre-falla-deslizante-plastico-gris\" \/>\n<meta property=\"og:locale\" content=\"es_ES\" \/>\n<meta property=\"og:type\" content=\"article\" \/>\n<meta property=\"og:title\" content=\"KIT METALICA 33mm CORTO V\u00c1STAGO CROMADO, MANILLA METALICA (AZUL \/ ROJA) Y CUBRE FALLA DESLIZANTE PL\u00c1STICO (GRIS) - Polifusi\u00f3n\" \/>\n<meta property=\"og:description\" content=\"Kit Met\u00e1lica 33mm Corto V\u00c1STAGO CROMADO, MANILLA MET\u00c1LICA (AZUL \/ ROJA) Y CUBRE FALLA DESLIZANTE PL\u00c1STICO (GRIS) DIMENSI\u00d3N C\u00d3DIGO UNIDAD PRECIO UNITARIO KIT MET\u00c1LICA 33mm, CORTO, 1\/2\u201d M. AZUL 1000001400-0012 1 6.560 KIT MET\u00c1LICA 33mm, CORTO, 1\/2\u201d M. ROJA 1000001410-0012 1 6.560 KIT MET\u00c1LICA 33mm, CORTO, 3\/4\u201d M. AZUL 1000001420-0034 1 6.920 KIT MET\u00c1LICA 33mm, [&hellip;]\" \/>\n<meta property=\"og:url\" content=\"https:\/\/polifusion.com\/chile\/?product=kit-metalica-33mm-corto-vastago-cromado-manilla-metalica-azul-roja-y-cubre-falla-deslizante-plastico-gris\" \/>\n<meta property=\"og:site_name\" content=\"Polifusi\u00f3n\" \/>\n<meta property=\"article:modified_time\" content=\"2025-04-21T20:13:37+00:00\" \/>\n<meta property=\"og:image\" content=\"https:\/\/polifusion.com\/chile\/wp-content\/uploads\/2025\/01\/33MM_WEB.png\" \/>\n\t<meta property=\"og:image:width\" content=\"709\" \/>\n\t<meta property=\"og:image:height\" content=\"834\" \/>\n\t<meta property=\"og:image:type\" content=\"image\/png\" \/>\n<meta name=\"twitter:card\" content=\"summary_large_image\" \/>\n<script type=\"application\/ld+json\" class=\"yoast-schema-graph\">{\"@context\":\"https:\/\/schema.org\",\"@graph\":[{\"@type\":\"WebPage\",\"@id\":\"https:\/\/polifusion.com\/chile\/?product=kit-metalica-33mm-corto-vastago-cromado-manilla-metalica-azul-roja-y-cubre-falla-deslizante-plastico-gris\",\"url\":\"https:\/\/polifusion.com\/chile\/?product=kit-metalica-33mm-corto-vastago-cromado-manilla-metalica-azul-roja-y-cubre-falla-deslizante-plastico-gris\",\"name\":\"KIT METALICA 33mm CORTO V\u00c1STAGO CROMADO, MANILLA METALICA (AZUL \/ ROJA) Y CUBRE FALLA DESLIZANTE PL\u00c1STICO (GRIS) - Polifusi\u00f3n\",\"isPartOf\":{\"@id\":\"https:\/\/polifusion.com\/chile\/#website\"},\"primaryImageOfPage\":{\"@id\":\"https:\/\/polifusion.com\/chile\/?product=kit-metalica-33mm-corto-vastago-cromado-manilla-metalica-azul-roja-y-cubre-falla-deslizante-plastico-gris#primaryimage\"},\"image\":{\"@id\":\"https:\/\/polifusion.com\/chile\/?product=kit-metalica-33mm-corto-vastago-cromado-manilla-metalica-azul-roja-y-cubre-falla-deslizante-plastico-gris#primaryimage\"},\"thumbnailUrl\":\"https:\/\/polifusion.com\/chile\/wp-content\/uploads\/2025\/01\/33MM_WEB.png\",\"datePublished\":\"2025-01-31T16:46:09+00:00\",\"dateModified\":\"2025-04-21T20:13:37+00:00\",\"breadcrumb\":{\"@id\":\"https:\/\/polifusion.com\/chile\/?product=kit-metalica-33mm-corto-vastago-cromado-manilla-metalica-azul-roja-y-cubre-falla-deslizante-plastico-gris#breadcrumb\"},\"inLanguage\":\"es\",\"potentialAction\":[{\"@type\":\"ReadAction\",\"target\":[\"https:\/\/polifusion.com\/chile\/?product=kit-metalica-33mm-corto-vastago-cromado-manilla-metalica-azul-roja-y-cubre-falla-deslizante-plastico-gris\"]}]},{\"@type\":\"ImageObject\",\"inLanguage\":\"es\",\"@id\":\"https:\/\/polifusion.com\/chile\/?product=kit-metalica-33mm-corto-vastago-cromado-manilla-metalica-azul-roja-y-cubre-falla-deslizante-plastico-gris#primaryimage\",\"url\":\"https:\/\/polifusion.com\/chile\/wp-content\/uploads\/2025\/01\/33MM_WEB.png\",\"contentUrl\":\"https:\/\/polifusion.com\/chile\/wp-content\/uploads\/2025\/01\/33MM_WEB.png\",\"width\":709,\"height\":834},{\"@type\":\"BreadcrumbList\",\"@id\":\"https:\/\/polifusion.com\/chile\/?product=kit-metalica-33mm-corto-vastago-cromado-manilla-metalica-azul-roja-y-cubre-falla-deslizante-plastico-gris#breadcrumb\",\"itemListElement\":[{\"@type\":\"ListItem\",\"position\":1,\"name\":\"Portada\",\"item\":\"https:\/\/polifusion.com\/chile\/\"},{\"@type\":\"ListItem\",\"position\":2,\"name\":\"Tienda\",\"item\":\"https:\/\/polifusion.com\/chile\/tienda\/\"},{\"@type\":\"ListItem\",\"position\":3,\"name\":\"KIT METALICA 33mm CORTO V\u00c1STAGO CROMADO, MANILLA METALICA (AZUL \/ ROJA) Y CUBRE FALLA DESLIZANTE PL\u00c1STICO (GRIS)\"}]},{\"@type\":\"WebSite\",\"@id\":\"https:\/\/polifusion.com\/chile\/#website\",\"url\":\"https:\/\/polifusion.com\/chile\/\",\"name\":\"Polifusi\u00f3n\",\"description\":\"\",\"publisher\":{\"@id\":\"https:\/\/polifusion.com\/chile\/#organization\"},\"potentialAction\":[{\"@type\":\"SearchAction\",\"target\":{\"@type\":\"EntryPoint\",\"urlTemplate\":\"https:\/\/polifusion.com\/chile\/?s={search_term_string}\"},\"query-input\":{\"@type\":\"PropertyValueSpecification\",\"valueRequired\":true,\"valueName\":\"search_term_string\"}}],\"inLanguage\":\"es\"},{\"@type\":\"Organization\",\"@id\":\"https:\/\/polifusion.com\/chile\/#organization\",\"name\":\"Polifusi\u00f3n\",\"url\":\"https:\/\/polifusion.com\/chile\/\",\"logo\":{\"@type\":\"ImageObject\",\"inLanguage\":\"es\",\"@id\":\"https:\/\/polifusion.com\/chile\/#\/schema\/logo\/image\/\",\"url\":\"https:\/\/polifusion.com\/chile\/wp-content\/uploads\/2025\/06\/cropped-favicon_web_polifusion-2.png\",\"contentUrl\":\"https:\/\/polifusion.com\/chile\/wp-content\/uploads\/2025\/06\/cropped-favicon_web_polifusion-2.png\",\"width\":512,\"height\":512,\"caption\":\"Polifusi\u00f3n\"},\"image\":{\"@id\":\"https:\/\/polifusion.com\/chile\/#\/schema\/logo\/image\/\"},\"sameAs\":[\"https:\/\/www.instagram.com\/polifusion_chile\",\"https:\/\/www.linkedin.com\/company\/polifusin-chile\/\"]}]}<\/script>\n<!-- \/ Yoast SEO plugin. -->","yoast_head_json":{"title":"KIT METALICA 33mm CORTO V\u00c1STAGO CROMADO, MANILLA METALICA (AZUL \/ ROJA) Y CUBRE FALLA DESLIZANTE PL\u00c1STICO (GRIS) - Polifusi\u00f3n","robots":{"index":"index","follow":"follow","max-snippet":"max-snippet:-1","max-image-preview":"max-image-preview:large","max-video-preview":"max-video-preview:-1"},"canonical":"https:\/\/polifusion.com\/chile\/?product=kit-metalica-33mm-corto-vastago-cromado-manilla-metalica-azul-roja-y-cubre-falla-deslizante-plastico-gris","og_locale":"es_ES","og_type":"article","og_title":"KIT METALICA 33mm CORTO V\u00c1STAGO CROMADO, MANILLA METALICA (AZUL \/ ROJA) Y CUBRE FALLA DESLIZANTE PL\u00c1STICO (GRIS) - Polifusi\u00f3n","og_description":"Kit Met\u00e1lica 33mm Corto V\u00c1STAGO CROMADO, MANILLA MET\u00c1LICA (AZUL \/ ROJA) Y CUBRE FALLA DESLIZANTE PL\u00c1STICO (GRIS) DIMENSI\u00d3N C\u00d3DIGO UNIDAD PRECIO UNITARIO KIT MET\u00c1LICA 33mm, CORTO, 1\/2\u201d M. AZUL 1000001400-0012 1 6.560 KIT MET\u00c1LICA 33mm, CORTO, 1\/2\u201d M. ROJA 1000001410-0012 1 6.560 KIT MET\u00c1LICA 33mm, CORTO, 3\/4\u201d M. AZUL 1000001420-0034 1 6.920 KIT MET\u00c1LICA 33mm, [&hellip;]","og_url":"https:\/\/polifusion.com\/chile\/?product=kit-metalica-33mm-corto-vastago-cromado-manilla-metalica-azul-roja-y-cubre-falla-deslizante-plastico-gris","og_site_name":"Polifusi\u00f3n","article_modified_time":"2025-04-21T20:13:37+00:00","og_image":[{"width":709,"height":834,"url":"https:\/\/polifusion.com\/chile\/wp-content\/uploads\/2025\/01\/33MM_WEB.png","type":"image\/png"}],"twitter_card":"summary_large_image","schema":{"@context":"https:\/\/schema.org","@graph":[{"@type":"WebPage","@id":"https:\/\/polifusion.com\/chile\/?product=kit-metalica-33mm-corto-vastago-cromado-manilla-metalica-azul-roja-y-cubre-falla-deslizante-plastico-gris","url":"https:\/\/polifusion.com\/chile\/?product=kit-metalica-33mm-corto-vastago-cromado-manilla-metalica-azul-roja-y-cubre-falla-deslizante-plastico-gris","name":"KIT METALICA 33mm CORTO V\u00c1STAGO CROMADO, MANILLA METALICA (AZUL \/ ROJA) Y CUBRE FALLA DESLIZANTE PL\u00c1STICO (GRIS) - Polifusi\u00f3n","isPartOf":{"@id":"https:\/\/polifusion.com\/chile\/#website"},"primaryImageOfPage":{"@id":"https:\/\/polifusion.com\/chile\/?product=kit-metalica-33mm-corto-vastago-cromado-manilla-metalica-azul-roja-y-cubre-falla-deslizante-plastico-gris#primaryimage"},"image":{"@id":"https:\/\/polifusion.com\/chile\/?product=kit-metalica-33mm-corto-vastago-cromado-manilla-metalica-azul-roja-y-cubre-falla-deslizante-plastico-gris#primaryimage"},"thumbnailUrl":"https:\/\/polifusion.com\/chile\/wp-content\/uploads\/2025\/01\/33MM_WEB.png","datePublished":"2025-01-31T16:46:09+00:00","dateModified":"2025-04-21T20:13:37+00:00","breadcrumb":{"@id":"https:\/\/polifusion.com\/chile\/?product=kit-metalica-33mm-corto-vastago-cromado-manilla-metalica-azul-roja-y-cubre-falla-deslizante-plastico-gris#breadcrumb"},"inLanguage":"es","potentialAction":[{"@type":"ReadAction","target":["https:\/\/polifusion.com\/chile\/?product=kit-metalica-33mm-corto-vastago-cromado-manilla-metalica-azul-roja-y-cubre-falla-deslizante-plastico-gris"]}]},{"@type":"ImageObject","inLanguage":"es","@id":"https:\/\/polifusion.com\/chile\/?product=kit-metalica-33mm-corto-vastago-cromado-manilla-metalica-azul-roja-y-cubre-falla-deslizante-plastico-gris#primaryimage","url":"https:\/\/polifusion.com\/chile\/wp-content\/uploads\/2025\/01\/33MM_WEB.png","contentUrl":"https:\/\/polifusion.com\/chile\/wp-content\/uploads\/2025\/01\/33MM_WEB.png","width":709,"height":834},{"@type":"BreadcrumbList","@id":"https:\/\/polifusion.com\/chile\/?product=kit-metalica-33mm-corto-vastago-cromado-manilla-metalica-azul-roja-y-cubre-falla-deslizante-plastico-gris#breadcrumb","itemListElement":[{"@type":"ListItem","position":1,"name":"Portada","item":"https:\/\/polifusion.com\/chile\/"},{"@type":"ListItem","position":2,"name":"Tienda","item":"https:\/\/polifusion.com\/chile\/tienda\/"},{"@type":"ListItem","position":3,"name":"KIT METALICA 33mm CORTO V\u00c1STAGO CROMADO, MANILLA METALICA (AZUL \/ ROJA) Y CUBRE FALLA DESLIZANTE PL\u00c1STICO (GRIS)"}]},{"@type":"WebSite","@id":"https:\/\/polifusion.com\/chile\/#website","url":"https:\/\/polifusion.com\/chile\/","name":"Polifusi\u00f3n","description":"","publisher":{"@id":"https:\/\/polifusion.com\/chile\/#organization"},"potentialAction":[{"@type":"SearchAction","target":{"@type":"EntryPoint","urlTemplate":"https:\/\/polifusion.com\/chile\/?s={search_term_string}"},"query-input":{"@type":"PropertyValueSpecification","valueRequired":true,"valueName":"search_term_string"}}],"inLanguage":"es"},{"@type":"Organization","@id":"https:\/\/polifusion.com\/chile\/#organization","name":"Polifusi\u00f3n","url":"https:\/\/polifusion.com\/chile\/","logo":{"@type":"ImageObject","inLanguage":"es","@id":"https:\/\/polifusion.com\/chile\/#\/schema\/logo\/image\/","url":"https:\/\/polifusion.com\/chile\/wp-content\/uploads\/2025\/06\/cropped-favicon_web_polifusion-2.png","contentUrl":"https:\/\/polifusion.com\/chile\/wp-content\/uploads\/2025\/06\/cropped-favicon_web_polifusion-2.png","width":512,"height":512,"caption":"Polifusi\u00f3n"},"image":{"@id":"https:\/\/polifusion.com\/chile\/#\/schema\/logo\/image\/"},"sameAs":["https:\/\/www.instagram.com\/polifusion_chile","https:\/\/www.linkedin.com\/company\/polifusin-chile\/"]}]}},"_links":{"self":[{"href":"https:\/\/polifusion.com\/chile\/wp-json\/wp\/v2\/product\/580","targetHints":{"allow":["GET"]}}],"collection":[{"href":"https:\/\/polifusion.com\/chile\/wp-json\/wp\/v2\/product"}],"about":[{"href":"https:\/\/polifusion.com\/chile\/wp-json\/wp\/v2\/types\/product"}],"replies":[{"embeddable":true,"href":"https:\/\/polifusion.com\/chile\/wp-json\/wp\/v2\/comments?post=580"}],"wp:featuredmedia":[{"embeddable":true,"href":"https:\/\/polifusion.com\/chile\/wp-json\/wp\/v2\/media\/4315"}],"wp:attachment":[{"href":"https:\/\/polifusion.com\/chile\/wp-json\/wp\/v2\/media?parent=580"}],"wp:term":[{"taxonomy":"product_brand","embeddable":true,"href":"https:\/\/polifusion.com\/chile\/wp-json\/wp\/v2\/product_brand?post=580"},{"taxonomy":"product_cat","embeddable":true,"href":"https:\/\/polifusion.com\/chile\/wp-json\/wp\/v2\/product_cat?post=580"},{"taxonomy":"product_tag","embeddable":true,"href":"https:\/\/polifusion.com\/chile\/wp-json\/wp\/v2\/product_tag?post=580"}],"curies":[{"name":"wp","href":"https:\/\/api.w.org\/{rel}","templated":true}]}}