{"id":4477,"date":"2025-04-25T20:41:40","date_gmt":"2025-04-25T18:41:40","guid":{"rendered":"https:\/\/polifusion.com\/chile\/?post_type=product&#038;p=4477"},"modified":"2025-04-29T18:50:59","modified_gmt":"2025-04-29T16:50:59","slug":"maquina-omisa-hst300-20mm-a-1200mm","status":"publish","type":"product","link":"https:\/\/polifusion.com\/chile\/producto\/maquina-omisa-hst300-20mm-a-1200mm\/","title":{"rendered":"MAQUINA OMISA HST300 20MM A 1200MM"},"content":{"rendered":"<p><strong>C\u00d3DIGO 60000037012012<\/strong><\/p>\n<table>\n<thead>\n<tr>\n<th><strong>Especificaciones T\u00e9cnicas<\/strong><\/th>\n<th><\/th>\n<th><\/th>\n<\/tr>\n<\/thead>\n<tbody>\n<tr>\n<td style=\"text-align: center;\"><strong>Voltaje nominal\u00a0<\/strong><\/td>\n<td style=\"text-align: center;\">230v<\/td>\n<td><\/td>\n<\/tr>\n<tr>\n<td style=\"text-align: center;\"><strong>Frecuencia<\/strong><\/td>\n<td style=\"text-align: center;\">50Hz\/ 60 Hz<\/td>\n<td><\/td>\n<\/tr>\n<tr>\n<td style=\"color: red; font-weight: bold; text-align: center;\"><span style=\"color: #000000;\">Potencia<\/span><\/td>\n<td style=\"text-align: center;\">2800 VA, 80% de ciclo<\/td>\n<td><\/td>\n<\/tr>\n<tr>\n<td style=\"color: red; font-weight: bold; text-align: center;\"><span style=\"color: #000000;\">Grado de protecci\u00f3n\u00a0<\/span><\/td>\n<td style=\"text-align: center;\">IP54<\/td>\n<td><\/td>\n<\/tr>\n<tr>\n<td style=\"color: red; font-weight: bold; text-align: center;\"><span style=\"color: #000000;\">Corriente primaria<\/span><\/td>\n<td style=\"text-align: center;\">\u00a0M\u00e1x. 16A<\/td>\n<td><\/td>\n<\/tr>\n<tr>\n<td style=\"color: red; font-weight: bold; text-align: center;\"><span style=\"color: #000000;\">Temperatura ambiente<\/span><\/td>\n<td style=\"text-align: center;\">-20\u00baC hasta +60\u00baC (-4\u00baF hasta +140\u00baF)<\/td>\n<td><\/td>\n<\/tr>\n<\/tbody>\n<\/table>\n<p>&nbsp;<\/p>\n","protected":false},"excerpt":{"rendered":"<p>C\u00d3DIGO 60000037012012 Especificaciones T\u00e9cnicas Voltaje nominal\u00a0 230v Frecuencia 50Hz\/ 60 Hz Potencia 2800 VA, 80% de ciclo Grado de protecci\u00f3n\u00a0 IP54 Corriente primaria \u00a0M\u00e1x. 16A Temperatura ambiente -20\u00baC hasta +60\u00baC (-4\u00baF hasta +140\u00baF) &nbsp;<\/p>\n","protected":false},"featured_media":4478,"comment_status":"open","ping_status":"closed","template":"","meta":{"_joinchat":[]},"product_brand":[],"product_cat":[124],"product_tag":[],"class_list":{"0":"post-4477","1":"product","2":"type-product","3":"status-publish","4":"has-post-thumbnail","6":"product_cat-fusiotherm-y-dados","8":"first","9":"instock","10":"shipping-taxable","11":"product-type-simple"},"yoast_head":"<!-- This site is optimized with the Yoast SEO plugin v27.0 - https:\/\/yoast.com\/product\/yoast-seo-wordpress\/ -->\n<title>MAQUINA OMISA HST300 20MM A 1200MM - Polifusi\u00f3n<\/title>\n<meta name=\"robots\" content=\"index, follow, max-snippet:-1, max-image-preview:large, max-video-preview:-1\" \/>\n<link rel=\"canonical\" href=\"https:\/\/polifusion.com\/chile\/?product=maquina-omisa-hst300-20mm-a-1200mm\" \/>\n<meta property=\"og:locale\" content=\"es_ES\" \/>\n<meta property=\"og:type\" content=\"article\" \/>\n<meta property=\"og:title\" content=\"MAQUINA OMISA HST300 20MM A 1200MM - Polifusi\u00f3n\" \/>\n<meta property=\"og:description\" content=\"C\u00d3DIGO 60000037012012 Especificaciones T\u00e9cnicas Voltaje nominal\u00a0 230v Frecuencia 50Hz\/ 60 Hz Potencia 2800 VA, 80% de ciclo Grado de protecci\u00f3n\u00a0 IP54 Corriente primaria \u00a0M\u00e1x. 16A Temperatura ambiente -20\u00baC hasta +60\u00baC (-4\u00baF hasta +140\u00baF) &nbsp;\" \/>\n<meta property=\"og:url\" content=\"https:\/\/polifusion.com\/chile\/?product=maquina-omisa-hst300-20mm-a-1200mm\" \/>\n<meta property=\"og:site_name\" content=\"Polifusi\u00f3n\" \/>\n<meta property=\"article:modified_time\" content=\"2025-04-29T16:50:59+00:00\" \/>\n<meta property=\"og:image\" content=\"https:\/\/polifusion.com\/chile\/wp-content\/uploads\/2025\/04\/OMISA-1200_WEB.png\" \/>\n\t<meta property=\"og:image:width\" content=\"709\" \/>\n\t<meta property=\"og:image:height\" content=\"834\" \/>\n\t<meta property=\"og:image:type\" content=\"image\/png\" \/>\n<meta name=\"twitter:card\" content=\"summary_large_image\" \/>\n<script type=\"application\/ld+json\" class=\"yoast-schema-graph\">{\"@context\":\"https:\/\/schema.org\",\"@graph\":[{\"@type\":\"WebPage\",\"@id\":\"https:\/\/polifusion.com\/chile\/?product=maquina-omisa-hst300-20mm-a-1200mm\",\"url\":\"https:\/\/polifusion.com\/chile\/?product=maquina-omisa-hst300-20mm-a-1200mm\",\"name\":\"MAQUINA OMISA HST300 20MM A 1200MM - Polifusi\u00f3n\",\"isPartOf\":{\"@id\":\"https:\/\/polifusion.com\/chile\/#website\"},\"primaryImageOfPage\":{\"@id\":\"https:\/\/polifusion.com\/chile\/?product=maquina-omisa-hst300-20mm-a-1200mm#primaryimage\"},\"image\":{\"@id\":\"https:\/\/polifusion.com\/chile\/?product=maquina-omisa-hst300-20mm-a-1200mm#primaryimage\"},\"thumbnailUrl\":\"https:\/\/polifusion.com\/chile\/wp-content\/uploads\/2025\/04\/OMISA-1200_WEB.png\",\"datePublished\":\"2025-04-25T18:41:40+00:00\",\"dateModified\":\"2025-04-29T16:50:59+00:00\",\"breadcrumb\":{\"@id\":\"https:\/\/polifusion.com\/chile\/?product=maquina-omisa-hst300-20mm-a-1200mm#breadcrumb\"},\"inLanguage\":\"es\",\"potentialAction\":[{\"@type\":\"ReadAction\",\"target\":[\"https:\/\/polifusion.com\/chile\/?product=maquina-omisa-hst300-20mm-a-1200mm\"]}]},{\"@type\":\"ImageObject\",\"inLanguage\":\"es\",\"@id\":\"https:\/\/polifusion.com\/chile\/?product=maquina-omisa-hst300-20mm-a-1200mm#primaryimage\",\"url\":\"https:\/\/polifusion.com\/chile\/wp-content\/uploads\/2025\/04\/OMISA-1200_WEB.png\",\"contentUrl\":\"https:\/\/polifusion.com\/chile\/wp-content\/uploads\/2025\/04\/OMISA-1200_WEB.png\",\"width\":709,\"height\":834},{\"@type\":\"BreadcrumbList\",\"@id\":\"https:\/\/polifusion.com\/chile\/?product=maquina-omisa-hst300-20mm-a-1200mm#breadcrumb\",\"itemListElement\":[{\"@type\":\"ListItem\",\"position\":1,\"name\":\"Portada\",\"item\":\"https:\/\/polifusion.com\/chile\/\"},{\"@type\":\"ListItem\",\"position\":2,\"name\":\"Tienda\",\"item\":\"https:\/\/polifusion.com\/chile\/tienda\/\"},{\"@type\":\"ListItem\",\"position\":3,\"name\":\"MAQUINA OMISA HST300 20MM A 1200MM\"}]},{\"@type\":\"WebSite\",\"@id\":\"https:\/\/polifusion.com\/chile\/#website\",\"url\":\"https:\/\/polifusion.com\/chile\/\",\"name\":\"Polifusi\u00f3n\",\"description\":\"\",\"publisher\":{\"@id\":\"https:\/\/polifusion.com\/chile\/#organization\"},\"potentialAction\":[{\"@type\":\"SearchAction\",\"target\":{\"@type\":\"EntryPoint\",\"urlTemplate\":\"https:\/\/polifusion.com\/chile\/?s={search_term_string}\"},\"query-input\":{\"@type\":\"PropertyValueSpecification\",\"valueRequired\":true,\"valueName\":\"search_term_string\"}}],\"inLanguage\":\"es\"},{\"@type\":\"Organization\",\"@id\":\"https:\/\/polifusion.com\/chile\/#organization\",\"name\":\"Polifusi\u00f3n\",\"url\":\"https:\/\/polifusion.com\/chile\/\",\"logo\":{\"@type\":\"ImageObject\",\"inLanguage\":\"es\",\"@id\":\"https:\/\/polifusion.com\/chile\/#\/schema\/logo\/image\/\",\"url\":\"https:\/\/polifusion.com\/chile\/wp-content\/uploads\/2025\/06\/cropped-favicon_web_polifusion-2.png\",\"contentUrl\":\"https:\/\/polifusion.com\/chile\/wp-content\/uploads\/2025\/06\/cropped-favicon_web_polifusion-2.png\",\"width\":512,\"height\":512,\"caption\":\"Polifusi\u00f3n\"},\"image\":{\"@id\":\"https:\/\/polifusion.com\/chile\/#\/schema\/logo\/image\/\"},\"sameAs\":[\"https:\/\/www.instagram.com\/polifusion_chile\",\"https:\/\/www.linkedin.com\/company\/polifusin-chile\/\"]}]}<\/script>\n<!-- \/ Yoast SEO plugin. -->","yoast_head_json":{"title":"MAQUINA OMISA HST300 20MM A 1200MM - Polifusi\u00f3n","robots":{"index":"index","follow":"follow","max-snippet":"max-snippet:-1","max-image-preview":"max-image-preview:large","max-video-preview":"max-video-preview:-1"},"canonical":"https:\/\/polifusion.com\/chile\/?product=maquina-omisa-hst300-20mm-a-1200mm","og_locale":"es_ES","og_type":"article","og_title":"MAQUINA OMISA HST300 20MM A 1200MM - Polifusi\u00f3n","og_description":"C\u00d3DIGO 60000037012012 Especificaciones T\u00e9cnicas Voltaje nominal\u00a0 230v Frecuencia 50Hz\/ 60 Hz Potencia 2800 VA, 80% de ciclo Grado de protecci\u00f3n\u00a0 IP54 Corriente primaria \u00a0M\u00e1x. 16A Temperatura ambiente -20\u00baC hasta +60\u00baC (-4\u00baF hasta +140\u00baF) &nbsp;","og_url":"https:\/\/polifusion.com\/chile\/?product=maquina-omisa-hst300-20mm-a-1200mm","og_site_name":"Polifusi\u00f3n","article_modified_time":"2025-04-29T16:50:59+00:00","og_image":[{"width":709,"height":834,"url":"https:\/\/polifusion.com\/chile\/wp-content\/uploads\/2025\/04\/OMISA-1200_WEB.png","type":"image\/png"}],"twitter_card":"summary_large_image","schema":{"@context":"https:\/\/schema.org","@graph":[{"@type":"WebPage","@id":"https:\/\/polifusion.com\/chile\/?product=maquina-omisa-hst300-20mm-a-1200mm","url":"https:\/\/polifusion.com\/chile\/?product=maquina-omisa-hst300-20mm-a-1200mm","name":"MAQUINA OMISA HST300 20MM A 1200MM - Polifusi\u00f3n","isPartOf":{"@id":"https:\/\/polifusion.com\/chile\/#website"},"primaryImageOfPage":{"@id":"https:\/\/polifusion.com\/chile\/?product=maquina-omisa-hst300-20mm-a-1200mm#primaryimage"},"image":{"@id":"https:\/\/polifusion.com\/chile\/?product=maquina-omisa-hst300-20mm-a-1200mm#primaryimage"},"thumbnailUrl":"https:\/\/polifusion.com\/chile\/wp-content\/uploads\/2025\/04\/OMISA-1200_WEB.png","datePublished":"2025-04-25T18:41:40+00:00","dateModified":"2025-04-29T16:50:59+00:00","breadcrumb":{"@id":"https:\/\/polifusion.com\/chile\/?product=maquina-omisa-hst300-20mm-a-1200mm#breadcrumb"},"inLanguage":"es","potentialAction":[{"@type":"ReadAction","target":["https:\/\/polifusion.com\/chile\/?product=maquina-omisa-hst300-20mm-a-1200mm"]}]},{"@type":"ImageObject","inLanguage":"es","@id":"https:\/\/polifusion.com\/chile\/?product=maquina-omisa-hst300-20mm-a-1200mm#primaryimage","url":"https:\/\/polifusion.com\/chile\/wp-content\/uploads\/2025\/04\/OMISA-1200_WEB.png","contentUrl":"https:\/\/polifusion.com\/chile\/wp-content\/uploads\/2025\/04\/OMISA-1200_WEB.png","width":709,"height":834},{"@type":"BreadcrumbList","@id":"https:\/\/polifusion.com\/chile\/?product=maquina-omisa-hst300-20mm-a-1200mm#breadcrumb","itemListElement":[{"@type":"ListItem","position":1,"name":"Portada","item":"https:\/\/polifusion.com\/chile\/"},{"@type":"ListItem","position":2,"name":"Tienda","item":"https:\/\/polifusion.com\/chile\/tienda\/"},{"@type":"ListItem","position":3,"name":"MAQUINA OMISA HST300 20MM A 1200MM"}]},{"@type":"WebSite","@id":"https:\/\/polifusion.com\/chile\/#website","url":"https:\/\/polifusion.com\/chile\/","name":"Polifusi\u00f3n","description":"","publisher":{"@id":"https:\/\/polifusion.com\/chile\/#organization"},"potentialAction":[{"@type":"SearchAction","target":{"@type":"EntryPoint","urlTemplate":"https:\/\/polifusion.com\/chile\/?s={search_term_string}"},"query-input":{"@type":"PropertyValueSpecification","valueRequired":true,"valueName":"search_term_string"}}],"inLanguage":"es"},{"@type":"Organization","@id":"https:\/\/polifusion.com\/chile\/#organization","name":"Polifusi\u00f3n","url":"https:\/\/polifusion.com\/chile\/","logo":{"@type":"ImageObject","inLanguage":"es","@id":"https:\/\/polifusion.com\/chile\/#\/schema\/logo\/image\/","url":"https:\/\/polifusion.com\/chile\/wp-content\/uploads\/2025\/06\/cropped-favicon_web_polifusion-2.png","contentUrl":"https:\/\/polifusion.com\/chile\/wp-content\/uploads\/2025\/06\/cropped-favicon_web_polifusion-2.png","width":512,"height":512,"caption":"Polifusi\u00f3n"},"image":{"@id":"https:\/\/polifusion.com\/chile\/#\/schema\/logo\/image\/"},"sameAs":["https:\/\/www.instagram.com\/polifusion_chile","https:\/\/www.linkedin.com\/company\/polifusin-chile\/"]}]}},"_links":{"self":[{"href":"https:\/\/polifusion.com\/chile\/wp-json\/wp\/v2\/product\/4477","targetHints":{"allow":["GET"]}}],"collection":[{"href":"https:\/\/polifusion.com\/chile\/wp-json\/wp\/v2\/product"}],"about":[{"href":"https:\/\/polifusion.com\/chile\/wp-json\/wp\/v2\/types\/product"}],"replies":[{"embeddable":true,"href":"https:\/\/polifusion.com\/chile\/wp-json\/wp\/v2\/comments?post=4477"}],"wp:featuredmedia":[{"embeddable":true,"href":"https:\/\/polifusion.com\/chile\/wp-json\/wp\/v2\/media\/4478"}],"wp:attachment":[{"href":"https:\/\/polifusion.com\/chile\/wp-json\/wp\/v2\/media?parent=4477"}],"wp:term":[{"taxonomy":"product_brand","embeddable":true,"href":"https:\/\/polifusion.com\/chile\/wp-json\/wp\/v2\/product_brand?post=4477"},{"taxonomy":"product_cat","embeddable":true,"href":"https:\/\/polifusion.com\/chile\/wp-json\/wp\/v2\/product_cat?post=4477"},{"taxonomy":"product_tag","embeddable":true,"href":"https:\/\/polifusion.com\/chile\/wp-json\/wp\/v2\/product_tag?post=4477"}],"curies":[{"name":"wp","href":"https:\/\/api.w.org\/{rel}","templated":true}]}}