{"id":432,"date":"2025-01-29T15:15:07","date_gmt":"2025-01-29T14:15:07","guid":{"rendered":"https:\/\/polifusion.com\/chile\/?post_type=product&#038;p=432"},"modified":"2025-04-17T15:33:00","modified_gmt":"2025-04-17T13:33:00","slug":"union-americana-pp-rct-beta-nucleado-fusion-fusion-cuerpo-metalico-clase-270c-10-bar-20c-20-bar","status":"publish","type":"product","link":"https:\/\/polifusion.com\/chile\/producto\/union-americana-pp-rct-beta-nucleado-fusion-fusion-cuerpo-metalico-clase-270c-10-bar-20c-20-bar\/","title":{"rendered":"UNI\u00d3N AMERICANA PP-RCT BETA NUCLEADO FUSI\u00d3N \/ FUSI\u00d3N CUERPO MET\u00c1LICO CLASE: 2,70\u00b0C, 10 BAR; 20\u00b0C 20 BAR"},"content":{"rendered":"<table class=\"table table-bordered\">\n<caption class=\"table-title\">COPLA TERMINAL FUSI\u00d3N SOCKET &#8211; HILO MET\u00c1LICO HI, TUERCA VOLANTE<br \/>\nCLASE: 2,70\u00b0C, 10 BAR; 20\u00b0C 20 BAR<\/caption>\n<thead>\n<tr>\n<th>DIMENSI\u00d3N<\/th>\n<th>C\u00d3DIGO<\/th>\n<th>UNIDAD<\/th>\n<th>PRECIO UNITARIO<\/th>\n<\/tr>\n<\/thead>\n<tbody>\n<tr>\n<td>UNI\u00d3N AMERICANA 20MM<\/td>\n<td>6100003020-2020<\/td>\n<td>1<\/td>\n<td class=\"bold\">5.307<\/td>\n<\/tr>\n<tr>\n<td>UNI\u00d3N AMERICANA 25MM<\/td>\n<td>6100003020-2525<\/td>\n<td>1<\/td>\n<td class=\"bold\">6.233<\/td>\n<\/tr>\n<tr>\n<td>UNI\u00d3N AMERICANA 32MM<\/td>\n<td>6100003020-3232<\/td>\n<td>1<\/td>\n<td class=\"bold\">8.677<\/td>\n<\/tr>\n<tr>\n<td>UNI\u00d3N AMERICANA 40MM<\/td>\n<td>6100003020-4040<\/td>\n<td>1<\/td>\n<td class=\"bold\">19.363<\/td>\n<\/tr>\n<tr>\n<td>UNI\u00d3N AMERICANA 50MM<\/td>\n<td>6100003020-5050<\/td>\n<td>1<\/td>\n<td class=\"bold\">28.414<\/td>\n<\/tr>\n<tr>\n<td>UNI\u00d3N AMERICANA 63MM<\/td>\n<td>6100003020-6363<\/td>\n<td>1<\/td>\n<td class=\"bold\">40.987<\/td>\n<\/tr>\n<\/tbody>\n<\/table>\n","protected":false},"excerpt":{"rendered":"<p>COPLA TERMINAL FUSI\u00d3N SOCKET &#8211; HILO MET\u00c1LICO HI, TUERCA VOLANTE CLASE: 2,70\u00b0C, 10 BAR; 20\u00b0C 20 BAR DIMENSI\u00d3N C\u00d3DIGO UNIDAD PRECIO UNITARIO UNI\u00d3N AMERICANA 20MM 6100003020-2020 1 5.307 UNI\u00d3N AMERICANA 25MM 6100003020-2525 1 6.233 UNI\u00d3N AMERICANA 32MM 6100003020-3232 1 8.677 UNI\u00d3N AMERICANA 40MM 6100003020-4040 1 19.363 UNI\u00d3N AMERICANA 50MM 6100003020-5050 1 28.414 UNI\u00d3N AMERICANA 63MM [&hellip;]<\/p>\n","protected":false},"featured_media":3553,"comment_status":"open","ping_status":"closed","template":"","meta":{"_joinchat":[]},"product_brand":[],"product_cat":[125],"product_tag":[],"class_list":{"0":"post-432","1":"product","2":"type-product","3":"status-publish","4":"has-post-thumbnail","6":"product_cat-fittings-pp-rct-socket","8":"first","9":"instock","10":"shipping-taxable","11":"product-type-simple"},"yoast_head":"<!-- This site is optimized with the Yoast SEO plugin v27.0 - https:\/\/yoast.com\/product\/yoast-seo-wordpress\/ -->\n<title>UNI\u00d3N AMERICANA PP-RCT BETA NUCLEADO FUSI\u00d3N \/ FUSI\u00d3N CUERPO MET\u00c1LICO CLASE: 2,70\u00b0C, 10 BAR; 20\u00b0C 20 BAR - Polifusi\u00f3n<\/title>\n<meta name=\"robots\" content=\"index, follow, max-snippet:-1, max-image-preview:large, max-video-preview:-1\" \/>\n<link rel=\"canonical\" href=\"https:\/\/polifusion.com\/chile\/?product=union-americana-pp-rct-beta-nucleado-fusion-fusion-cuerpo-metalico-clase-270c-10-bar-20c-20-bar\" \/>\n<meta property=\"og:locale\" content=\"es_ES\" \/>\n<meta property=\"og:type\" content=\"article\" \/>\n<meta property=\"og:title\" content=\"UNI\u00d3N AMERICANA PP-RCT BETA NUCLEADO FUSI\u00d3N \/ FUSI\u00d3N CUERPO MET\u00c1LICO CLASE: 2,70\u00b0C, 10 BAR; 20\u00b0C 20 BAR - Polifusi\u00f3n\" \/>\n<meta property=\"og:description\" content=\"COPLA TERMINAL FUSI\u00d3N SOCKET &#8211; HILO MET\u00c1LICO HI, TUERCA VOLANTE CLASE: 2,70\u00b0C, 10 BAR; 20\u00b0C 20 BAR DIMENSI\u00d3N C\u00d3DIGO UNIDAD PRECIO UNITARIO UNI\u00d3N AMERICANA 20MM 6100003020-2020 1 5.307 UNI\u00d3N AMERICANA 25MM 6100003020-2525 1 6.233 UNI\u00d3N AMERICANA 32MM 6100003020-3232 1 8.677 UNI\u00d3N AMERICANA 40MM 6100003020-4040 1 19.363 UNI\u00d3N AMERICANA 50MM 6100003020-5050 1 28.414 UNI\u00d3N AMERICANA 63MM [&hellip;]\" \/>\n<meta property=\"og:url\" content=\"https:\/\/polifusion.com\/chile\/?product=union-americana-pp-rct-beta-nucleado-fusion-fusion-cuerpo-metalico-clase-270c-10-bar-20c-20-bar\" \/>\n<meta property=\"og:site_name\" content=\"Polifusi\u00f3n\" \/>\n<meta property=\"article:modified_time\" content=\"2025-04-17T13:33:00+00:00\" \/>\n<meta property=\"og:image\" content=\"https:\/\/polifusion.com\/chile\/wp-content\/uploads\/2025\/01\/Union-americana.png\" \/>\n\t<meta property=\"og:image:width\" content=\"346\" \/>\n\t<meta property=\"og:image:height\" content=\"346\" \/>\n\t<meta property=\"og:image:type\" content=\"image\/png\" \/>\n<meta name=\"twitter:card\" content=\"summary_large_image\" \/>\n<script type=\"application\/ld+json\" class=\"yoast-schema-graph\">{\"@context\":\"https:\/\/schema.org\",\"@graph\":[{\"@type\":\"WebPage\",\"@id\":\"https:\/\/polifusion.com\/chile\/?product=union-americana-pp-rct-beta-nucleado-fusion-fusion-cuerpo-metalico-clase-270c-10-bar-20c-20-bar\",\"url\":\"https:\/\/polifusion.com\/chile\/?product=union-americana-pp-rct-beta-nucleado-fusion-fusion-cuerpo-metalico-clase-270c-10-bar-20c-20-bar\",\"name\":\"UNI\u00d3N AMERICANA PP-RCT BETA NUCLEADO FUSI\u00d3N \/ FUSI\u00d3N CUERPO MET\u00c1LICO CLASE: 2,70\u00b0C, 10 BAR; 20\u00b0C 20 BAR - Polifusi\u00f3n\",\"isPartOf\":{\"@id\":\"https:\/\/polifusion.com\/chile\/#website\"},\"primaryImageOfPage\":{\"@id\":\"https:\/\/polifusion.com\/chile\/?product=union-americana-pp-rct-beta-nucleado-fusion-fusion-cuerpo-metalico-clase-270c-10-bar-20c-20-bar#primaryimage\"},\"image\":{\"@id\":\"https:\/\/polifusion.com\/chile\/?product=union-americana-pp-rct-beta-nucleado-fusion-fusion-cuerpo-metalico-clase-270c-10-bar-20c-20-bar#primaryimage\"},\"thumbnailUrl\":\"https:\/\/polifusion.com\/chile\/wp-content\/uploads\/2025\/01\/Union-americana.png\",\"datePublished\":\"2025-01-29T14:15:07+00:00\",\"dateModified\":\"2025-04-17T13:33:00+00:00\",\"breadcrumb\":{\"@id\":\"https:\/\/polifusion.com\/chile\/?product=union-americana-pp-rct-beta-nucleado-fusion-fusion-cuerpo-metalico-clase-270c-10-bar-20c-20-bar#breadcrumb\"},\"inLanguage\":\"es\",\"potentialAction\":[{\"@type\":\"ReadAction\",\"target\":[\"https:\/\/polifusion.com\/chile\/?product=union-americana-pp-rct-beta-nucleado-fusion-fusion-cuerpo-metalico-clase-270c-10-bar-20c-20-bar\"]}]},{\"@type\":\"ImageObject\",\"inLanguage\":\"es\",\"@id\":\"https:\/\/polifusion.com\/chile\/?product=union-americana-pp-rct-beta-nucleado-fusion-fusion-cuerpo-metalico-clase-270c-10-bar-20c-20-bar#primaryimage\",\"url\":\"https:\/\/polifusion.com\/chile\/wp-content\/uploads\/2025\/01\/Union-americana.png\",\"contentUrl\":\"https:\/\/polifusion.com\/chile\/wp-content\/uploads\/2025\/01\/Union-americana.png\",\"width\":346,\"height\":346},{\"@type\":\"BreadcrumbList\",\"@id\":\"https:\/\/polifusion.com\/chile\/?product=union-americana-pp-rct-beta-nucleado-fusion-fusion-cuerpo-metalico-clase-270c-10-bar-20c-20-bar#breadcrumb\",\"itemListElement\":[{\"@type\":\"ListItem\",\"position\":1,\"name\":\"Portada\",\"item\":\"https:\/\/polifusion.com\/chile\/\"},{\"@type\":\"ListItem\",\"position\":2,\"name\":\"Tienda\",\"item\":\"https:\/\/polifusion.com\/chile\/tienda\/\"},{\"@type\":\"ListItem\",\"position\":3,\"name\":\"UNI\u00d3N AMERICANA PP-RCT BETA NUCLEADO FUSI\u00d3N \/ FUSI\u00d3N CUERPO MET\u00c1LICO CLASE: 2,70\u00b0C, 10 BAR; 20\u00b0C 20 BAR\"}]},{\"@type\":\"WebSite\",\"@id\":\"https:\/\/polifusion.com\/chile\/#website\",\"url\":\"https:\/\/polifusion.com\/chile\/\",\"name\":\"Polifusi\u00f3n\",\"description\":\"\",\"publisher\":{\"@id\":\"https:\/\/polifusion.com\/chile\/#organization\"},\"potentialAction\":[{\"@type\":\"SearchAction\",\"target\":{\"@type\":\"EntryPoint\",\"urlTemplate\":\"https:\/\/polifusion.com\/chile\/?s={search_term_string}\"},\"query-input\":{\"@type\":\"PropertyValueSpecification\",\"valueRequired\":true,\"valueName\":\"search_term_string\"}}],\"inLanguage\":\"es\"},{\"@type\":\"Organization\",\"@id\":\"https:\/\/polifusion.com\/chile\/#organization\",\"name\":\"Polifusi\u00f3n\",\"url\":\"https:\/\/polifusion.com\/chile\/\",\"logo\":{\"@type\":\"ImageObject\",\"inLanguage\":\"es\",\"@id\":\"https:\/\/polifusion.com\/chile\/#\/schema\/logo\/image\/\",\"url\":\"https:\/\/polifusion.com\/chile\/wp-content\/uploads\/2025\/06\/cropped-favicon_web_polifusion-2.png\",\"contentUrl\":\"https:\/\/polifusion.com\/chile\/wp-content\/uploads\/2025\/06\/cropped-favicon_web_polifusion-2.png\",\"width\":512,\"height\":512,\"caption\":\"Polifusi\u00f3n\"},\"image\":{\"@id\":\"https:\/\/polifusion.com\/chile\/#\/schema\/logo\/image\/\"},\"sameAs\":[\"https:\/\/www.instagram.com\/polifusion_chile\",\"https:\/\/www.linkedin.com\/company\/polifusin-chile\/\"]}]}<\/script>\n<!-- \/ Yoast SEO plugin. -->","yoast_head_json":{"title":"UNI\u00d3N AMERICANA PP-RCT BETA NUCLEADO FUSI\u00d3N \/ FUSI\u00d3N CUERPO MET\u00c1LICO CLASE: 2,70\u00b0C, 10 BAR; 20\u00b0C 20 BAR - Polifusi\u00f3n","robots":{"index":"index","follow":"follow","max-snippet":"max-snippet:-1","max-image-preview":"max-image-preview:large","max-video-preview":"max-video-preview:-1"},"canonical":"https:\/\/polifusion.com\/chile\/?product=union-americana-pp-rct-beta-nucleado-fusion-fusion-cuerpo-metalico-clase-270c-10-bar-20c-20-bar","og_locale":"es_ES","og_type":"article","og_title":"UNI\u00d3N AMERICANA PP-RCT BETA NUCLEADO FUSI\u00d3N \/ FUSI\u00d3N CUERPO MET\u00c1LICO CLASE: 2,70\u00b0C, 10 BAR; 20\u00b0C 20 BAR - Polifusi\u00f3n","og_description":"COPLA TERMINAL FUSI\u00d3N SOCKET &#8211; HILO MET\u00c1LICO HI, TUERCA VOLANTE CLASE: 2,70\u00b0C, 10 BAR; 20\u00b0C 20 BAR DIMENSI\u00d3N C\u00d3DIGO UNIDAD PRECIO UNITARIO UNI\u00d3N AMERICANA 20MM 6100003020-2020 1 5.307 UNI\u00d3N AMERICANA 25MM 6100003020-2525 1 6.233 UNI\u00d3N AMERICANA 32MM 6100003020-3232 1 8.677 UNI\u00d3N AMERICANA 40MM 6100003020-4040 1 19.363 UNI\u00d3N AMERICANA 50MM 6100003020-5050 1 28.414 UNI\u00d3N AMERICANA 63MM [&hellip;]","og_url":"https:\/\/polifusion.com\/chile\/?product=union-americana-pp-rct-beta-nucleado-fusion-fusion-cuerpo-metalico-clase-270c-10-bar-20c-20-bar","og_site_name":"Polifusi\u00f3n","article_modified_time":"2025-04-17T13:33:00+00:00","og_image":[{"width":346,"height":346,"url":"https:\/\/polifusion.com\/chile\/wp-content\/uploads\/2025\/01\/Union-americana.png","type":"image\/png"}],"twitter_card":"summary_large_image","schema":{"@context":"https:\/\/schema.org","@graph":[{"@type":"WebPage","@id":"https:\/\/polifusion.com\/chile\/?product=union-americana-pp-rct-beta-nucleado-fusion-fusion-cuerpo-metalico-clase-270c-10-bar-20c-20-bar","url":"https:\/\/polifusion.com\/chile\/?product=union-americana-pp-rct-beta-nucleado-fusion-fusion-cuerpo-metalico-clase-270c-10-bar-20c-20-bar","name":"UNI\u00d3N AMERICANA PP-RCT BETA NUCLEADO FUSI\u00d3N \/ FUSI\u00d3N CUERPO MET\u00c1LICO CLASE: 2,70\u00b0C, 10 BAR; 20\u00b0C 20 BAR - Polifusi\u00f3n","isPartOf":{"@id":"https:\/\/polifusion.com\/chile\/#website"},"primaryImageOfPage":{"@id":"https:\/\/polifusion.com\/chile\/?product=union-americana-pp-rct-beta-nucleado-fusion-fusion-cuerpo-metalico-clase-270c-10-bar-20c-20-bar#primaryimage"},"image":{"@id":"https:\/\/polifusion.com\/chile\/?product=union-americana-pp-rct-beta-nucleado-fusion-fusion-cuerpo-metalico-clase-270c-10-bar-20c-20-bar#primaryimage"},"thumbnailUrl":"https:\/\/polifusion.com\/chile\/wp-content\/uploads\/2025\/01\/Union-americana.png","datePublished":"2025-01-29T14:15:07+00:00","dateModified":"2025-04-17T13:33:00+00:00","breadcrumb":{"@id":"https:\/\/polifusion.com\/chile\/?product=union-americana-pp-rct-beta-nucleado-fusion-fusion-cuerpo-metalico-clase-270c-10-bar-20c-20-bar#breadcrumb"},"inLanguage":"es","potentialAction":[{"@type":"ReadAction","target":["https:\/\/polifusion.com\/chile\/?product=union-americana-pp-rct-beta-nucleado-fusion-fusion-cuerpo-metalico-clase-270c-10-bar-20c-20-bar"]}]},{"@type":"ImageObject","inLanguage":"es","@id":"https:\/\/polifusion.com\/chile\/?product=union-americana-pp-rct-beta-nucleado-fusion-fusion-cuerpo-metalico-clase-270c-10-bar-20c-20-bar#primaryimage","url":"https:\/\/polifusion.com\/chile\/wp-content\/uploads\/2025\/01\/Union-americana.png","contentUrl":"https:\/\/polifusion.com\/chile\/wp-content\/uploads\/2025\/01\/Union-americana.png","width":346,"height":346},{"@type":"BreadcrumbList","@id":"https:\/\/polifusion.com\/chile\/?product=union-americana-pp-rct-beta-nucleado-fusion-fusion-cuerpo-metalico-clase-270c-10-bar-20c-20-bar#breadcrumb","itemListElement":[{"@type":"ListItem","position":1,"name":"Portada","item":"https:\/\/polifusion.com\/chile\/"},{"@type":"ListItem","position":2,"name":"Tienda","item":"https:\/\/polifusion.com\/chile\/tienda\/"},{"@type":"ListItem","position":3,"name":"UNI\u00d3N AMERICANA PP-RCT BETA NUCLEADO FUSI\u00d3N \/ FUSI\u00d3N CUERPO MET\u00c1LICO CLASE: 2,70\u00b0C, 10 BAR; 20\u00b0C 20 BAR"}]},{"@type":"WebSite","@id":"https:\/\/polifusion.com\/chile\/#website","url":"https:\/\/polifusion.com\/chile\/","name":"Polifusi\u00f3n","description":"","publisher":{"@id":"https:\/\/polifusion.com\/chile\/#organization"},"potentialAction":[{"@type":"SearchAction","target":{"@type":"EntryPoint","urlTemplate":"https:\/\/polifusion.com\/chile\/?s={search_term_string}"},"query-input":{"@type":"PropertyValueSpecification","valueRequired":true,"valueName":"search_term_string"}}],"inLanguage":"es"},{"@type":"Organization","@id":"https:\/\/polifusion.com\/chile\/#organization","name":"Polifusi\u00f3n","url":"https:\/\/polifusion.com\/chile\/","logo":{"@type":"ImageObject","inLanguage":"es","@id":"https:\/\/polifusion.com\/chile\/#\/schema\/logo\/image\/","url":"https:\/\/polifusion.com\/chile\/wp-content\/uploads\/2025\/06\/cropped-favicon_web_polifusion-2.png","contentUrl":"https:\/\/polifusion.com\/chile\/wp-content\/uploads\/2025\/06\/cropped-favicon_web_polifusion-2.png","width":512,"height":512,"caption":"Polifusi\u00f3n"},"image":{"@id":"https:\/\/polifusion.com\/chile\/#\/schema\/logo\/image\/"},"sameAs":["https:\/\/www.instagram.com\/polifusion_chile","https:\/\/www.linkedin.com\/company\/polifusin-chile\/"]}]}},"_links":{"self":[{"href":"https:\/\/polifusion.com\/chile\/wp-json\/wp\/v2\/product\/432","targetHints":{"allow":["GET"]}}],"collection":[{"href":"https:\/\/polifusion.com\/chile\/wp-json\/wp\/v2\/product"}],"about":[{"href":"https:\/\/polifusion.com\/chile\/wp-json\/wp\/v2\/types\/product"}],"replies":[{"embeddable":true,"href":"https:\/\/polifusion.com\/chile\/wp-json\/wp\/v2\/comments?post=432"}],"wp:featuredmedia":[{"embeddable":true,"href":"https:\/\/polifusion.com\/chile\/wp-json\/wp\/v2\/media\/3553"}],"wp:attachment":[{"href":"https:\/\/polifusion.com\/chile\/wp-json\/wp\/v2\/media?parent=432"}],"wp:term":[{"taxonomy":"product_brand","embeddable":true,"href":"https:\/\/polifusion.com\/chile\/wp-json\/wp\/v2\/product_brand?post=432"},{"taxonomy":"product_cat","embeddable":true,"href":"https:\/\/polifusion.com\/chile\/wp-json\/wp\/v2\/product_cat?post=432"},{"taxonomy":"product_tag","embeddable":true,"href":"https:\/\/polifusion.com\/chile\/wp-json\/wp\/v2\/product_tag?post=432"}],"curies":[{"name":"wp","href":"https:\/\/api.w.org\/{rel}","templated":true}]}}