{"id":384,"date":"2025-01-28T14:05:19","date_gmt":"2025-01-28T13:05:19","guid":{"rendered":"https:\/\/polifusion.com\/chile\/?post_type=product&#038;p=384"},"modified":"2025-04-03T17:25:29","modified_gmt":"2025-04-03T15:25:29","slug":"empaquetaduras","status":"publish","type":"product","link":"https:\/\/polifusion.com\/chile\/producto\/empaquetaduras\/","title":{"rendered":"EMPAQUETADURAS"},"content":{"rendered":"<p>&nbsp;<\/p>\n<style>\n        table {<br \/>\n            width: 100%;<br \/>\n            border-collapse: collapse;<br \/>\n            font-family: Arial, sans-serif;<br \/>\n        }<br \/>\n        th, td {<br \/>\n            border: 1px solid #ccc;<br \/>\n            padding: 10px;<br \/>\n            text-align: center;<br \/>\n        }<br \/>\n        th {<br \/>\n            background-color: #2f6f9f;<br \/>\n            color: white;<br \/>\n        }<br \/>\n        .table-title {<br \/>\n            background-color: #a9c8df;<br \/>\n            font-weight: bold;<br \/>\n            font-size: 1.2em;<br \/>\n            text-align: center;<br \/>\n            padding: 10px;<br \/>\n            margin-bottom: 10px;<br \/>\n        }<br \/>\n        .bold {<br \/>\n            font-weight: bold;<br \/>\n        }<br \/>\n        tr:nth-child(even) {<br \/>\n            background-color: #f2f2f2;<br \/>\n        }<br \/>\n    <\/style>\n<p>&nbsp;<\/p>\n<table class=\"table table-bordered\">\n<caption class=\"table-title\">EMPAQUETADURAS<\/caption>\n<thead>\n<tr>\n<th>DIMENSI\u00d3N<\/th>\n<th>C\u00d3DIGO<\/th>\n<th>UNIDAD<\/th>\n<th>PRECIO UNITARIO<\/th>\n<\/tr>\n<\/thead>\n<tbody>\n<tr>\n<td>EMPAQUETADURA 63mm<\/td>\n<td>3900002031-0063<\/td>\n<td>1<\/td>\n<td>1.122<\/td>\n<\/tr>\n<tr>\n<td>EMPAQUETADURA 75mm<\/td>\n<td>3900002031-0075<\/td>\n<td>1<\/td>\n<td>1.581<\/td>\n<\/tr>\n<tr>\n<td>EMPAQUETADURA 90mm<\/td>\n<td>3900002031-0090<\/td>\n<td>1<\/td>\n<td>1.871<\/td>\n<\/tr>\n<tr>\n<td>EMPAQUETADURA 110mm<\/td>\n<td>3900002031-0110<\/td>\n<td>1<\/td>\n<td>2.092<\/td>\n<\/tr>\n<tr>\n<td>EMPAQUETADURA 160mm<\/td>\n<td>3900002031-0160<\/td>\n<td>1<\/td>\n<td>3.214<\/td>\n<\/tr>\n<tr>\n<td>EMPAQUETADURA 200mm<\/td>\n<td>3900002031-0200<\/td>\n<td>1<\/td>\n<td>3.673<\/td>\n<\/tr>\n<tr>\n<td>EMPAQUETADURA 250mm<\/td>\n<td>3900002031-0250<\/td>\n<td>1<\/td>\n<td>4.907<\/td>\n<\/tr>\n<tr>\n<td>EMPAQUETADURA 315mm<\/td>\n<td>3900002031-0315<\/td>\n<td>1<\/td>\n<td>6.126<\/td>\n<\/tr>\n<\/tbody>\n<\/table>\n<p>&nbsp;<\/p>\n","protected":false},"excerpt":{"rendered":"<p>&nbsp; &nbsp; EMPAQUETADURAS DIMENSI\u00d3N C\u00d3DIGO UNIDAD PRECIO UNITARIO EMPAQUETADURA 63mm 3900002031-0063 1 1.122 EMPAQUETADURA 75mm 3900002031-0075 1 1.581 EMPAQUETADURA 90mm 3900002031-0090 1 1.871 EMPAQUETADURA 110mm 3900002031-0110 1 2.092 EMPAQUETADURA 160mm 3900002031-0160 1 3.214 EMPAQUETADURA 200mm 3900002031-0200 1 3.673 EMPAQUETADURA 250mm 3900002031-0250 1 4.907 EMPAQUETADURA 315mm 3900002031-0315 1 6.126 &nbsp;<\/p>\n","protected":false},"featured_media":385,"comment_status":"open","ping_status":"closed","template":"","meta":{"_joinchat":[]},"product_brand":[],"product_cat":[105],"product_tag":[],"class_list":{"0":"post-384","1":"product","2":"type-product","3":"status-publish","4":"has-post-thumbnail","6":"product_cat-fittings-hdpe","8":"first","9":"instock","10":"shipping-taxable","11":"product-type-simple"},"yoast_head":"<!-- This site is optimized with the Yoast SEO plugin v27.0 - https:\/\/yoast.com\/product\/yoast-seo-wordpress\/ -->\n<title>EMPAQUETADURAS - Polifusi\u00f3n<\/title>\n<meta name=\"robots\" content=\"index, follow, max-snippet:-1, max-image-preview:large, max-video-preview:-1\" \/>\n<link rel=\"canonical\" href=\"https:\/\/polifusion.com\/chile\/?product=empaquetaduras\" \/>\n<meta property=\"og:locale\" content=\"es_ES\" \/>\n<meta property=\"og:type\" content=\"article\" \/>\n<meta property=\"og:title\" content=\"EMPAQUETADURAS - Polifusi\u00f3n\" \/>\n<meta property=\"og:description\" content=\"&nbsp; &nbsp; EMPAQUETADURAS DIMENSI\u00d3N C\u00d3DIGO UNIDAD PRECIO UNITARIO EMPAQUETADURA 63mm 3900002031-0063 1 1.122 EMPAQUETADURA 75mm 3900002031-0075 1 1.581 EMPAQUETADURA 90mm 3900002031-0090 1 1.871 EMPAQUETADURA 110mm 3900002031-0110 1 2.092 EMPAQUETADURA 160mm 3900002031-0160 1 3.214 EMPAQUETADURA 200mm 3900002031-0200 1 3.673 EMPAQUETADURA 250mm 3900002031-0250 1 4.907 EMPAQUETADURA 315mm 3900002031-0315 1 6.126 &nbsp;\" \/>\n<meta property=\"og:url\" content=\"https:\/\/polifusion.com\/chile\/?product=empaquetaduras\" \/>\n<meta property=\"og:site_name\" content=\"Polifusi\u00f3n\" \/>\n<meta property=\"article:modified_time\" content=\"2025-04-03T15:25:29+00:00\" \/>\n<meta property=\"og:image\" content=\"https:\/\/polifusion.com\/chile\/wp-content\/uploads\/2025\/01\/Captura-de-pantalla-2025-01-28-a-las-10.05.39\u202fa.m.png\" \/>\n\t<meta property=\"og:image:width\" content=\"274\" \/>\n\t<meta property=\"og:image:height\" content=\"250\" \/>\n\t<meta property=\"og:image:type\" content=\"image\/png\" \/>\n<meta name=\"twitter:card\" content=\"summary_large_image\" \/>\n<script type=\"application\/ld+json\" class=\"yoast-schema-graph\">{\"@context\":\"https:\/\/schema.org\",\"@graph\":[{\"@type\":\"WebPage\",\"@id\":\"https:\/\/polifusion.com\/chile\/?product=empaquetaduras\",\"url\":\"https:\/\/polifusion.com\/chile\/?product=empaquetaduras\",\"name\":\"EMPAQUETADURAS - Polifusi\u00f3n\",\"isPartOf\":{\"@id\":\"https:\/\/polifusion.com\/chile\/#website\"},\"primaryImageOfPage\":{\"@id\":\"https:\/\/polifusion.com\/chile\/?product=empaquetaduras#primaryimage\"},\"image\":{\"@id\":\"https:\/\/polifusion.com\/chile\/?product=empaquetaduras#primaryimage\"},\"thumbnailUrl\":\"https:\/\/polifusion.com\/chile\/wp-content\/uploads\/2025\/01\/Captura-de-pantalla-2025-01-28-a-las-10.05.39\u202fa.m.png\",\"datePublished\":\"2025-01-28T13:05:19+00:00\",\"dateModified\":\"2025-04-03T15:25:29+00:00\",\"breadcrumb\":{\"@id\":\"https:\/\/polifusion.com\/chile\/?product=empaquetaduras#breadcrumb\"},\"inLanguage\":\"es\",\"potentialAction\":[{\"@type\":\"ReadAction\",\"target\":[\"https:\/\/polifusion.com\/chile\/?product=empaquetaduras\"]}]},{\"@type\":\"ImageObject\",\"inLanguage\":\"es\",\"@id\":\"https:\/\/polifusion.com\/chile\/?product=empaquetaduras#primaryimage\",\"url\":\"https:\/\/polifusion.com\/chile\/wp-content\/uploads\/2025\/01\/Captura-de-pantalla-2025-01-28-a-las-10.05.39\u202fa.m.png\",\"contentUrl\":\"https:\/\/polifusion.com\/chile\/wp-content\/uploads\/2025\/01\/Captura-de-pantalla-2025-01-28-a-las-10.05.39\u202fa.m.png\",\"width\":274,\"height\":250},{\"@type\":\"BreadcrumbList\",\"@id\":\"https:\/\/polifusion.com\/chile\/?product=empaquetaduras#breadcrumb\",\"itemListElement\":[{\"@type\":\"ListItem\",\"position\":1,\"name\":\"Portada\",\"item\":\"https:\/\/polifusion.com\/chile\/\"},{\"@type\":\"ListItem\",\"position\":2,\"name\":\"Tienda\",\"item\":\"https:\/\/polifusion.com\/chile\/tienda\/\"},{\"@type\":\"ListItem\",\"position\":3,\"name\":\"EMPAQUETADURAS\"}]},{\"@type\":\"WebSite\",\"@id\":\"https:\/\/polifusion.com\/chile\/#website\",\"url\":\"https:\/\/polifusion.com\/chile\/\",\"name\":\"Polifusi\u00f3n\",\"description\":\"\",\"publisher\":{\"@id\":\"https:\/\/polifusion.com\/chile\/#organization\"},\"potentialAction\":[{\"@type\":\"SearchAction\",\"target\":{\"@type\":\"EntryPoint\",\"urlTemplate\":\"https:\/\/polifusion.com\/chile\/?s={search_term_string}\"},\"query-input\":{\"@type\":\"PropertyValueSpecification\",\"valueRequired\":true,\"valueName\":\"search_term_string\"}}],\"inLanguage\":\"es\"},{\"@type\":\"Organization\",\"@id\":\"https:\/\/polifusion.com\/chile\/#organization\",\"name\":\"Polifusi\u00f3n\",\"url\":\"https:\/\/polifusion.com\/chile\/\",\"logo\":{\"@type\":\"ImageObject\",\"inLanguage\":\"es\",\"@id\":\"https:\/\/polifusion.com\/chile\/#\/schema\/logo\/image\/\",\"url\":\"https:\/\/polifusion.com\/chile\/wp-content\/uploads\/2025\/06\/cropped-favicon_web_polifusion-2.png\",\"contentUrl\":\"https:\/\/polifusion.com\/chile\/wp-content\/uploads\/2025\/06\/cropped-favicon_web_polifusion-2.png\",\"width\":512,\"height\":512,\"caption\":\"Polifusi\u00f3n\"},\"image\":{\"@id\":\"https:\/\/polifusion.com\/chile\/#\/schema\/logo\/image\/\"},\"sameAs\":[\"https:\/\/www.instagram.com\/polifusion_chile\",\"https:\/\/www.linkedin.com\/company\/polifusin-chile\/\"]}]}<\/script>\n<!-- \/ Yoast SEO plugin. -->","yoast_head_json":{"title":"EMPAQUETADURAS - Polifusi\u00f3n","robots":{"index":"index","follow":"follow","max-snippet":"max-snippet:-1","max-image-preview":"max-image-preview:large","max-video-preview":"max-video-preview:-1"},"canonical":"https:\/\/polifusion.com\/chile\/?product=empaquetaduras","og_locale":"es_ES","og_type":"article","og_title":"EMPAQUETADURAS - Polifusi\u00f3n","og_description":"&nbsp; &nbsp; EMPAQUETADURAS DIMENSI\u00d3N C\u00d3DIGO UNIDAD PRECIO UNITARIO EMPAQUETADURA 63mm 3900002031-0063 1 1.122 EMPAQUETADURA 75mm 3900002031-0075 1 1.581 EMPAQUETADURA 90mm 3900002031-0090 1 1.871 EMPAQUETADURA 110mm 3900002031-0110 1 2.092 EMPAQUETADURA 160mm 3900002031-0160 1 3.214 EMPAQUETADURA 200mm 3900002031-0200 1 3.673 EMPAQUETADURA 250mm 3900002031-0250 1 4.907 EMPAQUETADURA 315mm 3900002031-0315 1 6.126 &nbsp;","og_url":"https:\/\/polifusion.com\/chile\/?product=empaquetaduras","og_site_name":"Polifusi\u00f3n","article_modified_time":"2025-04-03T15:25:29+00:00","og_image":[{"width":274,"height":250,"url":"https:\/\/polifusion.com\/chile\/wp-content\/uploads\/2025\/01\/Captura-de-pantalla-2025-01-28-a-las-10.05.39\u202fa.m.png","type":"image\/png"}],"twitter_card":"summary_large_image","schema":{"@context":"https:\/\/schema.org","@graph":[{"@type":"WebPage","@id":"https:\/\/polifusion.com\/chile\/?product=empaquetaduras","url":"https:\/\/polifusion.com\/chile\/?product=empaquetaduras","name":"EMPAQUETADURAS - Polifusi\u00f3n","isPartOf":{"@id":"https:\/\/polifusion.com\/chile\/#website"},"primaryImageOfPage":{"@id":"https:\/\/polifusion.com\/chile\/?product=empaquetaduras#primaryimage"},"image":{"@id":"https:\/\/polifusion.com\/chile\/?product=empaquetaduras#primaryimage"},"thumbnailUrl":"https:\/\/polifusion.com\/chile\/wp-content\/uploads\/2025\/01\/Captura-de-pantalla-2025-01-28-a-las-10.05.39\u202fa.m.png","datePublished":"2025-01-28T13:05:19+00:00","dateModified":"2025-04-03T15:25:29+00:00","breadcrumb":{"@id":"https:\/\/polifusion.com\/chile\/?product=empaquetaduras#breadcrumb"},"inLanguage":"es","potentialAction":[{"@type":"ReadAction","target":["https:\/\/polifusion.com\/chile\/?product=empaquetaduras"]}]},{"@type":"ImageObject","inLanguage":"es","@id":"https:\/\/polifusion.com\/chile\/?product=empaquetaduras#primaryimage","url":"https:\/\/polifusion.com\/chile\/wp-content\/uploads\/2025\/01\/Captura-de-pantalla-2025-01-28-a-las-10.05.39\u202fa.m.png","contentUrl":"https:\/\/polifusion.com\/chile\/wp-content\/uploads\/2025\/01\/Captura-de-pantalla-2025-01-28-a-las-10.05.39\u202fa.m.png","width":274,"height":250},{"@type":"BreadcrumbList","@id":"https:\/\/polifusion.com\/chile\/?product=empaquetaduras#breadcrumb","itemListElement":[{"@type":"ListItem","position":1,"name":"Portada","item":"https:\/\/polifusion.com\/chile\/"},{"@type":"ListItem","position":2,"name":"Tienda","item":"https:\/\/polifusion.com\/chile\/tienda\/"},{"@type":"ListItem","position":3,"name":"EMPAQUETADURAS"}]},{"@type":"WebSite","@id":"https:\/\/polifusion.com\/chile\/#website","url":"https:\/\/polifusion.com\/chile\/","name":"Polifusi\u00f3n","description":"","publisher":{"@id":"https:\/\/polifusion.com\/chile\/#organization"},"potentialAction":[{"@type":"SearchAction","target":{"@type":"EntryPoint","urlTemplate":"https:\/\/polifusion.com\/chile\/?s={search_term_string}"},"query-input":{"@type":"PropertyValueSpecification","valueRequired":true,"valueName":"search_term_string"}}],"inLanguage":"es"},{"@type":"Organization","@id":"https:\/\/polifusion.com\/chile\/#organization","name":"Polifusi\u00f3n","url":"https:\/\/polifusion.com\/chile\/","logo":{"@type":"ImageObject","inLanguage":"es","@id":"https:\/\/polifusion.com\/chile\/#\/schema\/logo\/image\/","url":"https:\/\/polifusion.com\/chile\/wp-content\/uploads\/2025\/06\/cropped-favicon_web_polifusion-2.png","contentUrl":"https:\/\/polifusion.com\/chile\/wp-content\/uploads\/2025\/06\/cropped-favicon_web_polifusion-2.png","width":512,"height":512,"caption":"Polifusi\u00f3n"},"image":{"@id":"https:\/\/polifusion.com\/chile\/#\/schema\/logo\/image\/"},"sameAs":["https:\/\/www.instagram.com\/polifusion_chile","https:\/\/www.linkedin.com\/company\/polifusin-chile\/"]}]}},"_links":{"self":[{"href":"https:\/\/polifusion.com\/chile\/wp-json\/wp\/v2\/product\/384","targetHints":{"allow":["GET"]}}],"collection":[{"href":"https:\/\/polifusion.com\/chile\/wp-json\/wp\/v2\/product"}],"about":[{"href":"https:\/\/polifusion.com\/chile\/wp-json\/wp\/v2\/types\/product"}],"replies":[{"embeddable":true,"href":"https:\/\/polifusion.com\/chile\/wp-json\/wp\/v2\/comments?post=384"}],"wp:featuredmedia":[{"embeddable":true,"href":"https:\/\/polifusion.com\/chile\/wp-json\/wp\/v2\/media\/385"}],"wp:attachment":[{"href":"https:\/\/polifusion.com\/chile\/wp-json\/wp\/v2\/media?parent=384"}],"wp:term":[{"taxonomy":"product_brand","embeddable":true,"href":"https:\/\/polifusion.com\/chile\/wp-json\/wp\/v2\/product_brand?post=384"},{"taxonomy":"product_cat","embeddable":true,"href":"https:\/\/polifusion.com\/chile\/wp-json\/wp\/v2\/product_cat?post=384"},{"taxonomy":"product_tag","embeddable":true,"href":"https:\/\/polifusion.com\/chile\/wp-json\/wp\/v2\/product_tag?post=384"}],"curies":[{"name":"wp","href":"https:\/\/api.w.org\/{rel}","templated":true}]}}