{"id":363,"date":"2025-01-27T20:46:11","date_gmt":"2025-01-27T19:46:11","guid":{"rendered":"https:\/\/polifusion.com\/chile\/?post_type=product&#038;p=363"},"modified":"2025-06-04T21:09:54","modified_gmt":"2025-06-04T19:09:54","slug":"tee-reduccion-termofusion-inyectada","status":"publish","type":"product","link":"https:\/\/polifusion.com\/chile\/producto\/tee-reduccion-termofusion-inyectada\/","title":{"rendered":"TEE REDUCCI\u00d3N TERMOFUSION INYECTADA"},"content":{"rendered":"<table class=\"table table-striped tabla_polifusion\">\n<thead>\n<tr>\n<th>DIMENSI\u00d3N<\/th>\n<th>C\u00d3DIGO<\/th>\n<th>UNIDAD<\/th>\n<th><\/th>\n<\/tr>\n<\/thead>\n<tbody>\n<tr>\n<td>75x50x75<\/td>\n<td>39100012755075<\/td>\n<td>1<\/td>\n<td><\/td>\n<\/tr>\n<tr>\n<td>75x63x75<\/td>\n<td>39100012756375<\/td>\n<td>1<\/td>\n<td><\/td>\n<\/tr>\n<tr>\n<td>90x40x90<\/td>\n<td>39100012904090<\/td>\n<td>1<\/td>\n<td><\/td>\n<\/tr>\n<tr>\n<td>90x50x90<\/td>\n<td>39100012905090<\/td>\n<td>1<\/td>\n<td><\/td>\n<\/tr>\n<tr>\n<td>90x63x90<\/td>\n<td>39100012906390<\/td>\n<td>1<\/td>\n<td><\/td>\n<\/tr>\n<tr>\n<td>90x75x90<\/td>\n<td>39100012907590<\/td>\n<td>1<\/td>\n<td><\/td>\n<\/tr>\n<tr>\n<td>110x63x110<\/td>\n<td>39100012116311<\/td>\n<td>1<\/td>\n<td><\/td>\n<\/tr>\n<tr>\n<td>110x75x110<\/td>\n<td>39100012117511<\/td>\n<td>1<\/td>\n<td><\/td>\n<\/tr>\n<tr>\n<td>110x90x110<\/td>\n<td>39100012119011<\/td>\n<td>1<\/td>\n<td><\/td>\n<\/tr>\n<tr>\n<td>125x63x125<\/td>\n<td>39100012126312<\/td>\n<td>1<\/td>\n<td><\/td>\n<\/tr>\n<tr>\n<td>140x63x140<\/td>\n<td>39100012146314<\/td>\n<td>1<\/td>\n<td><\/td>\n<\/tr>\n<tr>\n<td>140x75x140<\/td>\n<td>39100012147514<\/td>\n<td>1<\/td>\n<td><\/td>\n<\/tr>\n<tr>\n<td>140x90x140<\/td>\n<td>39100012149014<\/td>\n<td>1<\/td>\n<td><\/td>\n<\/tr>\n<tr>\n<td>140x110x140<\/td>\n<td>39100012141114<\/td>\n<td>1<\/td>\n<td><\/td>\n<\/tr>\n<tr>\n<td>160x50x160<\/td>\n<td>39100012165016<\/td>\n<td>1<\/td>\n<td><\/td>\n<\/tr>\n<tr>\n<td>160x63x160<\/td>\n<td>39100012166316<\/td>\n<td>1<\/td>\n<td><\/td>\n<\/tr>\n<tr>\n<td>160x75x160<\/td>\n<td>39100012167516<\/td>\n<td>1<\/td>\n<td><\/td>\n<\/tr>\n<tr>\n<td>160x90x160<\/td>\n<td>39100012169016<\/td>\n<td>1<\/td>\n<td><\/td>\n<\/tr>\n<tr>\n<td>160x110x160<\/td>\n<td>39100012161116<\/td>\n<td>1<\/td>\n<td><\/td>\n<\/tr>\n<tr>\n<td>160x140x160<\/td>\n<td>39100012161416<\/td>\n<td>1<\/td>\n<td><\/td>\n<\/tr>\n<tr>\n<td>180x63x180<\/td>\n<td>39100012186318<\/td>\n<td>1<\/td>\n<td><\/td>\n<\/tr>\n<tr>\n<td>180x90x180<\/td>\n<td>39100012189018<\/td>\n<td>1<\/td>\n<td><\/td>\n<\/tr>\n<tr>\n<td>180x110x180<\/td>\n<td>39100012181118<\/td>\n<td>1<\/td>\n<td><\/td>\n<\/tr>\n<tr>\n<td>180x125x180<\/td>\n<td>39100012181218<\/td>\n<td>1<\/td>\n<td><\/td>\n<\/tr>\n<tr>\n<td>180x160x180<\/td>\n<td>39100012181618<\/td>\n<td>1<\/td>\n<td><\/td>\n<\/tr>\n<tr>\n<td>200x63x200<\/td>\n<td>39100012206320<\/td>\n<td>1<\/td>\n<td><\/td>\n<\/tr>\n<tr>\n<td>200x75x200<\/td>\n<td>39100012207520<\/td>\n<td>1<\/td>\n<td><\/td>\n<\/tr>\n<tr>\n<td>200x90x200<\/td>\n<td>39100012209020<\/td>\n<td>1<\/td>\n<td><\/td>\n<\/tr>\n<tr>\n<td>200x110x200<\/td>\n<td>39100012201120<\/td>\n<td>1<\/td>\n<td><\/td>\n<\/tr>\n<tr>\n<td>200x160x200<\/td>\n<td>39100012201620<\/td>\n<td>1<\/td>\n<td><\/td>\n<\/tr>\n<tr>\n<td>200x180x200<\/td>\n<td>39100012201820<\/td>\n<td>1<\/td>\n<td><\/td>\n<\/tr>\n<tr>\n<td>250x63x250<\/td>\n<td>39100012256325<\/td>\n<td>1<\/td>\n<td><\/td>\n<\/tr>\n<tr>\n<td>250x90x250<\/td>\n<td>39100012259025<\/td>\n<td>1<\/td>\n<td><\/td>\n<\/tr>\n<tr>\n<td>250x110x250<\/td>\n<td>39100012251125<\/td>\n<td>1<\/td>\n<td><\/td>\n<\/tr>\n<tr>\n<td>250x125x250<\/td>\n<td>39100012251225<\/td>\n<td>1<\/td>\n<td><\/td>\n<\/tr>\n<tr>\n<td>250x160x250<\/td>\n<td>39100012251625<\/td>\n<td>1<\/td>\n<td><\/td>\n<\/tr>\n<tr>\n<td>250x180x250<\/td>\n<td>39100012251825<\/td>\n<td>1<\/td>\n<td><\/td>\n<\/tr>\n<tr>\n<td>250x200x250<\/td>\n<td>39100012252025<\/td>\n<td>1<\/td>\n<td><\/td>\n<\/tr>\n<tr>\n<td>280x110x280<\/td>\n<td>39100012281128<\/td>\n<td>1<\/td>\n<\/tr>\n<\/tbody>\n<\/table>\n","protected":false},"excerpt":{"rendered":"<p>DIMENSI\u00d3N C\u00d3DIGO UNIDAD 75x50x75 39100012755075 1 75x63x75 39100012756375 1 90x40x90 39100012904090 1 90x50x90 39100012905090 1 90x63x90 39100012906390 1 90x75x90 39100012907590 1 110x63x110 39100012116311 1 110x75x110 39100012117511 1 110x90x110 39100012119011 1 125x63x125 39100012126312 1 140x63x140 39100012146314 1 140x75x140 39100012147514 1 140x90x140 39100012149014 1 140x110x140 39100012141114 1 160x50x160 39100012165016 1 160x63x160 39100012166316 1 160x75x160 39100012167516 1 160x90x160 [&hellip;]<\/p>\n","protected":false},"featured_media":4709,"comment_status":"open","ping_status":"closed","template":"","meta":{"_joinchat":[]},"product_brand":[],"product_cat":[105,129],"product_tag":[],"class_list":{"0":"post-363","1":"product","2":"type-product","3":"status-publish","4":"has-post-thumbnail","6":"product_cat-fittings-hdpe","7":"product_cat-fittings-hdpe-termofusion","9":"first","10":"instock","11":"shipping-taxable","12":"product-type-simple"},"yoast_head":"<!-- This site is optimized with the Yoast SEO plugin v27.0 - https:\/\/yoast.com\/product\/yoast-seo-wordpress\/ -->\n<title>TEE REDUCCI\u00d3N TERMOFUSION INYECTADA - Polifusi\u00f3n<\/title>\n<meta name=\"robots\" content=\"index, follow, max-snippet:-1, max-image-preview:large, max-video-preview:-1\" \/>\n<link rel=\"canonical\" href=\"https:\/\/polifusion.com\/chile\/?product=tee-reduccion-termofusion-inyectada\" \/>\n<meta property=\"og:locale\" content=\"es_ES\" \/>\n<meta property=\"og:type\" content=\"article\" \/>\n<meta property=\"og:title\" content=\"TEE REDUCCI\u00d3N TERMOFUSION INYECTADA - Polifusi\u00f3n\" \/>\n<meta property=\"og:description\" content=\"DIMENSI\u00d3N C\u00d3DIGO UNIDAD 75x50x75 39100012755075 1 75x63x75 39100012756375 1 90x40x90 39100012904090 1 90x50x90 39100012905090 1 90x63x90 39100012906390 1 90x75x90 39100012907590 1 110x63x110 39100012116311 1 110x75x110 39100012117511 1 110x90x110 39100012119011 1 125x63x125 39100012126312 1 140x63x140 39100012146314 1 140x75x140 39100012147514 1 140x90x140 39100012149014 1 140x110x140 39100012141114 1 160x50x160 39100012165016 1 160x63x160 39100012166316 1 160x75x160 39100012167516 1 160x90x160 [&hellip;]\" \/>\n<meta property=\"og:url\" content=\"https:\/\/polifusion.com\/chile\/?product=tee-reduccion-termofusion-inyectada\" \/>\n<meta property=\"og:site_name\" content=\"Polifusi\u00f3n\" \/>\n<meta property=\"article:modified_time\" content=\"2025-06-04T19:09:54+00:00\" \/>\n<meta property=\"og:image\" content=\"https:\/\/polifusion.com\/chile\/wp-content\/uploads\/2025\/01\/tee-reduccion-termofusion_web.png\" \/>\n\t<meta property=\"og:image:width\" content=\"709\" \/>\n\t<meta property=\"og:image:height\" content=\"834\" \/>\n\t<meta property=\"og:image:type\" content=\"image\/png\" \/>\n<meta name=\"twitter:card\" content=\"summary_large_image\" \/>\n<script type=\"application\/ld+json\" class=\"yoast-schema-graph\">{\"@context\":\"https:\/\/schema.org\",\"@graph\":[{\"@type\":\"WebPage\",\"@id\":\"https:\/\/polifusion.com\/chile\/?product=tee-reduccion-termofusion-inyectada\",\"url\":\"https:\/\/polifusion.com\/chile\/?product=tee-reduccion-termofusion-inyectada\",\"name\":\"TEE REDUCCI\u00d3N TERMOFUSION INYECTADA - Polifusi\u00f3n\",\"isPartOf\":{\"@id\":\"https:\/\/polifusion.com\/chile\/#website\"},\"primaryImageOfPage\":{\"@id\":\"https:\/\/polifusion.com\/chile\/?product=tee-reduccion-termofusion-inyectada#primaryimage\"},\"image\":{\"@id\":\"https:\/\/polifusion.com\/chile\/?product=tee-reduccion-termofusion-inyectada#primaryimage\"},\"thumbnailUrl\":\"https:\/\/polifusion.com\/chile\/wp-content\/uploads\/2025\/01\/tee-reduccion-termofusion_web.png\",\"datePublished\":\"2025-01-27T19:46:11+00:00\",\"dateModified\":\"2025-06-04T19:09:54+00:00\",\"breadcrumb\":{\"@id\":\"https:\/\/polifusion.com\/chile\/?product=tee-reduccion-termofusion-inyectada#breadcrumb\"},\"inLanguage\":\"es\",\"potentialAction\":[{\"@type\":\"ReadAction\",\"target\":[\"https:\/\/polifusion.com\/chile\/?product=tee-reduccion-termofusion-inyectada\"]}]},{\"@type\":\"ImageObject\",\"inLanguage\":\"es\",\"@id\":\"https:\/\/polifusion.com\/chile\/?product=tee-reduccion-termofusion-inyectada#primaryimage\",\"url\":\"https:\/\/polifusion.com\/chile\/wp-content\/uploads\/2025\/01\/tee-reduccion-termofusion_web.png\",\"contentUrl\":\"https:\/\/polifusion.com\/chile\/wp-content\/uploads\/2025\/01\/tee-reduccion-termofusion_web.png\",\"width\":709,\"height\":834},{\"@type\":\"BreadcrumbList\",\"@id\":\"https:\/\/polifusion.com\/chile\/?product=tee-reduccion-termofusion-inyectada#breadcrumb\",\"itemListElement\":[{\"@type\":\"ListItem\",\"position\":1,\"name\":\"Portada\",\"item\":\"https:\/\/polifusion.com\/chile\/\"},{\"@type\":\"ListItem\",\"position\":2,\"name\":\"Tienda\",\"item\":\"https:\/\/polifusion.com\/chile\/tienda\/\"},{\"@type\":\"ListItem\",\"position\":3,\"name\":\"TEE REDUCCI\u00d3N TERMOFUSION INYECTADA\"}]},{\"@type\":\"WebSite\",\"@id\":\"https:\/\/polifusion.com\/chile\/#website\",\"url\":\"https:\/\/polifusion.com\/chile\/\",\"name\":\"Polifusi\u00f3n\",\"description\":\"\",\"publisher\":{\"@id\":\"https:\/\/polifusion.com\/chile\/#organization\"},\"potentialAction\":[{\"@type\":\"SearchAction\",\"target\":{\"@type\":\"EntryPoint\",\"urlTemplate\":\"https:\/\/polifusion.com\/chile\/?s={search_term_string}\"},\"query-input\":{\"@type\":\"PropertyValueSpecification\",\"valueRequired\":true,\"valueName\":\"search_term_string\"}}],\"inLanguage\":\"es\"},{\"@type\":\"Organization\",\"@id\":\"https:\/\/polifusion.com\/chile\/#organization\",\"name\":\"Polifusi\u00f3n\",\"url\":\"https:\/\/polifusion.com\/chile\/\",\"logo\":{\"@type\":\"ImageObject\",\"inLanguage\":\"es\",\"@id\":\"https:\/\/polifusion.com\/chile\/#\/schema\/logo\/image\/\",\"url\":\"https:\/\/polifusion.com\/chile\/wp-content\/uploads\/2025\/06\/cropped-favicon_web_polifusion-2.png\",\"contentUrl\":\"https:\/\/polifusion.com\/chile\/wp-content\/uploads\/2025\/06\/cropped-favicon_web_polifusion-2.png\",\"width\":512,\"height\":512,\"caption\":\"Polifusi\u00f3n\"},\"image\":{\"@id\":\"https:\/\/polifusion.com\/chile\/#\/schema\/logo\/image\/\"},\"sameAs\":[\"https:\/\/www.instagram.com\/polifusion_chile\",\"https:\/\/www.linkedin.com\/company\/polifusin-chile\/\"]}]}<\/script>\n<!-- \/ Yoast SEO plugin. -->","yoast_head_json":{"title":"TEE REDUCCI\u00d3N TERMOFUSION INYECTADA - Polifusi\u00f3n","robots":{"index":"index","follow":"follow","max-snippet":"max-snippet:-1","max-image-preview":"max-image-preview:large","max-video-preview":"max-video-preview:-1"},"canonical":"https:\/\/polifusion.com\/chile\/?product=tee-reduccion-termofusion-inyectada","og_locale":"es_ES","og_type":"article","og_title":"TEE REDUCCI\u00d3N TERMOFUSION INYECTADA - Polifusi\u00f3n","og_description":"DIMENSI\u00d3N C\u00d3DIGO UNIDAD 75x50x75 39100012755075 1 75x63x75 39100012756375 1 90x40x90 39100012904090 1 90x50x90 39100012905090 1 90x63x90 39100012906390 1 90x75x90 39100012907590 1 110x63x110 39100012116311 1 110x75x110 39100012117511 1 110x90x110 39100012119011 1 125x63x125 39100012126312 1 140x63x140 39100012146314 1 140x75x140 39100012147514 1 140x90x140 39100012149014 1 140x110x140 39100012141114 1 160x50x160 39100012165016 1 160x63x160 39100012166316 1 160x75x160 39100012167516 1 160x90x160 [&hellip;]","og_url":"https:\/\/polifusion.com\/chile\/?product=tee-reduccion-termofusion-inyectada","og_site_name":"Polifusi\u00f3n","article_modified_time":"2025-06-04T19:09:54+00:00","og_image":[{"width":709,"height":834,"url":"https:\/\/polifusion.com\/chile\/wp-content\/uploads\/2025\/01\/tee-reduccion-termofusion_web.png","type":"image\/png"}],"twitter_card":"summary_large_image","schema":{"@context":"https:\/\/schema.org","@graph":[{"@type":"WebPage","@id":"https:\/\/polifusion.com\/chile\/?product=tee-reduccion-termofusion-inyectada","url":"https:\/\/polifusion.com\/chile\/?product=tee-reduccion-termofusion-inyectada","name":"TEE REDUCCI\u00d3N TERMOFUSION INYECTADA - Polifusi\u00f3n","isPartOf":{"@id":"https:\/\/polifusion.com\/chile\/#website"},"primaryImageOfPage":{"@id":"https:\/\/polifusion.com\/chile\/?product=tee-reduccion-termofusion-inyectada#primaryimage"},"image":{"@id":"https:\/\/polifusion.com\/chile\/?product=tee-reduccion-termofusion-inyectada#primaryimage"},"thumbnailUrl":"https:\/\/polifusion.com\/chile\/wp-content\/uploads\/2025\/01\/tee-reduccion-termofusion_web.png","datePublished":"2025-01-27T19:46:11+00:00","dateModified":"2025-06-04T19:09:54+00:00","breadcrumb":{"@id":"https:\/\/polifusion.com\/chile\/?product=tee-reduccion-termofusion-inyectada#breadcrumb"},"inLanguage":"es","potentialAction":[{"@type":"ReadAction","target":["https:\/\/polifusion.com\/chile\/?product=tee-reduccion-termofusion-inyectada"]}]},{"@type":"ImageObject","inLanguage":"es","@id":"https:\/\/polifusion.com\/chile\/?product=tee-reduccion-termofusion-inyectada#primaryimage","url":"https:\/\/polifusion.com\/chile\/wp-content\/uploads\/2025\/01\/tee-reduccion-termofusion_web.png","contentUrl":"https:\/\/polifusion.com\/chile\/wp-content\/uploads\/2025\/01\/tee-reduccion-termofusion_web.png","width":709,"height":834},{"@type":"BreadcrumbList","@id":"https:\/\/polifusion.com\/chile\/?product=tee-reduccion-termofusion-inyectada#breadcrumb","itemListElement":[{"@type":"ListItem","position":1,"name":"Portada","item":"https:\/\/polifusion.com\/chile\/"},{"@type":"ListItem","position":2,"name":"Tienda","item":"https:\/\/polifusion.com\/chile\/tienda\/"},{"@type":"ListItem","position":3,"name":"TEE REDUCCI\u00d3N TERMOFUSION INYECTADA"}]},{"@type":"WebSite","@id":"https:\/\/polifusion.com\/chile\/#website","url":"https:\/\/polifusion.com\/chile\/","name":"Polifusi\u00f3n","description":"","publisher":{"@id":"https:\/\/polifusion.com\/chile\/#organization"},"potentialAction":[{"@type":"SearchAction","target":{"@type":"EntryPoint","urlTemplate":"https:\/\/polifusion.com\/chile\/?s={search_term_string}"},"query-input":{"@type":"PropertyValueSpecification","valueRequired":true,"valueName":"search_term_string"}}],"inLanguage":"es"},{"@type":"Organization","@id":"https:\/\/polifusion.com\/chile\/#organization","name":"Polifusi\u00f3n","url":"https:\/\/polifusion.com\/chile\/","logo":{"@type":"ImageObject","inLanguage":"es","@id":"https:\/\/polifusion.com\/chile\/#\/schema\/logo\/image\/","url":"https:\/\/polifusion.com\/chile\/wp-content\/uploads\/2025\/06\/cropped-favicon_web_polifusion-2.png","contentUrl":"https:\/\/polifusion.com\/chile\/wp-content\/uploads\/2025\/06\/cropped-favicon_web_polifusion-2.png","width":512,"height":512,"caption":"Polifusi\u00f3n"},"image":{"@id":"https:\/\/polifusion.com\/chile\/#\/schema\/logo\/image\/"},"sameAs":["https:\/\/www.instagram.com\/polifusion_chile","https:\/\/www.linkedin.com\/company\/polifusin-chile\/"]}]}},"_links":{"self":[{"href":"https:\/\/polifusion.com\/chile\/wp-json\/wp\/v2\/product\/363","targetHints":{"allow":["GET"]}}],"collection":[{"href":"https:\/\/polifusion.com\/chile\/wp-json\/wp\/v2\/product"}],"about":[{"href":"https:\/\/polifusion.com\/chile\/wp-json\/wp\/v2\/types\/product"}],"replies":[{"embeddable":true,"href":"https:\/\/polifusion.com\/chile\/wp-json\/wp\/v2\/comments?post=363"}],"wp:featuredmedia":[{"embeddable":true,"href":"https:\/\/polifusion.com\/chile\/wp-json\/wp\/v2\/media\/4709"}],"wp:attachment":[{"href":"https:\/\/polifusion.com\/chile\/wp-json\/wp\/v2\/media?parent=363"}],"wp:term":[{"taxonomy":"product_brand","embeddable":true,"href":"https:\/\/polifusion.com\/chile\/wp-json\/wp\/v2\/product_brand?post=363"},{"taxonomy":"product_cat","embeddable":true,"href":"https:\/\/polifusion.com\/chile\/wp-json\/wp\/v2\/product_cat?post=363"},{"taxonomy":"product_tag","embeddable":true,"href":"https:\/\/polifusion.com\/chile\/wp-json\/wp\/v2\/product_tag?post=363"}],"curies":[{"name":"wp","href":"https:\/\/api.w.org\/{rel}","templated":true}]}}