{"id":330,"date":"2025-01-27T13:53:23","date_gmt":"2025-01-27T12:53:23","guid":{"rendered":"https:\/\/polifusion.com\/chile\/?post_type=product&#038;p=330"},"modified":"2025-06-04T18:37:28","modified_gmt":"2025-06-04T16:37:28","slug":"coplas-electrofusion-hdpe-100-pn-16-sdr-11","status":"publish","type":"product","link":"https:\/\/polifusion.com\/chile\/producto\/coplas-electrofusion-hdpe-100-pn-16-sdr-11\/","title":{"rendered":"COPLAS ELECTROFUSI\u00d3N  HDPE-100, PN-16, SDR 11"},"content":{"rendered":"<table class=\"table table-bordered\">\n<caption class=\"table-title\"><strong>COPLAS ELECTROFUSI\u00d3N HDPE-100, <span class=\"highlight\">PN-16, SDR 11<\/span><\/strong><\/caption>\n<thead class=\"table-header\">\n<tr>\n<th class=\"table-header-cell\">DIMENSI\u00d3N<\/th>\n<th class=\"table-header-cell\">C\u00d3DIGO<\/th>\n<th class=\"table-header-cell\">UNIDADES<\/th>\n<th class=\"table-header-cell\"><\/th>\n<\/tr>\n<\/thead>\n<tbody class=\"table-body\">\n<tr>\n<td class=\"table-cell\">COPLA ELECTROFUSI\u00d3N 20mm<\/td>\n<td class=\"table-cell\">3900001003-0020<\/td>\n<td class=\"table-cell\">20<\/td>\n<td class=\"table-cell\"><\/td>\n<\/tr>\n<tr>\n<td class=\"table-cell\">COPLA ELECTROFUSI\u00d3N 25mm<\/td>\n<td class=\"table-cell\">3900001003-0025<\/td>\n<td class=\"table-cell\">20<\/td>\n<td class=\"table-cell\"><\/td>\n<\/tr>\n<tr>\n<td class=\"table-cell\">COPLA ELECTROFUSI\u00d3N 32mm<\/td>\n<td class=\"table-cell\">3900001003-0032<\/td>\n<td class=\"table-cell\">20<\/td>\n<td class=\"table-cell\"><\/td>\n<\/tr>\n<tr>\n<td class=\"table-cell\">COPLA ELECTROFUSI\u00d3N 40mm<\/td>\n<td class=\"table-cell\">3900001003-0040<\/td>\n<td class=\"table-cell\">20<\/td>\n<td class=\"table-cell\"><\/td>\n<\/tr>\n<tr>\n<td class=\"table-cell\">COPLA ELECTROFUSI\u00d3N 50mm<\/td>\n<td class=\"table-cell\">3900001003-0050<\/td>\n<td class=\"table-cell\">10<\/td>\n<td class=\"table-cell\"><\/td>\n<\/tr>\n<tr>\n<td class=\"table-cell\">COPLA ELECTROFUSI\u00d3N 63mm<\/td>\n<td class=\"table-cell\">3900001003-0063<\/td>\n<td class=\"table-cell\">10<\/td>\n<td class=\"table-cell\"><\/td>\n<\/tr>\n<tr>\n<td class=\"table-cell\">COPLA ELECTROFUSI\u00d3N 75mm<\/td>\n<td class=\"table-cell\">3900001003-0075<\/td>\n<td class=\"table-cell\">12<\/td>\n<td class=\"table-cell\"><\/td>\n<\/tr>\n<tr>\n<td class=\"table-cell\">COPLA ELECTROFUSI\u00d3N 90mm<\/td>\n<td class=\"table-cell\">3900001003-0090<\/td>\n<td class=\"table-cell\">10<\/td>\n<td class=\"table-cell\"><\/td>\n<\/tr>\n<tr>\n<td class=\"table-cell\">COPLA ELECTROFUSI\u00d3N 110mm<\/td>\n<td class=\"table-cell\">3900001003-0110<\/td>\n<td class=\"table-cell\">12<\/td>\n<td class=\"table-cell\"><\/td>\n<\/tr>\n<tr>\n<td class=\"table-cell\">COPLA ELECTROFUSI\u00d3N 125mm<\/td>\n<td class=\"table-cell\">3900001003-0125<\/td>\n<td class=\"table-cell\">10<\/td>\n<td class=\"table-cell\"><\/td>\n<\/tr>\n<tr>\n<td class=\"table-cell\">COPLA ELECTROFUSI\u00d3N 140mm<\/td>\n<td class=\"table-cell\">3900001003-0140<\/td>\n<td class=\"table-cell\">2<\/td>\n<td class=\"table-cell\"><\/td>\n<\/tr>\n<tr>\n<td class=\"table-cell\">COPLA ELECTROFUSI\u00d3N 160mm<\/td>\n<td class=\"table-cell\">3900001003-0160<\/td>\n<td class=\"table-cell\">1<\/td>\n<td class=\"table-cell\"><\/td>\n<\/tr>\n<tr>\n<td class=\"table-cell\">COPLA ELECTROFUSI\u00d3N 180mm<\/td>\n<td class=\"table-cell\">3900001003-0180<\/td>\n<td class=\"table-cell\">1<\/td>\n<td class=\"table-cell\"><\/td>\n<\/tr>\n<tr>\n<td class=\"table-cell\">COPLA ELECTROFUSI\u00d3N 200mm<\/td>\n<td class=\"table-cell\">3900001003-0200<\/td>\n<td class=\"table-cell\">1<\/td>\n<td class=\"table-cell\"><\/td>\n<\/tr>\n<tr>\n<td class=\"table-cell\">COPLA ELECTROFUSI\u00d3N 225mm<\/td>\n<td class=\"table-cell\">3900001003-0225<\/td>\n<td class=\"table-cell\">1<\/td>\n<td class=\"table-cell\"><\/td>\n<\/tr>\n<tr>\n<td class=\"table-cell\">COPLA ELECTROFUSI\u00d3N 250mm<\/td>\n<td class=\"table-cell\">3900001003-0250<\/td>\n<td class=\"table-cell\">1<\/td>\n<td class=\"table-cell\"><\/td>\n<\/tr>\n<tr>\n<td class=\"table-cell\">COPLA ELECTROFUSI\u00d3N 280mm<\/td>\n<td class=\"table-cell\">3900001003-0280<\/td>\n<td class=\"table-cell\">1<\/td>\n<td class=\"table-cell\"><\/td>\n<\/tr>\n<tr>\n<td class=\"table-cell\">COPLA ELECTROFUSI\u00d3N 315mm<\/td>\n<td class=\"table-cell\">3900001003-0315<\/td>\n<td class=\"table-cell\">1<\/td>\n<td class=\"table-cell\"><\/td>\n<\/tr>\n<tr>\n<td class=\"table-cell\">COPLA ELECTROFUSI\u00d3N 355mm<\/td>\n<td class=\"table-cell\">3900001003-0355<\/td>\n<td class=\"table-cell\">1<\/td>\n<td class=\"table-cell\"><\/td>\n<\/tr>\n<tr>\n<td class=\"table-cell\">COPLA ELECTROFUSI\u00d3N 400mm<\/td>\n<td class=\"table-cell\">3900001003-0400<\/td>\n<td class=\"table-cell\">1<\/td>\n<td class=\"table-cell\"><\/td>\n<\/tr>\n<tr>\n<td class=\"table-cell\">COPLA ELECTROFUSI\u00d3N 450mm<\/td>\n<td class=\"table-cell\">3900001003-0450<\/td>\n<td class=\"table-cell\">1<\/td>\n<td class=\"table-cell\"><\/td>\n<\/tr>\n<tr>\n<td class=\"table-cell\">COPLA ELECTROFUSI\u00d3N 500mm<\/td>\n<td class=\"table-cell\">3900001003-0500<\/td>\n<td class=\"table-cell\">1<\/td>\n<td class=\"table-cell\"><\/td>\n<\/tr>\n<\/tbody>\n<\/table>\n","protected":false},"excerpt":{"rendered":"<p>COPLAS ELECTROFUSI\u00d3N HDPE-100, PN-16, SDR 11 DIMENSI\u00d3N C\u00d3DIGO UNIDADES COPLA ELECTROFUSI\u00d3N 20mm 3900001003-0020 20 COPLA ELECTROFUSI\u00d3N 25mm 3900001003-0025 20 COPLA ELECTROFUSI\u00d3N 32mm 3900001003-0032 20 COPLA ELECTROFUSI\u00d3N 40mm 3900001003-0040 20 COPLA ELECTROFUSI\u00d3N 50mm 3900001003-0050 10 COPLA ELECTROFUSI\u00d3N 63mm 3900001003-0063 10 COPLA ELECTROFUSI\u00d3N 75mm 3900001003-0075 12 COPLA ELECTROFUSI\u00d3N 90mm 3900001003-0090 10 COPLA ELECTROFUSI\u00d3N 110mm 3900001003-0110 12 COPLA [&hellip;]<\/p>\n","protected":false},"featured_media":4689,"comment_status":"open","ping_status":"closed","template":"","meta":{"_joinchat":[]},"product_brand":[],"product_cat":[128],"product_tag":[],"class_list":{"0":"post-330","1":"product","2":"type-product","3":"status-publish","4":"has-post-thumbnail","6":"product_cat-fittings-hdpe-electrofusion","8":"first","9":"instock","10":"shipping-taxable","11":"product-type-simple"},"yoast_head":"<!-- This site is optimized with the Yoast SEO plugin v27.0 - https:\/\/yoast.com\/product\/yoast-seo-wordpress\/ -->\n<title>COPLAS ELECTROFUSI\u00d3N HDPE-100, PN-16, SDR 11 - Polifusi\u00f3n<\/title>\n<meta name=\"robots\" content=\"index, follow, max-snippet:-1, max-image-preview:large, max-video-preview:-1\" \/>\n<link rel=\"canonical\" href=\"https:\/\/polifusion.com\/chile\/producto\/coplas-electrofusion-hdpe-100-pn-16-sdr-11\/\" \/>\n<meta property=\"og:locale\" content=\"es_ES\" \/>\n<meta property=\"og:type\" content=\"article\" \/>\n<meta property=\"og:title\" content=\"COPLAS ELECTROFUSI\u00d3N HDPE-100, PN-16, SDR 11 - Polifusi\u00f3n\" \/>\n<meta property=\"og:description\" content=\"COPLAS ELECTROFUSI\u00d3N HDPE-100, PN-16, SDR 11 DIMENSI\u00d3N C\u00d3DIGO UNIDADES COPLA ELECTROFUSI\u00d3N 20mm 3900001003-0020 20 COPLA ELECTROFUSI\u00d3N 25mm 3900001003-0025 20 COPLA ELECTROFUSI\u00d3N 32mm 3900001003-0032 20 COPLA ELECTROFUSI\u00d3N 40mm 3900001003-0040 20 COPLA ELECTROFUSI\u00d3N 50mm 3900001003-0050 10 COPLA ELECTROFUSI\u00d3N 63mm 3900001003-0063 10 COPLA ELECTROFUSI\u00d3N 75mm 3900001003-0075 12 COPLA ELECTROFUSI\u00d3N 90mm 3900001003-0090 10 COPLA ELECTROFUSI\u00d3N 110mm 3900001003-0110 12 COPLA [&hellip;]\" \/>\n<meta property=\"og:url\" content=\"https:\/\/polifusion.com\/chile\/producto\/coplas-electrofusion-hdpe-100-pn-16-sdr-11\/\" \/>\n<meta property=\"og:site_name\" content=\"Polifusi\u00f3n\" \/>\n<meta property=\"article:modified_time\" content=\"2025-06-04T16:37:28+00:00\" \/>\n<meta property=\"og:image\" content=\"https:\/\/polifusion.com\/chile\/wp-content\/uploads\/2025\/01\/copla-electrofusion_web.png\" \/>\n\t<meta property=\"og:image:width\" content=\"709\" \/>\n\t<meta property=\"og:image:height\" content=\"834\" \/>\n\t<meta property=\"og:image:type\" content=\"image\/png\" \/>\n<meta name=\"twitter:card\" content=\"summary_large_image\" \/>\n<meta name=\"twitter:label1\" content=\"Tiempo de lectura\" \/>\n\t<meta name=\"twitter:data1\" content=\"1 minuto\" \/>\n<script type=\"application\/ld+json\" class=\"yoast-schema-graph\">{\"@context\":\"https:\/\/schema.org\",\"@graph\":[{\"@type\":\"WebPage\",\"@id\":\"https:\/\/polifusion.com\/chile\/producto\/coplas-electrofusion-hdpe-100-pn-16-sdr-11\/\",\"url\":\"https:\/\/polifusion.com\/chile\/producto\/coplas-electrofusion-hdpe-100-pn-16-sdr-11\/\",\"name\":\"COPLAS ELECTROFUSI\u00d3N HDPE-100, PN-16, SDR 11 - Polifusi\u00f3n\",\"isPartOf\":{\"@id\":\"https:\/\/polifusion.com\/chile\/#website\"},\"primaryImageOfPage\":{\"@id\":\"https:\/\/polifusion.com\/chile\/producto\/coplas-electrofusion-hdpe-100-pn-16-sdr-11\/#primaryimage\"},\"image\":{\"@id\":\"https:\/\/polifusion.com\/chile\/producto\/coplas-electrofusion-hdpe-100-pn-16-sdr-11\/#primaryimage\"},\"thumbnailUrl\":\"https:\/\/polifusion.com\/chile\/wp-content\/uploads\/2025\/01\/copla-electrofusion_web.png\",\"datePublished\":\"2025-01-27T12:53:23+00:00\",\"dateModified\":\"2025-06-04T16:37:28+00:00\",\"breadcrumb\":{\"@id\":\"https:\/\/polifusion.com\/chile\/producto\/coplas-electrofusion-hdpe-100-pn-16-sdr-11\/#breadcrumb\"},\"inLanguage\":\"es\",\"potentialAction\":[{\"@type\":\"ReadAction\",\"target\":[\"https:\/\/polifusion.com\/chile\/producto\/coplas-electrofusion-hdpe-100-pn-16-sdr-11\/\"]}]},{\"@type\":\"ImageObject\",\"inLanguage\":\"es\",\"@id\":\"https:\/\/polifusion.com\/chile\/producto\/coplas-electrofusion-hdpe-100-pn-16-sdr-11\/#primaryimage\",\"url\":\"https:\/\/polifusion.com\/chile\/wp-content\/uploads\/2025\/01\/copla-electrofusion_web.png\",\"contentUrl\":\"https:\/\/polifusion.com\/chile\/wp-content\/uploads\/2025\/01\/copla-electrofusion_web.png\",\"width\":709,\"height\":834},{\"@type\":\"BreadcrumbList\",\"@id\":\"https:\/\/polifusion.com\/chile\/producto\/coplas-electrofusion-hdpe-100-pn-16-sdr-11\/#breadcrumb\",\"itemListElement\":[{\"@type\":\"ListItem\",\"position\":1,\"name\":\"Portada\",\"item\":\"https:\/\/polifusion.com\/chile\/\"},{\"@type\":\"ListItem\",\"position\":2,\"name\":\"Tienda\",\"item\":\"https:\/\/polifusion.com\/chile\/tienda\/\"},{\"@type\":\"ListItem\",\"position\":3,\"name\":\"COPLAS ELECTROFUSI\u00d3N HDPE-100, PN-16, SDR 11\"}]},{\"@type\":\"WebSite\",\"@id\":\"https:\/\/polifusion.com\/chile\/#website\",\"url\":\"https:\/\/polifusion.com\/chile\/\",\"name\":\"Polifusi\u00f3n\",\"description\":\"\",\"publisher\":{\"@id\":\"https:\/\/polifusion.com\/chile\/#organization\"},\"potentialAction\":[{\"@type\":\"SearchAction\",\"target\":{\"@type\":\"EntryPoint\",\"urlTemplate\":\"https:\/\/polifusion.com\/chile\/?s={search_term_string}\"},\"query-input\":{\"@type\":\"PropertyValueSpecification\",\"valueRequired\":true,\"valueName\":\"search_term_string\"}}],\"inLanguage\":\"es\"},{\"@type\":\"Organization\",\"@id\":\"https:\/\/polifusion.com\/chile\/#organization\",\"name\":\"Polifusi\u00f3n\",\"url\":\"https:\/\/polifusion.com\/chile\/\",\"logo\":{\"@type\":\"ImageObject\",\"inLanguage\":\"es\",\"@id\":\"https:\/\/polifusion.com\/chile\/#\/schema\/logo\/image\/\",\"url\":\"https:\/\/polifusion.com\/chile\/wp-content\/uploads\/2025\/06\/cropped-favicon_web_polifusion-2.png\",\"contentUrl\":\"https:\/\/polifusion.com\/chile\/wp-content\/uploads\/2025\/06\/cropped-favicon_web_polifusion-2.png\",\"width\":512,\"height\":512,\"caption\":\"Polifusi\u00f3n\"},\"image\":{\"@id\":\"https:\/\/polifusion.com\/chile\/#\/schema\/logo\/image\/\"},\"sameAs\":[\"https:\/\/www.instagram.com\/polifusion_chile\",\"https:\/\/www.linkedin.com\/company\/polifusin-chile\/\"]}]}<\/script>\n<!-- \/ Yoast SEO plugin. -->","yoast_head_json":{"title":"COPLAS ELECTROFUSI\u00d3N HDPE-100, PN-16, SDR 11 - Polifusi\u00f3n","robots":{"index":"index","follow":"follow","max-snippet":"max-snippet:-1","max-image-preview":"max-image-preview:large","max-video-preview":"max-video-preview:-1"},"canonical":"https:\/\/polifusion.com\/chile\/producto\/coplas-electrofusion-hdpe-100-pn-16-sdr-11\/","og_locale":"es_ES","og_type":"article","og_title":"COPLAS ELECTROFUSI\u00d3N HDPE-100, PN-16, SDR 11 - Polifusi\u00f3n","og_description":"COPLAS ELECTROFUSI\u00d3N HDPE-100, PN-16, SDR 11 DIMENSI\u00d3N C\u00d3DIGO UNIDADES COPLA ELECTROFUSI\u00d3N 20mm 3900001003-0020 20 COPLA ELECTROFUSI\u00d3N 25mm 3900001003-0025 20 COPLA ELECTROFUSI\u00d3N 32mm 3900001003-0032 20 COPLA ELECTROFUSI\u00d3N 40mm 3900001003-0040 20 COPLA ELECTROFUSI\u00d3N 50mm 3900001003-0050 10 COPLA ELECTROFUSI\u00d3N 63mm 3900001003-0063 10 COPLA ELECTROFUSI\u00d3N 75mm 3900001003-0075 12 COPLA ELECTROFUSI\u00d3N 90mm 3900001003-0090 10 COPLA ELECTROFUSI\u00d3N 110mm 3900001003-0110 12 COPLA [&hellip;]","og_url":"https:\/\/polifusion.com\/chile\/producto\/coplas-electrofusion-hdpe-100-pn-16-sdr-11\/","og_site_name":"Polifusi\u00f3n","article_modified_time":"2025-06-04T16:37:28+00:00","og_image":[{"width":709,"height":834,"url":"https:\/\/polifusion.com\/chile\/wp-content\/uploads\/2025\/01\/copla-electrofusion_web.png","type":"image\/png"}],"twitter_card":"summary_large_image","twitter_misc":{"Tiempo de lectura":"1 minuto"},"schema":{"@context":"https:\/\/schema.org","@graph":[{"@type":"WebPage","@id":"https:\/\/polifusion.com\/chile\/producto\/coplas-electrofusion-hdpe-100-pn-16-sdr-11\/","url":"https:\/\/polifusion.com\/chile\/producto\/coplas-electrofusion-hdpe-100-pn-16-sdr-11\/","name":"COPLAS ELECTROFUSI\u00d3N HDPE-100, PN-16, SDR 11 - Polifusi\u00f3n","isPartOf":{"@id":"https:\/\/polifusion.com\/chile\/#website"},"primaryImageOfPage":{"@id":"https:\/\/polifusion.com\/chile\/producto\/coplas-electrofusion-hdpe-100-pn-16-sdr-11\/#primaryimage"},"image":{"@id":"https:\/\/polifusion.com\/chile\/producto\/coplas-electrofusion-hdpe-100-pn-16-sdr-11\/#primaryimage"},"thumbnailUrl":"https:\/\/polifusion.com\/chile\/wp-content\/uploads\/2025\/01\/copla-electrofusion_web.png","datePublished":"2025-01-27T12:53:23+00:00","dateModified":"2025-06-04T16:37:28+00:00","breadcrumb":{"@id":"https:\/\/polifusion.com\/chile\/producto\/coplas-electrofusion-hdpe-100-pn-16-sdr-11\/#breadcrumb"},"inLanguage":"es","potentialAction":[{"@type":"ReadAction","target":["https:\/\/polifusion.com\/chile\/producto\/coplas-electrofusion-hdpe-100-pn-16-sdr-11\/"]}]},{"@type":"ImageObject","inLanguage":"es","@id":"https:\/\/polifusion.com\/chile\/producto\/coplas-electrofusion-hdpe-100-pn-16-sdr-11\/#primaryimage","url":"https:\/\/polifusion.com\/chile\/wp-content\/uploads\/2025\/01\/copla-electrofusion_web.png","contentUrl":"https:\/\/polifusion.com\/chile\/wp-content\/uploads\/2025\/01\/copla-electrofusion_web.png","width":709,"height":834},{"@type":"BreadcrumbList","@id":"https:\/\/polifusion.com\/chile\/producto\/coplas-electrofusion-hdpe-100-pn-16-sdr-11\/#breadcrumb","itemListElement":[{"@type":"ListItem","position":1,"name":"Portada","item":"https:\/\/polifusion.com\/chile\/"},{"@type":"ListItem","position":2,"name":"Tienda","item":"https:\/\/polifusion.com\/chile\/tienda\/"},{"@type":"ListItem","position":3,"name":"COPLAS ELECTROFUSI\u00d3N HDPE-100, PN-16, SDR 11"}]},{"@type":"WebSite","@id":"https:\/\/polifusion.com\/chile\/#website","url":"https:\/\/polifusion.com\/chile\/","name":"Polifusi\u00f3n","description":"","publisher":{"@id":"https:\/\/polifusion.com\/chile\/#organization"},"potentialAction":[{"@type":"SearchAction","target":{"@type":"EntryPoint","urlTemplate":"https:\/\/polifusion.com\/chile\/?s={search_term_string}"},"query-input":{"@type":"PropertyValueSpecification","valueRequired":true,"valueName":"search_term_string"}}],"inLanguage":"es"},{"@type":"Organization","@id":"https:\/\/polifusion.com\/chile\/#organization","name":"Polifusi\u00f3n","url":"https:\/\/polifusion.com\/chile\/","logo":{"@type":"ImageObject","inLanguage":"es","@id":"https:\/\/polifusion.com\/chile\/#\/schema\/logo\/image\/","url":"https:\/\/polifusion.com\/chile\/wp-content\/uploads\/2025\/06\/cropped-favicon_web_polifusion-2.png","contentUrl":"https:\/\/polifusion.com\/chile\/wp-content\/uploads\/2025\/06\/cropped-favicon_web_polifusion-2.png","width":512,"height":512,"caption":"Polifusi\u00f3n"},"image":{"@id":"https:\/\/polifusion.com\/chile\/#\/schema\/logo\/image\/"},"sameAs":["https:\/\/www.instagram.com\/polifusion_chile","https:\/\/www.linkedin.com\/company\/polifusin-chile\/"]}]}},"_links":{"self":[{"href":"https:\/\/polifusion.com\/chile\/wp-json\/wp\/v2\/product\/330","targetHints":{"allow":["GET"]}}],"collection":[{"href":"https:\/\/polifusion.com\/chile\/wp-json\/wp\/v2\/product"}],"about":[{"href":"https:\/\/polifusion.com\/chile\/wp-json\/wp\/v2\/types\/product"}],"replies":[{"embeddable":true,"href":"https:\/\/polifusion.com\/chile\/wp-json\/wp\/v2\/comments?post=330"}],"wp:featuredmedia":[{"embeddable":true,"href":"https:\/\/polifusion.com\/chile\/wp-json\/wp\/v2\/media\/4689"}],"wp:attachment":[{"href":"https:\/\/polifusion.com\/chile\/wp-json\/wp\/v2\/media?parent=330"}],"wp:term":[{"taxonomy":"product_brand","embeddable":true,"href":"https:\/\/polifusion.com\/chile\/wp-json\/wp\/v2\/product_brand?post=330"},{"taxonomy":"product_cat","embeddable":true,"href":"https:\/\/polifusion.com\/chile\/wp-json\/wp\/v2\/product_cat?post=330"},{"taxonomy":"product_tag","embeddable":true,"href":"https:\/\/polifusion.com\/chile\/wp-json\/wp\/v2\/product_tag?post=330"}],"curies":[{"name":"wp","href":"https:\/\/api.w.org\/{rel}","templated":true}]}}