{"id":2209,"date":"2025-04-03T18:18:48","date_gmt":"2025-04-03T16:18:48","guid":{"rendered":"https:\/\/polifusion.com\/chile\/?post_type=product&#038;p=2209"},"modified":"2025-04-21T22:55:27","modified_gmt":"2025-04-21T20:55:27","slug":"flanges-acero-carbono-iso-din-ansi-pn-16-union-termofusion-tope-2","status":"publish","type":"product","link":"https:\/\/polifusion.com\/chile\/producto\/flanges-acero-carbono-iso-din-ansi-pn-16-union-termofusion-tope-2\/","title":{"rendered":"FLANGES ACERO CARBONO , ISO\/DIN, ANSI, PN-16, UNION TERMOFUSION ( TOPE )"},"content":{"rendered":"<table>\n<thead>\n<tr>\n<th>DIMENSI\u00d3N<\/th>\n<th>C\u00d3DIGO ISO \/ DIN<\/th>\n<th>C\u00d3DIGO ANSI<\/th>\n<th>UNIDAD<\/th>\n<\/tr>\n<\/thead>\n<tbody>\n<tr>\n<td>40mm<\/td>\n<td>6000002070-0040<\/td>\n<td>6000002060-0040<\/td>\n<td>1<\/td>\n<\/tr>\n<tr>\n<td>50mm<\/td>\n<td>6000002070-0050<\/td>\n<td>6000002060-0050<\/td>\n<td>1<\/td>\n<\/tr>\n<tr>\n<td>63mm<\/td>\n<td>6000002070-0063<\/td>\n<td>6000002060-0063<\/td>\n<td>1<\/td>\n<\/tr>\n<tr>\n<td>75mm<\/td>\n<td>6000002070-0075<\/td>\n<td>6000002060-0075<\/td>\n<td>1<\/td>\n<\/tr>\n<tr>\n<td>90mm<\/td>\n<td>6000002070-0090<\/td>\n<td>6000002060-0090<\/td>\n<td>1<\/td>\n<\/tr>\n<tr>\n<td>110mm<\/td>\n<td>6000002070-0110<\/td>\n<td>6000002060-0110<\/td>\n<td>1<\/td>\n<\/tr>\n<tr>\n<td>125mm<\/td>\n<td>6000002070-0125<\/td>\n<td>6000002060-0125<\/td>\n<td>1<\/td>\n<\/tr>\n<tr>\n<td>140mm<\/td>\n<td>6000002070-0140<\/td>\n<td>6000002060-0140<\/td>\n<td>1<\/td>\n<\/tr>\n<tr>\n<td>160mm<\/td>\n<td>6000002070-0160<\/td>\n<td>6000002060-0160<\/td>\n<td>1<\/td>\n<\/tr>\n<tr>\n<td>180mm<\/td>\n<td>6000002070-0180<\/td>\n<td>6000002060-0180<\/td>\n<td>1<\/td>\n<\/tr>\n<tr>\n<td>200mm<\/td>\n<td>6000002070-0200<\/td>\n<td>6000002060-0200<\/td>\n<td>1<\/td>\n<\/tr>\n<tr>\n<td>225mm<\/td>\n<td>6000002070-0225<\/td>\n<td>6000002060-0225<\/td>\n<td>1<\/td>\n<\/tr>\n<tr>\n<td>250mm<\/td>\n<td>6000002070-0250<\/td>\n<td>6000002060-0250<\/td>\n<td>1<\/td>\n<\/tr>\n<tr>\n<td>280mm<\/td>\n<td>6000002070-0280<\/td>\n<td>6000002060-0280<\/td>\n<td>1<\/td>\n<\/tr>\n<tr>\n<td>315mm<\/td>\n<td>6000002070-0315<\/td>\n<td>6000002060-0315<\/td>\n<td>1<\/td>\n<\/tr>\n<tr>\n<td>355mm<\/td>\n<td>6000002070-0355<\/td>\n<td>6000002060-0355<\/td>\n<td>1<\/td>\n<\/tr>\n<tr>\n<td>400mm<\/td>\n<td>6000002070-0400<\/td>\n<td>6000002060-0400<\/td>\n<td>1<\/td>\n<\/tr>\n<tr>\n<td>450mm<\/td>\n<td>6000002070-0450<\/td>\n<td>6000002060-0450<\/td>\n<td>1<\/td>\n<\/tr>\n<\/tbody>\n<\/table>\n","protected":false},"excerpt":{"rendered":"<p>DIMENSI\u00d3N C\u00d3DIGO ISO \/ DIN C\u00d3DIGO ANSI UNIDAD 40mm 6000002070-0040 6000002060-0040 1 50mm 6000002070-0050 6000002060-0050 1 63mm 6000002070-0063 6000002060-0063 1 75mm 6000002070-0075 6000002060-0075 1 90mm 6000002070-0090 6000002060-0090 1 110mm 6000002070-0110 6000002060-0110 1 125mm 6000002070-0125 6000002060-0125 1 140mm 6000002070-0140 6000002060-0140 1 160mm 6000002070-0160 6000002060-0160 1 180mm 6000002070-0180 6000002060-0180 1 200mm 6000002070-0200 6000002060-0200 1 225mm 6000002070-0225 6000002060-0225 [&hellip;]<\/p>\n","protected":false},"featured_media":4328,"comment_status":"open","ping_status":"closed","template":"","meta":{"_joinchat":[]},"product_brand":[],"product_cat":[99,98],"product_tag":[],"class_list":{"0":"post-2209","1":"product","2":"type-product","3":"status-publish","4":"has-post-thumbnail","6":"product_cat-fittings","7":"product_cat-pp-rct","9":"first","10":"instock","11":"shipping-taxable","12":"product-type-simple"},"yoast_head":"<!-- This site is optimized with the Yoast SEO plugin v27.0 - https:\/\/yoast.com\/product\/yoast-seo-wordpress\/ -->\n<title>FLANGES ACERO CARBONO , ISO\/DIN, ANSI, PN-16, UNION TERMOFUSION ( TOPE ) - Polifusi\u00f3n<\/title>\n<meta name=\"robots\" content=\"index, follow, max-snippet:-1, max-image-preview:large, max-video-preview:-1\" \/>\n<link rel=\"canonical\" href=\"https:\/\/polifusion.com\/chile\/producto\/flanges-acero-carbono-iso-din-ansi-pn-16-union-termofusion-tope-2\/\" \/>\n<meta property=\"og:locale\" content=\"es_ES\" \/>\n<meta property=\"og:type\" content=\"article\" \/>\n<meta property=\"og:title\" content=\"FLANGES ACERO CARBONO , ISO\/DIN, ANSI, PN-16, UNION TERMOFUSION ( TOPE ) - Polifusi\u00f3n\" \/>\n<meta property=\"og:description\" content=\"DIMENSI\u00d3N C\u00d3DIGO ISO \/ DIN C\u00d3DIGO ANSI UNIDAD 40mm 6000002070-0040 6000002060-0040 1 50mm 6000002070-0050 6000002060-0050 1 63mm 6000002070-0063 6000002060-0063 1 75mm 6000002070-0075 6000002060-0075 1 90mm 6000002070-0090 6000002060-0090 1 110mm 6000002070-0110 6000002060-0110 1 125mm 6000002070-0125 6000002060-0125 1 140mm 6000002070-0140 6000002060-0140 1 160mm 6000002070-0160 6000002060-0160 1 180mm 6000002070-0180 6000002060-0180 1 200mm 6000002070-0200 6000002060-0200 1 225mm 6000002070-0225 6000002060-0225 [&hellip;]\" \/>\n<meta property=\"og:url\" content=\"https:\/\/polifusion.com\/chile\/producto\/flanges-acero-carbono-iso-din-ansi-pn-16-union-termofusion-tope-2\/\" \/>\n<meta property=\"og:site_name\" content=\"Polifusi\u00f3n\" \/>\n<meta property=\"article:modified_time\" content=\"2025-04-21T20:55:27+00:00\" \/>\n<meta property=\"og:image\" content=\"https:\/\/polifusion.com\/chile\/wp-content\/uploads\/2025\/04\/FLANGE-ACERO-CARBONO_WEB.png\" \/>\n\t<meta property=\"og:image:width\" content=\"709\" \/>\n\t<meta property=\"og:image:height\" content=\"834\" \/>\n\t<meta property=\"og:image:type\" content=\"image\/png\" \/>\n<meta name=\"twitter:card\" content=\"summary_large_image\" \/>\n<script type=\"application\/ld+json\" class=\"yoast-schema-graph\">{\"@context\":\"https:\/\/schema.org\",\"@graph\":[{\"@type\":\"WebPage\",\"@id\":\"https:\/\/polifusion.com\/chile\/producto\/flanges-acero-carbono-iso-din-ansi-pn-16-union-termofusion-tope-2\/\",\"url\":\"https:\/\/polifusion.com\/chile\/producto\/flanges-acero-carbono-iso-din-ansi-pn-16-union-termofusion-tope-2\/\",\"name\":\"FLANGES ACERO CARBONO , ISO\/DIN, ANSI, PN-16, UNION TERMOFUSION ( TOPE ) - Polifusi\u00f3n\",\"isPartOf\":{\"@id\":\"https:\/\/polifusion.com\/chile\/#website\"},\"primaryImageOfPage\":{\"@id\":\"https:\/\/polifusion.com\/chile\/producto\/flanges-acero-carbono-iso-din-ansi-pn-16-union-termofusion-tope-2\/#primaryimage\"},\"image\":{\"@id\":\"https:\/\/polifusion.com\/chile\/producto\/flanges-acero-carbono-iso-din-ansi-pn-16-union-termofusion-tope-2\/#primaryimage\"},\"thumbnailUrl\":\"https:\/\/polifusion.com\/chile\/wp-content\/uploads\/2025\/04\/FLANGE-ACERO-CARBONO_WEB.png\",\"datePublished\":\"2025-04-03T16:18:48+00:00\",\"dateModified\":\"2025-04-21T20:55:27+00:00\",\"breadcrumb\":{\"@id\":\"https:\/\/polifusion.com\/chile\/producto\/flanges-acero-carbono-iso-din-ansi-pn-16-union-termofusion-tope-2\/#breadcrumb\"},\"inLanguage\":\"es\",\"potentialAction\":[{\"@type\":\"ReadAction\",\"target\":[\"https:\/\/polifusion.com\/chile\/producto\/flanges-acero-carbono-iso-din-ansi-pn-16-union-termofusion-tope-2\/\"]}]},{\"@type\":\"ImageObject\",\"inLanguage\":\"es\",\"@id\":\"https:\/\/polifusion.com\/chile\/producto\/flanges-acero-carbono-iso-din-ansi-pn-16-union-termofusion-tope-2\/#primaryimage\",\"url\":\"https:\/\/polifusion.com\/chile\/wp-content\/uploads\/2025\/04\/FLANGE-ACERO-CARBONO_WEB.png\",\"contentUrl\":\"https:\/\/polifusion.com\/chile\/wp-content\/uploads\/2025\/04\/FLANGE-ACERO-CARBONO_WEB.png\",\"width\":709,\"height\":834},{\"@type\":\"BreadcrumbList\",\"@id\":\"https:\/\/polifusion.com\/chile\/producto\/flanges-acero-carbono-iso-din-ansi-pn-16-union-termofusion-tope-2\/#breadcrumb\",\"itemListElement\":[{\"@type\":\"ListItem\",\"position\":1,\"name\":\"Portada\",\"item\":\"https:\/\/polifusion.com\/chile\/\"},{\"@type\":\"ListItem\",\"position\":2,\"name\":\"Tienda\",\"item\":\"https:\/\/polifusion.com\/chile\/tienda\/\"},{\"@type\":\"ListItem\",\"position\":3,\"name\":\"FLANGES ACERO CARBONO , ISO\/DIN, ANSI, PN-16, UNION TERMOFUSION ( TOPE )\"}]},{\"@type\":\"WebSite\",\"@id\":\"https:\/\/polifusion.com\/chile\/#website\",\"url\":\"https:\/\/polifusion.com\/chile\/\",\"name\":\"Polifusi\u00f3n\",\"description\":\"\",\"publisher\":{\"@id\":\"https:\/\/polifusion.com\/chile\/#organization\"},\"potentialAction\":[{\"@type\":\"SearchAction\",\"target\":{\"@type\":\"EntryPoint\",\"urlTemplate\":\"https:\/\/polifusion.com\/chile\/?s={search_term_string}\"},\"query-input\":{\"@type\":\"PropertyValueSpecification\",\"valueRequired\":true,\"valueName\":\"search_term_string\"}}],\"inLanguage\":\"es\"},{\"@type\":\"Organization\",\"@id\":\"https:\/\/polifusion.com\/chile\/#organization\",\"name\":\"Polifusi\u00f3n\",\"url\":\"https:\/\/polifusion.com\/chile\/\",\"logo\":{\"@type\":\"ImageObject\",\"inLanguage\":\"es\",\"@id\":\"https:\/\/polifusion.com\/chile\/#\/schema\/logo\/image\/\",\"url\":\"https:\/\/polifusion.com\/chile\/wp-content\/uploads\/2025\/06\/cropped-favicon_web_polifusion-2.png\",\"contentUrl\":\"https:\/\/polifusion.com\/chile\/wp-content\/uploads\/2025\/06\/cropped-favicon_web_polifusion-2.png\",\"width\":512,\"height\":512,\"caption\":\"Polifusi\u00f3n\"},\"image\":{\"@id\":\"https:\/\/polifusion.com\/chile\/#\/schema\/logo\/image\/\"},\"sameAs\":[\"https:\/\/www.instagram.com\/polifusion_chile\",\"https:\/\/www.linkedin.com\/company\/polifusin-chile\/\"]}]}<\/script>\n<!-- \/ Yoast SEO plugin. -->","yoast_head_json":{"title":"FLANGES ACERO CARBONO , ISO\/DIN, ANSI, PN-16, UNION TERMOFUSION ( TOPE ) - Polifusi\u00f3n","robots":{"index":"index","follow":"follow","max-snippet":"max-snippet:-1","max-image-preview":"max-image-preview:large","max-video-preview":"max-video-preview:-1"},"canonical":"https:\/\/polifusion.com\/chile\/producto\/flanges-acero-carbono-iso-din-ansi-pn-16-union-termofusion-tope-2\/","og_locale":"es_ES","og_type":"article","og_title":"FLANGES ACERO CARBONO , ISO\/DIN, ANSI, PN-16, UNION TERMOFUSION ( TOPE ) - Polifusi\u00f3n","og_description":"DIMENSI\u00d3N C\u00d3DIGO ISO \/ DIN C\u00d3DIGO ANSI UNIDAD 40mm 6000002070-0040 6000002060-0040 1 50mm 6000002070-0050 6000002060-0050 1 63mm 6000002070-0063 6000002060-0063 1 75mm 6000002070-0075 6000002060-0075 1 90mm 6000002070-0090 6000002060-0090 1 110mm 6000002070-0110 6000002060-0110 1 125mm 6000002070-0125 6000002060-0125 1 140mm 6000002070-0140 6000002060-0140 1 160mm 6000002070-0160 6000002060-0160 1 180mm 6000002070-0180 6000002060-0180 1 200mm 6000002070-0200 6000002060-0200 1 225mm 6000002070-0225 6000002060-0225 [&hellip;]","og_url":"https:\/\/polifusion.com\/chile\/producto\/flanges-acero-carbono-iso-din-ansi-pn-16-union-termofusion-tope-2\/","og_site_name":"Polifusi\u00f3n","article_modified_time":"2025-04-21T20:55:27+00:00","og_image":[{"width":709,"height":834,"url":"https:\/\/polifusion.com\/chile\/wp-content\/uploads\/2025\/04\/FLANGE-ACERO-CARBONO_WEB.png","type":"image\/png"}],"twitter_card":"summary_large_image","schema":{"@context":"https:\/\/schema.org","@graph":[{"@type":"WebPage","@id":"https:\/\/polifusion.com\/chile\/producto\/flanges-acero-carbono-iso-din-ansi-pn-16-union-termofusion-tope-2\/","url":"https:\/\/polifusion.com\/chile\/producto\/flanges-acero-carbono-iso-din-ansi-pn-16-union-termofusion-tope-2\/","name":"FLANGES ACERO CARBONO , ISO\/DIN, ANSI, PN-16, UNION TERMOFUSION ( TOPE ) - Polifusi\u00f3n","isPartOf":{"@id":"https:\/\/polifusion.com\/chile\/#website"},"primaryImageOfPage":{"@id":"https:\/\/polifusion.com\/chile\/producto\/flanges-acero-carbono-iso-din-ansi-pn-16-union-termofusion-tope-2\/#primaryimage"},"image":{"@id":"https:\/\/polifusion.com\/chile\/producto\/flanges-acero-carbono-iso-din-ansi-pn-16-union-termofusion-tope-2\/#primaryimage"},"thumbnailUrl":"https:\/\/polifusion.com\/chile\/wp-content\/uploads\/2025\/04\/FLANGE-ACERO-CARBONO_WEB.png","datePublished":"2025-04-03T16:18:48+00:00","dateModified":"2025-04-21T20:55:27+00:00","breadcrumb":{"@id":"https:\/\/polifusion.com\/chile\/producto\/flanges-acero-carbono-iso-din-ansi-pn-16-union-termofusion-tope-2\/#breadcrumb"},"inLanguage":"es","potentialAction":[{"@type":"ReadAction","target":["https:\/\/polifusion.com\/chile\/producto\/flanges-acero-carbono-iso-din-ansi-pn-16-union-termofusion-tope-2\/"]}]},{"@type":"ImageObject","inLanguage":"es","@id":"https:\/\/polifusion.com\/chile\/producto\/flanges-acero-carbono-iso-din-ansi-pn-16-union-termofusion-tope-2\/#primaryimage","url":"https:\/\/polifusion.com\/chile\/wp-content\/uploads\/2025\/04\/FLANGE-ACERO-CARBONO_WEB.png","contentUrl":"https:\/\/polifusion.com\/chile\/wp-content\/uploads\/2025\/04\/FLANGE-ACERO-CARBONO_WEB.png","width":709,"height":834},{"@type":"BreadcrumbList","@id":"https:\/\/polifusion.com\/chile\/producto\/flanges-acero-carbono-iso-din-ansi-pn-16-union-termofusion-tope-2\/#breadcrumb","itemListElement":[{"@type":"ListItem","position":1,"name":"Portada","item":"https:\/\/polifusion.com\/chile\/"},{"@type":"ListItem","position":2,"name":"Tienda","item":"https:\/\/polifusion.com\/chile\/tienda\/"},{"@type":"ListItem","position":3,"name":"FLANGES ACERO CARBONO , ISO\/DIN, ANSI, PN-16, UNION TERMOFUSION ( TOPE )"}]},{"@type":"WebSite","@id":"https:\/\/polifusion.com\/chile\/#website","url":"https:\/\/polifusion.com\/chile\/","name":"Polifusi\u00f3n","description":"","publisher":{"@id":"https:\/\/polifusion.com\/chile\/#organization"},"potentialAction":[{"@type":"SearchAction","target":{"@type":"EntryPoint","urlTemplate":"https:\/\/polifusion.com\/chile\/?s={search_term_string}"},"query-input":{"@type":"PropertyValueSpecification","valueRequired":true,"valueName":"search_term_string"}}],"inLanguage":"es"},{"@type":"Organization","@id":"https:\/\/polifusion.com\/chile\/#organization","name":"Polifusi\u00f3n","url":"https:\/\/polifusion.com\/chile\/","logo":{"@type":"ImageObject","inLanguage":"es","@id":"https:\/\/polifusion.com\/chile\/#\/schema\/logo\/image\/","url":"https:\/\/polifusion.com\/chile\/wp-content\/uploads\/2025\/06\/cropped-favicon_web_polifusion-2.png","contentUrl":"https:\/\/polifusion.com\/chile\/wp-content\/uploads\/2025\/06\/cropped-favicon_web_polifusion-2.png","width":512,"height":512,"caption":"Polifusi\u00f3n"},"image":{"@id":"https:\/\/polifusion.com\/chile\/#\/schema\/logo\/image\/"},"sameAs":["https:\/\/www.instagram.com\/polifusion_chile","https:\/\/www.linkedin.com\/company\/polifusin-chile\/"]}]}},"_links":{"self":[{"href":"https:\/\/polifusion.com\/chile\/wp-json\/wp\/v2\/product\/2209","targetHints":{"allow":["GET"]}}],"collection":[{"href":"https:\/\/polifusion.com\/chile\/wp-json\/wp\/v2\/product"}],"about":[{"href":"https:\/\/polifusion.com\/chile\/wp-json\/wp\/v2\/types\/product"}],"replies":[{"embeddable":true,"href":"https:\/\/polifusion.com\/chile\/wp-json\/wp\/v2\/comments?post=2209"}],"wp:featuredmedia":[{"embeddable":true,"href":"https:\/\/polifusion.com\/chile\/wp-json\/wp\/v2\/media\/4328"}],"wp:attachment":[{"href":"https:\/\/polifusion.com\/chile\/wp-json\/wp\/v2\/media?parent=2209"}],"wp:term":[{"taxonomy":"product_brand","embeddable":true,"href":"https:\/\/polifusion.com\/chile\/wp-json\/wp\/v2\/product_brand?post=2209"},{"taxonomy":"product_cat","embeddable":true,"href":"https:\/\/polifusion.com\/chile\/wp-json\/wp\/v2\/product_cat?post=2209"},{"taxonomy":"product_tag","embeddable":true,"href":"https:\/\/polifusion.com\/chile\/wp-json\/wp\/v2\/product_tag?post=2209"}],"curies":[{"name":"wp","href":"https:\/\/api.w.org\/{rel}","templated":true}]}}