{"id":2201,"date":"2025-04-03T17:47:46","date_gmt":"2025-04-03T15:47:46","guid":{"rendered":"https:\/\/polifusion.com\/chile\/?post_type=product&#038;p=2201"},"modified":"2025-04-17T17:21:31","modified_gmt":"2025-04-17T15:21:31","slug":"stub-end-pp-rct-iso-ansi-cuello-corto-clase-270c-6-bar-20c-10-bar-2","status":"publish","type":"product","link":"https:\/\/polifusion.com\/chile\/producto\/stub-end-pp-rct-iso-ansi-cuello-corto-clase-270c-6-bar-20c-10-bar-2\/","title":{"rendered":"STUB END PP-RCT ISO \/ ANSI \/ CUELLO CORTO CLASE: 2,70\u00b0C, 6 BAR; 20\u00b0C 10 BAR"},"content":{"rendered":"<table>\n<thead>\n<tr>\n<th>DIMENSI\u00d3N<\/th>\n<th>C\u00d3DIGO<\/th>\n<th>U. X BOLSA<\/th>\n<\/tr>\n<\/thead>\n<tbody>\n<tr>\n<td>32mm<\/td>\n<td>6100002032-0032<\/td>\n<td>1<\/td>\n<\/tr>\n<tr>\n<td>40mm<\/td>\n<td>6100002032-0040<\/td>\n<td>1<\/td>\n<\/tr>\n<tr>\n<td>50mm<\/td>\n<td>6100002032-0050<\/td>\n<td>1<\/td>\n<\/tr>\n<tr>\n<td>63mm<\/td>\n<td>6100002032-0063<\/td>\n<td>1<\/td>\n<\/tr>\n<tr>\n<td>75mm<\/td>\n<td>6100002032-0075<\/td>\n<td>1<\/td>\n<\/tr>\n<tr>\n<td>90mm<\/td>\n<td>6100002032-0090<\/td>\n<td>1<\/td>\n<\/tr>\n<tr>\n<td>110mm<\/td>\n<td>6100002032-0110<\/td>\n<td>1<\/td>\n<\/tr>\n<\/tbody>\n<\/table>\n<h3><strong><br \/>\nCLASE: 2,70\u00b0C, 8 BAR; 20\u00b0C 12,5 BAR<\/strong><\/h3>\n<table>\n<thead>\n<tr>\n<th>DIMENSI\u00d3N<\/th>\n<th>C\u00d3DIGO<\/th>\n<th>U. X BOLSA<\/th>\n<\/tr>\n<\/thead>\n<tbody>\n<tr>\n<td>125mm<\/td>\n<td>6100002032-0125<\/td>\n<td>1<\/td>\n<\/tr>\n<tr>\n<td>160mm<\/td>\n<td>6100002032-0160<\/td>\n<td>1<\/td>\n<\/tr>\n<tr>\n<td>200mm<\/td>\n<td>6100002032-0200<\/td>\n<td>1<\/td>\n<\/tr>\n<tr>\n<td>250mm<\/td>\n<td>6100002032-0250<\/td>\n<td>1<\/td>\n<\/tr>\n<\/tbody>\n<\/table>\n","protected":false},"excerpt":{"rendered":"<p>DIMENSI\u00d3N C\u00d3DIGO U. X BOLSA 32mm 6100002032-0032 1 40mm 6100002032-0040 1 50mm 6100002032-0050 1 63mm 6100002032-0063 1 75mm 6100002032-0075 1 90mm 6100002032-0090 1 110mm 6100002032-0110 1 CLASE: 2,70\u00b0C, 8 BAR; 20\u00b0C 12,5 BAR DIMENSI\u00d3N C\u00d3DIGO U. X BOLSA 125mm 6100002032-0125 1 160mm 6100002032-0160 1 200mm 6100002032-0200 1 250mm 6100002032-0250 1<\/p>\n","protected":false},"featured_media":3543,"comment_status":"open","ping_status":"closed","template":"","meta":{"_joinchat":[]},"product_brand":[],"product_cat":[127],"product_tag":[],"class_list":{"0":"post-2201","1":"product","2":"type-product","3":"status-publish","4":"has-post-thumbnail","6":"product_cat-fittings-electrofusion","8":"first","9":"instock","10":"shipping-taxable","11":"product-type-simple"},"yoast_head":"<!-- This site is optimized with the Yoast SEO plugin v27.0 - https:\/\/yoast.com\/product\/yoast-seo-wordpress\/ -->\n<title>STUB END PP-RCT ISO \/ ANSI \/ CUELLO CORTO CLASE: 2,70\u00b0C, 6 BAR; 20\u00b0C 10 BAR - Polifusi\u00f3n<\/title>\n<meta name=\"robots\" content=\"index, follow, max-snippet:-1, max-image-preview:large, max-video-preview:-1\" \/>\n<link rel=\"canonical\" href=\"https:\/\/polifusion.com\/chile\/?product=stub-end-pp-rct-iso-ansi-cuello-corto-clase-270c-6-bar-20c-10-bar-2\" \/>\n<meta property=\"og:locale\" content=\"es_ES\" \/>\n<meta property=\"og:type\" content=\"article\" \/>\n<meta property=\"og:title\" content=\"STUB END PP-RCT ISO \/ ANSI \/ CUELLO CORTO CLASE: 2,70\u00b0C, 6 BAR; 20\u00b0C 10 BAR - Polifusi\u00f3n\" \/>\n<meta property=\"og:description\" content=\"DIMENSI\u00d3N C\u00d3DIGO U. X BOLSA 32mm 6100002032-0032 1 40mm 6100002032-0040 1 50mm 6100002032-0050 1 63mm 6100002032-0063 1 75mm 6100002032-0075 1 90mm 6100002032-0090 1 110mm 6100002032-0110 1 CLASE: 2,70\u00b0C, 8 BAR; 20\u00b0C 12,5 BAR DIMENSI\u00d3N C\u00d3DIGO U. X BOLSA 125mm 6100002032-0125 1 160mm 6100002032-0160 1 200mm 6100002032-0200 1 250mm 6100002032-0250 1\" \/>\n<meta property=\"og:url\" content=\"https:\/\/polifusion.com\/chile\/?product=stub-end-pp-rct-iso-ansi-cuello-corto-clase-270c-6-bar-20c-10-bar-2\" \/>\n<meta property=\"og:site_name\" content=\"Polifusi\u00f3n\" \/>\n<meta property=\"article:modified_time\" content=\"2025-04-17T15:21:31+00:00\" \/>\n<meta property=\"og:image\" content=\"https:\/\/polifusion.com\/chile\/wp-content\/uploads\/2025\/04\/stub-end.png\" \/>\n\t<meta property=\"og:image:width\" content=\"346\" \/>\n\t<meta property=\"og:image:height\" content=\"346\" \/>\n\t<meta property=\"og:image:type\" content=\"image\/png\" \/>\n<meta name=\"twitter:card\" content=\"summary_large_image\" \/>\n<script type=\"application\/ld+json\" class=\"yoast-schema-graph\">{\"@context\":\"https:\/\/schema.org\",\"@graph\":[{\"@type\":\"WebPage\",\"@id\":\"https:\/\/polifusion.com\/chile\/?product=stub-end-pp-rct-iso-ansi-cuello-corto-clase-270c-6-bar-20c-10-bar-2\",\"url\":\"https:\/\/polifusion.com\/chile\/?product=stub-end-pp-rct-iso-ansi-cuello-corto-clase-270c-6-bar-20c-10-bar-2\",\"name\":\"STUB END PP-RCT ISO \/ ANSI \/ CUELLO CORTO CLASE: 2,70\u00b0C, 6 BAR; 20\u00b0C 10 BAR - Polifusi\u00f3n\",\"isPartOf\":{\"@id\":\"https:\/\/polifusion.com\/chile\/#website\"},\"primaryImageOfPage\":{\"@id\":\"https:\/\/polifusion.com\/chile\/?product=stub-end-pp-rct-iso-ansi-cuello-corto-clase-270c-6-bar-20c-10-bar-2#primaryimage\"},\"image\":{\"@id\":\"https:\/\/polifusion.com\/chile\/?product=stub-end-pp-rct-iso-ansi-cuello-corto-clase-270c-6-bar-20c-10-bar-2#primaryimage\"},\"thumbnailUrl\":\"https:\/\/polifusion.com\/chile\/wp-content\/uploads\/2025\/04\/stub-end.png\",\"datePublished\":\"2025-04-03T15:47:46+00:00\",\"dateModified\":\"2025-04-17T15:21:31+00:00\",\"breadcrumb\":{\"@id\":\"https:\/\/polifusion.com\/chile\/?product=stub-end-pp-rct-iso-ansi-cuello-corto-clase-270c-6-bar-20c-10-bar-2#breadcrumb\"},\"inLanguage\":\"es\",\"potentialAction\":[{\"@type\":\"ReadAction\",\"target\":[\"https:\/\/polifusion.com\/chile\/?product=stub-end-pp-rct-iso-ansi-cuello-corto-clase-270c-6-bar-20c-10-bar-2\"]}]},{\"@type\":\"ImageObject\",\"inLanguage\":\"es\",\"@id\":\"https:\/\/polifusion.com\/chile\/?product=stub-end-pp-rct-iso-ansi-cuello-corto-clase-270c-6-bar-20c-10-bar-2#primaryimage\",\"url\":\"https:\/\/polifusion.com\/chile\/wp-content\/uploads\/2025\/04\/stub-end.png\",\"contentUrl\":\"https:\/\/polifusion.com\/chile\/wp-content\/uploads\/2025\/04\/stub-end.png\",\"width\":346,\"height\":346},{\"@type\":\"BreadcrumbList\",\"@id\":\"https:\/\/polifusion.com\/chile\/?product=stub-end-pp-rct-iso-ansi-cuello-corto-clase-270c-6-bar-20c-10-bar-2#breadcrumb\",\"itemListElement\":[{\"@type\":\"ListItem\",\"position\":1,\"name\":\"Portada\",\"item\":\"https:\/\/polifusion.com\/chile\/\"},{\"@type\":\"ListItem\",\"position\":2,\"name\":\"Tienda\",\"item\":\"https:\/\/polifusion.com\/chile\/tienda\/\"},{\"@type\":\"ListItem\",\"position\":3,\"name\":\"STUB END PP-RCT ISO \/ ANSI \/ CUELLO CORTO CLASE: 2,70\u00b0C, 6 BAR; 20\u00b0C 10 BAR\"}]},{\"@type\":\"WebSite\",\"@id\":\"https:\/\/polifusion.com\/chile\/#website\",\"url\":\"https:\/\/polifusion.com\/chile\/\",\"name\":\"Polifusi\u00f3n\",\"description\":\"\",\"publisher\":{\"@id\":\"https:\/\/polifusion.com\/chile\/#organization\"},\"potentialAction\":[{\"@type\":\"SearchAction\",\"target\":{\"@type\":\"EntryPoint\",\"urlTemplate\":\"https:\/\/polifusion.com\/chile\/?s={search_term_string}\"},\"query-input\":{\"@type\":\"PropertyValueSpecification\",\"valueRequired\":true,\"valueName\":\"search_term_string\"}}],\"inLanguage\":\"es\"},{\"@type\":\"Organization\",\"@id\":\"https:\/\/polifusion.com\/chile\/#organization\",\"name\":\"Polifusi\u00f3n\",\"url\":\"https:\/\/polifusion.com\/chile\/\",\"logo\":{\"@type\":\"ImageObject\",\"inLanguage\":\"es\",\"@id\":\"https:\/\/polifusion.com\/chile\/#\/schema\/logo\/image\/\",\"url\":\"https:\/\/polifusion.com\/chile\/wp-content\/uploads\/2025\/06\/cropped-favicon_web_polifusion-2.png\",\"contentUrl\":\"https:\/\/polifusion.com\/chile\/wp-content\/uploads\/2025\/06\/cropped-favicon_web_polifusion-2.png\",\"width\":512,\"height\":512,\"caption\":\"Polifusi\u00f3n\"},\"image\":{\"@id\":\"https:\/\/polifusion.com\/chile\/#\/schema\/logo\/image\/\"},\"sameAs\":[\"https:\/\/www.instagram.com\/polifusion_chile\",\"https:\/\/www.linkedin.com\/company\/polifusin-chile\/\"]}]}<\/script>\n<!-- \/ Yoast SEO plugin. -->","yoast_head_json":{"title":"STUB END PP-RCT ISO \/ ANSI \/ CUELLO CORTO CLASE: 2,70\u00b0C, 6 BAR; 20\u00b0C 10 BAR - Polifusi\u00f3n","robots":{"index":"index","follow":"follow","max-snippet":"max-snippet:-1","max-image-preview":"max-image-preview:large","max-video-preview":"max-video-preview:-1"},"canonical":"https:\/\/polifusion.com\/chile\/?product=stub-end-pp-rct-iso-ansi-cuello-corto-clase-270c-6-bar-20c-10-bar-2","og_locale":"es_ES","og_type":"article","og_title":"STUB END PP-RCT ISO \/ ANSI \/ CUELLO CORTO CLASE: 2,70\u00b0C, 6 BAR; 20\u00b0C 10 BAR - Polifusi\u00f3n","og_description":"DIMENSI\u00d3N C\u00d3DIGO U. X BOLSA 32mm 6100002032-0032 1 40mm 6100002032-0040 1 50mm 6100002032-0050 1 63mm 6100002032-0063 1 75mm 6100002032-0075 1 90mm 6100002032-0090 1 110mm 6100002032-0110 1 CLASE: 2,70\u00b0C, 8 BAR; 20\u00b0C 12,5 BAR DIMENSI\u00d3N C\u00d3DIGO U. X BOLSA 125mm 6100002032-0125 1 160mm 6100002032-0160 1 200mm 6100002032-0200 1 250mm 6100002032-0250 1","og_url":"https:\/\/polifusion.com\/chile\/?product=stub-end-pp-rct-iso-ansi-cuello-corto-clase-270c-6-bar-20c-10-bar-2","og_site_name":"Polifusi\u00f3n","article_modified_time":"2025-04-17T15:21:31+00:00","og_image":[{"width":346,"height":346,"url":"https:\/\/polifusion.com\/chile\/wp-content\/uploads\/2025\/04\/stub-end.png","type":"image\/png"}],"twitter_card":"summary_large_image","schema":{"@context":"https:\/\/schema.org","@graph":[{"@type":"WebPage","@id":"https:\/\/polifusion.com\/chile\/?product=stub-end-pp-rct-iso-ansi-cuello-corto-clase-270c-6-bar-20c-10-bar-2","url":"https:\/\/polifusion.com\/chile\/?product=stub-end-pp-rct-iso-ansi-cuello-corto-clase-270c-6-bar-20c-10-bar-2","name":"STUB END PP-RCT ISO \/ ANSI \/ CUELLO CORTO CLASE: 2,70\u00b0C, 6 BAR; 20\u00b0C 10 BAR - Polifusi\u00f3n","isPartOf":{"@id":"https:\/\/polifusion.com\/chile\/#website"},"primaryImageOfPage":{"@id":"https:\/\/polifusion.com\/chile\/?product=stub-end-pp-rct-iso-ansi-cuello-corto-clase-270c-6-bar-20c-10-bar-2#primaryimage"},"image":{"@id":"https:\/\/polifusion.com\/chile\/?product=stub-end-pp-rct-iso-ansi-cuello-corto-clase-270c-6-bar-20c-10-bar-2#primaryimage"},"thumbnailUrl":"https:\/\/polifusion.com\/chile\/wp-content\/uploads\/2025\/04\/stub-end.png","datePublished":"2025-04-03T15:47:46+00:00","dateModified":"2025-04-17T15:21:31+00:00","breadcrumb":{"@id":"https:\/\/polifusion.com\/chile\/?product=stub-end-pp-rct-iso-ansi-cuello-corto-clase-270c-6-bar-20c-10-bar-2#breadcrumb"},"inLanguage":"es","potentialAction":[{"@type":"ReadAction","target":["https:\/\/polifusion.com\/chile\/?product=stub-end-pp-rct-iso-ansi-cuello-corto-clase-270c-6-bar-20c-10-bar-2"]}]},{"@type":"ImageObject","inLanguage":"es","@id":"https:\/\/polifusion.com\/chile\/?product=stub-end-pp-rct-iso-ansi-cuello-corto-clase-270c-6-bar-20c-10-bar-2#primaryimage","url":"https:\/\/polifusion.com\/chile\/wp-content\/uploads\/2025\/04\/stub-end.png","contentUrl":"https:\/\/polifusion.com\/chile\/wp-content\/uploads\/2025\/04\/stub-end.png","width":346,"height":346},{"@type":"BreadcrumbList","@id":"https:\/\/polifusion.com\/chile\/?product=stub-end-pp-rct-iso-ansi-cuello-corto-clase-270c-6-bar-20c-10-bar-2#breadcrumb","itemListElement":[{"@type":"ListItem","position":1,"name":"Portada","item":"https:\/\/polifusion.com\/chile\/"},{"@type":"ListItem","position":2,"name":"Tienda","item":"https:\/\/polifusion.com\/chile\/tienda\/"},{"@type":"ListItem","position":3,"name":"STUB END PP-RCT ISO \/ ANSI \/ CUELLO CORTO CLASE: 2,70\u00b0C, 6 BAR; 20\u00b0C 10 BAR"}]},{"@type":"WebSite","@id":"https:\/\/polifusion.com\/chile\/#website","url":"https:\/\/polifusion.com\/chile\/","name":"Polifusi\u00f3n","description":"","publisher":{"@id":"https:\/\/polifusion.com\/chile\/#organization"},"potentialAction":[{"@type":"SearchAction","target":{"@type":"EntryPoint","urlTemplate":"https:\/\/polifusion.com\/chile\/?s={search_term_string}"},"query-input":{"@type":"PropertyValueSpecification","valueRequired":true,"valueName":"search_term_string"}}],"inLanguage":"es"},{"@type":"Organization","@id":"https:\/\/polifusion.com\/chile\/#organization","name":"Polifusi\u00f3n","url":"https:\/\/polifusion.com\/chile\/","logo":{"@type":"ImageObject","inLanguage":"es","@id":"https:\/\/polifusion.com\/chile\/#\/schema\/logo\/image\/","url":"https:\/\/polifusion.com\/chile\/wp-content\/uploads\/2025\/06\/cropped-favicon_web_polifusion-2.png","contentUrl":"https:\/\/polifusion.com\/chile\/wp-content\/uploads\/2025\/06\/cropped-favicon_web_polifusion-2.png","width":512,"height":512,"caption":"Polifusi\u00f3n"},"image":{"@id":"https:\/\/polifusion.com\/chile\/#\/schema\/logo\/image\/"},"sameAs":["https:\/\/www.instagram.com\/polifusion_chile","https:\/\/www.linkedin.com\/company\/polifusin-chile\/"]}]}},"_links":{"self":[{"href":"https:\/\/polifusion.com\/chile\/wp-json\/wp\/v2\/product\/2201","targetHints":{"allow":["GET"]}}],"collection":[{"href":"https:\/\/polifusion.com\/chile\/wp-json\/wp\/v2\/product"}],"about":[{"href":"https:\/\/polifusion.com\/chile\/wp-json\/wp\/v2\/types\/product"}],"replies":[{"embeddable":true,"href":"https:\/\/polifusion.com\/chile\/wp-json\/wp\/v2\/comments?post=2201"}],"wp:featuredmedia":[{"embeddable":true,"href":"https:\/\/polifusion.com\/chile\/wp-json\/wp\/v2\/media\/3543"}],"wp:attachment":[{"href":"https:\/\/polifusion.com\/chile\/wp-json\/wp\/v2\/media?parent=2201"}],"wp:term":[{"taxonomy":"product_brand","embeddable":true,"href":"https:\/\/polifusion.com\/chile\/wp-json\/wp\/v2\/product_brand?post=2201"},{"taxonomy":"product_cat","embeddable":true,"href":"https:\/\/polifusion.com\/chile\/wp-json\/wp\/v2\/product_cat?post=2201"},{"taxonomy":"product_tag","embeddable":true,"href":"https:\/\/polifusion.com\/chile\/wp-json\/wp\/v2\/product_tag?post=2201"}],"curies":[{"name":"wp","href":"https:\/\/api.w.org\/{rel}","templated":true}]}}