{"id":5041,"date":"2025-10-28T21:12:19","date_gmt":"2025-10-28T20:12:19","guid":{"rendered":"https:\/\/polifusion.com\/chile\/?page_id=5041"},"modified":"2025-11-18T22:04:11","modified_gmt":"2025-11-18T21:04:11","slug":"trabaja-con-nosotros","status":"publish","type":"page","link":"https:\/\/polifusion.com\/chile\/trabaja-con-nosotros\/","title":{"rendered":"Trabaja con nosotros"},"content":{"rendered":"\t\t<div data-elementor-type=\"wp-page\" data-elementor-id=\"5041\" class=\"elementor elementor-5041\">\n\t\t\t\t<div class=\"elementor-element elementor-element-1dfb0c4 e-con-full e-flex e-con e-parent\" data-id=\"1dfb0c4\" data-element_type=\"container\" data-e-type=\"container\">\n\t\t\t\t<\/div>\n\t\t<div class=\"elementor-element elementor-element-19b0581 e-flex e-con-boxed e-con e-parent\" data-id=\"19b0581\" data-element_type=\"container\" data-e-type=\"container\">\n\t\t\t\t\t<div class=\"e-con-inner\">\n\t\t\t\t<div class=\"elementor-element elementor-element-6bfd3a4 elementor-widget elementor-widget-shortcode\" data-id=\"6bfd3a4\" data-element_type=\"widget\" data-e-type=\"widget\" data-widget_type=\"shortcode.default\">\n\t\t\t\t<div class=\"elementor-widget-container\">\n\t\t\t\t\t\t\t<div class=\"elementor-shortcode\">\n<div class=\"wpcf7 no-js\" id=\"wpcf7-f5040-o1\" lang=\"es-ES\" dir=\"ltr\" data-wpcf7-id=\"5040\">\n<div class=\"screen-reader-response\"><p role=\"status\" aria-live=\"polite\" aria-atomic=\"true\"><\/p> <ul><\/ul><\/div>\n<form action=\"\/chile\/wp-json\/wp\/v2\/pages\/5041#wpcf7-f5040-o1\" method=\"post\" class=\"wpcf7-form init\" aria-label=\"Formulario de contacto\" enctype=\"multipart\/form-data\" novalidate=\"novalidate\" data-status=\"init\">\n<fieldset class=\"hidden-fields-container\"><input type=\"hidden\" name=\"_wpcf7\" value=\"5040\" \/><input type=\"hidden\" name=\"_wpcf7_version\" value=\"6.1.5\" \/><input type=\"hidden\" name=\"_wpcf7_locale\" value=\"es_ES\" \/><input type=\"hidden\" name=\"_wpcf7_unit_tag\" value=\"wpcf7-f5040-o1\" \/><input type=\"hidden\" name=\"_wpcf7_container_post\" value=\"0\" \/><input type=\"hidden\" name=\"_wpcf7_posted_data_hash\" value=\"\" \/>\n<\/fieldset>\n<p><label>Tu nombre<br \/>\n<span class=\"wpcf7-form-control-wrap\" data-name=\"your-name\"><input size=\"40\" maxlength=\"400\" class=\"wpcf7-form-control wpcf7-text wpcf7-validates-as-required\" autocomplete=\"name\" aria-required=\"true\" aria-invalid=\"false\" value=\"\" type=\"text\" name=\"your-name\" \/><\/span> <\/label>\n<\/p>\n<p><label>RUT<br \/>\n<span class=\"wpcf7-form-control-wrap\" data-name=\"rut\"><input size=\"40\" maxlength=\"400\" class=\"wpcf7-form-control wpcf7-text wpcf7-validates-as-required\" aria-required=\"true\" aria-invalid=\"false\" value=\"\" type=\"text\" name=\"rut\" \/><\/span> <\/label>\n<\/p>\n<p><label>Tu correo electr\u00f3nico<br \/>\n<span class=\"wpcf7-form-control-wrap\" data-name=\"your-email\"><input size=\"40\" maxlength=\"400\" class=\"wpcf7-form-control wpcf7-email wpcf7-validates-as-required wpcf7-text wpcf7-validates-as-email\" autocomplete=\"email\" aria-required=\"true\" aria-invalid=\"false\" value=\"\" type=\"email\" name=\"your-email\" \/><\/span> <\/label>\n<\/p>\n<p><label>Celular<br \/>\n<span class=\"wpcf7-form-control-wrap\" data-name=\"your-phone\"><input size=\"40\" maxlength=\"400\" class=\"wpcf7-form-control wpcf7-tel wpcf7-validates-as-required wpcf7-text wpcf7-validates-as-tel\" autocomplete=\"tel\" aria-required=\"true\" aria-invalid=\"false\" value=\"+56 9 xxxx xxxx\" type=\"tel\" name=\"your-phone\" \/><\/span><br \/>\n<\/label>\n<\/p>\n<p><label>Regi\u00f3n<br \/>\n<span class=\"wpcf7-form-control-wrap\" data-name=\"region\"><select class=\"wpcf7-form-control wpcf7-select wpcf7-validates-as-required\" id=\"region_select\" aria-required=\"true\" aria-invalid=\"false\" name=\"region\"><option value=\"\">&#8212;Por favor, elige una opci\u00f3n&#8212;<\/option><option value=\"Arica y Parinacota\">Arica y Parinacota<\/option><option value=\"Tarapac\u00e1\">Tarapac\u00e1<\/option><option value=\"Antofagasta\">Antofagasta<\/option><option value=\"Atacama\">Atacama<\/option><option value=\"Coquimbo\">Coquimbo<\/option><option value=\"Valpara\u00edso\">Valpara\u00edso<\/option><option value=\"Metropolitana\">Metropolitana<\/option><option value=\"O&#039;Higgins\">O&#039;Higgins<\/option><option value=\"Maule\">Maule<\/option><option value=\"\u00d1uble\">\u00d1uble<\/option><option value=\"Biob\u00edo\">Biob\u00edo<\/option><option value=\"La Araucan\u00eda\">La Araucan\u00eda<\/option><option value=\"Los R\u00edos\">Los R\u00edos<\/option><option value=\"Los Lagos\">Los Lagos<\/option><option value=\"Ays\u00e9n\">Ays\u00e9n<\/option><option value=\"Magallanes\">Magallanes<\/option><\/select><\/span><br \/>\n<\/label>\n<\/p>\n<p><label>Comuna<br \/>\n<span class=\"wpcf7-form-control-wrap\" data-name=\"comuna\"><select class=\"wpcf7-form-control wpcf7-select wpcf7-validates-as-required\" id=\"comuna_select\" aria-required=\"true\" aria-invalid=\"false\" name=\"comuna\"><option value=\"\">&#8212;Por favor, elige una opci\u00f3n&#8212;<\/option><option value=\"Selecciona una comuna\">Selecciona una comuna<\/option><\/select><\/span><\/label>\n<\/p>\n<p><label>\u00bfCual es tu \u00e1rea de inter\u00e9s?<\/label><br \/>\n<span class=\"wpcf7-form-control-wrap\" data-name=\"Area\"><span class=\"wpcf7-form-control wpcf7-radio\"><span class=\"wpcf7-list-item first\"><label><input type=\"radio\" name=\"Area\" value=\"\u00c1rea administrativa\" \/><span class=\"wpcf7-list-item-label\">\u00c1rea administrativa<\/span><\/label><\/span><span class=\"wpcf7-list-item\"><label><input type=\"radio\" name=\"Area\" value=\"Log\u00edstica\" \/><span class=\"wpcf7-list-item-label\">Log\u00edstica<\/span><\/label><\/span><span class=\"wpcf7-list-item\"><label><input type=\"radio\" name=\"Area\" value=\"Comercial\/Ventas\" \/><span class=\"wpcf7-list-item-label\">Comercial\/Ventas<\/span><\/label><\/span><span class=\"wpcf7-list-item\"><label><input type=\"radio\" name=\"Area\" value=\"Producci\u00f3n\" \/><span class=\"wpcf7-list-item-label\">Producci\u00f3n<\/span><\/label><\/span><span class=\"wpcf7-list-item last\"><label><input type=\"radio\" name=\"Area\" value=\"Calidad\" \/><span class=\"wpcf7-list-item-label\">Calidad<\/span><\/label><\/span><\/span><\/span>\n<\/p>\n<p><label>\u00bfPor qu\u00e9 te gustar\u00eda trabajar con nosotros?<br \/>\n<span class=\"wpcf7-form-control-wrap\" data-name=\"your-message\"><textarea cols=\"40\" rows=\"10\" maxlength=\"2000\" class=\"wpcf7-form-control wpcf7-textarea\" aria-invalid=\"false\" name=\"your-message\"><\/textarea><\/span><br \/>\n<\/label>\n<\/p>\n<p><label>Adjunta tu CV (PDF)<br \/>\n<span class=\"wpcf7-form-control-wrap\" data-name=\"cv\"><input size=\"40\" class=\"wpcf7-form-control wpcf7-file wpcf7-validates-as-required\" accept=\".pdf\" aria-required=\"true\" aria-invalid=\"false\" type=\"file\" name=\"cv\" \/><\/span><br \/>\n<\/label>\n<\/p>\n<p><input class=\"wpcf7-form-control wpcf7-submit has-spinner\" type=\"submit\" value=\"Enviar\" \/>\n<\/p><div class=\"wpcf7-response-output\" aria-hidden=\"true\"><\/div>\n<\/form>\n<\/div>\n<\/div>\n\t\t\t\t\t\t<\/div>\n\t\t\t\t<\/div>\n\t\t\t\t\t<\/div>\n\t\t\t\t<\/div>\n\t\t\t\t<\/div>\n\t\t","protected":false},"excerpt":{"rendered":"","protected":false},"author":3,"featured_media":0,"parent":0,"menu_order":0,"comment_status":"closed","ping_status":"closed","template":"elementor_header_footer","meta":{"_joinchat":[],"footnotes":""},"class_list":["post-5041","page","type-page","status-publish","hentry"],"yoast_head":"<!-- This site is optimized with the Yoast SEO plugin v27.0 - https:\/\/yoast.com\/product\/yoast-seo-wordpress\/ -->\n<title>Trabaja con nosotros - Polifusi\u00f3n<\/title>\n<meta name=\"description\" content=\"\u00danete a Polifusi\u00f3n y s\u00e9 parte de un equipo que valora el talento y el desarrollo profesional.\" \/>\n<meta name=\"robots\" content=\"index, follow, max-snippet:-1, max-image-preview:large, max-video-preview:-1\" \/>\n<link rel=\"canonical\" href=\"https:\/\/polifusion.com\/chile\/trabaja-con-nosotros\/\" \/>\n<meta property=\"og:locale\" content=\"es_ES\" \/>\n<meta property=\"og:type\" content=\"article\" \/>\n<meta property=\"og:title\" content=\"Trabaja con nosotros - Polifusi\u00f3n\" \/>\n<meta property=\"og:description\" content=\"\u00danete a Polifusi\u00f3n y s\u00e9 parte de un equipo que valora el talento y el desarrollo profesional.\" \/>\n<meta property=\"og:url\" content=\"https:\/\/polifusion.com\/chile\/trabaja-con-nosotros\/\" \/>\n<meta property=\"og:site_name\" content=\"Polifusi\u00f3n\" \/>\n<meta property=\"article:modified_time\" content=\"2025-11-18T21:04:11+00:00\" \/>\n<meta name=\"twitter:card\" content=\"summary_large_image\" \/>\n<meta name=\"twitter:label1\" content=\"Tiempo de lectura\" \/>\n\t<meta name=\"twitter:data1\" content=\"1 minuto\" \/>\n<script type=\"application\/ld+json\" class=\"yoast-schema-graph\">{\"@context\":\"https:\/\/schema.org\",\"@graph\":[{\"@type\":\"WebPage\",\"@id\":\"https:\/\/polifusion.com\/chile\/trabaja-con-nosotros\/\",\"url\":\"https:\/\/polifusion.com\/chile\/trabaja-con-nosotros\/\",\"name\":\"Trabaja con nosotros - Polifusi\u00f3n\",\"isPartOf\":{\"@id\":\"https:\/\/polifusion.com\/chile\/#website\"},\"datePublished\":\"2025-10-28T20:12:19+00:00\",\"dateModified\":\"2025-11-18T21:04:11+00:00\",\"description\":\"\u00danete a Polifusi\u00f3n y s\u00e9 parte de un equipo que valora el talento y el desarrollo profesional.\",\"breadcrumb\":{\"@id\":\"https:\/\/polifusion.com\/chile\/trabaja-con-nosotros\/#breadcrumb\"},\"inLanguage\":\"es\",\"potentialAction\":[{\"@type\":\"ReadAction\",\"target\":[\"https:\/\/polifusion.com\/chile\/trabaja-con-nosotros\/\"]}]},{\"@type\":\"BreadcrumbList\",\"@id\":\"https:\/\/polifusion.com\/chile\/trabaja-con-nosotros\/#breadcrumb\",\"itemListElement\":[{\"@type\":\"ListItem\",\"position\":1,\"name\":\"Portada\",\"item\":\"https:\/\/polifusion.com\/chile\/\"},{\"@type\":\"ListItem\",\"position\":2,\"name\":\"Trabaja con nosotros\"}]},{\"@type\":\"WebSite\",\"@id\":\"https:\/\/polifusion.com\/chile\/#website\",\"url\":\"https:\/\/polifusion.com\/chile\/\",\"name\":\"Polifusi\u00f3n\",\"description\":\"\",\"publisher\":{\"@id\":\"https:\/\/polifusion.com\/chile\/#organization\"},\"potentialAction\":[{\"@type\":\"SearchAction\",\"target\":{\"@type\":\"EntryPoint\",\"urlTemplate\":\"https:\/\/polifusion.com\/chile\/?s={search_term_string}\"},\"query-input\":{\"@type\":\"PropertyValueSpecification\",\"valueRequired\":true,\"valueName\":\"search_term_string\"}}],\"inLanguage\":\"es\"},{\"@type\":\"Organization\",\"@id\":\"https:\/\/polifusion.com\/chile\/#organization\",\"name\":\"Polifusi\u00f3n\",\"url\":\"https:\/\/polifusion.com\/chile\/\",\"logo\":{\"@type\":\"ImageObject\",\"inLanguage\":\"es\",\"@id\":\"https:\/\/polifusion.com\/chile\/#\/schema\/logo\/image\/\",\"url\":\"https:\/\/polifusion.com\/chile\/wp-content\/uploads\/2025\/06\/cropped-favicon_web_polifusion-2.png\",\"contentUrl\":\"https:\/\/polifusion.com\/chile\/wp-content\/uploads\/2025\/06\/cropped-favicon_web_polifusion-2.png\",\"width\":512,\"height\":512,\"caption\":\"Polifusi\u00f3n\"},\"image\":{\"@id\":\"https:\/\/polifusion.com\/chile\/#\/schema\/logo\/image\/\"},\"sameAs\":[\"https:\/\/www.instagram.com\/polifusion_chile\",\"https:\/\/www.linkedin.com\/company\/polifusin-chile\/\"]}]}<\/script>\n<!-- \/ Yoast SEO plugin. -->","yoast_head_json":{"title":"Trabaja con nosotros - Polifusi\u00f3n","description":"\u00danete a Polifusi\u00f3n y s\u00e9 parte de un equipo que valora el talento y el desarrollo profesional.","robots":{"index":"index","follow":"follow","max-snippet":"max-snippet:-1","max-image-preview":"max-image-preview:large","max-video-preview":"max-video-preview:-1"},"canonical":"https:\/\/polifusion.com\/chile\/trabaja-con-nosotros\/","og_locale":"es_ES","og_type":"article","og_title":"Trabaja con nosotros - Polifusi\u00f3n","og_description":"\u00danete a Polifusi\u00f3n y s\u00e9 parte de un equipo que valora el talento y el desarrollo profesional.","og_url":"https:\/\/polifusion.com\/chile\/trabaja-con-nosotros\/","og_site_name":"Polifusi\u00f3n","article_modified_time":"2025-11-18T21:04:11+00:00","twitter_card":"summary_large_image","twitter_misc":{"Tiempo de lectura":"1 minuto"},"schema":{"@context":"https:\/\/schema.org","@graph":[{"@type":"WebPage","@id":"https:\/\/polifusion.com\/chile\/trabaja-con-nosotros\/","url":"https:\/\/polifusion.com\/chile\/trabaja-con-nosotros\/","name":"Trabaja con nosotros - Polifusi\u00f3n","isPartOf":{"@id":"https:\/\/polifusion.com\/chile\/#website"},"datePublished":"2025-10-28T20:12:19+00:00","dateModified":"2025-11-18T21:04:11+00:00","description":"\u00danete a Polifusi\u00f3n y s\u00e9 parte de un equipo que valora el talento y el desarrollo profesional.","breadcrumb":{"@id":"https:\/\/polifusion.com\/chile\/trabaja-con-nosotros\/#breadcrumb"},"inLanguage":"es","potentialAction":[{"@type":"ReadAction","target":["https:\/\/polifusion.com\/chile\/trabaja-con-nosotros\/"]}]},{"@type":"BreadcrumbList","@id":"https:\/\/polifusion.com\/chile\/trabaja-con-nosotros\/#breadcrumb","itemListElement":[{"@type":"ListItem","position":1,"name":"Portada","item":"https:\/\/polifusion.com\/chile\/"},{"@type":"ListItem","position":2,"name":"Trabaja con nosotros"}]},{"@type":"WebSite","@id":"https:\/\/polifusion.com\/chile\/#website","url":"https:\/\/polifusion.com\/chile\/","name":"Polifusi\u00f3n","description":"","publisher":{"@id":"https:\/\/polifusion.com\/chile\/#organization"},"potentialAction":[{"@type":"SearchAction","target":{"@type":"EntryPoint","urlTemplate":"https:\/\/polifusion.com\/chile\/?s={search_term_string}"},"query-input":{"@type":"PropertyValueSpecification","valueRequired":true,"valueName":"search_term_string"}}],"inLanguage":"es"},{"@type":"Organization","@id":"https:\/\/polifusion.com\/chile\/#organization","name":"Polifusi\u00f3n","url":"https:\/\/polifusion.com\/chile\/","logo":{"@type":"ImageObject","inLanguage":"es","@id":"https:\/\/polifusion.com\/chile\/#\/schema\/logo\/image\/","url":"https:\/\/polifusion.com\/chile\/wp-content\/uploads\/2025\/06\/cropped-favicon_web_polifusion-2.png","contentUrl":"https:\/\/polifusion.com\/chile\/wp-content\/uploads\/2025\/06\/cropped-favicon_web_polifusion-2.png","width":512,"height":512,"caption":"Polifusi\u00f3n"},"image":{"@id":"https:\/\/polifusion.com\/chile\/#\/schema\/logo\/image\/"},"sameAs":["https:\/\/www.instagram.com\/polifusion_chile","https:\/\/www.linkedin.com\/company\/polifusin-chile\/"]}]}},"rttpg_featured_image_url":null,"rttpg_author":{"display_name":"Editor Polifusi\u00f3n","author_link":"https:\/\/polifusion.com\/chile\/author\/polifusionedit\/"},"rttpg_comment":0,"rttpg_category":null,"rttpg_excerpt":null,"_links":{"self":[{"href":"https:\/\/polifusion.com\/chile\/wp-json\/wp\/v2\/pages\/5041","targetHints":{"allow":["GET"]}}],"collection":[{"href":"https:\/\/polifusion.com\/chile\/wp-json\/wp\/v2\/pages"}],"about":[{"href":"https:\/\/polifusion.com\/chile\/wp-json\/wp\/v2\/types\/page"}],"author":[{"embeddable":true,"href":"https:\/\/polifusion.com\/chile\/wp-json\/wp\/v2\/users\/3"}],"replies":[{"embeddable":true,"href":"https:\/\/polifusion.com\/chile\/wp-json\/wp\/v2\/comments?post=5041"}],"version-history":[{"count":23,"href":"https:\/\/polifusion.com\/chile\/wp-json\/wp\/v2\/pages\/5041\/revisions"}],"predecessor-version":[{"id":5101,"href":"https:\/\/polifusion.com\/chile\/wp-json\/wp\/v2\/pages\/5041\/revisions\/5101"}],"wp:attachment":[{"href":"https:\/\/polifusion.com\/chile\/wp-json\/wp\/v2\/media?parent=5041"}],"curies":[{"name":"wp","href":"https:\/\/api.w.org\/{rel}","templated":true}]}}