{"id":4795,"date":"2025-09-03T15:10:32","date_gmt":"2025-09-03T13:10:32","guid":{"rendered":"https:\/\/polifusion.com\/chile\/?page_id=4795"},"modified":"2025-10-24T14:41:58","modified_gmt":"2025-10-24T12:41:58","slug":"climatizacion-hvac","status":"publish","type":"page","link":"https:\/\/polifusion.com\/chile\/climatizacion-hvac\/","title":{"rendered":"CLIMATIZACI\u00d3N (HVAC)"},"content":{"rendered":"\t\t<div data-elementor-type=\"wp-page\" data-elementor-id=\"4795\" class=\"elementor elementor-4795\">\n\t\t\t\t<div class=\"elementor-element elementor-element-2dcbeb0 e-flex e-con-boxed e-con e-parent\" data-id=\"2dcbeb0\" data-element_type=\"container\" data-e-type=\"container\" data-settings=\"{&quot;background_background&quot;:&quot;classic&quot;}\">\n\t\t\t\t\t<div class=\"e-con-inner\">\n\t\t<div class=\"elementor-element elementor-element-e0270b2 e-con-full e-flex e-con e-child\" data-id=\"e0270b2\" data-element_type=\"container\" data-e-type=\"container\">\n\t\t<div class=\"elementor-element elementor-element-7069d97 e-con-full e-flex e-con e-child\" data-id=\"7069d97\" data-element_type=\"container\" data-e-type=\"container\" data-settings=\"{&quot;background_background&quot;:&quot;classic&quot;}\">\n\t\t\t\t<div class=\"elementor-element elementor-element-5b2fd39 elementor-widget elementor-widget-heading\" data-id=\"5b2fd39\" data-element_type=\"widget\" data-e-type=\"widget\" data-widget_type=\"heading.default\">\n\t\t\t\t<div class=\"elementor-widget-container\">\n\t\t\t\t\t<h2 class=\"elementor-heading-title elementor-size-default\">Aplicaciones<\/h2>\t\t\t\t<\/div>\n\t\t\t\t<\/div>\n\t\t\t\t<div class=\"elementor-element elementor-element-894da54 elementor-widget elementor-widget-text-editor\" data-id=\"894da54\" data-element_type=\"widget\" data-e-type=\"widget\" data-widget_type=\"text-editor.default\">\n\t\t\t\t<div class=\"elementor-widget-container\">\n\t\t\t\t\t\t\t\t\t<p><span style=\"font-weight: 400;\">En <\/span><b>Polifusi\u00f3n<\/b><span style=\"font-weight: 400;\">, ofrecemos soluciones especializadas en sistemas de tuber\u00edas, fijaci\u00f3n y aislaci\u00f3n para diversos sectores. Nuestros productos est\u00e1n dise\u00f1ados para optimizar la eficiencia, seguridad y durabilidad en <\/span><b>instalaciones residenciales, comerciales, industriales y m\u00e1s<\/b><span style=\"font-weight: 400;\">.<\/span><\/p>\t\t\t\t\t\t\t\t<\/div>\n\t\t\t\t<\/div>\n\t\t\t\t<div class=\"elementor-element elementor-element-a59928e elementor-widget elementor-widget-html\" data-id=\"a59928e\" data-element_type=\"widget\" data-e-type=\"widget\" data-widget_type=\"html.default\">\n\t\t\t\t<div class=\"elementor-widget-container\">\n\t\t\t\t\t<div class=\"btnes_flex justify-content-start\"><a href=\"#\" data-bs-toggle=\"modal\" data-bs-target=\"#modalForm\" class=\"btn btnPoli\">Quiero Cotizar<\/a><\/div>\t\t\t\t<\/div>\n\t\t\t\t<\/div>\n\t\t\t\t<\/div>\n\t\t<div class=\"elementor-element elementor-element-d62809f e-con-full e-flex e-con e-child\" data-id=\"d62809f\" data-element_type=\"container\" data-e-type=\"container\">\n\t\t\t\t<\/div>\n\t\t\t\t<\/div>\n\t\t\t\t\t<\/div>\n\t\t\t\t<\/div>\n\t\t<div class=\"elementor-element elementor-element-485092f e-flex e-con-boxed e-con e-parent\" data-id=\"485092f\" data-element_type=\"container\" data-e-type=\"container\" data-settings=\"{&quot;background_background&quot;:&quot;classic&quot;}\">\n\t\t\t\t\t<div class=\"e-con-inner\">\n\t\t\t\t\t<\/div>\n\t\t\t\t<\/div>\n\t\t<div class=\"elementor-element elementor-element-2ba0102 e-flex e-con-boxed e-con e-parent\" data-id=\"2ba0102\" data-element_type=\"container\" data-e-type=\"container\" data-settings=\"{&quot;background_background&quot;:&quot;classic&quot;}\">\n\t\t\t\t\t<div class=\"e-con-inner\">\n\t\t<div class=\"elementor-element elementor-element-38981f3 e-con-full e-flex e-con e-child\" data-id=\"38981f3\" data-element_type=\"container\" data-e-type=\"container\">\n\t\t\t\t<div class=\"elementor-element elementor-element-222a246 elementor-widget elementor-widget-heading\" data-id=\"222a246\" data-element_type=\"widget\" data-e-type=\"widget\" data-widget_type=\"heading.default\">\n\t\t\t\t<div class=\"elementor-widget-container\">\n\t\t\t\t\t<h1 class=\"elementor-heading-title elementor-size-default\">Climatizaci\u00f3n (HVAC)<\/h1>\t\t\t\t<\/div>\n\t\t\t\t<\/div>\n\t\t\t\t<div class=\"elementor-element elementor-element-8db1c7c elementor-widget__width-initial elementor-widget elementor-widget-text-editor\" data-id=\"8db1c7c\" data-element_type=\"widget\" data-e-type=\"widget\" data-widget_type=\"text-editor.default\">\n\t\t\t\t<div class=\"elementor-widget-container\">\n\t\t\t\t\t\t\t\t\t<p class=\"p2\">Tuber\u00edas y accesorios que tienen aplicaciones tales como:<\/p><p class=\"p2\"><b>Sistemas de tuber\u00edas para instalaciones HVAC con agua-Chiller \/ Bombas de calor, Circuitos de agua fr\u00eda, Sistemas de calefacci\u00f3n de media y baja temperatura y Refrigeraci\u00f3n.<\/b><\/p>\t\t\t\t\t\t\t\t<\/div>\n\t\t\t\t<\/div>\n\t\t\t\t<\/div>\n\t\t\t\t\t<\/div>\n\t\t\t\t<\/div>\n\t\t<div class=\"elementor-element elementor-element-faf38a2 e-con-full e-flex e-con e-parent\" data-id=\"faf38a2\" data-element_type=\"container\" data-e-type=\"container\">\n\t\t\t\t<div class=\"elementor-element elementor-element-b90247d elementor-arrows-position-inside elementor-pagination-position-outside elementor-widget elementor-widget-image-carousel\" data-id=\"b90247d\" data-element_type=\"widget\" data-e-type=\"widget\" data-settings=\"{&quot;navigation&quot;:&quot;both&quot;,&quot;autoplay&quot;:&quot;yes&quot;,&quot;pause_on_hover&quot;:&quot;yes&quot;,&quot;pause_on_interaction&quot;:&quot;yes&quot;,&quot;autoplay_speed&quot;:5000,&quot;infinite&quot;:&quot;yes&quot;,&quot;speed&quot;:500}\" data-widget_type=\"image-carousel.default\">\n\t\t\t\t<div class=\"elementor-widget-container\">\n\t\t\t\t\t\t\t<div class=\"elementor-image-carousel-wrapper swiper\" role=\"region\" aria-roledescription=\"carousel\" aria-label=\"Carrusel de im\u00e1genes\" dir=\"ltr\">\n\t\t\t<div class=\"elementor-image-carousel swiper-wrapper\" aria-live=\"off\">\n\t\t\t\t\t\t\t\t<div class=\"swiper-slide\" role=\"group\" aria-roledescription=\"slide\" aria-label=\"1 de 4\"><figure class=\"swiper-slide-inner\"><img decoding=\"async\" class=\"swiper-slide-image\" src=\"https:\/\/polifusion.com\/chile\/wp-content\/uploads\/elementor\/thumbs\/WhatsApp-Image-2025-09-01-at-9.07.16-AM-2-rb7pnz1wgj3hhi0ettohewps59ss6v7cg01jgnd37s.jpeg\" alt=\"WhatsApp Image 2025-09-01 at 9.07.16 AM (2)\" \/><\/figure><\/div><div class=\"swiper-slide\" role=\"group\" aria-roledescription=\"slide\" aria-label=\"2 de 4\"><figure class=\"swiper-slide-inner\"><img decoding=\"async\" class=\"swiper-slide-image\" src=\"https:\/\/polifusion.com\/chile\/wp-content\/uploads\/elementor\/thumbs\/WhatsApp-Image-2025-09-01-at-9.07.15-AM-2-rb7po7ig61f2dzo4gfc4jckxhqn3454xh5wws50jns.jpeg\" alt=\"WhatsApp Image 2025-09-01 at 9.07.15 AM (2)\" \/><\/figure><\/div><div class=\"swiper-slide\" role=\"group\" aria-roledescription=\"slide\" aria-label=\"3 de 4\"><figure class=\"swiper-slide-inner\"><img decoding=\"async\" class=\"swiper-slide-image\" src=\"https:\/\/polifusion.com\/chile\/wp-content\/uploads\/elementor\/thumbs\/WhatsApp-Image-2025-09-01-at-9.07.15-AM-1-rb7pof15oppcyvd78il53aom8tm0tpys674smcpea0.jpeg\" alt=\"WhatsApp Image 2025-09-01 at 9.07.15 AM (1)\" \/><\/figure><\/div><div class=\"swiper-slide\" role=\"group\" aria-roledescription=\"slide\" aria-label=\"4 de 4\"><figure class=\"swiper-slide-inner\"><img decoding=\"async\" class=\"swiper-slide-image\" src=\"https:\/\/polifusion.com\/chile\/wp-content\/uploads\/elementor\/thumbs\/WhatsApp-Image-2025-09-01-at-9.07.16-AM-rb7pomjv7dznjr2a0lu5n8sazwkyjasmv8cogke8w8.jpeg\" alt=\"WhatsApp Image 2025-09-01 at 9.07.16 AM\" \/><\/figure><\/div>\t\t\t<\/div>\n\t\t\t\t\t\t\t\t\t\t\t\t<div class=\"elementor-swiper-button elementor-swiper-button-prev\" role=\"button\" tabindex=\"0\">\n\t\t\t\t\t\t<svg aria-hidden=\"true\" class=\"e-font-icon-svg e-eicon-chevron-left\" viewBox=\"0 0 1000 1000\" xmlns=\"http:\/\/www.w3.org\/2000\/svg\"><path d=\"M646 125C629 125 613 133 604 142L308 442C296 454 292 471 292 487 292 504 296 521 308 533L604 854C617 867 629 875 646 875 663 875 679 871 692 858 704 846 713 829 713 812 713 796 708 779 692 767L438 487 692 225C700 217 708 204 708 187 708 171 704 154 692 142 675 129 663 125 646 125Z\"><\/path><\/svg>\t\t\t\t\t<\/div>\n\t\t\t\t\t<div class=\"elementor-swiper-button elementor-swiper-button-next\" role=\"button\" tabindex=\"0\">\n\t\t\t\t\t\t<svg aria-hidden=\"true\" class=\"e-font-icon-svg e-eicon-chevron-right\" viewBox=\"0 0 1000 1000\" xmlns=\"http:\/\/www.w3.org\/2000\/svg\"><path d=\"M696 533C708 521 713 504 713 487 713 471 708 454 696 446L400 146C388 133 375 125 354 125 338 125 325 129 313 142 300 154 292 171 292 187 292 204 296 221 308 233L563 492 304 771C292 783 288 800 288 817 288 833 296 850 308 863 321 871 338 875 354 875 371 875 388 867 400 854L696 533Z\"><\/path><\/svg>\t\t\t\t\t<\/div>\n\t\t\t\t\n\t\t\t\t\t\t\t\t\t<div class=\"swiper-pagination\"><\/div>\n\t\t\t\t\t\t\t\t\t<\/div>\n\t\t\t\t\t\t<\/div>\n\t\t\t\t<\/div>\n\t\t\t\t<\/div>\n\t\t\t\t<\/div>\n\t\t","protected":false},"excerpt":{"rendered":"<p>Aplicaciones En Polifusi\u00f3n, ofrecemos soluciones especializadas en sistemas de tuber\u00edas, fijaci\u00f3n y aislaci\u00f3n para diversos sectores. Nuestros productos est\u00e1n dise\u00f1ados para optimizar la eficiencia, seguridad y durabilidad en instalaciones residenciales, comerciales, industriales y m\u00e1s. prueba Quiero Cotizar Climatizaci\u00f3n (HVAC) Tuber\u00edas y accesorios que tienen aplicaciones tales como: Sistemas de tuber\u00edas para instalaciones HVAC con agua-Chiller [&hellip;]<\/p>\n","protected":false},"author":3,"featured_media":0,"parent":0,"menu_order":0,"comment_status":"closed","ping_status":"closed","template":"page-servicios.php","meta":{"_joinchat":[],"footnotes":""},"class_list":["post-4795","page","type-page","status-publish","hentry"],"yoast_head":"<!-- This site is optimized with the Yoast SEO plugin v27.0 - https:\/\/yoast.com\/product\/yoast-seo-wordpress\/ -->\n<title>CLIMATIZACI\u00d3N (HVAC) - Polifusi\u00f3n<\/title>\n<meta name=\"robots\" content=\"index, follow, max-snippet:-1, max-image-preview:large, max-video-preview:-1\" \/>\n<link rel=\"canonical\" href=\"https:\/\/polifusion.com\/chile\/climatizacion-hvac\/\" \/>\n<meta property=\"og:locale\" content=\"es_ES\" \/>\n<meta property=\"og:type\" content=\"article\" \/>\n<meta property=\"og:title\" content=\"CLIMATIZACI\u00d3N (HVAC) - Polifusi\u00f3n\" \/>\n<meta property=\"og:description\" content=\"Aplicaciones En Polifusi\u00f3n, ofrecemos soluciones especializadas en sistemas de tuber\u00edas, fijaci\u00f3n y aislaci\u00f3n para diversos sectores. Nuestros productos est\u00e1n dise\u00f1ados para optimizar la eficiencia, seguridad y durabilidad en instalaciones residenciales, comerciales, industriales y m\u00e1s. prueba Quiero Cotizar Climatizaci\u00f3n (HVAC) Tuber\u00edas y accesorios que tienen aplicaciones tales como: Sistemas de tuber\u00edas para instalaciones HVAC con agua-Chiller [&hellip;]\" \/>\n<meta property=\"og:url\" content=\"https:\/\/polifusion.com\/chile\/climatizacion-hvac\/\" \/>\n<meta property=\"og:site_name\" content=\"Polifusi\u00f3n\" \/>\n<meta property=\"article:modified_time\" content=\"2025-10-24T12:41:58+00:00\" \/>\n<meta property=\"og:image\" content=\"https:\/\/polifusion.com\/chile\/wp-content\/uploads\/elementor\/thumbs\/WhatsApp-Image-2025-09-01-at-9.07.16-AM-2-rb7pnz1wgj3hhi0ettohewps59ss6v7cg01jgnd37s.jpeg\" \/>\n<meta name=\"twitter:card\" content=\"summary_large_image\" \/>\n<meta name=\"twitter:label1\" content=\"Tiempo de lectura\" \/>\n\t<meta name=\"twitter:data1\" content=\"3 minutos\" \/>\n<script type=\"application\/ld+json\" class=\"yoast-schema-graph\">{\"@context\":\"https:\/\/schema.org\",\"@graph\":[{\"@type\":\"WebPage\",\"@id\":\"https:\/\/polifusion.com\/chile\/climatizacion-hvac\/\",\"url\":\"https:\/\/polifusion.com\/chile\/climatizacion-hvac\/\",\"name\":\"CLIMATIZACI\u00d3N (HVAC) - Polifusi\u00f3n\",\"isPartOf\":{\"@id\":\"https:\/\/polifusion.com\/chile\/#website\"},\"primaryImageOfPage\":{\"@id\":\"https:\/\/polifusion.com\/chile\/climatizacion-hvac\/#primaryimage\"},\"image\":{\"@id\":\"https:\/\/polifusion.com\/chile\/climatizacion-hvac\/#primaryimage\"},\"thumbnailUrl\":\"https:\/\/polifusion.com\/chile\/wp-content\/uploads\/elementor\/thumbs\/WhatsApp-Image-2025-09-01-at-9.07.16-AM-2-rb7pnz1wgj3hhi0ettohewps59ss6v7cg01jgnd37s.jpeg\",\"datePublished\":\"2025-09-03T13:10:32+00:00\",\"dateModified\":\"2025-10-24T12:41:58+00:00\",\"breadcrumb\":{\"@id\":\"https:\/\/polifusion.com\/chile\/climatizacion-hvac\/#breadcrumb\"},\"inLanguage\":\"es\",\"potentialAction\":[{\"@type\":\"ReadAction\",\"target\":[\"https:\/\/polifusion.com\/chile\/climatizacion-hvac\/\"]}]},{\"@type\":\"ImageObject\",\"inLanguage\":\"es\",\"@id\":\"https:\/\/polifusion.com\/chile\/climatizacion-hvac\/#primaryimage\",\"url\":\"https:\/\/polifusion.com\/chile\/wp-content\/uploads\/elementor\/thumbs\/WhatsApp-Image-2025-09-01-at-9.07.16-AM-2-rb7pnz1wgj3hhi0ettohewps59ss6v7cg01jgnd37s.jpeg\",\"contentUrl\":\"https:\/\/polifusion.com\/chile\/wp-content\/uploads\/elementor\/thumbs\/WhatsApp-Image-2025-09-01-at-9.07.16-AM-2-rb7pnz1wgj3hhi0ettohewps59ss6v7cg01jgnd37s.jpeg\"},{\"@type\":\"BreadcrumbList\",\"@id\":\"https:\/\/polifusion.com\/chile\/climatizacion-hvac\/#breadcrumb\",\"itemListElement\":[{\"@type\":\"ListItem\",\"position\":1,\"name\":\"Portada\",\"item\":\"https:\/\/polifusion.com\/chile\/\"},{\"@type\":\"ListItem\",\"position\":2,\"name\":\"CLIMATIZACI\u00d3N (HVAC)\"}]},{\"@type\":\"WebSite\",\"@id\":\"https:\/\/polifusion.com\/chile\/#website\",\"url\":\"https:\/\/polifusion.com\/chile\/\",\"name\":\"Polifusi\u00f3n\",\"description\":\"\",\"publisher\":{\"@id\":\"https:\/\/polifusion.com\/chile\/#organization\"},\"potentialAction\":[{\"@type\":\"SearchAction\",\"target\":{\"@type\":\"EntryPoint\",\"urlTemplate\":\"https:\/\/polifusion.com\/chile\/?s={search_term_string}\"},\"query-input\":{\"@type\":\"PropertyValueSpecification\",\"valueRequired\":true,\"valueName\":\"search_term_string\"}}],\"inLanguage\":\"es\"},{\"@type\":\"Organization\",\"@id\":\"https:\/\/polifusion.com\/chile\/#organization\",\"name\":\"Polifusi\u00f3n\",\"url\":\"https:\/\/polifusion.com\/chile\/\",\"logo\":{\"@type\":\"ImageObject\",\"inLanguage\":\"es\",\"@id\":\"https:\/\/polifusion.com\/chile\/#\/schema\/logo\/image\/\",\"url\":\"https:\/\/polifusion.com\/chile\/wp-content\/uploads\/2025\/06\/cropped-favicon_web_polifusion-2.png\",\"contentUrl\":\"https:\/\/polifusion.com\/chile\/wp-content\/uploads\/2025\/06\/cropped-favicon_web_polifusion-2.png\",\"width\":512,\"height\":512,\"caption\":\"Polifusi\u00f3n\"},\"image\":{\"@id\":\"https:\/\/polifusion.com\/chile\/#\/schema\/logo\/image\/\"},\"sameAs\":[\"https:\/\/www.instagram.com\/polifusion_chile\",\"https:\/\/www.linkedin.com\/company\/polifusin-chile\/\"]}]}<\/script>\n<!-- \/ Yoast SEO plugin. -->","yoast_head_json":{"title":"CLIMATIZACI\u00d3N (HVAC) - Polifusi\u00f3n","robots":{"index":"index","follow":"follow","max-snippet":"max-snippet:-1","max-image-preview":"max-image-preview:large","max-video-preview":"max-video-preview:-1"},"canonical":"https:\/\/polifusion.com\/chile\/climatizacion-hvac\/","og_locale":"es_ES","og_type":"article","og_title":"CLIMATIZACI\u00d3N (HVAC) - Polifusi\u00f3n","og_description":"Aplicaciones En Polifusi\u00f3n, ofrecemos soluciones especializadas en sistemas de tuber\u00edas, fijaci\u00f3n y aislaci\u00f3n para diversos sectores. Nuestros productos est\u00e1n dise\u00f1ados para optimizar la eficiencia, seguridad y durabilidad en instalaciones residenciales, comerciales, industriales y m\u00e1s. prueba Quiero Cotizar Climatizaci\u00f3n (HVAC) Tuber\u00edas y accesorios que tienen aplicaciones tales como: Sistemas de tuber\u00edas para instalaciones HVAC con agua-Chiller [&hellip;]","og_url":"https:\/\/polifusion.com\/chile\/climatizacion-hvac\/","og_site_name":"Polifusi\u00f3n","article_modified_time":"2025-10-24T12:41:58+00:00","og_image":[{"url":"https:\/\/polifusion.com\/chile\/wp-content\/uploads\/elementor\/thumbs\/WhatsApp-Image-2025-09-01-at-9.07.16-AM-2-rb7pnz1wgj3hhi0ettohewps59ss6v7cg01jgnd37s.jpeg","type":"","width":"","height":""}],"twitter_card":"summary_large_image","twitter_misc":{"Tiempo de lectura":"3 minutos"},"schema":{"@context":"https:\/\/schema.org","@graph":[{"@type":"WebPage","@id":"https:\/\/polifusion.com\/chile\/climatizacion-hvac\/","url":"https:\/\/polifusion.com\/chile\/climatizacion-hvac\/","name":"CLIMATIZACI\u00d3N (HVAC) - Polifusi\u00f3n","isPartOf":{"@id":"https:\/\/polifusion.com\/chile\/#website"},"primaryImageOfPage":{"@id":"https:\/\/polifusion.com\/chile\/climatizacion-hvac\/#primaryimage"},"image":{"@id":"https:\/\/polifusion.com\/chile\/climatizacion-hvac\/#primaryimage"},"thumbnailUrl":"https:\/\/polifusion.com\/chile\/wp-content\/uploads\/elementor\/thumbs\/WhatsApp-Image-2025-09-01-at-9.07.16-AM-2-rb7pnz1wgj3hhi0ettohewps59ss6v7cg01jgnd37s.jpeg","datePublished":"2025-09-03T13:10:32+00:00","dateModified":"2025-10-24T12:41:58+00:00","breadcrumb":{"@id":"https:\/\/polifusion.com\/chile\/climatizacion-hvac\/#breadcrumb"},"inLanguage":"es","potentialAction":[{"@type":"ReadAction","target":["https:\/\/polifusion.com\/chile\/climatizacion-hvac\/"]}]},{"@type":"ImageObject","inLanguage":"es","@id":"https:\/\/polifusion.com\/chile\/climatizacion-hvac\/#primaryimage","url":"https:\/\/polifusion.com\/chile\/wp-content\/uploads\/elementor\/thumbs\/WhatsApp-Image-2025-09-01-at-9.07.16-AM-2-rb7pnz1wgj3hhi0ettohewps59ss6v7cg01jgnd37s.jpeg","contentUrl":"https:\/\/polifusion.com\/chile\/wp-content\/uploads\/elementor\/thumbs\/WhatsApp-Image-2025-09-01-at-9.07.16-AM-2-rb7pnz1wgj3hhi0ettohewps59ss6v7cg01jgnd37s.jpeg"},{"@type":"BreadcrumbList","@id":"https:\/\/polifusion.com\/chile\/climatizacion-hvac\/#breadcrumb","itemListElement":[{"@type":"ListItem","position":1,"name":"Portada","item":"https:\/\/polifusion.com\/chile\/"},{"@type":"ListItem","position":2,"name":"CLIMATIZACI\u00d3N (HVAC)"}]},{"@type":"WebSite","@id":"https:\/\/polifusion.com\/chile\/#website","url":"https:\/\/polifusion.com\/chile\/","name":"Polifusi\u00f3n","description":"","publisher":{"@id":"https:\/\/polifusion.com\/chile\/#organization"},"potentialAction":[{"@type":"SearchAction","target":{"@type":"EntryPoint","urlTemplate":"https:\/\/polifusion.com\/chile\/?s={search_term_string}"},"query-input":{"@type":"PropertyValueSpecification","valueRequired":true,"valueName":"search_term_string"}}],"inLanguage":"es"},{"@type":"Organization","@id":"https:\/\/polifusion.com\/chile\/#organization","name":"Polifusi\u00f3n","url":"https:\/\/polifusion.com\/chile\/","logo":{"@type":"ImageObject","inLanguage":"es","@id":"https:\/\/polifusion.com\/chile\/#\/schema\/logo\/image\/","url":"https:\/\/polifusion.com\/chile\/wp-content\/uploads\/2025\/06\/cropped-favicon_web_polifusion-2.png","contentUrl":"https:\/\/polifusion.com\/chile\/wp-content\/uploads\/2025\/06\/cropped-favicon_web_polifusion-2.png","width":512,"height":512,"caption":"Polifusi\u00f3n"},"image":{"@id":"https:\/\/polifusion.com\/chile\/#\/schema\/logo\/image\/"},"sameAs":["https:\/\/www.instagram.com\/polifusion_chile","https:\/\/www.linkedin.com\/company\/polifusin-chile\/"]}]}},"rttpg_featured_image_url":null,"rttpg_author":{"display_name":"Editor Polifusi\u00f3n","author_link":"https:\/\/polifusion.com\/chile\/author\/polifusionedit\/"},"rttpg_comment":0,"rttpg_category":null,"rttpg_excerpt":"Aplicaciones En Polifusi\u00f3n, ofrecemos soluciones especializadas en sistemas de tuber\u00edas, fijaci\u00f3n y aislaci\u00f3n para diversos sectores. Nuestros productos est\u00e1n dise\u00f1ados para optimizar la eficiencia, seguridad y durabilidad en instalaciones residenciales, comerciales, industriales y m\u00e1s. prueba Quiero Cotizar Climatizaci\u00f3n (HVAC) Tuber\u00edas y accesorios que tienen aplicaciones tales como: Sistemas de tuber\u00edas para instalaciones HVAC con agua-Chiller&hellip;","_links":{"self":[{"href":"https:\/\/polifusion.com\/chile\/wp-json\/wp\/v2\/pages\/4795","targetHints":{"allow":["GET"]}}],"collection":[{"href":"https:\/\/polifusion.com\/chile\/wp-json\/wp\/v2\/pages"}],"about":[{"href":"https:\/\/polifusion.com\/chile\/wp-json\/wp\/v2\/types\/page"}],"author":[{"embeddable":true,"href":"https:\/\/polifusion.com\/chile\/wp-json\/wp\/v2\/users\/3"}],"replies":[{"embeddable":true,"href":"https:\/\/polifusion.com\/chile\/wp-json\/wp\/v2\/comments?post=4795"}],"version-history":[{"count":8,"href":"https:\/\/polifusion.com\/chile\/wp-json\/wp\/v2\/pages\/4795\/revisions"}],"predecessor-version":[{"id":5010,"href":"https:\/\/polifusion.com\/chile\/wp-json\/wp\/v2\/pages\/4795\/revisions\/5010"}],"wp:attachment":[{"href":"https:\/\/polifusion.com\/chile\/wp-json\/wp\/v2\/media?parent=4795"}],"curies":[{"name":"wp","href":"https:\/\/api.w.org\/{rel}","templated":true}]}}